{"id":22599,"date":"2025-01-06T09:41:13","date_gmt":"2025-01-06T08:41:13","guid":{"rendered":"https:\/\/eudoxie.shop\/?page_id=22599"},"modified":"2026-01-31T10:24:36","modified_gmt":"2026-01-31T09:24:36","slug":"unsere-partner","status":"publish","type":"page","link":"https:\/\/eudoxie.shop\/de\/nos-partenaires\/","title":{"rendered":"Unsere Partner"},"content":{"rendered":"<h3>Unsere Partner, Begleiter im Abenteuer<\/h3>\n<p>Im Haus von <strong>Eudoxie<\/strong>sind unsere Partner viel mehr als blo\u00dfe Mitarbeiter: Sie sind unsere Reisebegleiter. Gemeinsam teilen wir dieselben Werte: Authentizit\u00e4t, Freiheit und Abenteuerlust. Ihre Unterst\u00fctzung und ihr Engagement sind f\u00fcr alles, was wir tun, von entscheidender Bedeutung.<\/p>\n<p>Ihnen ist es zu verdanken, dass wir jede Wendung mit Zuversicht nehmen und weiterhin die Geschichte von<strong>Eudoxie<\/strong>. Wir sind stolz, auf Partner z\u00e4hlen zu k\u00f6nnen, die den Geist unserer Marke verk\u00f6rpern und wie wir Grenzen verschieben m\u00f6chten.<\/p>\n<p>Entdecken Sie unsere Partner, Akteure dieses wunderbaren Abenteuers und lassen Sie sich von ihrem einzigartigen Beitrag zum Universum inspirieren <strong>Eudoxie<\/strong>.<\/p>\n<div class=\"row\"  id=\"row-320848107\">\n\n\t<div id=\"col-1306898145\" class=\"col medium-3 small-12 large-3\"  >\n\t\t\t\t<div class=\"col-inner text-center\"  >\n\t\t\t\n\t<div class=\"is-border\"\n\t\tstyle=\"border-color:rgb(0, 0, 0);border-radius:30px;border-width:5px 5px 5px 5px;\">\n\t<\/div>\n\t\t\t\n\t<div class=\"img has-hover x md-x lg-x y md-y lg-y\" id=\"image_827578344\">\n\t\t<a class=\"\" href=\"https:\/\/eudoxie.shop\/de\/ipone\/?wmc-currency=EUR\" >\t\t\t\t\t\t<div class=\"img-inner dark\" style=\"margin:20px 0px 0px 0px;\">\n\t\t\t<img loading=\"lazy\" decoding=\"async\" width=\"350\" height=\"109\" src=\"https:\/\/eudoxie.shop\/wp-content\/uploads\/2025\/06\/ipone-350x109.png\" class=\"attachment-thumbnail size-thumbnail\" alt=\"Ipone\" srcset=\"https:\/\/eudoxie.shop\/wp-content\/uploads\/2025\/06\/ipone-350x109.png 350w, https:\/\/eudoxie.shop\/wp-content\/uploads\/2025\/06\/ipone-18x6.png 18w, https:\/\/eudoxie.shop\/wp-content\/uploads\/2025\/06\/ipone.png 440w\" sizes=\"auto, (max-width: 350px) 100vw, 350px\" \/>\t\t\t\t\t\t\n\t\t\t\t\t<\/div>\n\t\t\t\t\t\t<\/a>\t\t\n<style>\n#image_827578344 {\n  width: 75%;\n}\n<\/style>\n\t<\/div>\n\t\n\t<div id=\"text-2137797502\" class=\"text\">\n\t\t\n<h5 class=\"uppercase\"><span style=\"color: #282828;\">ipone<\/span><\/h5>\n<p data-start=\"162\" data-end=\"307\">IPONE, l\u2019alli\u00e9 des riders, s\u2019engage aux c\u00f4t\u00e9s d\u2019Eudoxie pour entretenir la culture moto avec style et exigence.<\/p>\n\t\t\n<style>\n#text-2137797502 {\n  text-align: center;\n}\n<\/style>\n\t<\/div>\n\t\n<a href=\"https:\/\/eudoxie.shop\/de\/ipone\/?wmc-currency=EUR\" class=\"button primary\" style=\"border-radius:99px;\">\n\t\t<span>mehr erfahren...<\/span>\n\t<\/a>\n\n\t\t<\/div>\n\t\t\t\t\n<style>\n#col-1306898145 > .col-inner {\n  padding: 10px 10px 10px 10px;\n  margin: 0px 0px 0px 0px;\n  border-radius: 10px;\n}\n<\/style>\n\t<\/div>\n\n\t\n<\/div>","protected":false},"excerpt":{"rendered":"<p>Nos partenaires, compagnons d\u2019aventure Chez Eudoxie, nos partenaires sont bien plus que de simples collaborateurs : ce sont nos compagnons de route. Ensemble, nous partageons les m\u00eames valeurs d\u2019authenticit\u00e9, de libert\u00e9 et de passion pour l\u2019aventure. Leur soutien et leur engagement sont essentiels \u00e0 tout ce que nous entreprenons. C\u2019est gr\u00e2ce \u00e0 eux que nous &#8230;<\/p>","protected":false},"author":5315,"featured_media":0,"parent":0,"menu_order":0,"comment_status":"closed","ping_status":"closed","template":"","meta":{"footnotes":""},"class_list":["post-22599","page","type-page","status-publish","hentry"],"_links":{"self":[{"href":"https:\/\/eudoxie.shop\/de\/wp-json\/wp\/v2\/pages\/22599","targetHints":{"allow":["GET"]}}],"collection":[{"href":"https:\/\/eudoxie.shop\/de\/wp-json\/wp\/v2\/pages"}],"about":[{"href":"https:\/\/eudoxie.shop\/de\/wp-json\/wp\/v2\/types\/page"}],"author":[{"embeddable":true,"href":"https:\/\/eudoxie.shop\/de\/wp-json\/wp\/v2\/users\/5315"}],"replies":[{"embeddable":true,"href":"https:\/\/eudoxie.shop\/de\/wp-json\/wp\/v2\/comments?post=22599"}],"version-history":[{"count":1,"href":"https:\/\/eudoxie.shop\/de\/wp-json\/wp\/v2\/pages\/22599\/revisions"}],"predecessor-version":[{"id":25440,"href":"https:\/\/eudoxie.shop\/de\/wp-json\/wp\/v2\/pages\/22599\/revisions\/25440"}],"wp:attachment":[{"href":"https:\/\/eudoxie.shop\/de\/wp-json\/wp\/v2\/media?parent=22599"}],"curies":[{"name":"wp","href":"https:\/\/api.w.org\/{rel}","templated":true}]}}