{"id":24330,"date":"2025-06-19T15:33:18","date_gmt":"2025-06-19T13:33:18","guid":{"rendered":"https:\/\/eudoxie.shop\/?page_id=24330"},"modified":"2025-06-19T15:41:43","modified_gmt":"2025-06-19T13:41:43","slug":"ipone","status":"publish","type":"page","link":"https:\/\/eudoxie.shop\/de\/ipone\/","title":{"rendered":"Ipone"},"content":{"rendered":"<section class=\"section\" id=\"section_1080596914\">\n\t\t<div class=\"section-bg fill\" >\n\t\t\t<img loading=\"lazy\" decoding=\"async\" width=\"1200\" height=\"528\" src=\"https:\/\/eudoxie.shop\/wp-content\/uploads\/2025\/06\/IPONE-EUDOXIE.png\" class=\"bg attachment-original size-original\" alt=\"Ipone Eudoxie\" \/>\t\t\t\t\t\t\n\t\t\t\n\n\t\t<\/div>\n\n\t\t\n\n\t\t<div class=\"section-content relative\">\n\t\t\t\n\t\t<\/div>\n\n\t\t\n<style>\n#section_1080596914 {\n  padding-top: 40px;\n  padding-bottom: 40px;\n}\n@media (min-width:550px) {\n  #section_1080596914 {\n    padding-top: 100px;\n    padding-bottom: 100px;\n  }\n}\n<\/style>\n\t<\/section>\n\t\n\n\t<section class=\"section\" id=\"section_761061474\">\n\t\t<div class=\"section-bg fill\" >\n\t\t\t\t\t\t\t\t\t\n\t\t\t\n\n\t\t<\/div>\n\n\t\t\n\n\t\t<div class=\"section-content relative\">\n\t\t\t\n<h2><a href=\"https:\/\/www.ipone.com\/fr\" target=\"_blank\" rel=\"noopener\">Ipone<\/a>, la marque qui bichonne ta b\u00e9cane (et pas que)<\/h2>\n<p data-start=\"285\" data-end=\"643\"><a href=\"https:\/\/www.ipone.com\/fr\" target=\"_blank\" rel=\"noopener\">IPONE<\/a>, c\u2019est LA marque fran\u00e7aise experte en entretien moto. Huile moteur, nettoyant cha\u00eene, polish, lubrifiant, spray magique pour les cuirs et m\u00eame pour ton casque\u2026 bref, <strong data-start=\"457\" data-end=\"532\">ils ont tout ce qu\u2019il faut pour garder ta machine (et ton style) au top<\/strong>.<br data-start=\"533\" data-end=\"536\" \/>Cr\u00e9\u00e9e par et pour des motards, <a href=\"https:\/\/www.ipone.com\/fr\" target=\"_blank\" rel=\"noopener\">IPONE<\/a> vit moto, pense moto, respire moto. Pas \u00e9tonnant qu\u2019on se soit trouv\u00e9 !<\/p>\n<h3 data-start=\"645\" data-end=\"688\"><\/h3>\n<div class=\"row\"  id=\"row-2042088591\">\n\n\t<div id=\"col-1446208825\" class=\"col medium-8 small-12 large-8\"  >\n\t\t\t\t<div class=\"col-inner\"  >\n\t\t\t\n\t\t\t\n<h3><strong>\ud83d\ude80 Une aventure qui ne date pas d\u2019hier<\/strong><\/h3>\n<p data-start=\"214\" data-end=\"452\">Pas besoin d\u2019en faire des caisses : <strong data-start=\"250\" data-end=\"277\"><a href=\"https:\/\/www.ipone.com\/fr\" target=\"_blank\" rel=\"noopener\">IPONE, c\u2019est du solide<\/a>.<\/strong><br data-start=\"277\" data-end=\"280\" \/>N\u00e9e dans le sud, dans un coin o\u00f9 on aime autant la moto que le soleil, la marque s\u2019est construite avec un seul objectif : <strong data-start=\"402\" data-end=\"450\">proposer des produits qui font le job. Bien.<\/strong><\/p>\n<p data-start=\"454\" data-end=\"701\">Des huiles, des nettoyants, des soins pour les \u00e9quipements\u2026 tout est pens\u00e9 pour ceux qui roulent, souvent, et qui veulent garder leur machine (et leur matos) en top \u00e9tat.<br data-start=\"624\" data-end=\"627\" \/><strong data-start=\"627\" data-end=\"668\">Pas de blabla, juste de l\u2019efficacit\u00e9.<\/strong> Et \u00e7a, franchement, on respecte.<\/p>\n\t\t<\/div>\n\t\t\t\t\t<\/div>\n\n\t\n\n\t<div id=\"col-1212341162\" class=\"col medium-4 small-12 large-4\"  >\n\t\t\t\t<div class=\"col-inner\"  >\n\t\t\t\n\t\t\t\n\t<div class=\"img has-hover x md-x lg-x y md-y lg-y\" id=\"image_391303704\">\n\t\t\t\t\t\t\t\t<div class=\"img-inner dark\" >\n\t\t\t<img loading=\"lazy\" decoding=\"async\" width=\"1020\" height=\"757\" src=\"https:\/\/eudoxie.shop\/wp-content\/uploads\/2025\/06\/IPONE-EUDOXIE-3-1050x779.png\" class=\"attachment-large size-large\" alt=\"Ipone Eudoxie 3\" srcset=\"https:\/\/eudoxie.shop\/wp-content\/uploads\/2025\/06\/IPONE-EUDOXIE-3-1050x779.png 1050w, https:\/\/eudoxie.shop\/wp-content\/uploads\/2025\/06\/IPONE-EUDOXIE-3-600x445.png 600w, https:\/\/eudoxie.shop\/wp-content\/uploads\/2025\/06\/IPONE-EUDOXIE-3-350x260.png 350w, https:\/\/eudoxie.shop\/wp-content\/uploads\/2025\/06\/IPONE-EUDOXIE-3-768x570.png 768w, https:\/\/eudoxie.shop\/wp-content\/uploads\/2025\/06\/IPONE-EUDOXIE-3-16x12.png 16w, https:\/\/eudoxie.shop\/wp-content\/uploads\/2025\/06\/IPONE-EUDOXIE-3-800x593.png 800w, https:\/\/eudoxie.shop\/wp-content\/uploads\/2025\/06\/IPONE-EUDOXIE-3.png 1200w\" sizes=\"auto, (max-width: 1020px) 100vw, 1020px\" \/>\t\t\t\t\t\t\n\t\t\t\t\t<\/div>\n\t\t\t\t\t\t\t\t\n<style>\n#image_391303704 {\n  width: 100%;\n}\n<\/style>\n\t<\/div>\n\t\n\t\t<\/div>\n\t\t\t\t\t<\/div>\n\n\t\n<\/div>\n<p data-start=\"576\" data-end=\"718\">Derri\u00e8re leurs produits con\u00e7us pour durer, il y a surtout une mentalit\u00e9 qu\u2019on reconna\u00eet tout de suite : sinc\u00e8re, exigeante et sans chichi.<\/p>\n<h3><strong>\u2764\ufe0f Werte, die uns ansprechen<\/strong><\/h3>\n<div class=\"row\"  id=\"row-96187144\">\n\n\t<div id=\"col-1966763764\" class=\"col medium-6 small-12 large-6\"  >\n\t\t\t\t<div class=\"col-inner\"  >\n\t\t\t\n\t\t\t\n<p data-start=\"139\" data-end=\"190\"><strong data-start=\"143\" data-end=\"188\">1. Exigence : Rien n\u2019est laiss\u00e9 au hasard<\/strong><\/p>\n<p data-start=\"191\" data-end=\"307\">Chaque formule, chaque d\u00e9tail est pens\u00e9 pour r\u00e9pondre aux vrais besoins des motards. Pas de place pour l\u2019\u00e0-peu-pr\u00e8s.<\/p>\n<p data-start=\"314\" data-end=\"368\"><strong data-start=\"318\" data-end=\"366\">2. Authenticit\u00e9 : Pas de fa\u00e7ade, que du vrai<\/strong><\/p>\n<p data-start=\"369\" data-end=\"504\"><a href=\"https:\/\/www.ipone.com\/fr\" target=\"_blank\" rel=\"noopener\">IPONE<\/a> ne joue pas un r\u00f4le. C\u2019est une marque n\u00e9e de la moto, pour la moto, avec la sinc\u00e9rit\u00e9 de ceux qui vivent vraiment ce qu\u2019ils font.<\/p>\n<p data-start=\"511\" data-end=\"572\"><strong data-start=\"515\" data-end=\"570\">3. Esprit rider : Dans le garage comme sur la route<\/strong><\/p>\n<p data-start=\"573\" data-end=\"736\">La passion du deux-roues est dans leur ADN. Ils parlent le m\u00eame langage que toi, celui des vir\u00e9es, de l\u2019entretien, et des petits plaisirs simples qu\u2019offre la moto.<\/p>\n\t\t<\/div>\n\t\t\t\t\t<\/div>\n\n\t\n\n\t<div id=\"col-1705755251\" class=\"col medium-6 small-12 large-6\"  >\n\t\t\t\t<div class=\"col-inner\"  >\n\t\t\t\n\t\t\t\n\t<div class=\"img has-hover x md-x lg-x y md-y lg-y\" id=\"image_591373774\">\n\t\t\t\t\t\t\t\t<div class=\"img-inner dark\" >\n\t\t\t<img loading=\"lazy\" decoding=\"async\" width=\"1020\" height=\"818\" src=\"https:\/\/eudoxie.shop\/wp-content\/uploads\/2025\/06\/IPONE-EUDOXIE-2-1050x842.png\" class=\"attachment-large size-large\" alt=\"Ipone Eudoxie 2\" srcset=\"https:\/\/eudoxie.shop\/wp-content\/uploads\/2025\/06\/IPONE-EUDOXIE-2-1050x842.png 1050w, https:\/\/eudoxie.shop\/wp-content\/uploads\/2025\/06\/IPONE-EUDOXIE-2-600x481.png 600w, https:\/\/eudoxie.shop\/wp-content\/uploads\/2025\/06\/IPONE-EUDOXIE-2-350x281.png 350w, https:\/\/eudoxie.shop\/wp-content\/uploads\/2025\/06\/IPONE-EUDOXIE-2-768x616.png 768w, https:\/\/eudoxie.shop\/wp-content\/uploads\/2025\/06\/IPONE-EUDOXIE-2-15x12.png 15w, https:\/\/eudoxie.shop\/wp-content\/uploads\/2025\/06\/IPONE-EUDOXIE-2-800x641.png 800w, https:\/\/eudoxie.shop\/wp-content\/uploads\/2025\/06\/IPONE-EUDOXIE-2.png 1200w\" sizes=\"auto, (max-width: 1020px) 100vw, 1020px\" \/>\t\t\t\t\t\t\n\t\t\t\t\t<\/div>\n\t\t\t\t\t\t\t\t\n<style>\n#image_591373774 {\n  width: 100%;\n}\n<\/style>\n\t<\/div>\n\t\n\t\t<\/div>\n\t\t\t\t\t<\/div>\n\n\t\n<\/div>\n<p data-start=\"215\" data-end=\"350\">Quand deux marques partagent la m\u00eame \u00e9nergie, les m\u00eames valeurs et la m\u00eame envie de faire bouger les choses, <strong data-start=\"324\" data-end=\"349\">\u00e7a ne peut que coller.<\/strong><\/p>\n<div class=\"row\"  id=\"row-822803698\">\n\n\t<div id=\"col-886346706\" class=\"col medium-7 small-12 large-7\"  >\n\t\t\t\t<div class=\"col-inner\"  >\n\t\t\t\n\t\t\t\n<h3><strong>\ud83e\udd1d Eudoxie x <a href=\"https:\/\/www.ipone.com\/fr\" target=\"_blank\" rel=\"noopener\">IPONE<\/a> : une histoire qui dure<\/strong><\/h3>\n<p data-start=\"336\" data-end=\"640\"><a href=\"https:\/\/www.ipone.com\/fr\" target=\"_blank\" rel=\"noopener\">IPONE<\/a> soutient Eudoxie depuis plusieurs ann\u00e9es maintenant. <strong data-start=\"395\" data-end=\"438\">Cette amiti\u00e9 solide continue de grandir<\/strong>, et chaque ann\u00e9e, elle donne vie \u00e0 de nouveaux projets qu\u2019on aime autant cr\u00e9er que vous partager : <strong data-start=\"536\" data-end=\"554\">le Split Chain<\/strong>, der <strong data-start=\"560\" data-end=\"585\">road trips m\u00e9morables<\/strong>, et plein d\u2019autres moments partag\u00e9s entre passionn\u00e9s.<\/p>\n<p data-start=\"642\" data-end=\"859\">D\u2019ailleurs, si toi aussi tu vibres pour les road trips moto, <strong data-start=\"703\" data-end=\"750\">ce<a href=\"https:\/\/www.ipone.com\/fr\/eshop\/produit\/road-trip-kit\" target=\"_blank\" rel=\"noopener\"> pack sp\u00e9cial roadtrip<\/a> est fait pour toi.<\/strong> On t\u2019a concoct\u00e9 une s\u00e9lection aux petits oignons, pens\u00e9e pour t\u2019accompagner dans toutes tes aventures. \ud83c\udfcd\ufe0f\ud83c\udf0d<\/p>\n\t\t<\/div>\n\t\t\t\t\n<style>\n#col-886346706 > .col-inner {\n  padding: 20px 0px 0px 0px;\n}\n<\/style>\n\t<\/div>\n\n\t\n\n\t<div id=\"col-618306782\" class=\"col medium-5 small-12 large-5\"  >\n\t\t\t\t<div class=\"col-inner\"  >\n\t\t\t\n\t\t\t\n\t<div class=\"img has-hover x md-x lg-x y md-y lg-y\" id=\"image_1557720479\">\n\t\t\t\t\t\t\t\t<div class=\"img-inner dark\" >\n\t\t\t<img loading=\"lazy\" decoding=\"async\" width=\"1020\" height=\"708\" src=\"https:\/\/eudoxie.shop\/wp-content\/uploads\/2025\/06\/IPONE-kit-road-trip-1050x729.png\" class=\"attachment-large size-large\" alt=\"Ipone Kit Road Trip\" srcset=\"https:\/\/eudoxie.shop\/wp-content\/uploads\/2025\/06\/IPONE-kit-road-trip-1050x729.png 1050w, https:\/\/eudoxie.shop\/wp-content\/uploads\/2025\/06\/IPONE-kit-road-trip-600x417.png 600w, https:\/\/eudoxie.shop\/wp-content\/uploads\/2025\/06\/IPONE-kit-road-trip-350x243.png 350w, https:\/\/eudoxie.shop\/wp-content\/uploads\/2025\/06\/IPONE-kit-road-trip-768x533.png 768w, https:\/\/eudoxie.shop\/wp-content\/uploads\/2025\/06\/IPONE-kit-road-trip-18x12.png 18w, https:\/\/eudoxie.shop\/wp-content\/uploads\/2025\/06\/IPONE-kit-road-trip-800x555.png 800w, https:\/\/eudoxie.shop\/wp-content\/uploads\/2025\/06\/IPONE-kit-road-trip.png 1200w\" sizes=\"auto, (max-width: 1020px) 100vw, 1020px\" \/>\t\t\t\t\t\t\n\t\t\t\t\t<\/div>\n\t\t\t\t\t\t\t\t\n<style>\n#image_1557720479 {\n  width: 100%;\n}\n<\/style>\n\t<\/div>\n\t\n\t\t<\/div>\n\t\t\t\t\n<style>\n#col-618306782 > .col-inner {\n  padding: 20px 0px 0px 0px;\n}\n<\/style>\n\t<\/div>\n\n\t\n<\/div>\n<p>Also, bereit f\u00fcr die Reise mit <a href=\"https:\/\/www.ipone.com\/fr\" target=\"_blank\" rel=\"noopener\">IPONE<\/a> Und <strong>Eudoxie<\/strong> ? \ud83d\udda4<\/p>\n\t\t<\/div>\n\n\t\t\n<style>\n#section_761061474 {\n  padding-top: 30px;\n  padding-bottom: 30px;\n}\n<\/style>\n\t<\/section>\n\t\n<div class=\"text-center\"><div class=\"is-divider divider clearfix\" style=\"max-width:800px;\"><\/div><\/div>\n\n\t<section class=\"section\" id=\"section_1434240271\">\n\t\t<div class=\"section-bg fill\" >\n\t\t\t\t\t\t\t\t\t\n\t\t\t\n\n\t\t<\/div>\n\n\t\t\n\n\t\t<div class=\"section-content relative\">\n\t\t\t\n\t<div id=\"text-184364557\" class=\"text\">\n\t\t\n<p style=\"text-align: center;\"><strong>\ud83d\udc47 Viens d\u00e9courvrir le <a href=\"https:\/\/www.ipone.com\/fr\/eshop\/produit\/road-trip-kit\" target=\"_blank\" rel=\"noopener\">pack roadtrip de chez IPONE<\/a> \ud83d\udc47<\/strong><\/p>\n\t\t\n<style>\n#text-184364557 {\n  font-size: 1.25rem;\n}\n<\/style>\n\t<\/div>\n\t\n<div class=\"row align-center\"  id=\"row-1473473066\">\n\n\t<div id=\"col-1509399751\" class=\"col medium-2 small-12 large-2\"  >\n\t\t\t\t<div class=\"col-inner\"  >\n\t\t\t\n\t\t\t\n<a href=\"https:\/\/www.ipone.com\/fr\/eshop\/produit\/road-trip-kit\" class=\"button 00a74e expand\" style=\"border-radius:99px;\" target=\"_blank\" rel=\"noopener\">\n\t\t<span>entdecken<\/span>\n\t<\/a>\n\n\t\t<\/div>\n\t\t\t\t\t<\/div>\n\n\t\n<\/div>\n\t\t<\/div>\n\n\t\t\n<style>\n#section_1434240271 {\n  padding-top: 30px;\n  padding-bottom: 30px;\n}\n<\/style>\n\t<\/section>","protected":false},"excerpt":{"rendered":"","protected":false},"author":5315,"featured_media":0,"parent":0,"menu_order":0,"comment_status":"closed","ping_status":"closed","template":"","meta":{"footnotes":""},"class_list":["post-24330","page","type-page","status-publish","hentry"],"_links":{"self":[{"href":"https:\/\/eudoxie.shop\/de\/wp-json\/wp\/v2\/pages\/24330","targetHints":{"allow":["GET"]}}],"collection":[{"href":"https:\/\/eudoxie.shop\/de\/wp-json\/wp\/v2\/pages"}],"about":[{"href":"https:\/\/eudoxie.shop\/de\/wp-json\/wp\/v2\/types\/page"}],"author":[{"embeddable":true,"href":"https:\/\/eudoxie.shop\/de\/wp-json\/wp\/v2\/users\/5315"}],"replies":[{"embeddable":true,"href":"https:\/\/eudoxie.shop\/de\/wp-json\/wp\/v2\/comments?post=24330"}],"version-history":[{"count":0,"href":"https:\/\/eudoxie.shop\/de\/wp-json\/wp\/v2\/pages\/24330\/revisions"}],"wp:attachment":[{"href":"https:\/\/eudoxie.shop\/de\/wp-json\/wp\/v2\/media?parent=24330"}],"curies":[{"name":"wp","href":"https:\/\/api.w.org\/{rel}","templated":true}]}}