{"id":13343,"date":"2021-09-06T14:14:32","date_gmt":"2021-09-06T12:14:32","guid":{"rendered":"https:\/\/eudoxie.shop\/?post_type=product&#038;p=13343"},"modified":"2026-05-04T22:41:14","modified_gmt":"2026-05-04T20:41:14","slug":"eudoxie-pop-handschuhe","status":"publish","type":"product","link":"https:\/\/eudoxie.shop\/de\/produit\/gants-eudoxie-pop\/","title":{"rendered":"Von Eudoxie Pop zugelassene Handschuhe"},"content":{"rendered":"<h1 style=\"text-align: center;\"><b>Motorradzugelassene Pop-Lederhandschuhe<\/b><\/h1>\n<ul>\n<li>Zugelassene Lederhandschuhe<\/li>\n<li>Eng am Handgelenk<\/li>\n<li>Atmungsaktives Futter<\/li>\n<li>Sehr weiches und hochwertiges Leder<\/li>\n<li>Weiche Einlage zum Durchf\u00fchren von Ringen<\/li>\n<li>Handschlaufe, damit Sie sie nicht verlieren<\/li>\n<\/ul>\n<p>Sie k\u00f6nnen Ihre Gr\u00f6\u00dfe nicht finden oder ein Produkt ist nicht mehr verf\u00fcgbar? Schreiben Sie uns an <a href=\"mailto:lady@eudoxie.fr\"><strong>lady@eudoxie.fr<\/strong> <\/a>, wir finden die L\u00f6sung!<\/p>\n<div class=\"accordion\">\n\t<div id=\"accordion-3955835999\" class=\"accordion-item\">\n\t\t<a id=\"accordion-3955835999-label\" class=\"accordion-title plain\" href=\"#accordion-item-homologation\" aria-expanded=\"false\" aria-controls=\"accordion-3955835999-content\">\n\t\t\t<button class=\"toggle\" aria-label=\"Umschalten\"><i class=\"icon-angle-down\" aria-hidden=\"true\"><\/i><\/button>\n\t\t\t<span>GENEHMIGUNG<\/span>\n\t\t<\/a>\n\t\t<div id=\"accordion-3955835999-content\" class=\"accordion-inner\" aria-labelledby=\"accordion-3955835999-label\">\n\t\t\t\n<p><img loading=\"lazy\" decoding=\"async\" class=\"wp-image-17919 aligncenter\" src=\"https:\/\/eudoxie.shop\/wp-content\/uploads\/2023\/06\/HOMOLOGATION-LIZZY-2.jpg\" alt=\"Lizzy 2 Zustimmung\" width=\"255\" height=\"395\" srcset=\"https:\/\/eudoxie.shop\/wp-content\/uploads\/2023\/06\/HOMOLOGATION-LIZZY-2.jpg 374w, https:\/\/eudoxie.shop\/wp-content\/uploads\/2023\/06\/HOMOLOGATION-LIZZY-2-350x543.jpg 350w\" sizes=\"auto, (max-width: 255px) 100vw, 255px\" \/><\/p>\n<p style=\"text-align: center;\">Lederhandschuhe nach Norm EN13594:2015 zugelassen<\/p>\n\t\t<\/div>\n\t<\/div>\n\t\n\t<div id=\"accordion-998918758\" class=\"accordion-item\">\n\t\t<a id=\"accordion-998918758-label\" class=\"accordion-title plain\" href=\"#accordion-item-guide-des-tailles\" aria-expanded=\"false\" aria-controls=\"accordion-998918758-content\">\n\t\t\t<button class=\"toggle\" aria-label=\"Umschalten\"><i class=\"icon-angle-down\" aria-hidden=\"true\"><\/i><\/button>\n\t\t\t<span>GR\u00d6SSENTABELLE<\/span>\n\t\t<\/a>\n\t\t<div id=\"accordion-998918758-content\" class=\"accordion-inner\" aria-labelledby=\"accordion-998918758-label\">\n\t\t\t\n<p style=\"text-align: center;\"><img loading=\"lazy\" decoding=\"async\" class=\"alignnone size-medium wp-image-14932\" src=\"https:\/\/eudoxie.shop\/wp-content\/uploads\/2022\/03\/eudoxie-sizechart-gloves-2-600x529.jpg\" alt=\"Eudoxie Gr\u00f6\u00dfentabelle Handschuhe (2)\" width=\"600\" height=\"529\" srcset=\"https:\/\/eudoxie.shop\/wp-content\/uploads\/2022\/03\/eudoxie-sizechart-gloves-2-600x529.jpg 600w, https:\/\/eudoxie.shop\/wp-content\/uploads\/2022\/03\/eudoxie-sizechart-gloves-2-350x309.jpg 350w, https:\/\/eudoxie.shop\/wp-content\/uploads\/2022\/03\/eudoxie-sizechart-gloves-2.jpg 676w\" sizes=\"auto, (max-width: 600px) 100vw, 600px\" \/><\/p>\n<p>Sie k\u00f6nnen Ihre Gr\u00f6\u00dfe nicht finden oder ein Produkt ist nicht mehr verf\u00fcgbar? Schreiben Sie uns an <a href=\"mailto:lady@eudoxie.fr\"><strong>lady@eudoxie.fr<\/strong> <\/a>, wir finden die L\u00f6sung!<\/p>\n\t\t<\/div>\n\t<\/div>\n\t\n\t<div id=\"accordion-2466121567\" class=\"accordion-item\">\n\t\t<a id=\"accordion-2466121567-label\" class=\"accordion-title plain\" href=\"#accordion-item-livraison-et-retours\" aria-expanded=\"false\" aria-controls=\"accordion-2466121567-content\">\n\t\t\t<button class=\"toggle\" aria-label=\"Umschalten\"><i class=\"icon-angle-down\" aria-hidden=\"true\"><\/i><\/button>\n\t\t\t<span>LIEFERUNG UND R\u00dcCKGABE<\/span>\n\t\t<\/a>\n\t\t<div id=\"accordion-2466121567-content\" class=\"accordion-inner\" aria-labelledby=\"accordion-2466121567-label\">\n\t\t\t\n<p style=\"text-align: center;\"><img loading=\"lazy\" decoding=\"async\" class=\"alignnone size-medium wp-image-17461\" src=\"https:\/\/eudoxie.shop\/wp-content\/uploads\/2023\/04\/reassurance-telephone-600x637.jpg\" alt=\"Beruhigungstelefon\" width=\"600\" height=\"637\" srcset=\"https:\/\/eudoxie.shop\/wp-content\/uploads\/2023\/04\/reassurance-telephone-600x637.jpg 600w, https:\/\/eudoxie.shop\/wp-content\/uploads\/2023\/04\/reassurance-telephone-1050x1115.jpg 1050w, https:\/\/eudoxie.shop\/wp-content\/uploads\/2023\/04\/reassurance-telephone-350x372.jpg 350w, https:\/\/eudoxie.shop\/wp-content\/uploads\/2023\/04\/reassurance-telephone-768x816.jpg 768w, https:\/\/eudoxie.shop\/wp-content\/uploads\/2023\/04\/reassurance-telephone-800x850.jpg 800w, https:\/\/eudoxie.shop\/wp-content\/uploads\/2023\/04\/reassurance-telephone.jpg 1176w\" sizes=\"auto, (max-width: 600px) 100vw, 600px\" \/><\/p>\n<ul>\n<li>M\u00f6glichkeit der R\u00fcckerstattung innerhalb von 14 Tagen nach Erhalt<\/li>\n<\/ul>\n\t\t<\/div>\n\t<\/div>\n\t\n<\/div>\n\t<div class=\"box has-hover   has-hover box-text-bottom\" >\n\n\t\t<div class=\"box-image\" >\n\t\t\t\t\t\t<div class=\"\" >\n\t\t\t\t<img loading=\"lazy\" decoding=\"async\" width=\"1080\" height=\"1080\" src=\"https:\/\/eudoxie.shop\/wp-content\/uploads\/2023\/06\/LIZZY-POP-HOMOLOGUE.webp\" class=\"attachment- size-\" alt=\"Lizzy Pop-Gegenst\u00fcck\" srcset=\"https:\/\/eudoxie.shop\/wp-content\/uploads\/2023\/06\/LIZZY-POP-HOMOLOGUE.webp 1080w, https:\/\/eudoxie.shop\/wp-content\/uploads\/2023\/06\/LIZZY-POP-HOMOLOGUE-600x600.webp 600w, https:\/\/eudoxie.shop\/wp-content\/uploads\/2023\/06\/LIZZY-POP-HOMOLOGUE-1050x1050.webp 1050w, https:\/\/eudoxie.shop\/wp-content\/uploads\/2023\/06\/LIZZY-POP-HOMOLOGUE-350x350.webp 350w, https:\/\/eudoxie.shop\/wp-content\/uploads\/2023\/06\/LIZZY-POP-HOMOLOGUE-768x768.webp 768w, https:\/\/eudoxie.shop\/wp-content\/uploads\/2023\/06\/LIZZY-POP-HOMOLOGUE-800x800.webp 800w, https:\/\/eudoxie.shop\/wp-content\/uploads\/2023\/06\/LIZZY-POP-HOMOLOGUE-100x100.webp 100w, https:\/\/eudoxie.shop\/wp-content\/uploads\/2023\/06\/LIZZY-POP-HOMOLOGUE-50x50.webp 50w\" sizes=\"auto, (max-width: 1080px) 100vw, 1080px\" \/>\t\t\t\t\t\t\t\t\t\t\t<\/div>\n\t\t\t\t\t<\/div>\n\n\t\t<div class=\"box-text text-center\" style=\"background-color:rgb(33, 33, 33);\">\n\t\t\t<div class=\"box-text-inner\">\n\t\t\t\t\n\t<div id=\"text-2374052283\" class=\"text\">\n\t\t\n<h1>GEPR\u00dcFTE LEDERHANDSCHUHE<\/h1>\n<p>Diese Handschuhe entsprechen der CE-Norm EN13594:2015 und garantieren im Falle eines Sturzes Schutz der Stufe 1.<\/p>\n\t\t\n<style>\n#text-2374052283 {\n  color: rgb(255, 255, 255);\n}\n#text-2374052283 > * {\n  color: rgb(255, 255, 255);\n}\n<\/style>\n\t<\/div>\n\t\n\t\t\t<\/div>\n\t\t<\/div>\n\t<\/div>\n\t\n\t<div class=\"box has-hover   has-hover box-text-bottom\" >\n\n\t\t<div class=\"box-image\" >\n\t\t\t\t\t\t<div class=\"\" >\n\t\t\t\t<img loading=\"lazy\" decoding=\"async\" width=\"1080\" height=\"1080\" src=\"https:\/\/eudoxie.shop\/wp-content\/uploads\/2023\/06\/LIZZY-POP-CUIR-PREMIUM.webp\" class=\"attachment- size-\" alt=\"Lizzy Pop Premium Leder\" srcset=\"https:\/\/eudoxie.shop\/wp-content\/uploads\/2023\/06\/LIZZY-POP-CUIR-PREMIUM.webp 1080w, https:\/\/eudoxie.shop\/wp-content\/uploads\/2023\/06\/LIZZY-POP-CUIR-PREMIUM-600x600.webp 600w, https:\/\/eudoxie.shop\/wp-content\/uploads\/2023\/06\/LIZZY-POP-CUIR-PREMIUM-1050x1050.webp 1050w, https:\/\/eudoxie.shop\/wp-content\/uploads\/2023\/06\/LIZZY-POP-CUIR-PREMIUM-350x350.webp 350w, https:\/\/eudoxie.shop\/wp-content\/uploads\/2023\/06\/LIZZY-POP-CUIR-PREMIUM-768x768.webp 768w, https:\/\/eudoxie.shop\/wp-content\/uploads\/2023\/06\/LIZZY-POP-CUIR-PREMIUM-800x800.webp 800w, https:\/\/eudoxie.shop\/wp-content\/uploads\/2023\/06\/LIZZY-POP-CUIR-PREMIUM-100x100.webp 100w, https:\/\/eudoxie.shop\/wp-content\/uploads\/2023\/06\/LIZZY-POP-CUIR-PREMIUM-50x50.webp 50w\" sizes=\"auto, (max-width: 1080px) 100vw, 1080px\" \/>\t\t\t\t\t\t\t\t\t\t\t<\/div>\n\t\t\t\t\t<\/div>\n\n\t\t<div class=\"box-text text-center\" style=\"background-color:rgb(33, 33, 33);\">\n\t\t\t<div class=\"box-text-inner\">\n\t\t\t\t\n\t<div id=\"text-538553619\" class=\"text\">\n\t\t\n<h1>PREMIUM-LEDER<\/h1>\n<h1>&amp; VERST\u00c4RKTE STRUKTUREN<\/h1>\n<p>D\u00fcnn und eng an der Hand liegend, um Bewegungsfreiheit und einen sp\u00fcrbaren Komfort beim Motorradfahren zu gew\u00e4hrleisten. Sie sind am Handgelenk enger geschnitten, um einen besseren Halt zu bieten.<\/p>\n\t\t\n<style>\n#text-538553619 {\n  color: rgb(255, 255, 255);\n}\n#text-538553619 > * {\n  color: rgb(255, 255, 255);\n}\n<\/style>\n\t<\/div>\n\t\n\t\t\t<\/div>\n\t\t<\/div>\n\t<\/div>\n\t\n\t<div class=\"box has-hover   has-hover box-text-bottom\" >\n\n\t\t<div class=\"box-image\" >\n\t\t\t\t\t\t<div class=\"\" >\n\t\t\t\t<img loading=\"lazy\" decoding=\"async\" width=\"1080\" height=\"1080\" src=\"https:\/\/eudoxie.shop\/wp-content\/uploads\/2023\/06\/LIZZY-POP-DRAGONNE-TACTILE.webp\" class=\"attachment- size-\" alt=\"Lizzy Pop Touch-Gurt\" srcset=\"https:\/\/eudoxie.shop\/wp-content\/uploads\/2023\/06\/LIZZY-POP-DRAGONNE-TACTILE.webp 1080w, https:\/\/eudoxie.shop\/wp-content\/uploads\/2023\/06\/LIZZY-POP-DRAGONNE-TACTILE-600x600.webp 600w, https:\/\/eudoxie.shop\/wp-content\/uploads\/2023\/06\/LIZZY-POP-DRAGONNE-TACTILE-1050x1050.webp 1050w, https:\/\/eudoxie.shop\/wp-content\/uploads\/2023\/06\/LIZZY-POP-DRAGONNE-TACTILE-350x350.webp 350w, https:\/\/eudoxie.shop\/wp-content\/uploads\/2023\/06\/LIZZY-POP-DRAGONNE-TACTILE-768x768.webp 768w, https:\/\/eudoxie.shop\/wp-content\/uploads\/2023\/06\/LIZZY-POP-DRAGONNE-TACTILE-800x800.webp 800w, https:\/\/eudoxie.shop\/wp-content\/uploads\/2023\/06\/LIZZY-POP-DRAGONNE-TACTILE-100x100.webp 100w, https:\/\/eudoxie.shop\/wp-content\/uploads\/2023\/06\/LIZZY-POP-DRAGONNE-TACTILE-50x50.webp 50w\" sizes=\"auto, (max-width: 1080px) 100vw, 1080px\" \/>\t\t\t\t\t\t\t\t\t\t\t<\/div>\n\t\t\t\t\t<\/div>\n\n\t\t<div class=\"box-text text-center\" style=\"background-color:rgb(33, 33, 33);\">\n\t\t\t<div class=\"box-text-inner\">\n\t\t\t\t\n\t<div id=\"text-3924145965\" class=\"text\">\n\t\t\n<h1>BEHALTEN SIE IHRE RINGE<\/h1>\n<h1>&amp; FINGER BER\u00dcHREN<\/h1>\n<p>Mittelhand- und Handfl\u00e4chen sind verst\u00e4rkt, um beim Fahren Flexibilit\u00e4t, Sicherheit und Komfort zu vereinen. Aber auch eine Handschlaufe. Mit ihr werden Sie Ihre Handschuhe nicht mehr ausziehen k\u00f6nnen.<\/p>\n\t\t\n<style>\n#text-3924145965 {\n  color: rgb(255, 255, 255);\n}\n#text-3924145965 > * {\n  color: rgb(255, 255, 255);\n}\n<\/style>\n\t<\/div>\n\t\n\t\t\t<\/div>\n\t\t<\/div>\n\t<\/div>\n\t\n<div class=\"container section-title-container\" style=\"margin-top:5px;margin-bottom:-1px;\"><h1 class=\"section-title section-title-center\"><b aria-hidden=\"true\"><\/b><span class=\"section-title-main\" >DIE PERFEKTE KOMBINATION<\/span><b aria-hidden=\"true\"><\/b><\/h1><\/div>\n\t\n  \n    <div class=\"row large-columns-4 medium-columns-3 small-columns-2 row-small has-shadow row-box-shadow-3-hover slider row-slider slider-nav-reveal slider-nav-push\"  data-flickity-options='{&quot;imagesLoaded&quot;: true, &quot;groupCells&quot;: &quot;100%&quot;, &quot;dragThreshold&quot; : 5, &quot;cellAlign&quot;: &quot;left&quot;,&quot;wrapAround&quot;: true,&quot;prevNextButtons&quot;: true,&quot;percentPosition&quot;: true,&quot;pageDots&quot;: false, &quot;rightToLeft&quot;: false, &quot;autoPlay&quot; : false}' >\n\n  <\/div>\n<div class=\"container section-title-container\" style=\"margin-top:-25px;margin-bottom:1px;\"><h1 class=\"section-title section-title-center\"><b aria-hidden=\"true\"><\/b><span class=\"section-title-main\" >BEACHTEN<\/span><b aria-hidden=\"true\"><\/b><\/h1><\/div>\n  <div class=\"icon-box testimonial-box icon-box-left text-left\">\n                <div class=\"icon-box-text p-last-0\">\n          <div class=\"star-rating\" role=\"img\" aria-label=\"Rated 5 out of 5\"><span style=\"width:100%\"><strong class=\"rating\"><\/strong><\/span><\/div>  \t\t\t\t<div class=\"testimonial-text line-height-small italic test_text first-reset last-reset is-italic\">\n            \n<h3>Erfreut<\/h3>\n<p>Ich h\u00e4tte nie gedacht, dass ich Motorradhandschuhe in peppigen Farben finden w\u00fcrde. Jetzt begleiten sie mich auf all meinen Motorradtouren. <strong>\u2013 Valerie S.<\/strong><\/p>\n          <\/div>\n          <div class=\"testimonial-meta pt-half\">\n             <strong class=\"testimonial-name test_name\"><\/strong>\n                          <span class=\"testimonial-company test_company\"><\/span>\n          <\/div>\n        <\/div>\n  <\/div>\n\n  \n  <div class=\"icon-box testimonial-box icon-box-left text-left\">\n                <div class=\"icon-box-text p-last-0\">\n          <div class=\"star-rating\" role=\"img\" aria-label=\"Rated 5 out of 5\"><span style=\"width:100%\"><strong class=\"rating\"><\/strong><\/span><\/div>  \t\t\t\t<div class=\"testimonial-text line-height-small italic test_text first-reset last-reset is-italic\">\n            \n<h3>In Ordnung<\/h3>\n<p>Angenehm zu tragen, sch\u00f6ne Farben und vor allem muss ich meinen Schmuck vor der Abreise nicht ablegen. Diese Handschuhe sind kleine Juwelen! <strong>\u2013 Andrea C<\/strong><\/p>\n          <\/div>\n          <div class=\"testimonial-meta pt-half\">\n             <strong class=\"testimonial-name test_name\"><\/strong>\n                          <span class=\"testimonial-company test_company\"><\/span>\n          <\/div>\n        <\/div>\n  <\/div>\n\n  \n<div class=\"container section-title-container\" style=\"margin-top:-2px;margin-bottom:-1px;\"><h1 class=\"section-title section-title-center\"><b aria-hidden=\"true\"><\/b><span class=\"section-title-main\" >SPEZIFIKATIONEN<\/span><b aria-hidden=\"true\"><\/b><\/h1><\/div>\n<p>Nach einer ersten Auflage von 100 Handschuhen beschloss Eudoxie, ihre eigene Handschuhserie herzustellen! F\u00fcr noch mehr Premium-Qualit\u00e4t, um mit Ihrem Motorrad bis ans Ende der Welt zu kommen! Und dank unserer zwei verf\u00fcgbaren Modelle (GOLD oder POP) ist f\u00fcr jeden etwas dabei! Und um noch besser auszusehen, z\u00f6gern Sie nicht, einen unserer <a href=\"https:\/\/eudoxie.shop\/de\/collection\/technische-sammlung\/motorradjacke-fur-damen\/?wmc-currency=EUR\">Jacken<\/a> !<\/p>\n<p>Wir wollten Handschuhe neu erfinden und vor allem unseren Fahrten ein bisschen Spa\u00df verleihen!<\/p>\n<h3>Zulassung von Handschuhen<\/h3>\n<p>Diese Handschuhe entsprechen der CE-Norm EN13594:2015 und garantieren im Falle eines Sturzes Schutz der Stufe 1.<\/p>\n<h3>Beschreibung der Handschuhe<\/h3>\n<p>Entdecken Sie den Spa\u00df, den Stil und die einzigartige Qualit\u00e4t von Eudoxie neu! Einzigartige Handschuhe, die wir Ihnen hier anbieten. Sie sind d\u00fcnn und liegen eng an der Hand, um Bewegungsfreiheit und einen sp\u00fcrbaren Komfort beim Motorradfahren zu gew\u00e4hrleisten. Sie sind am Handgelenk enger geschnitten, um einen besseren Halt zu bieten.<\/p>\n<p>Sie haben taktile Finger an Daumen und Zeigefinger, weil wir wissen, dass das immer n\u00fctzlich ist!<\/p>\n<p>Auch unsere Handschuhe sind wie eine weiche R\u00fcstung aufgebaut. Mittelhand- und Handfl\u00e4chen sind verst\u00e4rkt, um beim Fahren Flexibilit\u00e4t, Sicherheit und Komfort zu vereinen.<\/p>\n<p>Auf der linken Seite, auf der das ber\u00fchmte \u201eV\u201c zur Begr\u00fc\u00dfung anderer Biker steht, wollten wir unseren \u201eEudoxie\u201c-Touch hinzuf\u00fcgen. Sie k\u00f6nnen unseren ber\u00fchmten Satz \u201eRide Like a Girl\u201c als Unterschrift unserer Crew und als Begr\u00fc\u00dfung beim Fahren lesen!<\/p>\n<p>Um an die \u201eRacing\u201c-Seite der Rennen zu erinnern, wurde auf der Handfl\u00e4che zus\u00e4tzlich ein Schachbrett aufgedruckt, das ist unsere kleine \u201eVintage Racing\u201c-Seite. Was die Farben angeht, werden die Pop-Handschuhe all Ihre F\u00e4ltchen zum Leuchten bringen! Auf den Stra\u00dfen werden wir nur Ihr h\u00fcbsches Paar H\u00e4nde sehen. Mit lustigen Farben wie Wei\u00df, Rosa und Wei\u00df ist dieses Paar einzigartig und un\u00fcbertroffen!<\/p>\n<p>Praktischerweise wurde eine Handschlaufe hinzugef\u00fcgt! Mit ihr werden Sie Ihre Handschuhe nicht mehr ausziehen k\u00f6nnen! Kurz gesagt, wir haben an alles gedacht, um Ihnen das Leben zu erleichtern!<\/p>\n<p>Das Leder ist hochwertig und atmungsaktiv. Das Material erm\u00f6glicht eine Temperaturregulierung, sodass Ihnen weder zu hei\u00df noch zu kalt ist.<\/p>\n<h3>Der Schnitt der Handschuhe<\/h3>\n<p>Das Leder dieses Handschuhs wurde auf Abrieb- und Rei\u00dffestigkeit getestet. Die verl\u00e4ngerte Form der Stulpe erleichtert das Anziehen der Handschuhe und sch\u00fctzt diesen Teil im Falle eines Abrutschens. Behandelt und weich gemacht, erh\u00e4lt es im Laufe Ihrer Roadtrips und Abenteuer eine Patina.<\/p>\n<p>Wir sind sehr stolz auf diese mit Liebe hergestellten Handschuhe, um unsere lieben Biker immer weiter zufrieden zu stellen. Und um Ihnen immer mehr Qualit\u00e4t zu bieten, haben wir sie selbst hergestellt!<\/p>\n<p>Die perfekte Kombination aus Sicherheit, Stil und Komfort.<\/p>\n<p>Beeilen Sie sich und bestellen Sie sie, alle Biker werden sich darum rei\u00dfen!<\/p>\n<h3>Qualit\u00e4t<\/h3>\n<p>Lizzy-Handschuhe sind f\u00fcr Ihren Komfort und Ihre Sicherheit auf dem Motorrad, aber auch f\u00fcr einen mutigen, einzigartigen und unverwechselbaren Stil konzipiert. Die Drucktechniken, die bei diesen Premium-Handschuhen zum Einsatz kommen, sind sehr speziell und au\u00dfergew\u00f6hnlich.<br \/>\nMit der Zeit kann sich, je nach Nutzung und den unterschiedlichen Bedienelementen Ihres Motorrads, eine Patina auf dem Leder bilden und die Beschriftungen k\u00f6nnen verblassen. Die Schutzwirkung und Sicherheit der Handschuhe wird hierdurch jedoch in keinster Weise beeintr\u00e4chtigt.<br \/>\nEudoxie-Handschuhe sind dazu da, Sie auf Ihrer Reise zu begleiten und zu sch\u00fctzen. Viel Spa\u00df!<\/p>\n<h3>Folgen Sie Team Eudoxie<\/h3>\n<p>Brauchen Sie Beratung f\u00fcr Ihre verschiedenen Looks?! Besuchen Sie unser Instagram, um unsere Lifestyle-Fotos zu sehen: <a href=\"http:\/\/www.instagram.com\/eudoxie_motorcycle_label\" target=\"_blank\" rel=\"noopener\"><span style=\"font-weight: 400;\">@eudoxie_motorcycle_label<\/span><\/a><\/p>","protected":false},"excerpt":{"rendered":"<p><a href=\"#guide-tailles-gants\"><img loading=\"lazy\" decoding=\"async\" class=\"alignnone wp-image-19909\" src=\"https:\/\/eudoxie.shop\/wp-content\/uploads\/2023\/03\/bouton-gdt.png\" alt=\"\" width=\"249\" height=\"58\" \/><\/a><\/p>\n<p>Handschuhe mit unglaublichen Details, die Ihr Biker-Outfit perfektionieren und Ihnen auf Ihrem Motorrad den Look verleihen, den Sie verdienen!<\/p>\n<p>Auch in Gold und Klar erh\u00e4ltlich \ud83d\udda4\ud83e\udd0d<\/p>","protected":false},"featured_media":15251,"comment_status":"open","ping_status":"closed","template":"","meta":[],"product_brand":[],"product_cat":[435,396,424],"product_tag":[],"class_list":{"0":"post-13343","1":"product","2":"type-product","3":"status-publish","4":"has-post-thumbnail","6":"product_cat-cadeau-moto-50-a-100","7":"product_cat-niveau-1","8":"product_cat-operation-girl-power","10":"first","11":"instock","12":"taxable","13":"shipping-taxable","14":"purchasable","15":"product-type-variable"},"supplier_id":null,"supplier_sku":"","barcode":null,"atum_controlled":true,"out_stock_date":null,"out_stock_threshold":null,"inheritable":true,"inbound_stock":0,"stock_on_hold":5,"sold_today":0,"sales_last_days":5,"reserved_stock":0,"customer_returns":0,"warehouse_damage":0,"lost_in_post":0,"other_logs":0,"out_stock_days":0,"lost_sales":0,"has_location":false,"update_date":"2026-05-07T01:00:06","atum_locations":[],"atum_stock_status":"instock","restock_status":false,"low_stock_amount":"","sales_update_date":"2026-05-07T01:00:06","calc_backorders":null,"_links":{"self":[{"href":"https:\/\/eudoxie.shop\/de\/wp-json\/wp\/v2\/product\/13343","targetHints":{"allow":["GET"]}}],"collection":[{"href":"https:\/\/eudoxie.shop\/de\/wp-json\/wp\/v2\/product"}],"about":[{"href":"https:\/\/eudoxie.shop\/de\/wp-json\/wp\/v2\/types\/product"}],"replies":[{"embeddable":true,"href":"https:\/\/eudoxie.shop\/de\/wp-json\/wp\/v2\/comments?post=13343"}],"wp:featuredmedia":[{"embeddable":true,"href":"https:\/\/eudoxie.shop\/de\/wp-json\/wp\/v2\/media\/15251"}],"wp:attachment":[{"href":"https:\/\/eudoxie.shop\/de\/wp-json\/wp\/v2\/media?parent=13343"}],"wp:term":[{"taxonomy":"product_brand","embeddable":true,"href":"https:\/\/eudoxie.shop\/de\/wp-json\/wp\/v2\/product_brand?post=13343"},{"taxonomy":"product_cat","embeddable":true,"href":"https:\/\/eudoxie.shop\/de\/wp-json\/wp\/v2\/product_cat?post=13343"},{"taxonomy":"product_tag","embeddable":true,"href":"https:\/\/eudoxie.shop\/de\/wp-json\/wp\/v2\/product_tag?post=13343"}],"curies":[{"name":"wp","href":"https:\/\/api.w.org\/{rel}","templated":true}]}}