{"id":15897,"date":"2022-09-02T14:38:26","date_gmt":"2022-09-02T12:38:26","guid":{"rendered":"https:\/\/eudoxie.shop\/?post_type=product&#038;p=15897"},"modified":"2026-04-08T12:47:42","modified_gmt":"2026-04-08T10:47:42","slug":"veryperi-kappe-2","status":"publish","type":"product","link":"https:\/\/eudoxie.shop\/de\/produit\/casquette-veryperi\/","title":{"rendered":"Veryperi-Kappe"},"content":{"rendered":"<h1 style=\"text-align: center;\"><b>Entdecken Sie die Veryperi-Kappe!<\/b><\/h1>\n<p><span style=\"color: #ffcc00; font-size: 115%;\"><strong>\ud83d\udea8 Vorbestellen! \ud83d\udea8<\/strong><\/span><\/p>\n<ul>\n<li style=\"font-weight: 400;\"><span style=\"font-weight: 400;\">Einheitsgr\u00f6\u00dfe<\/span><\/li>\n<li>F\u00fcr Frauen gemacht<\/li>\n<li style=\"font-weight: 400;\"><span style=\"font-weight: 400;\">100% Polyester<\/span><\/li>\n<li style=\"font-weight: 400;\"><span style=\"font-weight: 400;\">Einstellbar<\/span><\/li>\n<li style=\"font-weight: 400;\"><span style=\"font-weight: 400;\">Stickerei auf der Vorderseite<\/span><\/li>\n<li style=\"font-weight: 400;\"><span style=\"font-weight: 400;\">Farben: parma<\/span><\/li>\n<li style=\"font-weight: 400;\"><span style=\"font-weight: 400;\">kleines Visier<\/span><\/li>\n<\/ul>\n<p><span style=\"font-weight: 400;\">Sie werden unsere <\/span><b>Veryperi-Kappe<\/b><span style=\"font-weight: 400;\">. Diese Kappe hat bisher schon so viel Lob bekommen. Durch den modernen Schnitt und die Farbe l\u00e4sst es sich leicht mit anderen Teilen Ihres Lieblings-Fahreroutfits kombinieren.<\/span><\/p>\n<p><span style=\"font-weight: 400;\">Tats\u00e4chlich wird die Veryperi-Kappe noch toller mit einem<\/span><a href=\"https:\/\/eudoxie.shop\/de\/collection\/neue-kollektion\/trikots\/?wmc-currency=EUR\"> <span style=\"font-weight: 400;\">Jersey<\/span><\/a><span style=\"font-weight: 400;\"> oder ein<\/span><a href=\"https:\/\/eudoxie.shop\/de\/collection\/technische-sammlung\/motorradjacke-fur-damen\/?wmc-currency=EUR\"> <span style=\"font-weight: 400;\">technische Jacke<\/span><\/a><span style=\"font-weight: 400;\">.<\/span><\/p>\n<h2><b>Produktbeschreibung<\/b><\/h2>\n<p><span style=\"font-weight: 400;\">Beginnen Sie Ihre Reise mit unserem <\/span><b>Veryperi-Kappe<\/b><span style=\"font-weight: 400;\">. Mit dieser super stylischen Kappe heben Sie sich bei Ihren Motorradtouren von allen anderen ab.<\/span><\/p>\n<p><span style=\"font-weight: 400;\">Wir haben uns entschieden, die Veryperi-Kappe herzustellen, um Ihre Weiblichkeit hervorzuheben und gleichzeitig Ihren Look l\u00e4ssig und informell zu halten. Sie k\u00f6nnen es jeden Tag oder nur f\u00fcr Ihre kostbaren Fahrmomente tragen.<\/span><\/p>\n<p><span style=\"font-weight: 400;\">Dank der hellgrauen Farbe k\u00f6nnen Sie es f\u00fcr einen noch stylischeren Look mit jedem Kleidungsst\u00fcck Ihrer Wahl kombinieren.<\/span><\/p>\n<p><span style=\"font-weight: 400;\">Unsere Veryperi-Kappe hat auf der Vorderseite eine Stickerei, die einfach, aber wirkungsvoll aussieht. Auf der linken R\u00fcckseite befindet sich eine \u201eEUDOXIE\u201c-Stickerei, die noch einmal mit der klassischen Seite aufbricht und noch mehr Charme verleiht.<\/span><\/p>\n<h2><b>Der Schnitt der Kappe<\/b><\/h2>\n<p><span style=\"font-weight: 400;\">Probieren Sie es aus und Sie werden nicht mehr ohne k\u00f6nnen. Die Veryperi-Kappe hat ein kleines Visier und eine ziemlich besondere Form, die sie von anderen auf dem Markt erh\u00e4ltlichen Kappen unterscheidet. Es ist aus Polyester gefertigt und garantiert Ihnen Komfort und Haltbarkeit.<\/span><\/p>\n<p><span style=\"font-weight: 400;\">Diese Kappe ist einzigartig, aber hinten verstellbar, sodass Sie sie tragen k\u00f6nnen, egal ob Sie XS oder M tragen. Sobald Sie sie auf die gew\u00fcnschte Gr\u00f6\u00dfe eingestellt haben, k\u00f6nnen Sie \u00fcberall spazieren gehen, ohne dass sie herunterf\u00e4llt.<\/span><\/p>\n<p><span style=\"font-weight: 400;\">Dies ist die perfekte Kappe zum Fahren in der Sonne und sogar im Regen.<\/span><\/p>\n<p><span style=\"font-weight: 400;\">M\u00f6chten Sie die neuesten Looks unserer Fahrer sehen? Treffen Sie uns in unserer Instagram-Community:<\/span><a href=\"http:\/\/www.instagram.com\/eudoxie_motorcycle_label\" target=\"_blank\" rel=\"noopener\"> <span style=\"font-weight: 400;\">@eudoxie_motorcycle_label<\/span><\/a><\/p>","protected":false},"excerpt":{"rendered":"<p><span style=\"color: #ffcc00; font-size: 115%;\"><strong>\ud83d\udea8 Vorbestellen! \ud83d\udea8<\/strong><\/span><\/p>\n<p><span style=\"font-weight: 400;\">Die Veryperi Cap ist die modernste und trendigste Cap der Gegenwart!<\/span><\/p>\n<p><span style=\"font-weight: 400;\">Auch verf\u00fcgbar in <a href=\"https:\/\/eudoxie.shop\/de\/product-2\/sonnige-mutze\/?wmc-currency=EUR\">Sonnig <\/a><\/span><span style=\"font-weight: 400;\">\ud83d\udc9c<\/span><\/p>","protected":false},"featured_media":15907,"comment_status":"open","ping_status":"closed","template":"","meta":[],"product_brand":[],"product_cat":[434,456],"product_tag":[],"class_list":{"0":"post-15897","1":"product","2":"type-product","3":"status-publish","4":"has-post-thumbnail","6":"product_cat-cadeau-moto-0-a-50","7":"product_cat-casquettes-bonnets","9":"first","10":"instock","11":"taxable","12":"shipping-taxable","13":"purchasable","14":"product-type-simple"},"supplier_id":null,"supplier_sku":"","barcode":"3760315174519","atum_controlled":true,"out_stock_date":null,"out_stock_threshold":null,"inheritable":false,"inbound_stock":0,"stock_on_hold":0,"sold_today":0,"sales_last_days":0,"reserved_stock":0,"customer_returns":0,"warehouse_damage":0,"lost_in_post":0,"other_logs":0,"out_stock_days":0,"lost_sales":0,"has_location":false,"update_date":"2026-04-30T00:55:51","atum_locations":[],"atum_stock_status":"instock","restock_status":false,"low_stock_amount":"","sales_update_date":"2026-04-30T00:55:51","calc_backorders":null,"_links":{"self":[{"href":"https:\/\/eudoxie.shop\/de\/wp-json\/wp\/v2\/product\/15897","targetHints":{"allow":["GET"]}}],"collection":[{"href":"https:\/\/eudoxie.shop\/de\/wp-json\/wp\/v2\/product"}],"about":[{"href":"https:\/\/eudoxie.shop\/de\/wp-json\/wp\/v2\/types\/product"}],"replies":[{"embeddable":true,"href":"https:\/\/eudoxie.shop\/de\/wp-json\/wp\/v2\/comments?post=15897"}],"wp:featuredmedia":[{"embeddable":true,"href":"https:\/\/eudoxie.shop\/de\/wp-json\/wp\/v2\/media\/15907"}],"wp:attachment":[{"href":"https:\/\/eudoxie.shop\/de\/wp-json\/wp\/v2\/media?parent=15897"}],"wp:term":[{"taxonomy":"product_brand","embeddable":true,"href":"https:\/\/eudoxie.shop\/de\/wp-json\/wp\/v2\/product_brand?post=15897"},{"taxonomy":"product_cat","embeddable":true,"href":"https:\/\/eudoxie.shop\/de\/wp-json\/wp\/v2\/product_cat?post=15897"},{"taxonomy":"product_tag","embeddable":true,"href":"https:\/\/eudoxie.shop\/de\/wp-json\/wp\/v2\/product_tag?post=15897"}],"curies":[{"name":"wp","href":"https:\/\/api.w.org\/{rel}","templated":true}]}}