{"id":18756,"date":"2023-10-03T16:00:33","date_gmt":"2023-10-03T14:00:33","guid":{"rendered":"https:\/\/eudoxie.shop\/?post_type=product&#038;p=18756"},"modified":"2026-04-26T17:17:36","modified_gmt":"2026-04-26T15:17:36","slug":"beth-motorrad-sturmhaube-2","status":"publish","type":"product","link":"https:\/\/eudoxie.shop\/de\/produit\/cagoule-moto-beth\/","title":{"rendered":"Beth Hood"},"content":{"rendered":"<h2 style=\"text-align: center\">Beth Motorrad Sturmhaube<\/h2>\n<p>Entdecken Sie den ultimativen Schutz f\u00fcr Ihre Motorradabenteuer mit der Beth Sturmhaube von Eudoxie. Inspiriert von unseren legend\u00e4ren Kniestr\u00fcmpfen vereint diese Sturmhaube Komfort, W\u00e4rme und Stil. Sie besteht haupts\u00e4chlich aus Polyester und h\u00e4lt Sie warm, w\u00e4hrend sie gleichzeitig f\u00fcr au\u00dfergew\u00f6hnliche Atmungsaktivit\u00e4t bei Ihren Motorradtouren sorgt.<\/p>\n<p>Das Design der Sturmhaube \u201eBeth\u201c ist vom Schachbrettmuster im Rennsport inspiriert, einem Symbol f\u00fcr K\u00fchnheit und Geschwindigkeit. F\u00fcr einen authentischen Stil ist jedes Detail sorgf\u00e4ltig durchdacht. Die perfekte Passform sch\u00fctzt Sie vor K\u00e4lte und bietet gleichzeitig Bewegungsfreiheit.<\/p>\n<p>Die Sturmhaube \u201eBeth\u201c aus Polyester besticht durch ihr einzigartiges schwarz-wei\u00dfes Design. Es geht \u00fcber die Idee eines Accessoires hinaus und ist zu einem Must-have f\u00fcr Motorradfans geworden. Es kombiniert au\u00dfergew\u00f6hnlichen Komfort mit un\u00fcbertroffenem Stil auf der Stra\u00dfe und erm\u00f6glicht Ihnen, jede Fahrt mit Leichtigkeit und Eleganz zu erleben.<\/p>\n<p>Sollten Sie dennoch Fragen oder Anliegen haben, k\u00f6nnen Sie sich gerne an uns wenden. <a href=\"https:\/\/eudoxie.shop\/de\/kontakt\/?wmc-currency=EUR\">Hier<\/a>. Unser Kundenservice steht Ihnen gerne zur Verf\u00fcgung und wird Ihnen so schnell wie m\u00f6glich antworten \ud83d\ude42<\/p>\n<p>&nbsp;<\/p>\n\t<div id=\"accordion-2032585845\" class=\"accordion-item\">\n\t\t<a id=\"accordion-2032585845-label\" class=\"accordion-title plain\" href=\"#accordion-item-guide-des-tailles\" aria-expanded=\"false\" aria-controls=\"accordion-2032585845-content\">\n\t\t\t<button class=\"toggle\" aria-label=\"Umschalten\"><i class=\"icon-angle-down\" aria-hidden=\"true\"><\/i><\/button>\n\t\t\t<span>GR\u00d6SSENTABELLE<\/span>\n\t\t<\/a>\n\t\t<div id=\"accordion-2032585845-content\" class=\"accordion-inner\" aria-labelledby=\"accordion-2032585845-label\">\n\t\t\t\n<p><span style=\"font-size: 14.4px\">Einheitsgr\u00f6\u00dfe \ud83d\ude09<\/span><\/p>\n<p><span style=\"font-size: 14.4px\">\t\t<\/div>\n\t<\/div>\n\t<\/span><\/p>\n\t<div id=\"text-3578092670\" class=\"text\">\n\t\t\t\t\n<style>\n#text-3578092670 {\n  color: rgb(255,255,255);\n}\n#text-3578092670 > * {\n  color: rgb(255,255,255);\n}\n<\/style>\n\t<\/div>\n\t\n\t<div id=\"accordion-4113715886\" class=\"accordion-item\">\n\t\t<a id=\"accordion-4113715886-label\" class=\"accordion-title plain\" href=\"#accordion-item-details-du-produit\" aria-expanded=\"false\" aria-controls=\"accordion-4113715886-content\">\n\t\t\t<button class=\"toggle\" aria-label=\"Umschalten\"><i class=\"icon-angle-down\" aria-hidden=\"true\"><\/i><\/button>\n\t\t\t<span>PRODUKTDETAILS<\/span>\n\t\t<\/a>\n\t\t<div id=\"accordion-4113715886-content\" class=\"accordion-inner\" aria-labelledby=\"accordion-4113715886-label\">\n\t\t\t\n<ul>\n<li>Einheitsgr\u00f6\u00dfe<\/li>\n<li>Aus Polyester<\/li>\n<li>Entworfen von Goldy<\/li>\n<li>Schwarz und Wei\u00df<\/li>\n<\/ul>\n\t\t<\/div>\n\t<\/div>\n\t\n\t<div id=\"accordion-1484953889\" class=\"accordion-item\">\n\t\t<a id=\"accordion-1484953889-label\" class=\"accordion-title plain\" href=\"#accordion-item-livraison-et-retours\" aria-expanded=\"false\" aria-controls=\"accordion-1484953889-content\">\n\t\t\t<button class=\"toggle\" aria-label=\"Umschalten\"><i class=\"icon-angle-down\" aria-hidden=\"true\"><\/i><\/button>\n\t\t\t<span>LIEFERUNG UND R\u00dcCKGABE<\/span>\n\t\t<\/a>\n\t\t<div id=\"accordion-1484953889-content\" class=\"accordion-inner\" aria-labelledby=\"accordion-1484953889-label\">\n\t\t\t\n<p><img decoding=\"async\" src=\"https:\/\/eudoxie.shop\/wp-content\/uploads\/2023\/04\/reassurance-telephone-600x637.jpg\" alt=\"Beruhigungstelefon\" \/><\/p>\n<ul>\n<li>M\u00f6glichkeit der R\u00fcckerstattung innerhalb von 14 Tagen nach Erhalt<\/li>\n<\/ul>\n\t\t<\/div>\n\t<\/div>\n\t\n<p>&nbsp;<\/p>\n<p>&nbsp;<\/p>\n<div class=\"container section-title-container\" style=\"margin-top:10px;margin-bottom:-1px;\"><h1 class=\"section-title section-title-center\"><b aria-hidden=\"true\"><\/b><span class=\"section-title-main\" >DIE PERFEKTE KOMBINATION<\/span><b aria-hidden=\"true\"><\/b><\/h1><\/div>\n\t\n  \n    <div class=\"row large-columns-4 medium-columns-3 small-columns-2 row-small has-shadow row-box-shadow-3-hover slider row-slider slider-nav-reveal slider-nav-push\"  data-flickity-options='{&quot;imagesLoaded&quot;: true, &quot;groupCells&quot;: &quot;100%&quot;, &quot;dragThreshold&quot; : 5, &quot;cellAlign&quot;: &quot;left&quot;,&quot;wrapAround&quot;: true,&quot;prevNextButtons&quot;: true,&quot;percentPosition&quot;: true,&quot;pageDots&quot;: false, &quot;rightToLeft&quot;: false, &quot;autoPlay&quot; : false}' >\n\n  <\/div>\n<div class=\"container section-title-container\" style=\"margin-top:-30px;margin-bottom:-2px;\"><h1 class=\"section-title section-title-center\"><b aria-hidden=\"true\"><\/b><span class=\"section-title-main\" >BEACHTEN<\/span><b aria-hidden=\"true\"><\/b><\/h1><\/div>\n  <div class=\"icon-box testimonial-box icon-box-left text-left\">\n                <div class=\"icon-box-text p-last-0\">\n          <div class=\"star-rating\" role=\"img\" aria-label=\"Rated 5 out of 5\"><span style=\"width:100%\"><strong class=\"rating\"><\/strong><\/span><\/div>  \t\t\t\t<div class=\"testimonial-text line-height-small italic test_text first-reset last-reset is-italic\">\n            \n<h3>Es kommt bald ...<\/h3>\n<p>Es ist bestellt, so gl\u00fccklich! Ich freue mich darauf, es zu erhalten, weil es schon kalt ist <strong>\u2013 Pauline V.<\/strong><\/p>\n          <\/div>\n          <div class=\"testimonial-meta pt-half\">\n             <strong class=\"testimonial-name test_name\"><\/strong>\n                          <span class=\"testimonial-company test_company\"><\/span>\n          <\/div>\n        <\/div>\n  <\/div>\n\n  \n  <div class=\"icon-box testimonial-box icon-box-left text-left\">\n                <div class=\"icon-box-text p-last-0\">\n          <div class=\"star-rating\" role=\"img\" aria-label=\"Rated 5 out of 5\"><span style=\"width:100%\"><strong class=\"rating\"><\/strong><\/span><\/div>  \t\t\t\t<div class=\"testimonial-text line-height-small italic test_text first-reset last-reset is-italic\">\n            \n<h3>Team Schnee \u2744\ufe0f<\/h3>\n<p>Ich pers\u00f6nlich nehme es zum Skifahren mit und es ist auch super praktisch. Kauf bezahlt f\u00fcr x10000 \u2013 <strong>Daniela H.<\/strong><\/p>\n          <\/div>\n          <div class=\"testimonial-meta pt-half\">\n             <strong class=\"testimonial-name test_name\"><\/strong>\n                          <span class=\"testimonial-company test_company\"><\/span>\n          <\/div>\n        <\/div>\n  <\/div>\n\n  \n  <div class=\"icon-box testimonial-box icon-box-left text-left\">\n                <div class=\"icon-box-text p-last-0\">\n          <div class=\"star-rating\" role=\"img\" aria-label=\"Rated 5 out of 5\"><span style=\"width:100%\"><strong class=\"rating\"><\/strong><\/span><\/div>  \t\t\t\t<div class=\"testimonial-text line-height-small italic test_text first-reset last-reset is-italic\">\n            \n<h3>Ein Muss<\/h3>\n<p>Meine Schwester hat so eins, nachdem ich es getestet hatte, musste ich mir auch eins zulegen \ud83d\ude05 <strong>\u2013 Solange P.<\/strong><\/p>\n          <\/div>\n          <div class=\"testimonial-meta pt-half\">\n             <strong class=\"testimonial-name test_name\"><\/strong>\n                          <span class=\"testimonial-company test_company\"><\/span>\n          <\/div>\n        <\/div>\n  <\/div>\n\n  \n<div class=\"container section-title-container\" style=\"margin-bottom:-20px;\"><h1 class=\"section-title section-title-center\"><b aria-hidden=\"true\"><\/b><span class=\"section-title-main\" >SPEZIFIKATIONEN<\/span><b aria-hidden=\"true\"><\/b><\/h1><\/div>\n<p>&nbsp;<\/p>\n<h3>Folgen Sie Team Eudoxie<\/h3>\n<p>Wenn Sie Inspiration f\u00fcr Ihren Look suchen, laden wir Sie ein, unsere <a href=\"https:\/\/www.pinterest.fr\/eudoxiemotorcyclegear\/\" target=\"_blank\" rel=\"noopener\">pinterest<\/a> oder schau auf unserem Instagram vorbei: <a href=\"https:\/\/www.instagram.com\/eudoxie_motorcycle_label\/?hl=fr\" target=\"_blank\" rel=\"noopener\">@eudoxie_motorcycle_label<\/a> ! Nichts ist besser als inspirierende Ideen, die Ihren einzigartigen Stil erg\u00e4nzen.<\/p>\n<p>&nbsp;<\/p>","protected":false},"excerpt":{"rendered":"<p>&nbsp;<\/p>\n<ul style=\"text-align: left\">\n<li>100% Polyester<\/li>\n<li>Beth Motorrad Sturmhaube<\/li>\n<li>Leicht und komfortabel<\/li>\n<li>Fahren Sie der K\u00e4lte davon<\/li>\n<li>Einheitsgr\u00f6\u00dfe<\/li>\n<li>Schwarz und Wei\u00df<\/li>\n<\/ul>","protected":false},"featured_media":19618,"comment_status":"closed","ping_status":"closed","template":"","meta":[],"product_brand":[],"product_cat":[434,416,433,226],"product_tag":[],"class_list":{"0":"post-18756","1":"product","2":"type-product","3":"status-publish","4":"has-post-thumbnail","6":"product_cat-cadeau-moto-0-a-50","7":"product_cat-cagoules-de-moto","8":"product_cat-idees-cadeau-moto","9":"product_cat-mode-lifestyle","11":"first","12":"instock","13":"taxable","14":"shipping-taxable","15":"purchasable","16":"product-type-simple"},"supplier_id":null,"supplier_sku":"","barcode":null,"atum_controlled":true,"out_stock_date":null,"out_stock_threshold":null,"inheritable":false,"inbound_stock":0,"stock_on_hold":4,"sold_today":0,"sales_last_days":1,"reserved_stock":0,"customer_returns":0,"warehouse_damage":0,"lost_in_post":0,"other_logs":0,"out_stock_days":0,"lost_sales":0,"has_location":false,"update_date":"2026-04-30T00:55:55","atum_locations":[],"atum_stock_status":"instock","restock_status":false,"low_stock_amount":"","sales_update_date":"2026-04-30T00:55:55","calc_backorders":0,"_links":{"self":[{"href":"https:\/\/eudoxie.shop\/de\/wp-json\/wp\/v2\/product\/18756","targetHints":{"allow":["GET"]}}],"collection":[{"href":"https:\/\/eudoxie.shop\/de\/wp-json\/wp\/v2\/product"}],"about":[{"href":"https:\/\/eudoxie.shop\/de\/wp-json\/wp\/v2\/types\/product"}],"replies":[{"embeddable":true,"href":"https:\/\/eudoxie.shop\/de\/wp-json\/wp\/v2\/comments?post=18756"}],"wp:featuredmedia":[{"embeddable":true,"href":"https:\/\/eudoxie.shop\/de\/wp-json\/wp\/v2\/media\/19618"}],"wp:attachment":[{"href":"https:\/\/eudoxie.shop\/de\/wp-json\/wp\/v2\/media?parent=18756"}],"wp:term":[{"taxonomy":"product_brand","embeddable":true,"href":"https:\/\/eudoxie.shop\/de\/wp-json\/wp\/v2\/product_brand?post=18756"},{"taxonomy":"product_cat","embeddable":true,"href":"https:\/\/eudoxie.shop\/de\/wp-json\/wp\/v2\/product_cat?post=18756"},{"taxonomy":"product_tag","embeddable":true,"href":"https:\/\/eudoxie.shop\/de\/wp-json\/wp\/v2\/product_tag?post=18756"}],"curies":[{"name":"wp","href":"https:\/\/api.w.org\/{rel}","templated":true}]}}