{"id":21144,"date":"2024-06-25T17:21:05","date_gmt":"2024-06-25T15:21:05","guid":{"rendered":"https:\/\/eudoxie.shop\/?post_type=product&#038;p=21144"},"modified":"2026-04-15T15:40:14","modified_gmt":"2026-04-15T13:40:14","slug":"schlusselanhanger-fahren-wie-ein-madchen","status":"publish","type":"product","link":"https:\/\/eudoxie.shop\/de\/produit\/porte-cle-moto-ride-like-a-girl\/","title":{"rendered":"Ride like a Girl Motorrad Schl\u00fcsselanh\u00e4nger"},"content":{"rendered":"<h1>Ride like a Girl Motorrad Schl\u00fcsselanh\u00e4nger<\/h1>\n<p>Entdecken Sie unseren herzf\u00f6rmigen Motorrad-Schl\u00fcsselring aus Leder \u201eRide like a girl\u201c, das unverzichtbare Accessoire f\u00fcr alle Motorradfahrerinnen! Wir bei Eudoxie wissen, wie wichtig es ist, Ihren Stil und Ihre Leidenschaft zu zeigen. Dieser Schl\u00fcsselanh\u00e4nger ist mehr als nur ein Accessoire, er ist eine Liebeserkl\u00e4rung an das Motorradfahren.<\/p>\n<p>Es ist aus hochwertigem Leder gefertigt und so konzipiert, dass es allen Abenteuern Ihres Alltags und Ihrer Motorradtouren standh\u00e4lt. Seine Herzform, verziert mit der Aufschrift \u201eRide like a girl\u201c, ist perfekt, um Ihren Fahrergeist stolz zu zeigen. Mit seiner sauberen Verarbeitung und den pr\u00e4zisen Details verleiht es Ihren Schl\u00fcsseln, Ihrer Tasche oder sogar Ihrer Motorradausr\u00fcstung einen Hauch von Charakter.<\/p>\n<p>Warum sollten Sie sich f\u00fcr unseren Schl\u00fcsselanh\u00e4nger \u201eRide like a girl\u201c entscheiden?<\/p>\n<ol>\n<li><strong>\u00dcberragende Qualit\u00e4t<\/strong> : Dieser aus echtem Leder gefertigte Schl\u00fcsselanh\u00e4nger ist robust und stilvoll zugleich.<\/li>\n<li><strong>Einzigartiges Design<\/strong> : Die Herzform und die Botschaft \u201eRide like a girl\u201c spiegeln deine Identit\u00e4t und deine Leidenschaft f\u00fcrs Motorradfahren perfekt wider.<\/li>\n<li><strong>Praktisch und stilvoll<\/strong> : Befestigen Sie es an Ihren Schl\u00fcsseln oder Ihrer Tasche f\u00fcr einen unverwechselbaren und praktischen Look.<\/li>\n<li><strong>Nachhaltigkeit<\/strong> : Dieser Schl\u00fcsselanh\u00e4nger ist so konzipiert, dass er den Elementen und der t\u00e4glichen Abnutzung standh\u00e4lt und bleibt lange Zeit einwandfrei.<\/li>\n<\/ol>\n<p>Dieser Lederschl\u00fcsselanh\u00e4nger ist das perfekte Geschenk f\u00fcr Sie selbst oder einen anderen Fahrer. Verleihen Sie Ihren Accessoires einen Hauch von Stil und Pers\u00f6nlichkeit und zeigen Sie gleichzeitig stolz Ihre Leidenschaft f\u00fcrs Motorradfahren.<\/p>\n<p>Verpassen Sie nicht die Gelegenheit, Ihre Liebe zum Motorradfahren mit unserem \u201eRide like a girl\u201c-Schl\u00fcsselanh\u00e4nger stolz zu zeigen. Bestellen Sie jetzt und treten Sie der Community stilvoller und mutiger Fahrer bei!<\/p>\n<p>Folgen Sie uns auf Instagram! <a href=\"https:\/\/www.instagram.com\/eudoxie_motorcycle_label\/?hl=fr\" target=\"_blank\" rel=\"noopener\">@eudoxie_mototrcycle_label<\/a><\/p>\n<p><a href=\"https:\/\/eudoxie.shop\/de\/katalog\/?wmc-currency=EUR\">Siehe den Katalog.\u00a0<\/a><\/p>","protected":false},"excerpt":{"rendered":"<ul>\n<li>Eudoxie-Schl\u00fcsselring<\/li>\n<li>Fahre wie ein M\u00e4dchen<\/li>\n<li>Aus Leder<\/li>\n<li>Werde Teil der Crew!<\/li>\n<\/ul>","protected":false},"featured_media":21146,"comment_status":"open","ping_status":"closed","template":"","meta":[],"product_brand":[],"product_cat":[148,341],"product_tag":[],"class_list":{"0":"post-21144","1":"product","2":"type-product","3":"status-publish","4":"has-post-thumbnail","6":"product_cat-accessoires","7":"product_cat-porte-cles","9":"first","10":"instock","11":"taxable","12":"shipping-taxable","13":"purchasable","14":"product-type-simple"},"supplier_id":null,"supplier_sku":"","barcode":"3760315177190","atum_controlled":true,"out_stock_date":null,"out_stock_threshold":null,"inheritable":false,"inbound_stock":0,"stock_on_hold":1,"sold_today":0,"sales_last_days":0,"reserved_stock":0,"customer_returns":0,"warehouse_damage":0,"lost_in_post":0,"other_logs":0,"out_stock_days":0,"lost_sales":0,"has_location":false,"update_date":"2026-05-07T01:00:54","atum_locations":[],"atum_stock_status":"instock","restock_status":false,"low_stock_amount":"","sales_update_date":"2026-05-07T01:00:54","calc_backorders":null,"_links":{"self":[{"href":"https:\/\/eudoxie.shop\/de\/wp-json\/wp\/v2\/product\/21144","targetHints":{"allow":["GET"]}}],"collection":[{"href":"https:\/\/eudoxie.shop\/de\/wp-json\/wp\/v2\/product"}],"about":[{"href":"https:\/\/eudoxie.shop\/de\/wp-json\/wp\/v2\/types\/product"}],"replies":[{"embeddable":true,"href":"https:\/\/eudoxie.shop\/de\/wp-json\/wp\/v2\/comments?post=21144"}],"wp:featuredmedia":[{"embeddable":true,"href":"https:\/\/eudoxie.shop\/de\/wp-json\/wp\/v2\/media\/21146"}],"wp:attachment":[{"href":"https:\/\/eudoxie.shop\/de\/wp-json\/wp\/v2\/media?parent=21144"}],"wp:term":[{"taxonomy":"product_brand","embeddable":true,"href":"https:\/\/eudoxie.shop\/de\/wp-json\/wp\/v2\/product_brand?post=21144"},{"taxonomy":"product_cat","embeddable":true,"href":"https:\/\/eudoxie.shop\/de\/wp-json\/wp\/v2\/product_cat?post=21144"},{"taxonomy":"product_tag","embeddable":true,"href":"https:\/\/eudoxie.shop\/de\/wp-json\/wp\/v2\/product_tag?post=21144"}],"curies":[{"name":"wp","href":"https:\/\/api.w.org\/{rel}","templated":true}]}}