{"id":21147,"date":"2024-06-25T17:35:10","date_gmt":"2024-06-25T15:35:10","guid":{"rendered":"https:\/\/eudoxie.shop\/?post_type=product&#038;p=21147"},"modified":"2026-05-01T10:23:17","modified_gmt":"2026-05-01T08:23:17","slug":"motorradhelm-schlusselring","status":"publish","type":"product","link":"https:\/\/eudoxie.shop\/de\/produit\/porte-cle-moto-helmet\/","title":{"rendered":"Motorradhelm-Schl\u00fcsselring"},"content":{"rendered":"<h1>Motorradhelm-Schl\u00fcsselring<\/h1>\n<p>Entdecken Sie unseren Motorrad-Schl\u00fcsselanh\u00e4nger \u201eHelm\u201c aus Leder, das ultimative Rock\u2019n\u2019Roll-Accessoire f\u00fcr alle Motorradfahrerinnen! Zeigen Sie Ihren mutigen Stil und Ihre Leidenschaft f\u00fcrs Motorradfahren mit diesem Schl\u00fcsselanh\u00e4nger, der mehr als nur ein Accessoire ist: Er ist ein Statement Ihres freien und rebellischen Geistes.<\/p>\n<p>Der aus hochwertigem Leder gefertigte Schl\u00fcsselanh\u00e4nger \u201eHelmet\u201c ist so konzipiert, dass er all Ihren Abenteuern auf der Stra\u00dfe und im Alltag standh\u00e4lt. Sein einzigartiges Design, verziert mit Flammen und den Aufschriften \u201eEudoxie\u201c und \u201eWild and free\u201c, f\u00e4ngt die Essenz eines unbezwingbaren Geistes und einer wilden Seele perfekt ein. Mit seiner tadellosen Verarbeitung und den sorgf\u00e4ltigen Details verleiht es Ihren Schl\u00fcsseln, Ihrer Tasche oder sogar Ihrer Motorradausr\u00fcstung einen Hauch von Charakter.<\/p>\n<p>Warum sollten Sie sich f\u00fcr unseren Motorrad-Schl\u00fcsselanh\u00e4nger \u201eHelm\u201c entscheiden?<\/p>\n<ol>\n<li><strong>\u00dcberragende Qualit\u00e4t<\/strong> : Dieser Schl\u00fcsselanh\u00e4nger aus echtem Leder ist ebenso robust wie elegant.<\/li>\n<li><strong>Markantes Design<\/strong> : Der rockige Style mit den Flammen und den Botschaften \u201eEudoxie\u201c und \u201eWild and free\u201c verk\u00f6rpert perfekt deinen Riderspirit.<\/li>\n<li><strong>Praktisch und stilvoll<\/strong> : Befestigen Sie es an Ihren Schl\u00fcsseln oder Ihrer Tasche f\u00fcr einen unverwechselbaren und praktischen Look.<\/li>\n<li><strong>Nachhaltigkeit<\/strong> : Dieser Schl\u00fcsselanh\u00e4nger ist so konzipiert, dass er den Elementen und der t\u00e4glichen Abnutzung standh\u00e4lt und sein Aussehen im Laufe der Zeit beh\u00e4lt.<\/li>\n<\/ol>\n<p>Dieser Lederschl\u00fcsselanh\u00e4nger ist das perfekte Geschenk f\u00fcr Sie selbst oder einen anderen Fahrer. Verleihen Sie Ihren Accessoires einen Hauch von Stil und Pers\u00f6nlichkeit und zeigen Sie gleichzeitig stolz Ihre rockige und ungez\u00e4hmte Seite.<\/p>\n<p>Verpassen Sie nicht die Gelegenheit, mit unserem Schl\u00fcsselanh\u00e4nger \u201eHelm\u201c Ihre Pers\u00f6nlichkeit und Ihren Freigeist zu zeigen. Bestellen Sie jetzt und schlie\u00dfen Sie sich den Eudoxie-Fahrern an, die immer bereit sind, ihre Abenteuer in vollen Z\u00fcgen zu genie\u00dfen!<\/p>\n<p>Folgen Sie uns auf Instagram! <a href=\"https:\/\/www.instagram.com\/eudoxie_motorcycle_label\/?hl=fr\" target=\"_blank\" rel=\"noopener\">@eudoxie_mototrcycle_label<\/a><\/p>\n<p><a href=\"https:\/\/eudoxie.shop\/de\/katalog\/?wmc-currency=EUR\">Siehe den Katalog.\u00a0<\/a><\/p>","protected":false},"excerpt":{"rendered":"<ul>\n<li>Eudoxie-Schl\u00fcsselring<\/li>\n<li>Helm<\/li>\n<li>Aus Leder<\/li>\n<li>Werde Teil der Crew!<\/li>\n<\/ul>","protected":false},"featured_media":21148,"comment_status":"open","ping_status":"closed","template":"","meta":[],"product_brand":[],"product_cat":[148,341],"product_tag":[],"class_list":{"0":"post-21147","1":"product","2":"type-product","3":"status-publish","4":"has-post-thumbnail","6":"product_cat-accessoires","7":"product_cat-porte-cles","9":"first","10":"instock","11":"taxable","12":"shipping-taxable","13":"purchasable","14":"product-type-simple"},"supplier_id":null,"supplier_sku":"","barcode":"3760315177183","atum_controlled":true,"out_stock_date":null,"out_stock_threshold":null,"inheritable":false,"inbound_stock":0,"stock_on_hold":0,"sold_today":0,"sales_last_days":1,"reserved_stock":0,"customer_returns":0,"warehouse_damage":0,"lost_in_post":0,"other_logs":0,"out_stock_days":0,"lost_sales":0,"has_location":false,"update_date":"2026-05-07T01:00:56","atum_locations":[],"atum_stock_status":"instock","restock_status":false,"low_stock_amount":"","sales_update_date":"2026-05-07T01:00:56","calc_backorders":null,"_links":{"self":[{"href":"https:\/\/eudoxie.shop\/de\/wp-json\/wp\/v2\/product\/21147","targetHints":{"allow":["GET"]}}],"collection":[{"href":"https:\/\/eudoxie.shop\/de\/wp-json\/wp\/v2\/product"}],"about":[{"href":"https:\/\/eudoxie.shop\/de\/wp-json\/wp\/v2\/types\/product"}],"replies":[{"embeddable":true,"href":"https:\/\/eudoxie.shop\/de\/wp-json\/wp\/v2\/comments?post=21147"}],"wp:featuredmedia":[{"embeddable":true,"href":"https:\/\/eudoxie.shop\/de\/wp-json\/wp\/v2\/media\/21148"}],"wp:attachment":[{"href":"https:\/\/eudoxie.shop\/de\/wp-json\/wp\/v2\/media?parent=21147"}],"wp:term":[{"taxonomy":"product_brand","embeddable":true,"href":"https:\/\/eudoxie.shop\/de\/wp-json\/wp\/v2\/product_brand?post=21147"},{"taxonomy":"product_cat","embeddable":true,"href":"https:\/\/eudoxie.shop\/de\/wp-json\/wp\/v2\/product_cat?post=21147"},{"taxonomy":"product_tag","embeddable":true,"href":"https:\/\/eudoxie.shop\/de\/wp-json\/wp\/v2\/product_tag?post=21147"}],"curies":[{"name":"wp","href":"https:\/\/api.w.org\/{rel}","templated":true}]}}