{"id":22187,"date":"2024-10-30T16:50:05","date_gmt":"2024-10-30T15:50:05","guid":{"rendered":"https:\/\/eudoxie.shop\/?post_type=product&#038;p=22187"},"modified":"2025-10-15T12:02:23","modified_gmt":"2025-10-15T10:02:23","slug":"badass-pin-paket","status":"publish","type":"product","link":"https:\/\/eudoxie.shop\/de\/produit\/pack-de-pins-badass\/","title":{"rendered":"Pin-Paket \u2013 Badass"},"content":{"rendered":"<div class=\"flex-shrink-0 flex flex-col relative items-end\">\n<div class=\"pt-0\">\n<div class=\"gizmo-bot-avatar flex h-8 w-8 items-center justify-center overflow-hidden rounded-full\">\n<h1><strong>Eudoxie-Ansteckerpaket \u2013 Badass<\/strong><\/h1>\n<p>F\u00fcgen Sie eine Portion Charakter hinzu mit der Packung von <em>Eudoxie-Anstecker<\/em> <em>Knallhart<\/em>, konzipiert f\u00fcr Stra\u00dfenabenteurer. Dieses Trio aus schwarzen, wei\u00dfen und goldenen Emaille-Anstecknadeln wird in Spanien f\u00fcr Frauen hergestellt, die stolz ihre rockige und rebellische Seite zur Schau stellen. Ideal zum Anpassen von Jacken, H\u00fcten, Taschen oder Perfectos, ist dieses Paket ein Muss f\u00fcr alle Mitglieder der <em>M\u00e4dchengang Eudoxie<\/em> !<\/p>\n<h3><strong>Details zum Eudoxie-Pin-Paket \u2013 Badass<\/strong><\/h3>\n<p><strong>\ud83d\udc0d Pins #1: Schlange \u201eWild Road\u201c<\/strong><br \/>\nDiese Anstecknadel zeigt eine zusammengerollte schwarze Schlange, die eine gewundene Stra\u00dfe symbolisiert, deren Augen mit einem Kreuz markiert sind \u2013 eine Anspielung auf das Eudoxie-Logo. Ein geheimnisvolles und gewagtes Symbol f\u00fcr Reiterinnen im Herzen!<\/p>\n<p><strong>\ud83e\udd20 Pins #2: \u201eGirl Gang\u201c-Cowboyhut<\/strong><br \/>\nDieser Cowboyhut ist eine Ode an den freien Geist! Mit <em>M\u00e4dchengang<\/em> Und <em>Eudoxie<\/em> Mit den eingravierten Seiten und dem Eudoxie-Logo auf der Vorderseite ist es perfekt f\u00fcr knallharte Kerle, die vor nichts Angst haben.<\/p>\n<p><strong>\ud83c\udfcd\ufe0f Pins #3: Biker \u201eBadass Spirit\u201c<\/strong><br \/>\nDer dritte Pin zeigt eine Bikerin mit schwarzem Helm und den Aufschriften <em>Eudoxie<\/em> Und <em>Knallhart<\/em>, mit dem Eudoxie-Logo dar\u00fcber. Mit ihren im Wind wehenden Haaren ist sie das Symbol der Freiheit und des rebellischen Geistes jeder Eudoxie-Frau.<\/p>\n<p>DER <em>Eudoxie-Anstecker<\/em> des Rudels <em>Knallhart<\/em> sind aus hochwertigem Emaille gefertigt, in dunklen und eleganten Farbt\u00f6nen. Zeig deinen knallharten Stil und deine Zugeh\u00f6rigkeit zur <em>M\u00e4dchengang Eudoxie<\/em> mit diesen einzigartigen St\u00fccken, bereit, Sie \u00fcberallhin zu begleiten!<\/p>\n<\/div>\n<\/div>\n<\/div>","protected":false},"excerpt":{"rendered":"<ul>\n<li style=\"text-align: left\">3er-Pack Eudoxie-Anstecker, Spirit <strong>Knallhart<\/strong> und rocken<\/li>\n<li style=\"text-align: left\">In schwarzem, wei\u00dfem und goldenem Emaille, hergestellt in Spanien<\/li>\n<li style=\"text-align: left\">Schlange <strong>Wilde Stra\u00dfe<\/strong>, Hut <strong>M\u00e4dchengang<\/strong>, Biker <strong>Badass-Geist<\/strong><\/li>\n<li style=\"text-align: left\">Perfekt zum Anpassen von Jacken, H\u00fcten, Taschen oder Perfecto-Jacken<\/li>\n<li>Au\u00dferdem gibt es: <a href=\"https:\/\/eudoxie.shop\/de\/product-2\/west-anstecker-paket\/?wmc-currency=EUR\">Pack West<\/a><\/li>\n<\/ul>","protected":false},"featured_media":22188,"comment_status":"open","ping_status":"closed","template":"","meta":[],"product_brand":[],"product_cat":[148,435,256],"product_tag":[],"class_list":{"0":"post-22187","1":"product","2":"type-product","3":"status-publish","4":"has-post-thumbnail","6":"product_cat-accessoires","7":"product_cat-cadeau-moto-50-a-100","8":"product_cat-pins","10":"first","11":"outofstock","12":"taxable","13":"shipping-taxable","14":"purchasable","15":"product-type-simple"},"supplier_id":null,"supplier_sku":"","barcode":null,"atum_controlled":true,"out_stock_date":"2025-10-15 12:02:23","out_stock_threshold":null,"inheritable":false,"inbound_stock":0,"stock_on_hold":0,"sold_today":0,"sales_last_days":0,"reserved_stock":0,"customer_returns":0,"warehouse_damage":0,"lost_in_post":0,"other_logs":0,"out_stock_days":196,"lost_sales":0,"has_location":false,"update_date":"2026-04-30T00:55:39","atum_locations":[],"atum_stock_status":"outofstock","restock_status":false,"low_stock_amount":"","sales_update_date":"2026-04-30T00:55:39","calc_backorders":null,"_links":{"self":[{"href":"https:\/\/eudoxie.shop\/de\/wp-json\/wp\/v2\/product\/22187","targetHints":{"allow":["GET"]}}],"collection":[{"href":"https:\/\/eudoxie.shop\/de\/wp-json\/wp\/v2\/product"}],"about":[{"href":"https:\/\/eudoxie.shop\/de\/wp-json\/wp\/v2\/types\/product"}],"replies":[{"embeddable":true,"href":"https:\/\/eudoxie.shop\/de\/wp-json\/wp\/v2\/comments?post=22187"}],"wp:featuredmedia":[{"embeddable":true,"href":"https:\/\/eudoxie.shop\/de\/wp-json\/wp\/v2\/media\/22188"}],"wp:attachment":[{"href":"https:\/\/eudoxie.shop\/de\/wp-json\/wp\/v2\/media?parent=22187"}],"wp:term":[{"taxonomy":"product_brand","embeddable":true,"href":"https:\/\/eudoxie.shop\/de\/wp-json\/wp\/v2\/product_brand?post=22187"},{"taxonomy":"product_cat","embeddable":true,"href":"https:\/\/eudoxie.shop\/de\/wp-json\/wp\/v2\/product_cat?post=22187"},{"taxonomy":"product_tag","embeddable":true,"href":"https:\/\/eudoxie.shop\/de\/wp-json\/wp\/v2\/product_tag?post=22187"}],"curies":[{"name":"wp","href":"https:\/\/api.w.org\/{rel}","templated":true}]}}