{"id":24903,"date":"2025-11-10T19:39:25","date_gmt":"2025-11-10T18:39:25","guid":{"rendered":"https:\/\/eudoxie.shop\/?post_type=product&#038;p=24903"},"modified":"2026-05-04T22:41:07","modified_gmt":"2026-05-04T20:41:07","slug":"tour-de-cou-thelma-flash","status":"publish","type":"product","link":"https:\/\/eudoxie.shop\/de\/produit\/tour-de-cou-thelma-flash\/","title":{"rendered":"Tour de cou &#8211; Flash"},"content":{"rendered":"<div class=\"flex max-w-full flex-col flex-grow\">\n<div class=\"min-h-8 text-message flex w-full flex-col items-end gap-2 whitespace-normal break-words [.text-message+&amp;]:mt-5\" dir=\"auto\" data-message-author-role=\"assistant\" data-message-id=\"d2ccb606-1278-4910-9c21-b6f695cecabd\" data-message-model-slug=\"gpt-4o\">\n<div class=\"flex w-full flex-col gap-1 empty:hidden first:pt-[3px]\">\n<div class=\"markdown prose w-full break-words dark:prose-invert light\">\n<h2>\u26a1\ufe0f Tour de cou moto Flash Eudoxie : L&rsquo;\u00c9clair de Style Badass !<\/h2>\n<p>&nbsp;<\/p>\n<p>Pour ceux qui veulent affirmer un style <b>rock, audacieux et \u00e9lectrisant<\/b>, le tour de cou moto Flash by Eudoxie est l&rsquo;accessoire qu&rsquo;il vous faut. Inspir\u00e9 par la vitesse et l&rsquo;\u00e9nergie du mouvement, ce tour de cou noir et blanc arbore un motif <b>damier classique rehauss\u00e9 d&rsquo;\u00e9clairs<\/b> fulgurants, incarnant parfaitement l&rsquo;esprit badass et sans compromis d&rsquo;Eudoxie.<\/p>\n<p>Con\u00e7u en <b>Lycra respirant de haute qualit\u00e9<\/b>, le tour de cou Flash est votre alli\u00e9 id\u00e9al sur la route, en montagne, ou pour toute aventure ext\u00e9rieure. Il vous apporte une <b>protection efficace contre le froid<\/b> tout en assurant un <b>confort optimal<\/b> gr\u00e2ce \u00e0 sa mati\u00e8re l\u00e9g\u00e8re et extensible.<\/p>\n<p>Le motif noir et blanc \u00e0 damier avec les \u00e9clairs est une d\u00e9claration de style. C&rsquo;est l&rsquo;\u00e9quilibre parfait entre l&rsquo;<b>esth\u00e9tique r\u00e9tro-racing<\/b> et une <b>touche d&rsquo;\u00e9nergie moderne<\/b>. Ce tour de cou n&rsquo;est pas seulement fonctionnel, il est une extension de votre personnalit\u00e9, ajoutant une <b>note de caract\u00e8re<\/b> incontestable \u00e0 votre \u00e9quipement. Id\u00e9al pour les motardes et motards qui vivent leur passion \u00e0 100 \u00e0 l&rsquo;heure !<\/p>\n<p>&nbsp;<\/p>\n<h3>\ud83c\udfc1 Pourquoi le Tour de cou moto Flash Eudoxie va vous \u00e9lectriser ?<\/h3>\n<p>&nbsp;<\/p>\n<ul>\n<li><b>Style \u00c9clair\u00e9<\/b> : Design noir et blanc \u00e0 damier et \u00e9clairs pour un look <b>badass et rock&rsquo;n&rsquo;roll<\/b> qui ne passe pas inaper\u00e7u.<\/li>\n<li><b>Confort Haute Performance<\/b> : Fabriqu\u00e9 en <b>Lycra respirant<\/b>, il assure chaleur et protection du froid sans aucune g\u00eane.<\/li>\n<li><b>Polyvalence Maximale<\/b> : Parfait pour la moto, les sports d&rsquo;hiver, le VTT, ou toute activit\u00e9 ext\u00e9rieure n\u00e9cessitant un bon isolant.<\/li>\n<li><b>Marque Eudoxie<\/b> : L&rsquo;assurance d&rsquo;un design original et d&rsquo;une qualit\u00e9 pens\u00e9e pour les aventuriers.<\/li>\n<\/ul>\n<p>Avec le tour de cou moto Flash, foncez vers l&rsquo;aventure sans jamais sacrifier votre style ni votre confort. Pour toute question, notre service client est l\u00e0 pour vous : lady@eudoxie.fr.<\/p>\n<hr \/>\n\t<div id=\"accordion-1989373380\" class=\"accordion-item\">\n\t\t<a id=\"accordion-1989373380-label\" class=\"accordion-title plain\" href=\"#accordion-item-guide-des-tailles\" aria-expanded=\"false\" aria-controls=\"accordion-1989373380-content\">\n\t\t\t<button class=\"toggle\" aria-label=\"Umschalten\"><i class=\"icon-angle-down\" aria-hidden=\"true\"><\/i><\/button>\n\t\t\t<span>GUIDE DES TAILLES<\/span>\n\t\t<\/a>\n\t\t<div id=\"accordion-1989373380-content\" class=\"accordion-inner\" aria-labelledby=\"accordion-1989373380-label\">\n\t\t\t Taille unique qui s&rsquo;adapte \u00e0 tous \ud83d\ude09 \t\t<\/div>\n\t<\/div>\n\t \t<div id=\"text-2340239898\" class=\"text\">\n\t\t\t\t\n<style>\n#text-2340239898 {\n  color: rgb(255,255,255);\n}\n#text-2340239898 > * {\n  color: rgb(255,255,255);\n}\n<\/style>\n\t<\/div>\n\t \t<div id=\"accordion-1527733923\" class=\"accordion-item\">\n\t\t<a id=\"accordion-1527733923-label\" class=\"accordion-title plain\" href=\"#accordion-item-details-du-produit\" aria-expanded=\"false\" aria-controls=\"accordion-1527733923-content\">\n\t\t\t<button class=\"toggle\" aria-label=\"Umschalten\"><i class=\"icon-angle-down\" aria-hidden=\"true\"><\/i><\/button>\n\t\t\t<span>DETAILS DU PRODUIT<\/span>\n\t\t<\/a>\n\t\t<div id=\"accordion-1527733923-content\" class=\"accordion-inner\" aria-labelledby=\"accordion-1527733923-label\">\n\t\t\t\n<p>Taille unique Mati\u00e8re : Lycra respirant Couleur : Noir et Blanc (Motif damier et \u00e9clairs) Design badass Eudoxie Prot\u00e8ge du froid \t\t<\/div>\n\t<\/div>\n\t \t<div id=\"accordion-356226322\" class=\"accordion-item\">\n\t\t<a id=\"accordion-356226322-label\" class=\"accordion-title plain\" href=\"#accordion-item-livraison-et-retours\" aria-expanded=\"false\" aria-controls=\"accordion-356226322-content\">\n\t\t\t<button class=\"toggle\" aria-label=\"Umschalten\"><i class=\"icon-angle-down\" aria-hidden=\"true\"><\/i><\/button>\n\t\t\t<span>LIVRAISON ET RETOURS<\/span>\n\t\t<\/a>\n\t\t<div id=\"accordion-356226322-content\" class=\"accordion-inner\" aria-labelledby=\"accordion-356226322-label\">\n\t\t\t\n<p>Possibilit\u00e9 de remboursement ou \u00e9change sous 14 jours apr\u00e8s r\u00e9ception \t\t<\/div>\n\t<\/div>\n\t\n<hr \/>\n<div class=\"container section-title-container\" style=\"margin-bottom:-20px;\"><h1 class=\"section-title section-title-center\"><b aria-hidden=\"true\"><\/b><span class=\"section-title-main\" >SP\u00c9CIFICIT\u00c9S<\/span><b aria-hidden=\"true\"><\/b><\/h1><\/div>\n<p>Suivez la Team Eudoxie Vous cherchez l&rsquo;inspiration pour compl\u00e9ter ce look \u00e9lectrisant ? Retrouvez-nous sur Pinterest ou Instagram : <b>@eudoxie_motorcycle_label<\/b> ! Des id\u00e9es inspirantes vous attendent pour affirmer votre style unique.<\/p>\n<\/div>\n<\/div>\n<\/div>\n<\/div>\n","protected":false},"excerpt":{"rendered":"<p>&nbsp;<\/p>\n<ul style=\"text-align: left\">\n<li>100% Lycra<\/li>\n<li>Tour de cou Flash<\/li>\n<li>Leicht und komfortabel<\/li>\n<li>Einheitsgr\u00f6\u00dfe<\/li>\n<\/ul>","protected":false},"featured_media":24908,"comment_status":"closed","ping_status":"closed","template":"","meta":[],"product_brand":[],"product_cat":[434,416,433,226],"product_tag":[],"class_list":{"0":"post-24903","1":"product","2":"type-product","3":"status-publish","4":"has-post-thumbnail","6":"product_cat-cadeau-moto-0-a-50","7":"product_cat-cagoules-de-moto","8":"product_cat-idees-cadeau-moto","9":"product_cat-mode-lifestyle","11":"first","12":"instock","13":"taxable","14":"shipping-taxable","15":"purchasable","16":"product-type-simple"},"supplier_id":null,"supplier_sku":"","barcode":"3701713702010","atum_controlled":true,"out_stock_date":null,"out_stock_threshold":null,"inheritable":false,"inbound_stock":0,"stock_on_hold":5,"sold_today":0,"sales_last_days":5,"reserved_stock":0,"customer_returns":0,"warehouse_damage":0,"lost_in_post":0,"other_logs":0,"out_stock_days":0,"lost_sales":0,"has_location":false,"update_date":"2026-05-07T01:00:06","atum_locations":[],"atum_stock_status":"instock","restock_status":false,"low_stock_amount":"","sales_update_date":"2026-05-07T01:00:06","calc_backorders":null,"_links":{"self":[{"href":"https:\/\/eudoxie.shop\/de\/wp-json\/wp\/v2\/product\/24903","targetHints":{"allow":["GET"]}}],"collection":[{"href":"https:\/\/eudoxie.shop\/de\/wp-json\/wp\/v2\/product"}],"about":[{"href":"https:\/\/eudoxie.shop\/de\/wp-json\/wp\/v2\/types\/product"}],"replies":[{"embeddable":true,"href":"https:\/\/eudoxie.shop\/de\/wp-json\/wp\/v2\/comments?post=24903"}],"wp:featuredmedia":[{"embeddable":true,"href":"https:\/\/eudoxie.shop\/de\/wp-json\/wp\/v2\/media\/24908"}],"wp:attachment":[{"href":"https:\/\/eudoxie.shop\/de\/wp-json\/wp\/v2\/media?parent=24903"}],"wp:term":[{"taxonomy":"product_brand","embeddable":true,"href":"https:\/\/eudoxie.shop\/de\/wp-json\/wp\/v2\/product_brand?post=24903"},{"taxonomy":"product_cat","embeddable":true,"href":"https:\/\/eudoxie.shop\/de\/wp-json\/wp\/v2\/product_cat?post=24903"},{"taxonomy":"product_tag","embeddable":true,"href":"https:\/\/eudoxie.shop\/de\/wp-json\/wp\/v2\/product_tag?post=24903"}],"curies":[{"name":"wp","href":"https:\/\/api.w.org\/{rel}","templated":true}]}}