{"id":25452,"date":"2026-02-03T09:43:31","date_gmt":"2026-02-03T08:43:31","guid":{"rendered":"https:\/\/eudoxie.shop\/?post_type=product&#038;p=25452"},"modified":"2026-04-13T17:19:21","modified_gmt":"2026-04-13T15:19:21","slug":"veste-en-cordura-moly","status":"publish","type":"product","link":"https:\/\/eudoxie.shop\/de\/produit\/veste-en-cordura-moly\/","title":{"rendered":"Veste en Cordura Moly"},"content":{"rendered":"<h1 data-path-to-node=\"2\">Veste Moly en Cordura &#8211; Moly en cours d&rsquo;homologation<\/h1>\n<p data-path-to-node=\"3\">Ok, on l\u2019a fait. <strong>La veste toutes saison Eudoxie.<\/strong> Cette veste est imperm\u00e9able doubl\u00e9 en polaire pour l&rsquo;hiver et a\u00e9r\u00e9e pour l&rsquo;\u00e9t\u00e9. La <b data-path-to-node=\"3\" data-index-in-node=\"138\">Moly<\/b>, c\u2019est l\u2019alliance parfaite entre une allure rock, un confort thermique pens\u00e9 pour le ride et une modularit\u00e9 totale. Son tissu <b data-path-to-node=\"3\" data-index-in-node=\"269\">Cordura <\/b>ultra-r\u00e9sistant assure une tenue impeccable face \u00e0 la route, tandis que ses d\u00e9tails techniques en font ton alli\u00e9e de tous les jours. Bref, elle a tout bon.<\/p>\n<h3 data-path-to-node=\"6\">\ud83d\udee1 Mati\u00e8res Robustes &amp; Imperm\u00e9abilit\u00e9<\/h3>\n<ul>\n<li><strong>Imperm\u00e9able: <\/strong>Tu es prot\u00e9g\u00e9e contre la pluie et les intemp\u00e9ries<\/li>\n<li>\n<p data-path-to-node=\"7,0,0\"><b data-path-to-node=\"7,0,0\" data-index-in-node=\"0\">Cordura :<\/b> Un tissu technique r\u00e9put\u00e9 pour sa grande r\u00e9sistance, offrant une barri\u00e8re solide tout en restant souple.<\/p>\n<\/li>\n<li>\n<p data-path-to-node=\"7,1,0\"><b data-path-to-node=\"7,1,0\" data-index-in-node=\"0\">Doublure Mesh ultra-l\u00e9g\u00e8re :<\/b> \u00c0 l\u2019int\u00e9rieur, un filet respirant pour un maximum de l\u00e9g\u00e8ret\u00e9 et une circulation d&rsquo;air optimale.<\/p>\n<\/li>\n<li>\n<p data-path-to-node=\"7,2,0\"><b data-path-to-node=\"7,2,0\" data-index-in-node=\"0\">Poches pour protections :<\/b> La veste est \u00e9quip\u00e9e de compartiments int\u00e9rieurs pour dorsale, coudes et \u00e9paules. \u00c0 toi de choisir et d&rsquo;y glisser les protections qui te conviennent pour personnaliser ton niveau de s\u00e9curit\u00e9 (protections non incluses).<\/p>\n<\/li>\n<li>\n<p data-path-to-node=\"7,3,0\"><b data-path-to-node=\"7,3,0\" data-index-in-node=\"0\">Coutures renforc\u00e9es :<\/b> Parce que chez nous, la solidit\u00e9 est un standard, pas une option.<\/p>\n<\/li>\n<\/ul>\n<h3 data-path-to-node=\"4\">\ud83d\udca5 Un look \u00ab\u00a0Badass\u00a0\u00bb propre \u00e0 Eudoxie,<\/h3>\n<ul data-path-to-node=\"5\">\n<li>\n<p data-path-to-node=\"5,0,0\"><b data-path-to-node=\"5,0,0\" data-index-in-node=\"0\">Design Eudoxie Signature :<\/b> Un marquage audacieux sur le c\u0153ur et notre embl\u00e9matique visuel dans le dos pour affirmer ton style.<\/p>\n<\/li>\n<li>\n<p data-path-to-node=\"5,1,0\"><b data-path-to-node=\"5,1,0\" data-index-in-node=\"0\">D\u00e9tails dor\u00e9s iconiques :<\/b> Zips et boutons pressions grav\u00e9s avec une finition Gold, la touche chic qui signe ton appartenance au gang.<\/p>\n<\/li>\n<li>\n<p data-path-to-node=\"5,2,0\"><b data-path-to-node=\"5,2,0\" data-index-in-node=\"0\">Coupe ajust\u00e9e &amp; ergonomique :<\/b> Une silhouette f\u00e9minine qui ne sacrifie rien \u00e0 la libert\u00e9 de mouvement.<\/p>\n<\/li>\n<li>\n<p data-path-to-node=\"5,3,0\"><b data-path-to-node=\"5,3,0\" data-index-in-node=\"0\">Finitions Premium :<\/b> Un col motard protecteur et des mat\u00e9riaux nobles pour affronter le bitume avec classe.<\/p>\n<\/li>\n<\/ul>\n<h3 data-path-to-node=\"8\">\ud83c\udfaf Ajustement Sur-Mesure &amp; Confort Thermique<\/h3>\n<ul data-path-to-node=\"9\">\n<li>\n<p data-path-to-node=\"9,0,0\"><b data-path-to-node=\"9,0,0\" data-index-in-node=\"0\">Syst\u00e8me de serrage complet :<\/b> Ajuste la taille et les manches selon ta morphologie ou l&rsquo;\u00e9paisseur de tes v\u00eatements pour un fit parfait.<\/p>\n<\/li>\n<li>\n<p data-path-to-node=\"9,1,0\"><b data-path-to-node=\"9,1,0\" data-index-in-node=\"0\">A\u00e9rations sous les bras :<\/b> Des ouvertures strat\u00e9giques pour rester au frais quand le rythme s&rsquo;acc\u00e9l\u00e8re ou que le soleil tape.<\/p>\n<\/li>\n<li>\n<p data-path-to-node=\"9,2,0\"><b data-path-to-node=\"9,2,0\" data-index-in-node=\"0\">Doublure polaire :<\/b> Un <b data-path-to-node=\"9,2,0\" data-index-in-node=\"85\">polaire orange fluo \u00e0 l&rsquo;int\u00e9rieur et d\u00e9tachable pour l&rsquo;\u00e9t\u00e9.<\/b><\/p>\n<\/li>\n<\/ul>\n<h3 data-path-to-node=\"10\">\ud83c\udf92 Rangements Intelligents \u2013 Tes essentiels \u00e0 port\u00e9e de main<\/h3>\n<ul data-path-to-node=\"11\">\n<li>\n<p data-path-to-node=\"11,0,0\"><b data-path-to-node=\"11,0,0\" data-index-in-node=\"0\">Poche secr\u00e8te sur l&rsquo;avant bras gauche:<\/b> Un rangement discret et ultra pratique pour ton pass autoroute, ta carte bancaire, accessible en un geste.<\/p>\n<\/li>\n<li>\n<p data-path-to-node=\"11,1,0\"><b data-path-to-node=\"11,1,0\" data-index-in-node=\"0\">Multiples poches ext\u00e9rieures :<\/b> Des rangements s\u00e9curis\u00e9s par des zips Gold pour ne rien perdre en chemin.<\/p>\n<\/li>\n<li>\n<p data-path-to-node=\"11,2,0\"><b data-path-to-node=\"11,2,0\" data-index-in-node=\"0\">Poches int\u00e9rieures :<\/b> Garde tes objets de valeur bien \u00e0 l&rsquo;abri, au plus pr\u00e8s de toi.<\/p>\n<\/li>\n<\/ul>\n<p data-path-to-node=\"12\"><i data-path-to-node=\"12\" data-index-in-node=\"0\">Tu ne trouves pas ta taille ou un produit n&rsquo;est plus disponible ? \u00c9cris-nous \u00e0 lady@eudoxie.fr, nous trouverons la solution ! Nos photos lifestyle sont des cr\u00e9ations num\u00e9riques (IA). Une l\u00e9g\u00e8re diff\u00e9rence d&rsquo;interpr\u00e9tation sur certains d\u00e9tails de la veste est possible.<\/i><\/p>\n<div class=\"accordion\">\n\t<div id=\"accordion-3963149434\" class=\"accordion-item\">\n\t\t<a id=\"accordion-3963149434-label\" class=\"accordion-title plain\" href=\"#accordion-item-fonctionnalit\u00c9s\" aria-expanded=\"false\" aria-controls=\"accordion-3963149434-content\">\n\t\t\t<button class=\"toggle\" aria-label=\"Umschalten\"><i class=\"icon-angle-down\" aria-hidden=\"true\"><\/i><\/button>\n\t\t\t<span>MERKMALE<\/span>\n\t\t<\/a>\n\t\t<div id=\"accordion-3963149434-content\" class=\"accordion-inner\" aria-labelledby=\"accordion-3963149434-label\">\n\t\t\t\n<p><b data-path-to-node=\"13\" data-index-in-node=\"53\">Style &amp; Confort<\/b><\/p>\n<ul data-path-to-node=\"14\">\n<li>\n<p data-path-to-node=\"14,0,0\">Tissu Cordura ultra-r\u00e9sistant.<\/p>\n<\/li>\n<li>\n<p data-path-to-node=\"14,1,0\">Design Eudoxie poitrine et dos.<\/p>\n<\/li>\n<li>\n<p data-path-to-node=\"14,2,0\">Doublure int\u00e9rieure en mesh ultra-l\u00e9g\u00e8re.<\/p>\n<\/li>\n<li>\n<p data-path-to-node=\"14,3,0\">D\u00e9tails et finitions Gold (zips et pressions).<\/p>\n<\/li>\n<\/ul>\n<p data-path-to-node=\"15\"><b data-path-to-node=\"15\" data-index-in-node=\"0\">Ready to Protect<\/b><\/p>\n<ul data-path-to-node=\"16\">\n<li>\n<p data-path-to-node=\"16,0,0\">Poches int\u00e9rieures pour protections dos, coudes et \u00e9paules.<\/p>\n<\/li>\n<li>\n<p data-path-to-node=\"16,1,0\">Protections non incluses (syst\u00e8me modulable selon tes besoins).<\/p>\n<\/li>\n<li>\n<p data-path-to-node=\"16,2,0\">Coutures robustes double piquage.<\/p>\n<\/li>\n<\/ul>\n<p data-path-to-node=\"17\"><b data-path-to-node=\"17\" data-index-in-node=\"0\">Ajustement &amp; Ergonomie<\/b><\/p>\n<ul data-path-to-node=\"18\">\n<li>\n<p data-path-to-node=\"18,0,0\">Syst\u00e8me de serrage \u00e0 la taille et aux manches.<\/p>\n<\/li>\n<li>\n<p data-path-to-node=\"18,1,0\">A\u00e9rations zipp\u00e9es sous les bras.<\/p>\n<\/li>\n<li>\n<p data-path-to-node=\"18,2,0\">Col motard avec fermeture s\u00e9curis\u00e9e.<\/p>\n<\/li>\n<\/ul>\n<p data-path-to-node=\"19\"><b data-path-to-node=\"19\" data-index-in-node=\"0\">Rangements &amp; Praticit\u00e9<\/b><\/p>\n<ul data-path-to-node=\"20\">\n<li>\n<p data-path-to-node=\"20,0,0\">Poche cach\u00e9e sur le bras (id\u00e9al t\u00e9l\u00e9p\u00e9age\/CB).<\/p>\n<\/li>\n<li>\n<p data-path-to-node=\"20,1,0\">Doublure polaire orange fluo contre le froid<\/p>\n<\/li>\n<li>\n<p data-path-to-node=\"20,2,0\">Zips ext\u00e9rieurs haute qualit\u00e9.<\/p>\n\t\t<\/div>\n\t<\/div>\n\t<\/li>\n<\/ul>\n<p data-path-to-node=\"21\">\t<div id=\"accordion-3229972050\" class=\"accordion-item\">\n\t\t<a id=\"accordion-3229972050-label\" class=\"accordion-title plain\" href=\"#accordion-item-guide-des-tailles\" aria-expanded=\"false\" aria-controls=\"accordion-3229972050-content\">\n\t\t\t<button class=\"toggle\" aria-label=\"Umschalten\"><i class=\"icon-angle-down\" aria-hidden=\"true\"><\/i><\/button>\n\t\t\t<span>GR\u00d6SSENTABELLE<\/span>\n\t\t<\/a>\n\t\t<div id=\"accordion-3229972050-content\" class=\"accordion-inner\" aria-labelledby=\"accordion-3229972050-label\">\n\t\t\t\n\n\t\t<div class=\"tabbed-content\">\n\t\t\t<h4 class=\"uppercase text-left\">Guide des tailles des vestes Eudoxie<\/h4>\n\t\t\t<ul class=\"nav nav-line nav-uppercase nav-size-normal nav-left\" role=\"tablist\"><li id=\"tab-mensurations-(cm-&amp;-inch)\" class=\"tab active has-icon\" role=\"presentation\"><a href=\"#tab_mensurations-(cm-&amp;-inch)\" role=\"tab\" aria-selected=\"true\" aria-controls=\"tab_mensurations-(cm-&amp;-inch)\"><span>MENSURATIONS (CM &amp; INCH)<\/span><\/a><\/li>\n<li id=\"tab-equivalences\" class=\"tab has-icon\" role=\"presentation\"><a href=\"#tab_equivalences\" tabindex=\"-1\" role=\"tab\" aria-selected=\"false\" aria-controls=\"tab_equivalences\"><span>EQUIVALENCES<\/span><\/a><\/li>\n<li id=\"tab-comment-prendre-ses-mesures\" class=\"tab has-icon\" role=\"presentation\"><a href=\"#tab_comment-prendre-ses-mesures\" tabindex=\"-1\" role=\"tab\" aria-selected=\"false\" aria-controls=\"tab_comment-prendre-ses-mesures\"><span>COMMENT PRENDRE SES MESURES<\/span><\/a><\/li><\/ul><div class=\"tab-panels\"><div id=\"tab_mensurations-(cm-&amp;-inch)\" class=\"panel active entry-content\" role=\"tabpanel\" aria-labelledby=\"tab-mensurations-(cm-&amp;-inch)\">\n<div class=\"guide-container\">\n<p><strong><em>Voici les mensurations auxquelles correspondent les vestes.<\/em><\/strong><\/p>\n<div class=\"table-wrapper\" style=\"overflow-x: auto; -webkit-overflow-scrolling: touch; width: 100%;\">\n<table style=\"min-width: 600px; width: 100%; border-collapse: collapse; text-align: left;\">\n<thead>\n<tr style=\"border-bottom: 2px solid #000;\">\n<th style=\"position: sticky; left: 0; z-index: 2; background: #fff; padding: 10px;\">Taille<\/th>\n<th style=\"padding: 10px;\">FR<\/th>\n<th style=\"padding: 10px;\">Tour de poitrine<\/th>\n<th style=\"padding: 10px;\">Tour de taille<\/th>\n<th style=\"padding: 10px;\">Tour de bassin<\/th>\n<\/tr>\n<\/thead>\n<tbody>\n<tr style=\"border-bottom: 1px solid #eee;\">\n<td style=\"position: sticky; left: 0; z-index: 1; background: #fff; padding: 10px;\">Gr\u00f6\u00dfe<\/td>\n<td>34<\/td>\n<td>87-91 cm | 34.5-36&Prime;<\/td>\n<td>71-75 cm | 28-29.5&Prime;<\/td>\n<td>87-91 cm | 34.5-36&Prime;<\/td>\n<\/tr>\n<tr style=\"border-bottom: 1px solid #eee;\">\n<td style=\"position: sticky; left: 0; z-index: 1; background: #fff; padding: 10px;\">S<\/td>\n<td>36<\/td>\n<td>92-96 cm | 36.5-38&Prime;<\/td>\n<td>76-80 cm | 30-31.5&Prime;<\/td>\n<td>92-96 cm | 36.5-38&Prime;<\/td>\n<\/tr>\n<tr style=\"border-bottom: 1px solid #eee;\">\n<td style=\"position: sticky; left: 0; z-index: 1; background: #fff; padding: 10px;\">M<\/td>\n<td>38<\/td>\n<td>97-101 cm | 38.5-40&Prime;<\/td>\n<td>81-85 cm | 32-33.5&Prime;<\/td>\n<td>97-101 cm | 38.5-40&Prime;<\/td>\n<\/tr>\n<tr style=\"border-bottom: 1px solid #eee;\">\n<td style=\"position: sticky; left: 0; z-index: 1; background: #fff; padding: 10px;\">L<\/td>\n<td>40<\/td>\n<td>102-106 cm | 40.5-42&Prime;<\/td>\n<td>86-90 cm | 34-35.5&Prime;<\/td>\n<td>102-106 cm | 40.5-42&Prime;<\/td>\n<\/tr>\n<tr style=\"border-bottom: 1px solid #eee;\">\n<td style=\"position: sticky; left: 0; z-index: 1; background: #fff; padding: 10px;\">XL<\/td>\n<td>42<\/td>\n<td>107-111 cm | 42.5-44&Prime;<\/td>\n<td>91-95 cm | 36-37.5&Prime;<\/td>\n<td>107-111 cm | 42.5-44&Prime;<\/td>\n<\/tr>\n<tr style=\"border-bottom: 1px solid #eee;\">\n<td style=\"position: sticky; left: 0; z-index: 1; background: #fff; padding: 10px;\">XXL<\/td>\n<td>44<\/td>\n<td>112-116 cm | 44.5-46&Prime;<\/td>\n<td>96-100 cm | 38-39.5&Prime;<\/td>\n<td>112-116 cm | 44.5-46&Prime;<\/td>\n<\/tr>\n<tr style=\"border-bottom: 1px solid #eee;\">\n<td style=\"position: sticky; left: 0; z-index: 1; background: #fff; padding: 10px;\">XXXL<\/td>\n<td>46<\/td>\n<td>117-121 cm | 46.5-48&Prime;<\/td>\n<td>101-105 cm | 40-41.5&Prime;<\/td>\n<td>117-121 cm | 46.5-48&Prime;<\/td>\n<\/tr>\n<\/tbody>\n<\/table>\n<\/div>\n<\/div>\n<\/div>\n<div id=\"tab_equivalences\" class=\"panel entry-content\" role=\"tabpanel\" aria-labelledby=\"tab-equivalences\">\n<div class=\"table-wrapper\" style=\"overflow-x: auto; -webkit-overflow-scrolling: touch; width: 100%;\">\n<table style=\"min-width: 600px; width: 100%; border-collapse: collapse; text-align: center;\">\n<thead>\n<tr style=\"border-bottom: 2px solid #000;\">\n<th style=\"position: sticky; left: 0; z-index: 2; background: #fff; padding: 10px; text-align: left;\">Taille<\/th>\n<th>FR \/ ES \/ PT<\/th>\n<th>US<\/th>\n<th>UK \/ AU<\/th>\n<th>DE \/ CH \/ DK<\/th>\n<th>IT<\/th>\n<th>JP<\/th>\n<th>BR<\/th>\n<th>RU<\/th>\n<\/tr>\n<\/thead>\n<tbody>\n<tr style=\"border-bottom: 1px solid #eee;\">\n<td style=\"position: sticky; left: 0; z-index: 1; background: #fff; padding: 10px; text-align: left;\">Gr\u00f6\u00dfe<\/td>\n<td>34<\/td>\n<td>2<\/td>\n<td>6<\/td>\n<td>32<\/td>\n<td>38<\/td>\n<td>5<\/td>\n<td>36<\/td>\n<td>40<\/td>\n<\/tr>\n<tr style=\"border-bottom: 1px solid #eee;\">\n<td style=\"position: sticky; left: 0; z-index: 1; background: #fff; padding: 10px; text-align: left;\">S<\/td>\n<td>36<\/td>\n<td>4<\/td>\n<td>8<\/td>\n<td>34<\/td>\n<td>40<\/td>\n<td>7<\/td>\n<td>38<\/td>\n<td>42<\/td>\n<\/tr>\n<tr style=\"border-bottom: 1px solid #eee;\">\n<td style=\"position: sticky; left: 0; z-index: 1; background: #fff; padding: 10px; text-align: left;\">M<\/td>\n<td>38<\/td>\n<td>6<\/td>\n<td>10<\/td>\n<td>36<\/td>\n<td>42<\/td>\n<td>9<\/td>\n<td>40<\/td>\n<td>44<\/td>\n<\/tr>\n<tr style=\"border-bottom: 1px solid #eee;\">\n<td style=\"position: sticky; left: 0; z-index: 1; background: #fff; padding: 10px; text-align: left;\">L<\/td>\n<td>40<\/td>\n<td>8<\/td>\n<td>12<\/td>\n<td>38<\/td>\n<td>44<\/td>\n<td>11<\/td>\n<td>42<\/td>\n<td>46<\/td>\n<\/tr>\n<tr style=\"border-bottom: 1px solid #eee;\">\n<td style=\"position: sticky; left: 0; z-index: 1; background: #fff; padding: 10px; text-align: left;\">XL<\/td>\n<td>42<\/td>\n<td>10<\/td>\n<td>14<\/td>\n<td>40<\/td>\n<td>46<\/td>\n<td>13<\/td>\n<td>44<\/td>\n<td>48<\/td>\n<\/tr>\n<tr style=\"border-bottom: 1px solid #eee;\">\n<td style=\"position: sticky; left: 0; z-index: 1; background: #fff; padding: 10px; text-align: left;\">XXL<\/td>\n<td>44<\/td>\n<td>12<\/td>\n<td>16<\/td>\n<td>42<\/td>\n<td>48<\/td>\n<td>15<\/td>\n<td>46<\/td>\n<td>50<\/td>\n<\/tr>\n<tr style=\"border-bottom: 1px solid #eee;\">\n<td style=\"position: sticky; left: 0; z-index: 1; background: #fff; padding: 10px; text-align: left;\">XXXL<\/td>\n<td>46<\/td>\n<td>14<\/td>\n<td>18<\/td>\n<td>44<\/td>\n<td>50<\/td>\n<td>17<\/td>\n<td>48<\/td>\n<td>52<\/td>\n<\/tr>\n<\/tbody>\n<\/table>\n<\/div>\n<\/div>\n<div id=\"tab_comment-prendre-ses-mesures\" class=\"panel entry-content\" role=\"tabpanel\" aria-labelledby=\"tab-comment-prendre-ses-mesures\">\n<div class=\"guide-container\" style=\"display: flex; gap: 30px; flex-wrap: wrap; align-items: center; padding: 20px 0;\">\n<div class=\"image-guide\"><img decoding=\"async\" style=\"max-width: 100%; height: auto; width: 350px;\" src=\"https:\/\/eudoxie.shop\/wp-content\/uploads\/2026\/04\/Guides-des-tailles-vestes.jpeg\" alt=\"Gr\u00f6\u00dfen\u00fcbersicht\" \/><\/div>\n<div class=\"instructions\">\n<h4 style=\"margin-bottom: 5px;\">Tour de poitrine<\/h4>\n<p>\u00c0 mesurer \u00e0 l\u2019endroit le plus fort.<\/p>\n<h4 style=\"margin-top: 20px; margin-bottom: 5px;\">Tour de taille<\/h4>\n<p>\u00c0 mesurer \u00e0 l\u2019endroit le plus fin.<\/p>\n<h4 style=\"margin-top: 20px; margin-bottom: 5px;\">Tour de bassin<\/h4>\n<p>\u00c0 mesurer \u00e0 l\u2019endroit le plus large.<\/p>\n<\/div>\n<\/div>\n<\/div><\/div><\/div>\n<p>&nbsp;<\/p>\n<p>Prendre sa taille habituelle (entre 2 tailles, privil\u00e9giez la plus grande pour pouvoir glisser un pull dessous). Sur les photos, la mannequin porte du S.<\/p>\n\t\t<\/div>\n\t<\/div>\n\t\n<p data-path-to-node=\"22\">\t<div id=\"accordion-2405408680\" class=\"accordion-item\">\n\t\t<a id=\"accordion-2405408680-label\" class=\"accordion-title plain\" href=\"#accordion-item-livraison-et-retours\" aria-expanded=\"false\" aria-controls=\"accordion-2405408680-content\">\n\t\t\t<button class=\"toggle\" aria-label=\"Umschalten\"><i class=\"icon-angle-down\" aria-hidden=\"true\"><\/i><\/button>\n\t\t\t<span>LIEFERUNG UND R\u00dcCKGABE<\/span>\n\t\t<\/a>\n\t\t<div id=\"accordion-2405408680-content\" class=\"accordion-inner\" aria-labelledby=\"accordion-2405408680-label\">\n\t\t\t\n<p><b data-path-to-node=\"22\" data-index-in-node=\"46\">Offre Fast Bird :<\/b> -15% inclus sur le tarif final. <b data-path-to-node=\"22\" data-index-in-node=\"96\">Livraison pr\u00e9vue :<\/b> Avril (dans 2 mois). Possibilit\u00e9 de remboursement sous 14 jours apr\u00e8s r\u00e9ception. Garantie 1 an.<\/p>\n\t\t<\/div>\n\t<\/div>\n\t\n<\/div>\n<p data-path-to-node=\"23\">\t<div class=\"box has-hover   has-hover box-text-bottom\" >\n\n\t\t<div class=\"box-image\" >\n\t\t\t\t\t\t<div class=\"\" >\n\t\t\t\t<img loading=\"lazy\" decoding=\"async\" width=\"350\" height=\"373\" src=\"https:\/\/eudoxie.shop\/wp-content\/uploads\/2026\/02\/EUDOXIE-JT-MOLY-BLACK-1-1-350x373.jpeg\" class=\"attachment-thumbnail size-thumbnail\" alt=\"Eudoxie Jt Moly Black (1) (1)\" srcset=\"https:\/\/eudoxie.shop\/wp-content\/uploads\/2026\/02\/EUDOXIE-JT-MOLY-BLACK-1-1-350x373.jpeg 350w, https:\/\/eudoxie.shop\/wp-content\/uploads\/2026\/02\/EUDOXIE-JT-MOLY-BLACK-1-1-600x640.jpeg 600w, https:\/\/eudoxie.shop\/wp-content\/uploads\/2026\/02\/EUDOXIE-JT-MOLY-BLACK-1-1-768x819.jpeg 768w, https:\/\/eudoxie.shop\/wp-content\/uploads\/2026\/02\/EUDOXIE-JT-MOLY-BLACK-1-1-11x12.jpeg 11w, https:\/\/eudoxie.shop\/wp-content\/uploads\/2026\/02\/EUDOXIE-JT-MOLY-BLACK-1-1-800x853.jpeg 800w, https:\/\/eudoxie.shop\/wp-content\/uploads\/2026\/02\/EUDOXIE-JT-MOLY-BLACK-1-1.jpeg 827w\" sizes=\"auto, (max-width: 350px) 100vw, 350px\" \/>\t\t\t\t\t\t\t\t\t\t\t<\/div>\n\t\t\t\t\t<\/div>\n\n\t\t<div class=\"box-text text-center\" style=\"background-color:rgb(33, 33, 33);\">\n\t\t\t<div class=\"box-text-inner\">\n\t\t\t\t\n\t<div id=\"text-3203163874\" class=\"text\">\n\t\t\n<p><b data-path-to-node=\"23\" data-index-in-node=\"105\">READY TO PROTECT !<\/b> La Moly est con\u00e7ue pour accueillir tes propres protections gr\u00e2ce \u00e0 ses poches internes d\u00e9di\u00e9es. Adapte ton niveau de s\u00e9curit\u00e9 tout en gardant la souplesse d&rsquo;une veste l\u00e9g\u00e8re.<br \/>\n\t\t\n<style>\n#text-3203163874 {\n  color: rgb(255, 255, 255);\n}\n#text-3203163874 > * {\n  color: rgb(255, 255, 255);\n}\n<\/style>\n\t<\/div>\n\t\n\t\t\t<\/div>\n\t\t<\/div>\n\t<\/div>\n\t\n<p data-path-to-node=\"24\">\t<div class=\"box has-hover   has-hover box-text-bottom\" >\n\n\t\t<div class=\"box-image\" >\n\t\t\t\t\t\t<div class=\"\" >\n\t\t\t\t<img loading=\"lazy\" decoding=\"async\" width=\"1028\" height=\"1196\" src=\"https:\/\/eudoxie.shop\/wp-content\/uploads\/2026\/02\/EUDOXIE-JT-MOLY-BLACK-3-1.jpg\" class=\"attachment- size-\" alt=\"Eudoxie Jt Moly Black (3) (1)\" srcset=\"https:\/\/eudoxie.shop\/wp-content\/uploads\/2026\/02\/EUDOXIE-JT-MOLY-BLACK-3-1.jpg 1028w, https:\/\/eudoxie.shop\/wp-content\/uploads\/2026\/02\/EUDOXIE-JT-MOLY-BLACK-3-1-600x698.jpg 600w, https:\/\/eudoxie.shop\/wp-content\/uploads\/2026\/02\/EUDOXIE-JT-MOLY-BLACK-3-1-350x407.jpg 350w, https:\/\/eudoxie.shop\/wp-content\/uploads\/2026\/02\/EUDOXIE-JT-MOLY-BLACK-3-1-768x894.jpg 768w, https:\/\/eudoxie.shop\/wp-content\/uploads\/2026\/02\/EUDOXIE-JT-MOLY-BLACK-3-1-10x12.jpg 10w, https:\/\/eudoxie.shop\/wp-content\/uploads\/2026\/02\/EUDOXIE-JT-MOLY-BLACK-3-1-800x931.jpg 800w\" sizes=\"auto, (max-width: 1028px) 100vw, 1028px\" \/>\t\t\t\t\t\t\t\t\t\t\t<\/div>\n\t\t\t\t\t<\/div>\n\n\t\t<div class=\"box-text text-center\" style=\"background-color:rgb(33, 33, 33);\">\n\t\t\t<div class=\"box-text-inner\">\n\t\t\t\t\n\t<div id=\"text-57124722\" class=\"text\">\n\t\t\n<p><b data-path-to-node=\"24\" data-index-in-node=\"105\">LE D\u00c9TAIL QUI FAIT LA DIFF\u2019<\/b> Une doublure polaire orange fluo dans les poches secr\u00e8tes pour garder tes mains au chaud, et une poche CB sur le bras pour un ride sans contrainte.<br \/>\n\t\t\n<style>\n#text-57124722 {\n  color: rgb(255, 255, 255);\n}\n#text-57124722 > * {\n  color: rgb(255, 255, 255);\n}\n<\/style>\n\t<\/div>\n\t\n\t\t\t<\/div>\n\t\t<\/div>\n\t<\/div>\n\t\n<p data-path-to-node=\"25\"><div class=\"container section-title-container\" style=\"margin-top:10px;margin-bottom:-2px;\"><h1 class=\"section-title section-title-center\"><b aria-hidden=\"true\"><\/b><span class=\"section-title-main\" >DIE PERFEKTE KOMBINATION<\/span><b aria-hidden=\"true\"><\/b><\/h1><\/div>\n\t\n  \n    <div class=\"row large-columns-4 medium-columns-3 small-columns-2 row-small has-shadow row-box-shadow-3-hover slider row-slider slider-nav-reveal slider-nav-push\"  data-flickity-options='{&quot;imagesLoaded&quot;: true, &quot;groupCells&quot;: &quot;100%&quot;, &quot;dragThreshold&quot; : 5, &quot;cellAlign&quot;: &quot;left&quot;,&quot;wrapAround&quot;: true,&quot;prevNextButtons&quot;: true,&quot;percentPosition&quot;: true,&quot;pageDots&quot;: false, &quot;rightToLeft&quot;: false, &quot;autoPlay&quot; : false}' >\n\n  <\/div>\n<p data-path-to-node=\"26\"><b data-path-to-node=\"26\" data-index-in-node=\"0\">Produktbeschreibung<\/b> <b data-path-to-node=\"26\" data-index-in-node=\"23\">Veste Moto Femme Moly \u2013 R\u00e9sistance, Style &amp; Modularit\u00e9<\/b> La veste moto femme Moly red\u00e9finit l&rsquo;\u00e9quipement des rideuses qui recherchent la libert\u00e9. Fabriqu\u00e9e en Cordura\u00a0 elle combine une haute r\u00e9sistance \u00e0 l&rsquo;abrasion et une l\u00e9g\u00e8ret\u00e9 surprenante gr\u00e2ce \u00e0 sa doublure int\u00e9rieure en mesh. Ce produit \u00ab\u00a0Ready to Protect\u00a0\u00bb vous permet d&rsquo;int\u00e9grer vos propres protections dans les poches pr\u00e9vues \u00e0 cet effet, offrant une flexibilit\u00e9 totale selon votre usage.<\/p>\n<p data-path-to-node=\"27\">Pens\u00e9e pour le confort, elle dispose d&rsquo;ajustements pr\u00e9cis \u00e0 la taille et aux manches, ainsi que d&rsquo;a\u00e9rations sous les bras pour r\u00e9guler la temp\u00e9rature. Doublure polaire orange fluo et sa poche bras \u00ab\u00a0pass\u00a0\u00bb en font une pi\u00e8ce aussi pratique que styl\u00e9e. Avec son design et ses marquages iconiques, la Moly est la pi\u00e8ce ma\u00eetresse de votre vestiaire de rideuse.<\/p>\n<p data-path-to-node=\"28\"><i data-path-to-node=\"28\" data-index-in-node=\"0\">Tu h\u00e9sites sur l&rsquo;une de nos pi\u00e8ces ? Nous pouvons \u00e9galement te proposer des vestes homologu\u00e9es, ICI.<\/i> <i data-path-to-node=\"28\" data-index-in-node=\"101\">Sinon, pour retrouver toutes nos aventures, go sur notre instagram !<\/i><\/p>\n<p data-path-to-node=\"29\">&amp;Stay rock, <b data-path-to-node=\"29\" data-index-in-node=\"12\">L&rsquo;Eudoxie Team.<\/b><\/p>","protected":false},"excerpt":{"rendered":"<p><a href=\"https:\/\/eudoxie.shop\/de\/guide-des-tailles-vestes\/?wmc-currency=EUR\"><img loading=\"lazy\" decoding=\"async\" class=\"alignnone size-full wp-image-19909\" src=\"https:\/\/eudoxie.shop\/wp-content\/uploads\/2023\/03\/bouton-gdt.png\" alt=\"Gr\u00f6\u00dfen\u00fcbersicht\" width=\"292\" height=\"68\" \/><\/a><\/p>\n<p><em>La veste a \u00e9t\u00e9 lanc\u00e9 \u00e0 l&rsquo;occasion du FAST BIRD de F\u00e9vrier elle sera livr\u00e9e en Avril toute commande est pris en compte.<\/em><\/p>\n<ul>\n<li>Coupe cintr\u00e9e &amp; ergonomique Cordura ultra-r\u00e9sistant<\/li>\n<li>Imperm\u00e9able et id\u00e9ale \u00e9t\u00e9 comme hiver<\/li>\n<li>Doublure polaire orange fluo amovible &amp; a\u00e9rations sous les bras<\/li>\n<li>Poches multiples (int\u00e9rieures et avant bras gauche)<\/li>\n<li>Poches pour protections coudes, \u00e9paules &amp; dorsale<\/li>\n<li>Ajustable \u00e0 la taille et aux manches<\/li>\n<\/ul>\n<p>&nbsp;<\/p>\n<p><img decoding=\"async\" src=\"https:\/\/eudoxie.shop\/wp-content\/uploads\/2021\/06\/eudoxie-pack-protections-homologuees-CE-securite.jpg\" alt=\"Eudoxie Pack CE-gepr\u00fcfter Sicherheitsschutz\" \/><\/p>","protected":false},"featured_media":25460,"comment_status":"open","ping_status":"closed","template":"","meta":[],"product_brand":[],"product_cat":[173,460],"product_tag":[],"class_list":{"0":"post-25452","1":"product","2":"type-product","3":"status-publish","4":"has-post-thumbnail","6":"product_cat-veste-moto-femme","7":"product_cat-vetements-ready-to-protect","9":"first","10":"onbackorder","11":"taxable","12":"shipping-taxable","13":"purchasable","14":"product-type-variable"},"supplier_id":null,"supplier_sku":"","barcode":null,"atum_controlled":true,"out_stock_date":null,"out_stock_threshold":null,"inheritable":true,"inbound_stock":0,"stock_on_hold":9,"sold_today":0,"sales_last_days":0,"reserved_stock":0,"customer_returns":0,"warehouse_damage":0,"lost_in_post":0,"other_logs":0,"out_stock_days":0,"lost_sales":0,"has_location":false,"update_date":"2026-04-17T00:30:59","atum_locations":[],"atum_stock_status":"onbackorder","restock_status":false,"low_stock_amount":"","sales_update_date":"2026-04-17T00:30:59","calc_backorders":null,"_links":{"self":[{"href":"https:\/\/eudoxie.shop\/de\/wp-json\/wp\/v2\/product\/25452","targetHints":{"allow":["GET"]}}],"collection":[{"href":"https:\/\/eudoxie.shop\/de\/wp-json\/wp\/v2\/product"}],"about":[{"href":"https:\/\/eudoxie.shop\/de\/wp-json\/wp\/v2\/types\/product"}],"replies":[{"embeddable":true,"href":"https:\/\/eudoxie.shop\/de\/wp-json\/wp\/v2\/comments?post=25452"}],"wp:featuredmedia":[{"embeddable":true,"href":"https:\/\/eudoxie.shop\/de\/wp-json\/wp\/v2\/media\/25460"}],"wp:attachment":[{"href":"https:\/\/eudoxie.shop\/de\/wp-json\/wp\/v2\/media?parent=25452"}],"wp:term":[{"taxonomy":"product_brand","embeddable":true,"href":"https:\/\/eudoxie.shop\/de\/wp-json\/wp\/v2\/product_brand?post=25452"},{"taxonomy":"product_cat","embeddable":true,"href":"https:\/\/eudoxie.shop\/de\/wp-json\/wp\/v2\/product_cat?post=25452"},{"taxonomy":"product_tag","embeddable":true,"href":"https:\/\/eudoxie.shop\/de\/wp-json\/wp\/v2\/product_tag?post=25452"}],"curies":[{"name":"wp","href":"https:\/\/api.w.org\/{rel}","templated":true}]}}