{"id":26086,"date":"2026-04-22T14:45:36","date_gmt":"2026-04-22T12:45:36","guid":{"rendered":"https:\/\/eudoxie.shop\/?page_id=26086"},"modified":"2026-04-22T14:45:36","modified_gmt":"2026-04-22T12:45:36","slug":"les-questions-frequentes","status":"publish","type":"page","link":"https:\/\/eudoxie.shop\/en\/les-questions-frequentes\/","title":{"rendered":"Les questions fr\u00e9quentes"},"content":{"rendered":"<h2 data-path-to-node=\"2\">\u26a1 FAQ ou questions fr\u00e9quentes \u26a1<\/h2>\n<h3 data-path-to-node=\"3\">1. Pourquoi choisir Eudoxie plut\u00f4t qu&rsquo;une autre marque d&rsquo;\u00e9quipement moto ?<\/h3>\n<p data-path-to-node=\"4\">Parce qu&rsquo;on en avait marre de porter des v\u00eatements d&rsquo;hommes en taille S ou du rose \u00ab\u00a0barbie\u00a0\u00bb sans protection. Eudoxie, c&rsquo;est une marque <b data-path-to-node=\"4\" data-index-in-node=\"135\">cr\u00e9\u00e9e par des femmes, pour les femmes<\/b>. On combine un style rock, vintage et badass avec une s\u00e9curit\u00e9 pens\u00e9e pour la route. On ne fait pas de compromis entre ton style et ta protection.<\/p>\n<h3 data-path-to-node=\"5\">2. Quelle est la diff\u00e9rence entre vos deux gammes d&rsquo;\u00e9quipement ?<\/h3>\n<p data-path-to-node=\"6\">C\u2019est simple, on s\u2019adapte \u00e0 ton besoin :<\/p>\n<ul data-path-to-node=\"7\">\n<li>\n<p data-path-to-node=\"7,0,0\"><b data-path-to-node=\"7,0,0\" data-index-in-node=\"0\">La Gamme Homologu\u00e9e :<\/b> Ces pi\u00e8ces ont pass\u00e9 avec succ\u00e8s tous les tests de laboratoires europ\u00e9ens (r\u00e9sistance \u00e0 l&rsquo;abrasion, d\u00e9chirure, etc.). C&rsquo;est le top de la certification.<\/p>\n<\/li>\n<li>\n<p data-path-to-node=\"7,1,0\"><b data-path-to-node=\"7,1,0\" data-index-in-node=\"0\">La Gamme \u00ab\u00a0Ready to Protect\u00a0\u00bb :<\/b> Ces v\u00eatements sont fabriqu\u00e9s exactement selon les m\u00eames standards et conditions que nos produits homologu\u00e9s (mat\u00e9riaux ultra-r\u00e9sistants, coutures renforc\u00e9es). La seule diff\u00e9rence ? Ils n&rsquo;ont pas encore pass\u00e9 les tests officiels en labo. C\u2019est la protection Eudoxie sans le tampon officiel, mais avec toute notre rigueur.<\/p>\n<\/li>\n<\/ul>\n<h3 data-path-to-node=\"8\">3. Comment savoir quelle taille choisir ? J\u2019h\u00e9site entre deux&#8230;<\/h3>\n<p data-path-to-node=\"9\">Nos v\u00eatements sont coup\u00e9s pour sublimer toutes les morphologies de rideuses. Pour les vestes, on te conseille g\u00e9n\u00e9ralement de prendre <b data-path-to-node=\"9\" data-index-in-node=\"134\">ta taille habituelle<\/b>. Si tu es entre deux tailles ou que tu aimes porter un gros pull en hiver, opte pour la taille sup\u00e9rieure. Check notre <b data-path-to-node=\"9\" data-index-in-node=\"275\">Guide des Tailles<\/b> sur chaque fiche produit pour \u00eatre s\u00fbre de ton coup !<\/p>\n<p data-path-to-node=\"9\"><a href=\"https:\/\/eudoxie.shop\/en\/guide-des-tailles-vestes\/?wmc-currency=USD\">LES VESTES<\/a><\/p>\n<p data-path-to-node=\"9\"><a href=\"https:\/\/eudoxie.shop\/en\/guide-des-tailles-des-pantalons-eudoxie\/?wmc-currency=USD\">LES PANTALONS<\/a><\/p>\n<h3 data-path-to-node=\"10\">4. Vos produits sont-ils \u00e9co-responsables ?<\/h3>\n<p data-path-to-node=\"11\">On fait de notre mieux pour la plan\u00e8te ! Nos T-shirts et jerseys sont principalement fabriqu\u00e9s en <b data-path-to-node=\"11\" data-index-in-node=\"98\">organic cotton<\/b> au Portugal ou en France. Pour nos pi\u00e8ces techniques, on privil\u00e9gie la qualit\u00e9 premium pour que ton \u00e9quipement te suive pendant des ann\u00e9es de road-trips, \u00e9vitant ainsi la surconsommation. Et surtout nous faisons beaucoup de pi\u00e8ces \u00e0 la demande \ud83d\ude09<\/p>\n<h3 data-path-to-node=\"12\">5. C\u2019est quoi le concept \u00ab\u00a0Fast Bird\u00a0\u00bb pour les pr\u00e9commandes ?<\/h3>\n<p data-path-to-node=\"13\">C\u2019est le rendez-vous des rideuses press\u00e9es de d\u00e9couvrir nos nouveaut\u00e9s ! Le <b data-path-to-node=\"13\" data-index-in-node=\"76\">1er mardi de chaque mois<\/b>, on lance un nouveau produit exclusif en pr\u00e9commande :<\/p>\n<ul data-path-to-node=\"14\">\n<li>\n<p data-path-to-node=\"14,0,0\"><b data-path-to-node=\"14,0,0\" data-index-in-node=\"0\">-15% de r\u00e9duction imm\u00e9diate.<\/b><\/p>\n<\/li>\n<li>\n<p data-path-to-node=\"14,1,0\">Une livraison pr\u00e9vue sous <b data-path-to-node=\"14,1,0\" data-index-in-node=\"26\">2 mois<\/b>. C\u2019est l&rsquo;id\u00e9al pour choper nos derni\u00e8res p\u00e9pites avant tout le monde et \u00e0 prix r\u00e9duit !<\/p>\n<\/li>\n<\/ul>\n<h3 data-path-to-node=\"15\">6. Est-ce que les protections sont incluses quand j&rsquo;ach\u00e8te une veste ?<\/h3>\n<p data-path-to-node=\"16\">OUI ! Chez Eudoxie, on ne plaisante pas avec ta s\u00e9curit\u00e9. Pour toutes nos vestes Homologu\u00e9es, les protections coudes et \u00e9paules sont incluses. Et parce qu\u2019on sait que c\u2019est indispensable, <b data-path-to-node=\"16\" data-index-in-node=\"210\">la dorsale est \u00e9galement toujours incluse<\/b> dans ton achat. Concernant la gamme Ready to protect il faudra les rajouter \u00e0 ton panier.<\/p>\n<h3 data-path-to-node=\"17\">7. Puis-je retourner mon article s&rsquo;il ne me va pas ?<\/h3>\n<p data-path-to-node=\"18\">Bien s\u00fbr, l&rsquo;ind\u00e9pendance c&rsquo;est aussi avoir le droit de changer d&rsquo;avis ! Tu as <b data-path-to-node=\"18\" data-index-in-node=\"78\">14 jours<\/b> apr\u00e8s r\u00e9ception de ta commande pour nous renvoyer l&rsquo;article (dans son \u00e9tat d&rsquo;origine, avec les \u00e9tiquettes). Contacte-nous \u00e0 <code data-path-to-node=\"18\" data-index-in-node=\"211\">lady@eudoxie.fr<\/code> pour lancer la proc\u00e9dure d&rsquo;\u00e9change ou de remboursement.<\/p>\n<p data-path-to-node=\"18\"><a href=\"https:\/\/eudoxie.shop\/wp-content\/uploads\/2026\/01\/FICHE-DE-RETOUR-Eudoxie.pdf\">FICHE-DE-RETOUR-Eudoxie<\/a><\/p>\n<h3 data-path-to-node=\"19\">8. Vous livrez partout ? M\u00eame au bout du monde ?<\/h3>\n<p data-path-to-node=\"20\">Le monde est notre terrain de jeu ! On livre <b data-path-to-node=\"20\" data-index-in-node=\"45\">partout en Europe et \u00e0 l&rsquo;international<\/b>. En France, la livraison est offerte d\u00e8s 150\u20ac d&rsquo;achat. Pour le reste du monde, les frais de port sont calcul\u00e9s au moment du paiement.<\/p>\n<h3 data-path-to-node=\"21\">9. Comment entretenir ma veste Eudoxie pour qu&rsquo;elle dure toute une vie ?<\/h3>\n<p data-path-to-node=\"22\">Pour le cuir : un chiffon doux et un lait sp\u00e9cial cuir de temps en temps. Pour le textile et les jerseys : lavage \u00e0 30\u00b0C, \u00e0 l&rsquo;envers. <b data-path-to-node=\"22\" data-index-in-node=\"134\">Attention :<\/b> retire toujours tes coques de protection et ta dorsale avant chaque nettoyage !<\/p>\n<h3 data-path-to-node=\"23\">10. C&rsquo;est quoi la \u00ab\u00a0Team Eudoxie\u00a0\u00bb ?<\/h3>\n<p data-path-to-node=\"24\">Rejoindre la <b data-path-to-node=\"24\" data-index-in-node=\"13\">Team Eudoxie<\/b>, c&rsquo;est entrer dans une v\u00e9ritable sororit\u00e9 de passionn\u00e9es. Plus qu&rsquo;une marque, c&rsquo;est une communaut\u00e9 de femmes qui rident, s&rsquo;entraident et partagent leurs aventures. On organise des \u00e9v\u00e9nements et des rides pour se retrouver en vrai. N\u2019oublie pas de nous taguer avec <code data-path-to-node=\"24\" data-index-in-node=\"290\">#eudoxie<\/code> sur les r\u00e9seaux, on repartage vos plus beaux looks !<\/p>","protected":false},"excerpt":{"rendered":"<p>\u26a1 FAQ ou questions fr\u00e9quentes \u26a1 1. Pourquoi choisir Eudoxie plut\u00f4t qu&rsquo;une autre marque d&rsquo;\u00e9quipement moto ? Parce qu&rsquo;on en avait marre de porter des v\u00eatements d&rsquo;hommes en taille S ou du rose \u00ab\u00a0barbie\u00a0\u00bb sans protection. Eudoxie, c&rsquo;est une marque cr\u00e9\u00e9e par des femmes, pour les femmes. On combine un style rock, vintage et badass &#8230;<\/p>","protected":false},"author":6,"featured_media":0,"parent":0,"menu_order":0,"comment_status":"closed","ping_status":"closed","template":"","meta":{"footnotes":""},"class_list":["post-26086","page","type-page","status-publish","hentry"],"_links":{"self":[{"href":"https:\/\/eudoxie.shop\/en\/wp-json\/wp\/v2\/pages\/26086","targetHints":{"allow":["GET"]}}],"collection":[{"href":"https:\/\/eudoxie.shop\/en\/wp-json\/wp\/v2\/pages"}],"about":[{"href":"https:\/\/eudoxie.shop\/en\/wp-json\/wp\/v2\/types\/page"}],"author":[{"embeddable":true,"href":"https:\/\/eudoxie.shop\/en\/wp-json\/wp\/v2\/users\/6"}],"replies":[{"embeddable":true,"href":"https:\/\/eudoxie.shop\/en\/wp-json\/wp\/v2\/comments?post=26086"}],"version-history":[{"count":2,"href":"https:\/\/eudoxie.shop\/en\/wp-json\/wp\/v2\/pages\/26086\/revisions"}],"predecessor-version":[{"id":26088,"href":"https:\/\/eudoxie.shop\/en\/wp-json\/wp\/v2\/pages\/26086\/revisions\/26088"}],"wp:attachment":[{"href":"https:\/\/eudoxie.shop\/en\/wp-json\/wp\/v2\/media?parent=26086"}],"curies":[{"name":"wp","href":"https:\/\/api.w.org\/{rel}","templated":true}]}}