{"id":15897,"date":"2022-09-02T14:38:26","date_gmt":"2022-09-02T12:38:26","guid":{"rendered":"https:\/\/eudoxie.shop\/?post_type=product&#038;p=15897"},"modified":"2026-04-08T12:47:42","modified_gmt":"2026-04-08T10:47:42","slug":"casquette-veryperi","status":"publish","type":"product","link":"https:\/\/eudoxie.shop\/en_gb\/produit\/casquette-veryperi\/","title":{"rendered":"Casquette Veryperi"},"content":{"rendered":"<h1 style=\"text-align: center;\"><b>D\u00e9couvre la Casquette Veryperi !<\/b><\/h1>\n<p><span style=\"color: #ffcc00; font-size: 115%;\"><strong>\ud83d\udea8 Pr\u00e9commande ! \ud83d\udea8<\/strong><\/span><\/p>\n<ul>\n<li style=\"font-weight: 400;\"><span style=\"font-weight: 400;\">Taille unique<\/span><\/li>\n<li>Faite pour les femmes<\/li>\n<li style=\"font-weight: 400;\"><span style=\"font-weight: 400;\">100% Polyester<\/span><\/li>\n<li style=\"font-weight: 400;\"><span style=\"font-weight: 400;\">R\u00e9glable<\/span><\/li>\n<li style=\"font-weight: 400;\"><span style=\"font-weight: 400;\">broderies sur le devant<\/span><\/li>\n<li style=\"font-weight: 400;\"><span style=\"font-weight: 400;\">couleurs : parme<\/span><\/li>\n<li style=\"font-weight: 400;\"><span style=\"font-weight: 400;\">petite visi\u00e8re<\/span><\/li>\n<\/ul>\n<p><span style=\"font-weight: 400;\">Tu vas certainement kiffer notre <\/span><b>casquette Veryperi<\/b><span style=\"font-weight: 400;\">. Cette casquette a d\u00e9j\u00e0 re\u00e7u tellement d\u2019\u00e9loges jusqu\u2019ici. Sa d\u00e9coupe moderne et sa couleur la rendent facile \u00e0 agencer aux autres pi\u00e8ces de ta tenue de rideuse pr\u00e9f\u00e9r\u00e9e.<\/span><\/p>\n<p><span style=\"font-weight: 400;\">En effet, la casquette Veryperi sera encore plus top avec un<\/span><a href=\"https:\/\/eudoxie.shop\/en_gb\/collection\/new-collection\/jerseys\/?wmc-currency=GBP\"> <span style=\"font-weight: 400;\">jersey<\/span><\/a><span style=\"font-weight: 400;\"> ou une<\/span><a href=\"https:\/\/eudoxie.shop\/en_gb\/collection\/technical-collection\/veste-moto-femme\/?wmc-currency=GBP\"> <span style=\"font-weight: 400;\">veste technique<\/span><\/a><span style=\"font-weight: 400;\">.<\/span><\/p>\n<h2><b>Description du produit<\/b><\/h2>\n<p><span style=\"font-weight: 400;\">D\u00e9bute ton trip en portant notre <\/span><b>casquette Veryperi<\/b><span style=\"font-weight: 400;\">. Cette casquette au look super styl\u00e9e te permettra de te d\u00e9marquer de toutes les autres durant tes balades \u00e0 moto.<\/span><\/p>\n<p><span style=\"font-weight: 400;\">La casquette Veryperi est un produit que nous avons d\u00e9cid\u00e9 de fabriquer pour mettre en avant ta f\u00e9minit\u00e9 tout en gardant ton look d\u00e9contract\u00e9 et informel. Tu peux la porter au quotidien ou uniquement pour tes moments pr\u00e9cieux de ride.<\/span><\/p>\n<p><span style=\"font-weight: 400;\">Sa couleur grise claire te permettra de l\u2019associer \u00e0 n\u2019importe quel v\u00eatement de ton choix pour un look encore plus styl\u00e9.<\/span><\/p>\n<p><span style=\"font-weight: 400;\">Notre casquette Veryperi poss\u00e8de une broderie sur le devant qui parait simple, mais efficace. Du c\u00f4t\u00e9 gauche arri\u00e8re, elle poss\u00e8de une broderie \u00ab EUDOXIE \u00bb qui brise une fois de plus son c\u00f4t\u00e9 classique et lui ajoute encore plus de charme.<\/span><\/p>\n<h2><b>La coupe de la casquette<\/b><\/h2>\n<p><span style=\"font-weight: 400;\">Essaye-la et tu ne pourras plus t\u2019en passer. La casquette Veryperi poss\u00e8de une petite visi\u00e8re et une forme assez particuli\u00e8re qui la distingue des autres casquettes disponibles sur le march\u00e9. Elle est faite \u00e0 base de polyester et elle te garantit confort et durabilit\u00e9.<\/span><\/p>\n<p><span style=\"font-weight: 400;\">Cette casquette est unique mais r\u00e9glable \u00e0 l\u2019arri\u00e8re, ce qui te permettra de la porter que tu fasses du XS ou du M. Une fois que tu l\u2019auras r\u00e9gl\u00e9 \u00e0 la taille de ton choix, tu pourras aller te balader o\u00f9 bon te semble sans risquer de la voir tomber.<\/span><\/p>\n<p><span style=\"font-weight: 400;\">C\u2019est la casquette parfaite pour rider sur le soleil et m\u00eame sur la pluie.<\/span><\/p>\n<p><span style=\"font-weight: 400;\">Envie de voir les derniers looks de nos rideuses ? RDV sur notre communaut\u00e9 Instagram :<\/span><a href=\"http:\/\/www.instagram.com\/eudoxie_motorcycle_label\" target=\"_blank\" rel=\"noopener\"> <span style=\"font-weight: 400;\">@eudoxie_motorcycle_label<\/span><\/a><\/p>","protected":false},"excerpt":{"rendered":"<p><span style=\"color: #ffcc00; font-size: 115%;\"><strong>\ud83d\udea8 Pr\u00e9commande ! \ud83d\udea8<\/strong><\/span><\/p>\n<p><span style=\"font-weight: 400;\">La Casquette Veryperi est la casquette la plus moderne et la plus tendance du moment !<\/span><\/p>\n<p><span style=\"font-weight: 400;\">Existe aussi en <a href=\"https:\/\/eudoxie.shop\/en_gb\/product-2\/casquette-sunny\/?wmc-currency=GBP\">Sunny <\/a><\/span><span style=\"font-weight: 400;\">\ud83d\udc9c<\/span><\/p>","protected":false},"featured_media":15907,"comment_status":"open","ping_status":"closed","template":"","meta":[],"product_brand":[],"product_cat":[434,456],"product_tag":[],"class_list":{"0":"post-15897","1":"product","2":"type-product","3":"status-publish","4":"has-post-thumbnail","6":"product_cat-cadeau-moto-0-a-50","7":"product_cat-casquettes-bonnets","9":"first","10":"instock","11":"taxable","12":"shipping-taxable","13":"purchasable","14":"product-type-simple"},"supplier_id":null,"supplier_sku":"","barcode":"3760315174519","atum_controlled":true,"out_stock_date":null,"out_stock_threshold":null,"inheritable":false,"inbound_stock":0,"stock_on_hold":0,"sold_today":0,"sales_last_days":0,"reserved_stock":0,"customer_returns":0,"warehouse_damage":0,"lost_in_post":0,"other_logs":0,"out_stock_days":0,"lost_sales":0,"has_location":false,"update_date":"2026-04-30T00:55:51","atum_locations":[],"atum_stock_status":"instock","restock_status":false,"low_stock_amount":"","sales_update_date":"2026-04-30T00:55:51","calc_backorders":null,"_links":{"self":[{"href":"https:\/\/eudoxie.shop\/en_gb\/wp-json\/wp\/v2\/product\/15897","targetHints":{"allow":["GET"]}}],"collection":[{"href":"https:\/\/eudoxie.shop\/en_gb\/wp-json\/wp\/v2\/product"}],"about":[{"href":"https:\/\/eudoxie.shop\/en_gb\/wp-json\/wp\/v2\/types\/product"}],"replies":[{"embeddable":true,"href":"https:\/\/eudoxie.shop\/en_gb\/wp-json\/wp\/v2\/comments?post=15897"}],"wp:featuredmedia":[{"embeddable":true,"href":"https:\/\/eudoxie.shop\/en_gb\/wp-json\/wp\/v2\/media\/15907"}],"wp:attachment":[{"href":"https:\/\/eudoxie.shop\/en_gb\/wp-json\/wp\/v2\/media?parent=15897"}],"wp:term":[{"taxonomy":"product_brand","embeddable":true,"href":"https:\/\/eudoxie.shop\/en_gb\/wp-json\/wp\/v2\/product_brand?post=15897"},{"taxonomy":"product_cat","embeddable":true,"href":"https:\/\/eudoxie.shop\/en_gb\/wp-json\/wp\/v2\/product_cat?post=15897"},{"taxonomy":"product_tag","embeddable":true,"href":"https:\/\/eudoxie.shop\/en_gb\/wp-json\/wp\/v2\/product_tag?post=15897"}],"curies":[{"name":"wp","href":"https:\/\/api.w.org\/{rel}","templated":true}]}}