{"id":18756,"date":"2023-10-03T16:00:33","date_gmt":"2023-10-03T14:00:33","guid":{"rendered":"https:\/\/eudoxie.shop\/?post_type=product&#038;p=18756"},"modified":"2026-04-26T17:17:36","modified_gmt":"2026-04-26T15:17:36","slug":"cagoule-moto-beth","status":"publish","type":"product","link":"https:\/\/eudoxie.shop\/en_gb\/produit\/cagoule-moto-beth\/","title":{"rendered":"Cagoule Beth"},"content":{"rendered":"<h2 style=\"text-align: center\">Cagoule moto Beth<\/h2>\n<p>D\u00e9couvre l&rsquo;ultime protection pour tes aventures \u00e0 moto avec la cagoule Beth d&rsquo;Eudoxie. Inspir\u00e9e de nos chaussettes hautes embl\u00e9matiques, cette cagoule est con\u00e7ue pour allier confort, chaleur et style. Compos\u00e9e principalement de Polyester, elle te garde au chaud tout en assurant une respirabilit\u00e9 exceptionnelle pendant tes vir\u00e9es \u00e0 deux-roues.<\/p>\n<p>La cagoule Beth arbore un design inspir\u00e9 du damier racing, symbole d&rsquo;audace et de vitesse. Chaque d\u00e9tail est soigneusement pens\u00e9 pour un style authentique. Elle s&rsquo;ajuste parfaitement pour te prot\u00e9ger du froid, tout en laissant place \u00e0 la libert\u00e9 de mouvement.<\/p>\n<p>Avec sa composition polyester, la cagoule Beth se d\u00e9marque gr\u00e2ce \u00e0 son design unique en noir et blanc. Elle va au-del\u00e0 de l&rsquo;id\u00e9e d&rsquo;accessoire pour devenir un incontournable pour les passionn\u00e9s de moto. Elle combine un confort exceptionnel avec un style in\u00e9gal\u00e9 sur la route, te permettant de vivre chaque trajet avec aisance et \u00e9l\u00e9gance.<\/p>\n<p>Si tu as encore des questions ou des pr\u00e9occupations, n&rsquo;h\u00e9site pas \u00e0 nous contacter <a href=\"https:\/\/eudoxie.shop\/en_gb\/contact\/?wmc-currency=GBP\">ici<\/a>. Notre \u00e9quipe du service client est \u00e0 ta disposition et se fera un plaisir de te r\u00e9pondre dans les plus brefs d\u00e9lais \ud83d\ude42<\/p>\n<p>&nbsp;<\/p>\n\t<div id=\"accordion-2048580973\" class=\"accordion-item\">\n\t\t<a id=\"accordion-2048580973-label\" class=\"accordion-title plain\" href=\"#accordion-item-guide-des-tailles\" aria-expanded=\"false\" aria-controls=\"accordion-2048580973-content\">\n\t\t\t<button class=\"toggle\" aria-label=\"Toggle\"><i class=\"icon-angle-down\" aria-hidden=\"true\"><\/i><\/button>\n\t\t\t<span>GUIDE DES TAILLES<\/span>\n\t\t<\/a>\n\t\t<div id=\"accordion-2048580973-content\" class=\"accordion-inner\" aria-labelledby=\"accordion-2048580973-label\">\n\t\t\t\n<p><span style=\"font-size: 14.4px\">Taille unique \ud83d\ude09<\/span><\/p>\n<p><span style=\"font-size: 14.4px\">\t\t<\/div>\n\t<\/div>\n\t<\/span><\/p>\n\t<div id=\"text-4081998374\" class=\"text\">\n\t\t\t\t\n<style>\n#text-4081998374 {\n  color: rgb(255,255,255);\n}\n#text-4081998374 > * {\n  color: rgb(255,255,255);\n}\n<\/style>\n\t<\/div>\n\t\n\t<div id=\"accordion-3468015703\" class=\"accordion-item\">\n\t\t<a id=\"accordion-3468015703-label\" class=\"accordion-title plain\" href=\"#accordion-item-details-du-produit\" aria-expanded=\"false\" aria-controls=\"accordion-3468015703-content\">\n\t\t\t<button class=\"toggle\" aria-label=\"Toggle\"><i class=\"icon-angle-down\" aria-hidden=\"true\"><\/i><\/button>\n\t\t\t<span>DETAILS DU PRODUIT<\/span>\n\t\t<\/a>\n\t\t<div id=\"accordion-3468015703-content\" class=\"accordion-inner\" aria-labelledby=\"accordion-3468015703-label\">\n\t\t\t\n<ul>\n<li>Taille unique<\/li>\n<li>Compos\u00e9 de polyester<\/li>\n<li>Dessin\u00e9 par Goldy<\/li>\n<li>Noir et blanc<\/li>\n<\/ul>\n\t\t<\/div>\n\t<\/div>\n\t\n\t<div id=\"accordion-1936303821\" class=\"accordion-item\">\n\t\t<a id=\"accordion-1936303821-label\" class=\"accordion-title plain\" href=\"#accordion-item-livraison-et-retours\" aria-expanded=\"false\" aria-controls=\"accordion-1936303821-content\">\n\t\t\t<button class=\"toggle\" aria-label=\"Toggle\"><i class=\"icon-angle-down\" aria-hidden=\"true\"><\/i><\/button>\n\t\t\t<span>LIVRAISON ET RETOURS<\/span>\n\t\t<\/a>\n\t\t<div id=\"accordion-1936303821-content\" class=\"accordion-inner\" aria-labelledby=\"accordion-1936303821-label\">\n\t\t\t\n<p><img decoding=\"async\" src=\"https:\/\/eudoxie.shop\/wp-content\/uploads\/2023\/04\/reassurance-telephone-600x637.jpg\" alt=\"Reassurance Telephone\" \/><\/p>\n<ul>\n<li>Possibilit\u00e9 de remboursement sous 14 jours apr\u00e8s r\u00e9ception<\/li>\n<\/ul>\n\t\t<\/div>\n\t<\/div>\n\t\n<p>&nbsp;<\/p>\n<p>&nbsp;<\/p>\n<div class=\"container section-title-container\" style=\"margin-top:10px;margin-bottom:-1px;\"><h1 class=\"section-title section-title-center\"><b aria-hidden=\"true\"><\/b><span class=\"section-title-main\" >LE COMBO PARFAIT<\/span><b aria-hidden=\"true\"><\/b><\/h1><\/div>\n\t\n  \n    <div class=\"row large-columns-4 medium-columns-3 small-columns-2 row-small has-shadow row-box-shadow-3-hover slider row-slider slider-nav-reveal slider-nav-push\"  data-flickity-options='{&quot;imagesLoaded&quot;: true, &quot;groupCells&quot;: &quot;100%&quot;, &quot;dragThreshold&quot; : 5, &quot;cellAlign&quot;: &quot;left&quot;,&quot;wrapAround&quot;: true,&quot;prevNextButtons&quot;: true,&quot;percentPosition&quot;: true,&quot;pageDots&quot;: false, &quot;rightToLeft&quot;: false, &quot;autoPlay&quot; : false}' >\n\n  <\/div>\n<div class=\"container section-title-container\" style=\"margin-top:-30px;margin-bottom:-2px;\"><h1 class=\"section-title section-title-center\"><b aria-hidden=\"true\"><\/b><span class=\"section-title-main\" >AVIS<\/span><b aria-hidden=\"true\"><\/b><\/h1><\/div>\n  <div class=\"icon-box testimonial-box icon-box-left text-left\">\n                <div class=\"icon-box-text p-last-0\">\n          <div class=\"star-rating\" role=\"img\" aria-label=\"Rated 5 out of 5\"><span style=\"width:100%\"><strong class=\"rating\"><\/strong><\/span><\/div>  \t\t\t\t<div class=\"testimonial-text line-height-small italic test_text first-reset last-reset is-italic\">\n            \n<h3>\u00c7a arrive bient\u00f4t&#8230;<\/h3>\n<p>C&rsquo;est command\u00e9, trop contente ! H\u00e2te de la recevoir car il fait d\u00e9j\u00e0 froid <strong>&#8211; Pauline V.<\/strong><\/p>\n          <\/div>\n          <div class=\"testimonial-meta pt-half\">\n             <strong class=\"testimonial-name test_name\"><\/strong>\n                          <span class=\"testimonial-company test_company\"><\/span>\n          <\/div>\n        <\/div>\n  <\/div>\n\n  \n  <div class=\"icon-box testimonial-box icon-box-left text-left\">\n                <div class=\"icon-box-text p-last-0\">\n          <div class=\"star-rating\" role=\"img\" aria-label=\"Rated 5 out of 5\"><span style=\"width:100%\"><strong class=\"rating\"><\/strong><\/span><\/div>  \t\t\t\t<div class=\"testimonial-text line-height-small italic test_text first-reset last-reset is-italic\">\n            \n<h3>Team snow \u2744\ufe0f<\/h3>\n<p>Perso je la prend pour aller au ski et c&rsquo;est aussi super pratique. Achat rentabilis\u00e9 x10000\u00a0 &#8211; <strong>Youna L.<\/strong><\/p>\n          <\/div>\n          <div class=\"testimonial-meta pt-half\">\n             <strong class=\"testimonial-name test_name\"><\/strong>\n                          <span class=\"testimonial-company test_company\"><\/span>\n          <\/div>\n        <\/div>\n  <\/div>\n\n  \n  <div class=\"icon-box testimonial-box icon-box-left text-left\">\n                <div class=\"icon-box-text p-last-0\">\n          <div class=\"star-rating\" role=\"img\" aria-label=\"Rated 5 out of 5\"><span style=\"width:100%\"><strong class=\"rating\"><\/strong><\/span><\/div>  \t\t\t\t<div class=\"testimonial-text line-height-small italic test_text first-reset last-reset is-italic\">\n            \n<h3>Un must have<\/h3>\n<p>Ma soeur en a une comme \u00e7a, apr\u00e8s l&rsquo;avoir test\u00e9 : oblig\u00e9e de m&rsquo;en prendre une pour moi aussi \ud83d\ude05 <strong>&#8211; Solange P.<\/strong><\/p>\n          <\/div>\n          <div class=\"testimonial-meta pt-half\">\n             <strong class=\"testimonial-name test_name\"><\/strong>\n                          <span class=\"testimonial-company test_company\"><\/span>\n          <\/div>\n        <\/div>\n  <\/div>\n\n  \n<div class=\"container section-title-container\" style=\"margin-bottom:-20px;\"><h1 class=\"section-title section-title-center\"><b aria-hidden=\"true\"><\/b><span class=\"section-title-main\" >SP\u00c9CIFICIT\u00c9S<\/span><b aria-hidden=\"true\"><\/b><\/h1><\/div>\n<p>&nbsp;<\/p>\n<h3>Suivez la Team Eudoxie<\/h3>\n<p>Si tu cherches de l&rsquo;inspiration pour ton look, nous t&rsquo;invitons \u00e0 explorer notre <a href=\"https:\/\/www.pinterest.fr\/eudoxiemotorcyclegear\/\" target=\"_blank\" rel=\"noopener\">pinterest<\/a> ou \u00e0 jeter un \u0153il \u00e0 notre Instagram : <a href=\"https:\/\/www.instagram.com\/eudoxie_motorcycle_label\/?hl=fr\" target=\"_blank\" rel=\"noopener\">@eudoxie_motorcycle_label<\/a> ! Rien ne vaut des id\u00e9es inspirantes pour compl\u00e9ter ton style unique.<\/p>\n<p>&nbsp;<\/p>","protected":false},"excerpt":{"rendered":"<p>&nbsp;<\/p>\n<ul style=\"text-align: left\">\n<li>100% Polyester<\/li>\n<li>Cagoule moto Beth<\/li>\n<li>L\u00e9g\u00e8re et confortable<\/li>\n<li>Ride \u00e0 l&rsquo;abris du froid<\/li>\n<li>Taille unique<\/li>\n<li>Noir et blanc<\/li>\n<\/ul>","protected":false},"featured_media":19618,"comment_status":"closed","ping_status":"closed","template":"","meta":[],"product_brand":[],"product_cat":[434,416,433,226],"product_tag":[],"class_list":{"0":"post-18756","1":"product","2":"type-product","3":"status-publish","4":"has-post-thumbnail","6":"product_cat-cadeau-moto-0-a-50","7":"product_cat-cagoules-de-moto","8":"product_cat-idees-cadeau-moto","9":"product_cat-mode-lifestyle","11":"first","12":"instock","13":"taxable","14":"shipping-taxable","15":"purchasable","16":"product-type-simple"},"supplier_id":null,"supplier_sku":"","barcode":null,"atum_controlled":true,"out_stock_date":null,"out_stock_threshold":null,"inheritable":false,"inbound_stock":0,"stock_on_hold":4,"sold_today":0,"sales_last_days":1,"reserved_stock":0,"customer_returns":0,"warehouse_damage":0,"lost_in_post":0,"other_logs":0,"out_stock_days":0,"lost_sales":0,"has_location":false,"update_date":"2026-04-30T00:55:55","atum_locations":[],"atum_stock_status":"instock","restock_status":false,"low_stock_amount":"","sales_update_date":"2026-04-30T00:55:55","calc_backorders":0,"_links":{"self":[{"href":"https:\/\/eudoxie.shop\/en_gb\/wp-json\/wp\/v2\/product\/18756","targetHints":{"allow":["GET"]}}],"collection":[{"href":"https:\/\/eudoxie.shop\/en_gb\/wp-json\/wp\/v2\/product"}],"about":[{"href":"https:\/\/eudoxie.shop\/en_gb\/wp-json\/wp\/v2\/types\/product"}],"replies":[{"embeddable":true,"href":"https:\/\/eudoxie.shop\/en_gb\/wp-json\/wp\/v2\/comments?post=18756"}],"wp:featuredmedia":[{"embeddable":true,"href":"https:\/\/eudoxie.shop\/en_gb\/wp-json\/wp\/v2\/media\/19618"}],"wp:attachment":[{"href":"https:\/\/eudoxie.shop\/en_gb\/wp-json\/wp\/v2\/media?parent=18756"}],"wp:term":[{"taxonomy":"product_brand","embeddable":true,"href":"https:\/\/eudoxie.shop\/en_gb\/wp-json\/wp\/v2\/product_brand?post=18756"},{"taxonomy":"product_cat","embeddable":true,"href":"https:\/\/eudoxie.shop\/en_gb\/wp-json\/wp\/v2\/product_cat?post=18756"},{"taxonomy":"product_tag","embeddable":true,"href":"https:\/\/eudoxie.shop\/en_gb\/wp-json\/wp\/v2\/product_tag?post=18756"}],"curies":[{"name":"wp","href":"https:\/\/api.w.org\/{rel}","templated":true}]}}