{"id":21144,"date":"2024-06-25T17:21:05","date_gmt":"2024-06-25T15:21:05","guid":{"rendered":"https:\/\/eudoxie.shop\/?post_type=product&#038;p=21144"},"modified":"2026-04-15T15:40:14","modified_gmt":"2026-04-15T13:40:14","slug":"porte-cle-moto-ride-like-a-girl","status":"publish","type":"product","link":"https:\/\/eudoxie.shop\/en_gb\/produit\/porte-cle-moto-ride-like-a-girl\/","title":{"rendered":"Porte cl\u00e9 moto Ride like a Girl"},"content":{"rendered":"<h1>Porte cl\u00e9 moto Ride like a Girl<\/h1>\n<p>D\u00e9couvre notre porte cl\u00e9 moto \u00ab\u00a0Ride like a girl\u00a0\u00bb en cuir en forme de c\u0153ur, l&rsquo;accessoire incontournable pour toutes les rideuses ! Chez Eudoxie, on sait \u00e0 quel point il est important de montrer ton style et ta passion. Ce porte-cl\u00e9 est bien plus qu&rsquo;un simple accessoire, c&rsquo;est une d\u00e9claration de ton amour pour la moto.<\/p>\n<p>Fabriqu\u00e9 en cuir de haute qualit\u00e9, il est con\u00e7u pour r\u00e9sister \u00e0 toutes les aventures de ta vie quotidienne et de tes vir\u00e9es \u00e0 moto. Sa forme de c\u0153ur, orn\u00e9e de l&rsquo;inscription \u00ab\u00a0Ride like a girl\u00a0\u00bb, est parfaite pour afficher fi\u00e8rement ton esprit de rideuse. Avec sa finition soign\u00e9e et ses d\u00e9tails pr\u00e9cis, il ajoutera une touche de caract\u00e8re \u00e0 tes cl\u00e9s, ton sac ou m\u00eame ton \u00e9quipement moto.<\/p>\n<p>Pourquoi choisir notre porte-cl\u00e9 \u00ab\u00a0Ride like a girl\u00a0\u00bb ?<\/p>\n<ol>\n<li><strong>Qualit\u00e9 Sup\u00e9rieure<\/strong> : Confectionn\u00e9 en cuir v\u00e9ritable, ce porte-cl\u00e9 est \u00e0 la fois robuste et \u00e9l\u00e9gant.<\/li>\n<li><strong>Design Unique<\/strong> : La forme de c\u0153ur et le message \u00ab\u00a0Ride like a girl\u00a0\u00bb refl\u00e8tent parfaitement ton identit\u00e9 et ta passion pour la moto.<\/li>\n<li><strong>Pratique et Styl\u00e9<\/strong> : Attache-le \u00e0 tes cl\u00e9s ou \u00e0 ton sac pour un look distinctif et pratique.<\/li>\n<li><strong>Durabilit\u00e9<\/strong> : Con\u00e7u pour r\u00e9sister aux intemp\u00e9ries et \u00e0 l&rsquo;usure quotidienne, ce porte-cl\u00e9 restera impeccable au fil du temps.<\/li>\n<\/ol>\n<p>Ce porte-cl\u00e9 en cuir est le cadeau id\u00e9al pour toi ou pour une autre rideuse. Ajoute une touche de style et de personnalit\u00e9 \u00e0 tes accessoires tout en montrant fi\u00e8rement ta passion pour la moto.<\/p>\n<p>Ne manque pas cette opportunit\u00e9 d&rsquo;afficher fi\u00e8rement ton amour pour la moto avec notre porte-cl\u00e9 \u00ab\u00a0Ride like a girl\u00a0\u00bb. Commande d\u00e8s maintenant et rejoins la communaut\u00e9 des rideuses styl\u00e9es et audacieuses !<\/p>\n<p>Viens nous suivre sur instagram ! <a href=\"https:\/\/www.instagram.com\/eudoxie_motorcycle_label\/?hl=fr\" target=\"_blank\" rel=\"noopener\">@eudoxie_mototrcycle_label<\/a><\/p>\n<p><a href=\"https:\/\/eudoxie.shop\/en_gb\/catalogue\/?wmc-currency=GBP\">Voir le catalogue.\u00a0<\/a><\/p>","protected":false},"excerpt":{"rendered":"<ul>\n<li>Porte cl\u00e9 Eudoxie<\/li>\n<li>Ride like a Girl<\/li>\n<li>Fabriqu\u00e9 en cuir<\/li>\n<li>Fais parti du crew !<\/li>\n<\/ul>","protected":false},"featured_media":21146,"comment_status":"open","ping_status":"closed","template":"","meta":[],"product_brand":[],"product_cat":[148,341],"product_tag":[],"class_list":{"0":"post-21144","1":"product","2":"type-product","3":"status-publish","4":"has-post-thumbnail","6":"product_cat-accessoires","7":"product_cat-porte-cles","9":"first","10":"instock","11":"taxable","12":"shipping-taxable","13":"purchasable","14":"product-type-simple"},"supplier_id":null,"supplier_sku":"","barcode":"3760315177190","atum_controlled":true,"out_stock_date":null,"out_stock_threshold":null,"inheritable":false,"inbound_stock":0,"stock_on_hold":1,"sold_today":0,"sales_last_days":0,"reserved_stock":0,"customer_returns":0,"warehouse_damage":0,"lost_in_post":0,"other_logs":0,"out_stock_days":0,"lost_sales":0,"has_location":false,"update_date":"2026-04-30T00:55:53","atum_locations":[],"atum_stock_status":"instock","restock_status":false,"low_stock_amount":"","sales_update_date":"2026-04-30T00:55:53","calc_backorders":null,"_links":{"self":[{"href":"https:\/\/eudoxie.shop\/en_gb\/wp-json\/wp\/v2\/product\/21144","targetHints":{"allow":["GET"]}}],"collection":[{"href":"https:\/\/eudoxie.shop\/en_gb\/wp-json\/wp\/v2\/product"}],"about":[{"href":"https:\/\/eudoxie.shop\/en_gb\/wp-json\/wp\/v2\/types\/product"}],"replies":[{"embeddable":true,"href":"https:\/\/eudoxie.shop\/en_gb\/wp-json\/wp\/v2\/comments?post=21144"}],"wp:featuredmedia":[{"embeddable":true,"href":"https:\/\/eudoxie.shop\/en_gb\/wp-json\/wp\/v2\/media\/21146"}],"wp:attachment":[{"href":"https:\/\/eudoxie.shop\/en_gb\/wp-json\/wp\/v2\/media?parent=21144"}],"wp:term":[{"taxonomy":"product_brand","embeddable":true,"href":"https:\/\/eudoxie.shop\/en_gb\/wp-json\/wp\/v2\/product_brand?post=21144"},{"taxonomy":"product_cat","embeddable":true,"href":"https:\/\/eudoxie.shop\/en_gb\/wp-json\/wp\/v2\/product_cat?post=21144"},{"taxonomy":"product_tag","embeddable":true,"href":"https:\/\/eudoxie.shop\/en_gb\/wp-json\/wp\/v2\/product_tag?post=21144"}],"curies":[{"name":"wp","href":"https:\/\/api.w.org\/{rel}","templated":true}]}}