{"id":25105,"date":"2025-12-01T21:38:48","date_gmt":"2025-12-01T20:38:48","guid":{"rendered":"https:\/\/eudoxie.shop\/?post_type=product&#038;p=25105"},"modified":"2026-04-25T12:09:33","modified_gmt":"2026-04-25T10:09:33","slug":"veste-a-damiers-alix","status":"publish","type":"product","link":"https:\/\/eudoxie.shop\/en_gb\/produit\/veste-a-damiers-alix\/","title":{"rendered":"Veste \u00e0 damiers Alix"},"content":{"rendered":"<h1 style=\"text-align: center;\">Veste \u00e0 damiers Alix &#8211; Ready to wear<\/h1>\n<h1 style=\"text-align: center;\"><\/h1>\n<h3 data-start=\"77\" data-end=\"129\"><strong data-start=\"81\" data-end=\"129\">Veste Alix \u2013 L\u2019esprit moto, le style affirm\u00e9<\/strong><\/h3>\n<p data-start=\"131\" data-end=\"493\">La <strong data-start=\"134\" data-end=\"148\">veste Alix<\/strong> combine caract\u00e8re et fonctionnalit\u00e9 pour accompagner toutes tes sorties \u00e0 moto mais \u00e9galement \u00e0 pied. Avec son motif <strong data-start=\"244\" data-end=\"268\">damier noir et blanc<\/strong> embl\u00e9matique, elle affirme imm\u00e9diatement son style sportif et vintage. Con\u00e7ue pour offrir confort et libert\u00e9 de mouvement, elle dispose d\u2019une coupe vintage, parfaits pour tous les jours.<\/p>\n<p data-start=\"495\" data-end=\"846\">L\u2019int\u00e9rieur doux \u00e0 damiers et la finition soign\u00e9e apportent un confort optimal . Que ce soit pour la route, les balades du week-end ou le quotidien, la veste Alix est pens\u00e9e pour celles et ceux qui veulent allier protection l\u00e9g\u00e8re et look audacieux.<\/p>\n<p data-start=\"495\" data-end=\"846\">Poches pour protection, <a href=\"https:\/\/eudoxie.shop\/en_gb\/product-2\/protection-athena-full-pack-niveau-1\/?wmc-currency=GBP\">les protections<\/a> sont vendu \u00e0 part.<\/p>\n<p data-start=\"1006\" data-end=\"1086\">La veste Alix, c\u2019est l\u2019alliance parfaite entre <strong data-start=\"1053\" data-end=\"1085\">attitude, confort et libert\u00e9<\/strong>.<\/p>\n<p data-start=\"1006\" data-end=\"1086\">","protected":false},"excerpt":{"rendered":"<p><a href=\"https:\/\/eudoxie.shop\/en_gb\/guide-des-tailles-vestes\/?wmc-currency=GBP\"><img loading=\"lazy\" decoding=\"async\" class=\"alignnone wp-image-19909\" src=\"https:\/\/eudoxie.shop\/wp-content\/uploads\/2023\/03\/bouton-gdt.png\" alt=\"\" width=\"206\" height=\"48\" data-wp-editing=\"1\" \/><\/a><\/p>\n<p><strong>PRE-COMMANDE FAST BIRD livraison d\u00e9but Mars<\/strong><\/p>\n<ul>\n<li data-start=\"867\" data-end=\"892\">\n<p data-start=\"869\" data-end=\"892\">Motif damier iconique<\/p>\n<\/li>\n<li data-start=\"893\" data-end=\"927\">\n<p data-start=\"895\" data-end=\"927\">Coupe chemise confortable<\/p>\n<\/li>\n<li data-start=\"978\" data-end=\"1004\">\n<p data-start=\"980\" data-end=\"1004\">Style vintage revisit\u00e9<\/p>\n<\/li>\n<li data-start=\"978\" data-end=\"1004\">\n<p data-start=\"980\" data-end=\"1004\">Poche pour les protections<\/p>\n<\/li>\n<li>Broderie poche \u00ab\u00a0Fuck it babe, let&rsquo;s ride\u00a0\u00bb<\/li>\n<\/ul>\n<p><a href=\"https:\/\/eudoxie.shop\/en_gb\/collection\/technical-collection\/protections\/?wmc-currency=GBP\"><img loading=\"lazy\" decoding=\"async\" class=\"alignnone wp-image-12292\" src=\"https:\/\/eudoxie.shop\/wp-content\/uploads\/2021\/06\/eudoxie-pack-protections-homologuees-CE-securite.jpg\" alt=\"Eudoxie Pack Protections Homologu\u00e9es Ce S\u00e9curit\u00e9\" width=\"327\" height=\"196\" srcset=\"https:\/\/eudoxie.shop\/wp-content\/uploads\/2021\/06\/eudoxie-pack-protections-homologuees-CE-securite.jpg 500w, https:\/\/eudoxie.shop\/wp-content\/uploads\/2021\/06\/eudoxie-pack-protections-homologuees-CE-securite-350x210.jpg 350w\" sizes=\"auto, (max-width: 327px) 100vw, 327px\" \/><\/a><\/p>\n<p>D\u00e9couvre notre veste Alix avec des poches internes incluses pour y rajouter des protections ! Attention les protections ne sont pas incluses.<\/p>","protected":false},"featured_media":25122,"comment_status":"open","ping_status":"closed","template":"","meta":[],"product_brand":[],"product_cat":[173,460],"product_tag":[],"class_list":{"0":"post-25105","1":"product","2":"type-product","3":"status-publish","4":"has-post-thumbnail","6":"product_cat-veste-moto-femme","7":"product_cat-vetements-ready-to-protect","9":"first","10":"instock","11":"taxable","12":"shipping-taxable","13":"purchasable","14":"product-type-variable"},"supplier_id":null,"supplier_sku":"","barcode":null,"atum_controlled":true,"out_stock_date":null,"out_stock_threshold":null,"inheritable":true,"inbound_stock":0,"stock_on_hold":11,"sold_today":0,"sales_last_days":0,"reserved_stock":0,"customer_returns":0,"warehouse_damage":0,"lost_in_post":0,"other_logs":0,"out_stock_days":0,"lost_sales":0,"has_location":false,"update_date":"2026-05-06T01:00:59","atum_locations":[],"atum_stock_status":"instock","restock_status":false,"low_stock_amount":"","sales_update_date":"2026-05-06T01:00:59","calc_backorders":null,"_links":{"self":[{"href":"https:\/\/eudoxie.shop\/en_gb\/wp-json\/wp\/v2\/product\/25105","targetHints":{"allow":["GET"]}}],"collection":[{"href":"https:\/\/eudoxie.shop\/en_gb\/wp-json\/wp\/v2\/product"}],"about":[{"href":"https:\/\/eudoxie.shop\/en_gb\/wp-json\/wp\/v2\/types\/product"}],"replies":[{"embeddable":true,"href":"https:\/\/eudoxie.shop\/en_gb\/wp-json\/wp\/v2\/comments?post=25105"}],"wp:featuredmedia":[{"embeddable":true,"href":"https:\/\/eudoxie.shop\/en_gb\/wp-json\/wp\/v2\/media\/25122"}],"wp:attachment":[{"href":"https:\/\/eudoxie.shop\/en_gb\/wp-json\/wp\/v2\/media?parent=25105"}],"wp:term":[{"taxonomy":"product_brand","embeddable":true,"href":"https:\/\/eudoxie.shop\/en_gb\/wp-json\/wp\/v2\/product_brand?post=25105"},{"taxonomy":"product_cat","embeddable":true,"href":"https:\/\/eudoxie.shop\/en_gb\/wp-json\/wp\/v2\/product_cat?post=25105"},{"taxonomy":"product_tag","embeddable":true,"href":"https:\/\/eudoxie.shop\/en_gb\/wp-json\/wp\/v2\/product_tag?post=25105"}],"curies":[{"name":"wp","href":"https:\/\/api.w.org\/{rel}","templated":true}]}}