{"id":12319,"date":"2021-06-16T14:45:51","date_gmt":"2021-06-16T12:45:51","guid":{"rendered":"https:\/\/eudoxie.shop\/?post_type=product&#038;p=12319"},"modified":"2026-04-03T11:21:36","modified_gmt":"2026-04-03T09:21:36","slug":"protection-athena-full-pack-niveau-2","status":"publish","type":"product","link":"https:\/\/eudoxie.shop\/es\/produit\/protection-athena-full-pack-niveau-2\/","title":{"rendered":"Protection Athena full pack niveau 2"},"content":{"rendered":"<p>Nous vous proposons au total 5 protections diff\u00e9rentes de niveau 2 et aux normes CE : 2 protections aux \u00e9paules, 2 protections aux coudes, ainsi qu&rsquo;une dorsale. Gr\u00e2ce \u00e0 leur technologie de pointe, roulez prot\u00e9g\u00e9e avec Eudoxie, pour \u00eatre une Unchained Lady en tout circonstance ! Les protections de niveau 2 sont de qualit\u00e9 plus premium, plus souples, et encore plus confortables afin de vous permettre une v\u00e9ritable s\u00e9curit\u00e9 en roulant !<\/p>\n<h3>Caract\u00e9ristiques<\/h3>\n<h4><em><strong>Les protections d&rsquo;\u00e9paules\u00a0<\/strong><\/em><\/h4>\n<p>Les protections aux \u00e9paules ont \u00e9t\u00e9 con\u00e7ues pour s&rsquo;adapter \u00e0 toutes les morphologies, peu importe votre taille. Leur conception ergonomique vous permettra une plus grande libert\u00e9 de vos mouvements.<\/p>\n<h4><em><strong>Les protections de coudes<\/strong><\/em><\/h4>\n<p>Tr\u00e8s flexible et \u00e9galement adaptable \u00e0 chacune des morphologies, elles \u00e9pousent chaque geste afin de vous laisser un maximum de libert\u00e9 en roulant sur votre moto ! Les mat\u00e9riaux des coudi\u00e8res sont tr\u00e8s souples, mais les mol\u00e9cules de celle-ci se verrouillent lors d&rsquo;un impact pour absorber l&rsquo;\u00e9nergie cin\u00e9tique, pour toujours plus vous assurer s\u00e9curit\u00e9 et technicit\u00e9.<\/p>\n<h4><em><strong>La dorsale<\/strong><\/em><\/h4>\n<p>Les mod\u00e8les Athena sont une valeur sure en mati\u00e8re de protections des muscles dorsaux et de la colonne vert\u00e9brale. Chacune des protections poss\u00e8de l&rsquo;homologation CE EN 1621.<\/p>\n<p>Pour votre s\u00e9curit\u00e9, cette dorsale int\u00e8gre la technologie de construction POi designs : mouvement lat\u00e9ral contr\u00f4l\u00e9, pour une meilleure absorption des chocs ! Avec elles, tu seras la queen des routes !<\/p>\n<p>Niveau confort, elle passera inaper\u00e7ue dans l&rsquo;une de nos vestes Eudoxie ! Adapt\u00e9e aux poches internes de nos vestes, elle s&rsquo;enfile et s&rsquo;enl\u00e8ve facilement pour vous assurer s\u00e9curit\u00e9 en roulant ! Sa structure dite \u00ab\u00a0en nid d&rsquo;abeille\u00a0\u00bb permet une meilleure absorption des chocs, elle poss\u00e8de une meilleure r\u00e9sistance et abrasion que la dorsale niveau 1.<\/p>\n<p>&nbsp;<\/p>\n<p style=\"text-align: center;\"><em>Nos protections sont \u00e9galement pratiques et discr\u00e8tes ! Elles se faufileront facilement dans ton coffre moto ou ton top case.<\/em><\/p>\n<p style=\"text-align: center;\"><strong>Les protections de niveau 1 et de niveau 2, comment s&rsquo;y retrouver<\/strong> :<\/p>\n<p>Chacune de nos protections sont soumises \u00e0 un test d&rsquo;impact. Ici, le test s&rsquo;effectue sur 5 chocs dont deux sur des zones \u00ab\u00a0fragiles\u00a0\u00bb cibl\u00e9es.<\/p>\n<p>Pour \u00eatre homologu\u00e9 de niveau 1, la dorsale doit transmettre moins de 18 kN avec un pic autoris\u00e9 \u00e0 24 kN. Pour le niveau 2, la dorsale doit transmettre moins de 9 kN avec un pic autoris\u00e9 \u00e0 12 kN. La protection ne doit transmettre que 20 kN de moyenne avec un pic \u00e0 35 kN lors d&rsquo;un impact \u00e0 50 J. Plus la r\u00e9partition de la force est importante, moins le choc est violent. Aussi la distribution de la force doit atteindre 15% pour le niveau 1 et 30 % pour le niveau 2.<\/p>\n<p style=\"text-align: center;\">Et pour retrouver toutes les vestes avec lesquelles tu peux porter nos protections Athena, c&rsquo;est <a href=\"https:\/\/eudoxie.shop\/es\/collection\/coleccion-tecnica\/veste-moto-femme\/?wmc-currency=EUR\">ICI<\/a> !<\/p>\n<p style=\"text-align: center;\"><strong>Ne n\u00e9gligez plus votre s\u00e9curit\u00e9 et optez pour nos protections ! Amovibles, elles vous permettront de porter la veste au quotidien, ou sur votre b\u00e9cane ! Des protections pour rouler 100% secure, adapt\u00e9e \u00e0 la morphologie f\u00e9minine, flexibles, et confortables !\u00a0<\/strong><\/p>\n<h3 style=\"text-align: center;\">Suivez la Team Eudoxie<\/h3>\n<p>Besoin de conseils pour vos diff\u00e9rents looks ?! RDV sur notre instagram pour voir nos photos lifestyle : <span style=\"font-weight: 400;\"><a href=\"http:\/\/www.instagram.com\/eudoxie_unchained_lady\" target=\"_blank\" rel=\"noopener\">@eudoxie_unchained_lady<\/a><\/span><\/p>","protected":false},"excerpt":{"rendered":"<p>Pour profitez un maximum de la ride en restant prot\u00e9g\u00e9 avec les protections ATHENA. S&rsquo;adapte avec les vestes Eudoxie et homologu\u00e9es CE.<\/p>\n<ul>\n<li style=\"text-align: left;\">1 Protection dorsale 37.5cm x 28cm<\/li>\n<li style=\"text-align: left;\">2 Protections de coudes 23cm x 15.5cm<\/li>\n<li style=\"text-align: left;\">2 Protections d&rsquo;\u00e9paules 18cm x 15cm<\/li>\n<li style=\"text-align: left;\">Technologie POi designs<\/li>\n<li style=\"text-align: left;\">Homologu\u00e9es CE EN1621<\/li>\n<li style=\"text-align: left;\">Niveau 1<\/li>\n<li style=\"text-align: left;\">Adapt\u00e9e aux v\u00eatements EUDOXIE<\/li>\n<li style=\"text-align: left;\">Confortables,\u00a0L\u00e9g\u00e8res et Flexibles<\/li>\n<li style=\"text-align: left;\">100 % s\u00e9cure<\/li>\n<li style=\"text-align: left;\">Adapt\u00e9e \u00e0 la morphologie f\u00e9minine<\/li>\n<\/ul>\n<p><a href=\"https:\/\/eudoxie.shop\/es\/collection\/coleccion-tecnica\/veste-moto-femme\/?wmc-currency=EUR\"><img loading=\"lazy\" decoding=\"async\" class=\"alignnone size-full wp-image-12342\" src=\"https:\/\/eudoxie.shop\/wp-content\/uploads\/2021\/06\/eudoxie-cuir-femme-moto.jpg\" alt=\"Eudoxie Cuir Femme Moto\" width=\"500\" height=\"300\" srcset=\"https:\/\/eudoxie.shop\/wp-content\/uploads\/2021\/06\/eudoxie-cuir-femme-moto.jpg 500w, https:\/\/eudoxie.shop\/wp-content\/uploads\/2021\/06\/eudoxie-cuir-femme-moto-350x210.jpg 350w\" sizes=\"auto, (max-width: 500px) 100vw, 500px\" \/><\/a><\/p>\n<p>&nbsp;<\/p>","protected":false},"featured_media":12287,"comment_status":"open","ping_status":"closed","template":"","meta":[],"product_brand":[],"product_cat":[435,368,369,173,460],"product_tag":[367],"class_list":{"0":"post-12319","1":"product","2":"type-product","3":"status-publish","4":"has-post-thumbnail","6":"product_cat-cadeau-moto-50-a-100","7":"product_cat-collection-technique","8":"product_cat-protections","9":"product_cat-veste-moto-femme","10":"product_cat-vetements-ready-to-protect","11":"product_tag-brouillon","13":"first","14":"instock","15":"taxable","16":"shipping-taxable","17":"purchasable","18":"product-type-simple"},"supplier_id":25346,"supplier_sku":"","barcode":null,"atum_controlled":true,"out_stock_date":null,"out_stock_threshold":null,"inheritable":false,"inbound_stock":50,"stock_on_hold":2,"sold_today":0,"sales_last_days":0,"reserved_stock":0,"customer_returns":0,"warehouse_damage":0,"lost_in_post":0,"other_logs":0,"out_stock_days":0,"lost_sales":0,"has_location":false,"update_date":"2026-04-17T00:30:06","atum_locations":[],"atum_stock_status":"instock","restock_status":false,"low_stock_amount":"","sales_update_date":"2026-04-17T00:30:06","calc_backorders":null,"_links":{"self":[{"href":"https:\/\/eudoxie.shop\/es\/wp-json\/wp\/v2\/product\/12319","targetHints":{"allow":["GET"]}}],"collection":[{"href":"https:\/\/eudoxie.shop\/es\/wp-json\/wp\/v2\/product"}],"about":[{"href":"https:\/\/eudoxie.shop\/es\/wp-json\/wp\/v2\/types\/product"}],"replies":[{"embeddable":true,"href":"https:\/\/eudoxie.shop\/es\/wp-json\/wp\/v2\/comments?post=12319"}],"wp:featuredmedia":[{"embeddable":true,"href":"https:\/\/eudoxie.shop\/es\/wp-json\/wp\/v2\/media\/12287"}],"wp:attachment":[{"href":"https:\/\/eudoxie.shop\/es\/wp-json\/wp\/v2\/media?parent=12319"}],"wp:term":[{"taxonomy":"product_brand","embeddable":true,"href":"https:\/\/eudoxie.shop\/es\/wp-json\/wp\/v2\/product_brand?post=12319"},{"taxonomy":"product_cat","embeddable":true,"href":"https:\/\/eudoxie.shop\/es\/wp-json\/wp\/v2\/product_cat?post=12319"},{"taxonomy":"product_tag","embeddable":true,"href":"https:\/\/eudoxie.shop\/es\/wp-json\/wp\/v2\/product_tag?post=12319"}],"curies":[{"name":"wp","href":"https:\/\/api.w.org\/{rel}","templated":true}]}}