{"id":13343,"date":"2021-09-06T14:14:32","date_gmt":"2021-09-06T12:14:32","guid":{"rendered":"https:\/\/eudoxie.shop\/?post_type=product&#038;p=13343"},"modified":"2026-04-27T14:58:15","modified_gmt":"2026-04-27T12:58:15","slug":"gants-eudoxie-pop","status":"publish","type":"product","link":"https:\/\/eudoxie.shop\/es\/produit\/gants-eudoxie-pop\/","title":{"rendered":"Gants homologu\u00e9s Eudoxie Pop"},"content":{"rendered":"<h1 style=\"text-align: center;\"><b>Gants homologu\u00e9s moto en cuir Pop<\/b><\/h1>\n<ul>\n<li>Gants en Cuir Homologu\u00e9s<\/li>\n<li>Resserr\u00e9 au poignet<\/li>\n<li>Doublure respirante<\/li>\n<li>Cuir tr\u00e8s souple et haute qualit\u00e9<\/li>\n<li>Insert souple pour laisser passer les bagues<\/li>\n<li>Dragonne pour ne pas les perdre<\/li>\n<\/ul>\n<p>Tu ne trouves pas ta taille ou un produit n&rsquo;est plus disponible ? \u00c9cris nous \u00e0 <a href=\"mailto:lady@eudoxie.fr\"><strong>lady@eudoxie.fr<\/strong> <\/a>, nous trouverons la solution !<\/p>\n<div class=\"accordion\">\n\t<div id=\"accordion-702153288\" class=\"accordion-item\">\n\t\t<a id=\"accordion-702153288-label\" class=\"accordion-title plain\" href=\"#accordion-item-homologation\" aria-expanded=\"false\" aria-controls=\"accordion-702153288-content\">\n\t\t\t<button class=\"toggle\" aria-label=\"Toggle\"><i class=\"icon-angle-down\" aria-hidden=\"true\"><\/i><\/button>\n\t\t\t<span>HOMOLOGATION<\/span>\n\t\t<\/a>\n\t\t<div id=\"accordion-702153288-content\" class=\"accordion-inner\" aria-labelledby=\"accordion-702153288-label\">\n\t\t\t\n<p><img loading=\"lazy\" decoding=\"async\" class=\"wp-image-17919 aligncenter\" src=\"https:\/\/eudoxie.shop\/wp-content\/uploads\/2023\/06\/HOMOLOGATION-LIZZY-2.jpg\" alt=\"Homologation Lizzy 2\" width=\"255\" height=\"395\" srcset=\"https:\/\/eudoxie.shop\/wp-content\/uploads\/2023\/06\/HOMOLOGATION-LIZZY-2.jpg 374w, https:\/\/eudoxie.shop\/wp-content\/uploads\/2023\/06\/HOMOLOGATION-LIZZY-2-350x543.jpg 350w\" sizes=\"auto, (max-width: 255px) 100vw, 255px\" \/><\/p>\n<p style=\"text-align: center;\">Gants en Cuir Homologu\u00e9s norme EN13594:2015<\/p>\n\t\t<\/div>\n\t<\/div>\n\t\n\t<div id=\"accordion-2001320061\" class=\"accordion-item\">\n\t\t<a id=\"accordion-2001320061-label\" class=\"accordion-title plain\" href=\"#accordion-item-guide-des-tailles\" aria-expanded=\"false\" aria-controls=\"accordion-2001320061-content\">\n\t\t\t<button class=\"toggle\" aria-label=\"Toggle\"><i class=\"icon-angle-down\" aria-hidden=\"true\"><\/i><\/button>\n\t\t\t<span>GUIDE DES TAILLES<\/span>\n\t\t<\/a>\n\t\t<div id=\"accordion-2001320061-content\" class=\"accordion-inner\" aria-labelledby=\"accordion-2001320061-label\">\n\t\t\t\n<p style=\"text-align: center;\"><img loading=\"lazy\" decoding=\"async\" class=\"alignnone size-medium wp-image-14932\" src=\"https:\/\/eudoxie.shop\/wp-content\/uploads\/2022\/03\/eudoxie-sizechart-gloves-2-600x529.jpg\" alt=\"Eudoxie Sizechart Gloves (2)\" width=\"600\" height=\"529\" srcset=\"https:\/\/eudoxie.shop\/wp-content\/uploads\/2022\/03\/eudoxie-sizechart-gloves-2-600x529.jpg 600w, https:\/\/eudoxie.shop\/wp-content\/uploads\/2022\/03\/eudoxie-sizechart-gloves-2-350x309.jpg 350w, https:\/\/eudoxie.shop\/wp-content\/uploads\/2022\/03\/eudoxie-sizechart-gloves-2.jpg 676w\" sizes=\"auto, (max-width: 600px) 100vw, 600px\" \/><\/p>\n<p>Tu ne trouves pas ta taille ou un produit n&rsquo;est plus disponible ? \u00c9cris nous \u00e0 <a href=\"mailto:lady@eudoxie.fr\"><strong>lady@eudoxie.fr<\/strong> <\/a>, nous trouverons la solution !<\/p>\n\t\t<\/div>\n\t<\/div>\n\t\n\t<div id=\"accordion-1291809398\" class=\"accordion-item\">\n\t\t<a id=\"accordion-1291809398-label\" class=\"accordion-title plain\" href=\"#accordion-item-livraison-et-retours\" aria-expanded=\"false\" aria-controls=\"accordion-1291809398-content\">\n\t\t\t<button class=\"toggle\" aria-label=\"Toggle\"><i class=\"icon-angle-down\" aria-hidden=\"true\"><\/i><\/button>\n\t\t\t<span>LIVRAISON ET RETOURS<\/span>\n\t\t<\/a>\n\t\t<div id=\"accordion-1291809398-content\" class=\"accordion-inner\" aria-labelledby=\"accordion-1291809398-label\">\n\t\t\t\n<p style=\"text-align: center;\"><img loading=\"lazy\" decoding=\"async\" class=\"alignnone size-medium wp-image-17461\" src=\"https:\/\/eudoxie.shop\/wp-content\/uploads\/2023\/04\/reassurance-telephone-600x637.jpg\" alt=\"Reassurance Telephone\" width=\"600\" height=\"637\" srcset=\"https:\/\/eudoxie.shop\/wp-content\/uploads\/2023\/04\/reassurance-telephone-600x637.jpg 600w, https:\/\/eudoxie.shop\/wp-content\/uploads\/2023\/04\/reassurance-telephone-1050x1115.jpg 1050w, https:\/\/eudoxie.shop\/wp-content\/uploads\/2023\/04\/reassurance-telephone-350x372.jpg 350w, https:\/\/eudoxie.shop\/wp-content\/uploads\/2023\/04\/reassurance-telephone-768x816.jpg 768w, https:\/\/eudoxie.shop\/wp-content\/uploads\/2023\/04\/reassurance-telephone-800x850.jpg 800w, https:\/\/eudoxie.shop\/wp-content\/uploads\/2023\/04\/reassurance-telephone.jpg 1176w\" sizes=\"auto, (max-width: 600px) 100vw, 600px\" \/><\/p>\n<ul>\n<li>Possibilit\u00e9 de remboursement sous 14 jours apr\u00e8s r\u00e9ception<\/li>\n<\/ul>\n\t\t<\/div>\n\t<\/div>\n\t\n<\/div>\n\t<div class=\"box has-hover   has-hover box-text-bottom\" >\n\n\t\t<div class=\"box-image\" >\n\t\t\t\t\t\t<div class=\"\" >\n\t\t\t\t<img loading=\"lazy\" decoding=\"async\" width=\"1080\" height=\"1080\" src=\"https:\/\/eudoxie.shop\/wp-content\/uploads\/2023\/06\/LIZZY-POP-HOMOLOGUE.webp\" class=\"attachment- size-\" alt=\"Lizzy Pop Homologue\" srcset=\"https:\/\/eudoxie.shop\/wp-content\/uploads\/2023\/06\/LIZZY-POP-HOMOLOGUE.webp 1080w, https:\/\/eudoxie.shop\/wp-content\/uploads\/2023\/06\/LIZZY-POP-HOMOLOGUE-600x600.webp 600w, https:\/\/eudoxie.shop\/wp-content\/uploads\/2023\/06\/LIZZY-POP-HOMOLOGUE-1050x1050.webp 1050w, https:\/\/eudoxie.shop\/wp-content\/uploads\/2023\/06\/LIZZY-POP-HOMOLOGUE-350x350.webp 350w, https:\/\/eudoxie.shop\/wp-content\/uploads\/2023\/06\/LIZZY-POP-HOMOLOGUE-768x768.webp 768w, https:\/\/eudoxie.shop\/wp-content\/uploads\/2023\/06\/LIZZY-POP-HOMOLOGUE-800x800.webp 800w, https:\/\/eudoxie.shop\/wp-content\/uploads\/2023\/06\/LIZZY-POP-HOMOLOGUE-100x100.webp 100w, https:\/\/eudoxie.shop\/wp-content\/uploads\/2023\/06\/LIZZY-POP-HOMOLOGUE-50x50.webp 50w\" sizes=\"auto, (max-width: 1080px) 100vw, 1080px\" \/>\t\t\t\t\t\t\t\t\t\t\t<\/div>\n\t\t\t\t\t<\/div>\n\n\t\t<div class=\"box-text text-center\" style=\"background-color:rgb(33, 33, 33);\">\n\t\t\t<div class=\"box-text-inner\">\n\t\t\t\t\n\t<div id=\"text-2195440731\" class=\"text\">\n\t\t\n<h1>GANTS EN CUIR HOMOLOGU\u00c9S<\/h1>\n<p>Ces gants sont homologu\u00e9s aux normes CE, EN13594:2015 ce qui garantie une protection de niveau 1 en cas de chute.<\/p>\n\t\t\n<style>\n#text-2195440731 {\n  color: rgb(255, 255, 255);\n}\n#text-2195440731 > * {\n  color: rgb(255, 255, 255);\n}\n<\/style>\n\t<\/div>\n\t\n\t\t\t<\/div>\n\t\t<\/div>\n\t<\/div>\n\t\n\t<div class=\"box has-hover   has-hover box-text-bottom\" >\n\n\t\t<div class=\"box-image\" >\n\t\t\t\t\t\t<div class=\"\" >\n\t\t\t\t<img loading=\"lazy\" decoding=\"async\" width=\"1080\" height=\"1080\" src=\"https:\/\/eudoxie.shop\/wp-content\/uploads\/2023\/06\/LIZZY-POP-CUIR-PREMIUM.webp\" class=\"attachment- size-\" alt=\"Lizzy Pop Cuir Premium\" srcset=\"https:\/\/eudoxie.shop\/wp-content\/uploads\/2023\/06\/LIZZY-POP-CUIR-PREMIUM.webp 1080w, https:\/\/eudoxie.shop\/wp-content\/uploads\/2023\/06\/LIZZY-POP-CUIR-PREMIUM-600x600.webp 600w, https:\/\/eudoxie.shop\/wp-content\/uploads\/2023\/06\/LIZZY-POP-CUIR-PREMIUM-1050x1050.webp 1050w, https:\/\/eudoxie.shop\/wp-content\/uploads\/2023\/06\/LIZZY-POP-CUIR-PREMIUM-350x350.webp 350w, https:\/\/eudoxie.shop\/wp-content\/uploads\/2023\/06\/LIZZY-POP-CUIR-PREMIUM-768x768.webp 768w, https:\/\/eudoxie.shop\/wp-content\/uploads\/2023\/06\/LIZZY-POP-CUIR-PREMIUM-800x800.webp 800w, https:\/\/eudoxie.shop\/wp-content\/uploads\/2023\/06\/LIZZY-POP-CUIR-PREMIUM-100x100.webp 100w, https:\/\/eudoxie.shop\/wp-content\/uploads\/2023\/06\/LIZZY-POP-CUIR-PREMIUM-50x50.webp 50w\" sizes=\"auto, (max-width: 1080px) 100vw, 1080px\" \/>\t\t\t\t\t\t\t\t\t\t\t<\/div>\n\t\t\t\t\t<\/div>\n\n\t\t<div class=\"box-text text-center\" style=\"background-color:rgb(33, 33, 33);\">\n\t\t\t<div class=\"box-text-inner\">\n\t\t\t\t\n\t<div id=\"text-3401961935\" class=\"text\">\n\t\t\n<h1>CUIR PREMIUM<\/h1>\n<h1>&amp; STRUCTURES RENFORC\u00c9ES<\/h1>\n<p>Fins et proche de la main pour garantir une facilit\u00e9 de mouvement ainsi qu&rsquo;un confort tr\u00e8s appr\u00e9ciable lors de balade \u00e0 moto. Ils se resserrent au poignet pour un meilleur maintien.<\/p>\n\t\t\n<style>\n#text-3401961935 {\n  color: rgb(255, 255, 255);\n}\n#text-3401961935 > * {\n  color: rgb(255, 255, 255);\n}\n<\/style>\n\t<\/div>\n\t\n\t\t\t<\/div>\n\t\t<\/div>\n\t<\/div>\n\t\n\t<div class=\"box has-hover   has-hover box-text-bottom\" >\n\n\t\t<div class=\"box-image\" >\n\t\t\t\t\t\t<div class=\"\" >\n\t\t\t\t<img loading=\"lazy\" decoding=\"async\" width=\"1080\" height=\"1080\" src=\"https:\/\/eudoxie.shop\/wp-content\/uploads\/2023\/06\/LIZZY-POP-DRAGONNE-TACTILE.webp\" class=\"attachment- size-\" alt=\"Lizzy Pop Dragonne Tactile\" srcset=\"https:\/\/eudoxie.shop\/wp-content\/uploads\/2023\/06\/LIZZY-POP-DRAGONNE-TACTILE.webp 1080w, https:\/\/eudoxie.shop\/wp-content\/uploads\/2023\/06\/LIZZY-POP-DRAGONNE-TACTILE-600x600.webp 600w, https:\/\/eudoxie.shop\/wp-content\/uploads\/2023\/06\/LIZZY-POP-DRAGONNE-TACTILE-1050x1050.webp 1050w, https:\/\/eudoxie.shop\/wp-content\/uploads\/2023\/06\/LIZZY-POP-DRAGONNE-TACTILE-350x350.webp 350w, https:\/\/eudoxie.shop\/wp-content\/uploads\/2023\/06\/LIZZY-POP-DRAGONNE-TACTILE-768x768.webp 768w, https:\/\/eudoxie.shop\/wp-content\/uploads\/2023\/06\/LIZZY-POP-DRAGONNE-TACTILE-800x800.webp 800w, https:\/\/eudoxie.shop\/wp-content\/uploads\/2023\/06\/LIZZY-POP-DRAGONNE-TACTILE-100x100.webp 100w, https:\/\/eudoxie.shop\/wp-content\/uploads\/2023\/06\/LIZZY-POP-DRAGONNE-TACTILE-50x50.webp 50w\" sizes=\"auto, (max-width: 1080px) 100vw, 1080px\" \/>\t\t\t\t\t\t\t\t\t\t\t<\/div>\n\t\t\t\t\t<\/div>\n\n\t\t<div class=\"box-text text-center\" style=\"background-color:rgb(33, 33, 33);\">\n\t\t\t<div class=\"box-text-inner\">\n\t\t\t\t\n\t<div id=\"text-792946597\" class=\"text\">\n\t\t\n<h1>GARDE TES BAGUES<\/h1>\n<h1>&amp; DOIGTS TACTILES<\/h1>\n<p>M\u00e9tacarpes et paumes de main sont renforc\u00e9s pour allier souplesse, s\u00e9curit\u00e9 et confort lors de ta conduite. Mais \u00e9galement une\u00a0dragonne. Avec elle, tu ne pourras plus faire tomber tes gants.<\/p>\n\t\t\n<style>\n#text-792946597 {\n  color: rgb(255, 255, 255);\n}\n#text-792946597 > * {\n  color: rgb(255, 255, 255);\n}\n<\/style>\n\t<\/div>\n\t\n\t\t\t<\/div>\n\t\t<\/div>\n\t<\/div>\n\t\n<div class=\"container section-title-container\" style=\"margin-top:5px;margin-bottom:-1px;\"><h1 class=\"section-title section-title-center\"><b aria-hidden=\"true\"><\/b><span class=\"section-title-main\" >LE COMBO PARFAIT<\/span><b aria-hidden=\"true\"><\/b><\/h1><\/div>\n\t\n  \n    <div class=\"row large-columns-4 medium-columns-3 small-columns-2 row-small has-shadow row-box-shadow-3-hover slider row-slider slider-nav-reveal slider-nav-push\"  data-flickity-options='{&quot;imagesLoaded&quot;: true, &quot;groupCells&quot;: &quot;100%&quot;, &quot;dragThreshold&quot; : 5, &quot;cellAlign&quot;: &quot;left&quot;,&quot;wrapAround&quot;: true,&quot;prevNextButtons&quot;: true,&quot;percentPosition&quot;: true,&quot;pageDots&quot;: false, &quot;rightToLeft&quot;: false, &quot;autoPlay&quot; : false}' >\n\n  <\/div>\n<div class=\"container section-title-container\" style=\"margin-top:-25px;margin-bottom:1px;\"><h1 class=\"section-title section-title-center\"><b aria-hidden=\"true\"><\/b><span class=\"section-title-main\" >AVIS<\/span><b aria-hidden=\"true\"><\/b><\/h1><\/div>\n  <div class=\"icon-box testimonial-box icon-box-left text-left\">\n                <div class=\"icon-box-text p-last-0\">\n          <div class=\"star-rating\" role=\"img\" aria-label=\"Rated 5 out of 5\"><span style=\"width:100%\"><strong class=\"rating\"><\/strong><\/span><\/div>  \t\t\t\t<div class=\"testimonial-text line-height-small italic test_text first-reset last-reset is-italic\">\n            \n<h3>Ravie<\/h3>\n<p>Je ne pensais jamais trouver des gants motos avec des couleurs qui ont du pep&rsquo;s. D\u00e9sormais, ils m&rsquo;accompagnent dans toutes mes balades \u00e0 moto <strong>&#8211; Val\u00e9rie S.<\/strong><\/p>\n          <\/div>\n          <div class=\"testimonial-meta pt-half\">\n             <strong class=\"testimonial-name test_name\"><\/strong>\n                          <span class=\"testimonial-company test_company\"><\/span>\n          <\/div>\n        <\/div>\n  <\/div>\n\n  \n  <div class=\"icon-box testimonial-box icon-box-left text-left\">\n                <div class=\"icon-box-text p-last-0\">\n          <div class=\"star-rating\" role=\"img\" aria-label=\"Rated 5 out of 5\"><span style=\"width:100%\"><strong class=\"rating\"><\/strong><\/span><\/div>  \t\t\t\t<div class=\"testimonial-text line-height-small italic test_text first-reset last-reset is-italic\">\n            \n<h3>Tr\u00e8s bien<\/h3>\n<p>Agr\u00e9able \u00e0 porter, jolies couleurs et surtout, plus besoin d&rsquo;enlever mes bijoux avant de partir. Ces gants sont des petites perles ! <strong>&#8211; Andrea C<\/strong><\/p>\n          <\/div>\n          <div class=\"testimonial-meta pt-half\">\n             <strong class=\"testimonial-name test_name\"><\/strong>\n                          <span class=\"testimonial-company test_company\"><\/span>\n          <\/div>\n        <\/div>\n  <\/div>\n\n  \n<div class=\"container section-title-container\" style=\"margin-top:-2px;margin-bottom:-1px;\"><h1 class=\"section-title section-title-center\"><b aria-hidden=\"true\"><\/b><span class=\"section-title-main\" >SP\u00c9CIFICIT\u00c9S<\/span><b aria-hidden=\"true\"><\/b><\/h1><\/div>\n<p>Apr\u00e8s une premi\u00e8re \u00e9dition de gants en 100 exemplaires, Eudoxie a d\u00e9cid\u00e9 de fabriquer sa propre s\u00e9rie de gants ! Pour une qualit\u00e9 encore plus premium afin de t&#8217;emmener rouler en moto jusqu&rsquo;au bout du monde ! Et il y en a pour tous les go\u00fbts gr\u00e2ce \u00e0 nos deux mod\u00e8les disponibles (GOLD ou POP ) ! Et pour avoir encore plus un look au top, n&rsquo;h\u00e9site pas \u00e0 shopper une de nos <a href=\"https:\/\/eudoxie.shop\/es\/collection\/coleccion-tecnica\/veste-moto-femme\/?wmc-currency=EUR\">vestes<\/a> !<\/p>\n<p>Nous avons voulu r\u00e9inventer les gants et surtout ajouter un peu de fun \u00e0 nos rides !<\/p>\n<h3>Homologation des gants<\/h3>\n<p>Ces gants sont homologu\u00e9s aux normes CE, EN13594:2015 ce qui garantie une protection de niveau 1 en cas de chute.<\/p>\n<h3>Description des gants<\/h3>\n<p>Retrouve le fun, le style et qualit\u00e9 unique \u00e0 la Eudoxie !\u00a0 Des gants uniques qu\u2019on vous propose ici. Ils sont fins et proche de la main pour garantir une facilit\u00e9 de mouvement ainsi qu&rsquo;un confort tr\u00e8s appr\u00e9ciable lors de balade \u00e0 moto. Ils se resserrent au poignet pour un meilleur maintien.<\/p>\n<p>Ils poss\u00e8dent des doigts tactiles au niveau du pouce et de l&rsquo;index, parce qu&rsquo;on sait que c&rsquo;est toujours utile !<\/p>\n<p>Nos gants sont \u00e9galement construits comme une armure souple. M\u00e9tacarpes et paumes de main sont renforc\u00e9s pour allier souplesse, s\u00e9curit\u00e9 et confort lors de ta conduite.<\/p>\n<p>Sur la main gauche, celle utilis\u00e9e pour faire le fameux \u00ab\u00a0V\u00a0\u00bb\u00a0 qui permet de saluer les autres motards, nous avons voulu rajouter notre touche \u00ab\u00a0Eudoxie\u00a0\u00bb. Vous pourrez y lire notre fameuse phrase \u00ab\u00a0Ride Like a Girl\u00a0\u00bb comme une signature de notre crew, et une salutation lorsque tu roules !<\/p>\n<p>Pour rappeler le c\u00f4t\u00e9 \u00ab\u00a0racing\u00a0\u00bb des courses, un damier a \u00e9galement \u00e9t\u00e9 imprim\u00e9 sur la paume de la main, \u00e7a, c&rsquo;est notre petit c\u00f4t\u00e9 \u2018course vintage\u2019. Niveau couleurs, les gants Pop vont colorer toutes tes rides ! On ne verra que ta jolie paire de mains sur les routes. Avec des couleurs fun comme le blanc le rose et le blanc cette paire est unique et in\u00e9galable !<\/p>\n<p>C\u00f4t\u00e9 pratique, une dragonne a \u00e9t\u00e9 rajout\u00e9e ! Avec elle, tu ne pourras plus faire tomber tes gants ! Bref, on a pens\u00e9 \u00e0 tout pour te simplifier la vie !<\/p>\n<p>Le cuir lui, est premium et respirant. La mati\u00e8re te permet une thermor\u00e9gulation, afin que tu aies ni trop chaud, ni trop froid.<\/p>\n<h3>La coupe des gants<\/h3>\n<p>Le cuir de ce gant a \u00e9t\u00e9 test\u00e9 pour r\u00e9sister \u00e0 l&rsquo;abrasion et au d\u00e9chirement. La forme allong\u00e9e de la manchette permet d&rsquo;enfiler facilement les gants et de couvrir cette partie en cas de glissade. Trait\u00e9 et assoupli, il saura se patiner au fur et \u00e0 mesure de tes road trip et aventures.<\/p>\n<p>Nous sommes tr\u00e8s fi\u00e8res de ces gants, r\u00e9alis\u00e9s avec amour, pour toujours plus satisfaire nos ch\u00e8res bikeuses. Et pour toujours plus vous apporter de la qualit\u00e9, nous les avons r\u00e9alis\u00e9 nous-m\u00eames !<\/p>\n<p>L&rsquo;alliance parfaite de la s\u00e9curit\u00e9, du style et du confort.<\/p>\n<p>D\u00e9p\u00eache-toi de les commander, toutes les bikeuses vont se les arracher !<\/p>\n<h3>Qualit\u00e9<\/h3>\n<p>Les gants Lizzy sont pens\u00e9s pour votre confort et votre s\u00e9curit\u00e9 \u00e0 moto mais aussi pour un style affirm\u00e9, unique et singulier. Les techniques d\u2019impression utilis\u00e9es sur ces gants de qualit\u00e9 sup\u00e9rieure sont tr\u00e8s sp\u00e9cifiques et hors normes.<br \/>\nIl se peut, qu\u2019avec le temps, en fonction de votre utilisation et des diff\u00e9rents types de commandes sur votre moto, le cuir se patine et les inscriptions s&rsquo;effacent. Cela ne diminue en rien leur niveau de protection et la s\u00e9curit\u00e9 des gants.<br \/>\nLes gants Eudoxie sont faits pour vous accompagner et vous prot\u00e9ger tout au long de votre route, amusez-vous !<\/p>\n<h3>Suivez la Team Eudoxie<\/h3>\n<p>Besoin de conseils pour vos diff\u00e9rents looks ?! RDV sur notre instagram pour voir nos photos lifestyle : <a href=\"http:\/\/www.instagram.com\/eudoxie_motorcycle_label\" target=\"_blank\" rel=\"noopener\"><span style=\"font-weight: 400;\">@eudoxie_motorcycle_label<\/span><\/a><\/p>","protected":false},"excerpt":{"rendered":"<p><a href=\"#guide-tailles-gants\"><img loading=\"lazy\" decoding=\"async\" class=\"alignnone wp-image-19909\" src=\"https:\/\/eudoxie.shop\/wp-content\/uploads\/2023\/03\/bouton-gdt.png\" alt=\"\" width=\"249\" height=\"58\" \/><\/a><\/p>\n<p>Des gants aux d\u00e9tails incroyables, pour parfaire ta tenue de bikeuse, et te donner le look que tu m\u00e9rites sur ta moto !<\/p>\n<p>Existe aussi en Gold et Clear \ud83d\udda4\ud83e\udd0d<\/p>","protected":false},"featured_media":15251,"comment_status":"open","ping_status":"closed","template":"","meta":[],"product_brand":[],"product_cat":[435,396,424],"product_tag":[],"class_list":{"0":"post-13343","1":"product","2":"type-product","3":"status-publish","4":"has-post-thumbnail","6":"product_cat-cadeau-moto-50-a-100","7":"product_cat-niveau-1","8":"product_cat-operation-girl-power","10":"first","11":"instock","12":"taxable","13":"shipping-taxable","14":"purchasable","15":"product-type-variable"},"supplier_id":null,"supplier_sku":"","barcode":null,"atum_controlled":true,"out_stock_date":null,"out_stock_threshold":null,"inheritable":true,"inbound_stock":0,"stock_on_hold":2,"sold_today":0,"sales_last_days":1,"reserved_stock":0,"customer_returns":0,"warehouse_damage":0,"lost_in_post":0,"other_logs":0,"out_stock_days":0,"lost_sales":0,"has_location":false,"update_date":"2026-04-30T00:55:55","atum_locations":[],"atum_stock_status":"instock","restock_status":false,"low_stock_amount":"","sales_update_date":"2026-04-30T00:55:55","calc_backorders":null,"_links":{"self":[{"href":"https:\/\/eudoxie.shop\/es\/wp-json\/wp\/v2\/product\/13343","targetHints":{"allow":["GET"]}}],"collection":[{"href":"https:\/\/eudoxie.shop\/es\/wp-json\/wp\/v2\/product"}],"about":[{"href":"https:\/\/eudoxie.shop\/es\/wp-json\/wp\/v2\/types\/product"}],"replies":[{"embeddable":true,"href":"https:\/\/eudoxie.shop\/es\/wp-json\/wp\/v2\/comments?post=13343"}],"wp:featuredmedia":[{"embeddable":true,"href":"https:\/\/eudoxie.shop\/es\/wp-json\/wp\/v2\/media\/15251"}],"wp:attachment":[{"href":"https:\/\/eudoxie.shop\/es\/wp-json\/wp\/v2\/media?parent=13343"}],"wp:term":[{"taxonomy":"product_brand","embeddable":true,"href":"https:\/\/eudoxie.shop\/es\/wp-json\/wp\/v2\/product_brand?post=13343"},{"taxonomy":"product_cat","embeddable":true,"href":"https:\/\/eudoxie.shop\/es\/wp-json\/wp\/v2\/product_cat?post=13343"},{"taxonomy":"product_tag","embeddable":true,"href":"https:\/\/eudoxie.shop\/es\/wp-json\/wp\/v2\/product_tag?post=13343"}],"curies":[{"name":"wp","href":"https:\/\/api.w.org\/{rel}","templated":true}]}}