{"id":14568,"date":"2022-03-21T16:18:13","date_gmt":"2022-03-21T15:18:13","guid":{"rendered":"https:\/\/eudoxie.shop\/?post_type=product&#038;p=14568"},"modified":"2026-04-10T23:01:31","modified_gmt":"2026-04-10T21:01:31","slug":"veste-moto-amy-aa","status":"publish","type":"product","link":"https:\/\/eudoxie.shop\/es\/produit\/veste-moto-amy-aa\/","title":{"rendered":"Veste moto femme en cuir homologu\u00e9e AA &#8211; Amy"},"content":{"rendered":"<h1 style=\"text-align: center;\">Veste moto cuir homologu\u00e9e AA &#8211; Amy<\/h1>\n<p data-start=\"62\" data-end=\"371\">Toutes nos vestes sont fabriqu\u00e9es <strong data-start=\"96\" data-end=\"112\">\u00e0 la demande<\/strong>, sp\u00e9cialement pour vous. Il faut compter <strong data-start=\"154\" data-end=\"182\">environ un mois de d\u00e9lai<\/strong> pour recevoir votre pi\u00e8ce, le temps de la confectionner avec toute l\u2019attention qu\u2019elle m\u00e9rite.<br data-start=\"277\" data-end=\"280\" \/>Cette approche nous permet aussi de produire de fa\u00e7on plus raisonn\u00e9e, sans surplus inutile.<\/p>\n<p data-start=\"373\" data-end=\"440\" data-is-last-node=\"\" data-is-only-node=\"\">Avec Eudoxie, vous recevez une veste unique, cr\u00e9\u00e9e juste pour vous.<\/p>\n<p style=\"text-align: left;\">Tu ne trouves pas ta taille ou un produit n&rsquo;est plus disponible ? \u00c9cris nous \u00e0 <a href=\"mailto:lady@eudoxie.fr\"><strong>lady@eudoxie.fr<\/strong> <\/a>, nous trouverons la solution !<\/p>\n<div class=\"accordion\">\n\t<div id=\"accordion-1176080069\" class=\"accordion-item\">\n\t\t<a id=\"accordion-1176080069-label\" class=\"accordion-title plain\" href=\"#accordion-item-homologation\" aria-expanded=\"false\" aria-controls=\"accordion-1176080069-content\">\n\t\t\t<button class=\"toggle\" aria-label=\"Toggle\"><i class=\"icon-angle-down\" aria-hidden=\"true\"><\/i><\/button>\n\t\t\t<span>HOMOLOGATION<\/span>\n\t\t<\/a>\n\t\t<div id=\"accordion-1176080069-content\" class=\"accordion-inner\" aria-labelledby=\"accordion-1176080069-label\">\n\t\t\t\n<p style=\"text-align: center;\"><img loading=\"lazy\" decoding=\"async\" class=\"alignnone wp-image-17851\" src=\"https:\/\/eudoxie.shop\/wp-content\/uploads\/2023\/06\/homologation-aa-1.jpg\" alt=\"Homologation Aa\" width=\"154\" height=\"263\" \/><\/p>\n<p style=\"text-align: center;\">Veste en cuir moto homologu\u00e9e de niveau AA et aux normes europ\u00e9ennes CE<\/p>\n\t\t<\/div>\n\t<\/div>\n\t\n\t<div id=\"accordion-2780930707\" class=\"accordion-item\">\n\t\t<a id=\"accordion-2780930707-label\" class=\"accordion-title plain\" href=\"#accordion-item-guide-des-tailles\" aria-expanded=\"false\" aria-controls=\"accordion-2780930707-content\">\n\t\t\t<button class=\"toggle\" aria-label=\"Toggle\"><i class=\"icon-angle-down\" aria-hidden=\"true\"><\/i><\/button>\n\t\t\t<span>GUIDE DES TAILLES<\/span>\n\t\t<\/a>\n\t\t<div id=\"accordion-2780930707-content\" class=\"accordion-inner\" aria-labelledby=\"accordion-2780930707-label\">\n\t\t\t\n<p>Prendre sa taille habituelle (entre 2 prendre la plus grande)<\/p>\n<p><em>Sur les photos, Sophie la mannequin porte du S, elle mesure 1m72. Concernant la taille, puisque c&rsquo;est une veste coqu\u00e9e, nous vous conseillons de prendre la taille au dessus des vestes que vous prenez habituellement.<\/em><\/p>\n<p><img loading=\"lazy\" decoding=\"async\" class=\"alignnone size-medium wp-image-11315\" src=\"https:\/\/eudoxie.shop\/wp-content\/uploads\/2020\/10\/EUDOXIE-grille-taille-size-grid-600x321.jpg\" alt=\"Eudoxie Grille Taille Size Grid\" width=\"600\" height=\"321\" srcset=\"https:\/\/eudoxie.shop\/wp-content\/uploads\/2020\/10\/EUDOXIE-grille-taille-size-grid-600x321.jpg 600w, https:\/\/eudoxie.shop\/wp-content\/uploads\/2020\/10\/EUDOXIE-grille-taille-size-grid-350x187.jpg 350w, https:\/\/eudoxie.shop\/wp-content\/uploads\/2020\/10\/EUDOXIE-grille-taille-size-grid-768x411.jpg 768w, https:\/\/eudoxie.shop\/wp-content\/uploads\/2020\/10\/EUDOXIE-grille-taille-size-grid-610x326.jpg 610w, https:\/\/eudoxie.shop\/wp-content\/uploads\/2020\/10\/EUDOXIE-grille-taille-size-grid-800x428.jpg 800w, https:\/\/eudoxie.shop\/wp-content\/uploads\/2020\/10\/EUDOXIE-grille-taille-size-grid.jpg 866w\" sizes=\"auto, (max-width: 600px) 100vw, 600px\" \/><\/p>\n<p><img loading=\"lazy\" decoding=\"async\" class=\"alignnone size-full wp-image-10679\" src=\"https:\/\/eudoxie.shop\/wp-content\/uploads\/2020\/10\/SIZE-GRID-leather-jacket.jpg\" alt=\"Size Grid Leather Jacket\" width=\"425\" height=\"184\" srcset=\"https:\/\/eudoxie.shop\/wp-content\/uploads\/2020\/10\/SIZE-GRID-leather-jacket.jpg 425w, https:\/\/eudoxie.shop\/wp-content\/uploads\/2020\/10\/SIZE-GRID-leather-jacket-350x152.jpg 350w\" sizes=\"auto, (max-width: 425px) 100vw, 425px\" \/><\/p>\n\t\t<\/div>\n\t<\/div>\n\t\n\t<div id=\"accordion-782534679\" class=\"accordion-item\">\n\t\t<a id=\"accordion-782534679-label\" class=\"accordion-title plain\" href=\"#accordion-item-livraison-et-retours\" aria-expanded=\"false\" aria-controls=\"accordion-782534679-content\">\n\t\t\t<button class=\"toggle\" aria-label=\"Toggle\"><i class=\"icon-angle-down\" aria-hidden=\"true\"><\/i><\/button>\n\t\t\t<span>LIVRAISON ET RETOURS<\/span>\n\t\t<\/a>\n\t\t<div id=\"accordion-782534679-content\" class=\"accordion-inner\" aria-labelledby=\"accordion-782534679-label\">\n\t\t\t\n<p><img loading=\"lazy\" decoding=\"async\" class=\"wp-image-17461 aligncenter\" src=\"https:\/\/eudoxie.shop\/wp-content\/uploads\/2023\/04\/reassurance-telephone-600x637.jpg\" alt=\"Reassurance Telephone\" width=\"377\" height=\"400\" srcset=\"https:\/\/eudoxie.shop\/wp-content\/uploads\/2023\/04\/reassurance-telephone-600x637.jpg 600w, https:\/\/eudoxie.shop\/wp-content\/uploads\/2023\/04\/reassurance-telephone-1050x1115.jpg 1050w, https:\/\/eudoxie.shop\/wp-content\/uploads\/2023\/04\/reassurance-telephone-350x372.jpg 350w, https:\/\/eudoxie.shop\/wp-content\/uploads\/2023\/04\/reassurance-telephone-768x816.jpg 768w, https:\/\/eudoxie.shop\/wp-content\/uploads\/2023\/04\/reassurance-telephone-800x850.jpg 800w, https:\/\/eudoxie.shop\/wp-content\/uploads\/2023\/04\/reassurance-telephone.jpg 1176w\" sizes=\"auto, (max-width: 377px) 100vw, 377px\" \/><\/p>\n<ul>\n<li>Possibilit\u00e9 de remboursement sous 14 jours apr\u00e8s r\u00e9ception<\/li>\n<li>Garantie 1 an<\/li>\n<\/ul>\n\t\t<\/div>\n\t<\/div>\n\t\n<\/div>\n\t<div class=\"box has-hover   has-hover box-text-bottom\" >\n\n\t\t<div class=\"box-image\" >\n\t\t\t\t\t\t<div class=\"\" >\n\t\t\t\t\t\t\t\t\t\t\t\t\t\t\t<\/div>\n\t\t\t\t\t<\/div>\n\n\t\t<div class=\"box-text text-center\" style=\"background-color:rgb(33, 33, 33);\">\n\t\t\t<div class=\"box-text-inner\">\n\t\t\t\t\n\t<div id=\"text-502547178\" class=\"text\">\n\t\t\n<h1>HOMOLOGU\u00c9E AA<\/h1>\n<h1>&amp; COQUES INT\u00c9GR\u00c9ES<\/h1>\n<p>Une homologation optimale, conforme aux normes europ\u00e9ennes. Une s\u00e9curit\u00e9 accrue gr\u00e2ce \u00e0 ses protections int\u00e9gr\u00e9es aux coudes, aux \u00e9paules et au dos.<br \/>\n\t\t\n<style>\n#text-502547178 {\n  color: rgb(255, 255, 255);\n}\n#text-502547178 > * {\n  color: rgb(255, 255, 255);\n}\n<\/style>\n\t<\/div>\n\t\n\t\t\t<\/div>\n\t\t<\/div>\n\t<\/div>\n\t\n\t<div class=\"box has-hover   has-hover box-text-bottom\" >\n\n\t\t<div class=\"box-image\" >\n\t\t\t\t\t\t<div class=\"\" >\n\t\t\t\t\t\t\t\t\t\t\t\t\t\t\t<\/div>\n\t\t\t\t\t<\/div>\n\n\t\t<div class=\"box-text text-center\" style=\"background-color:rgb(33, 33, 33);\">\n\t\t\t<div class=\"box-text-inner\">\n\t\t\t\t\n\t<div id=\"text-4175374941\" class=\"text\">\n\t\t\n<h1>5 POCHES &amp; COL REFERMABLE<\/h1>\n<p>Que vous soyez une bikeuse exp\u00e9riment\u00e9e ou que vous commenciez tout juste \u00e0 explorer les routes, cette veste en cuir Burn est un choix id\u00e9al pour une protection optimale et un style ind\u00e9modable<br \/>\n\t\t\n<style>\n#text-4175374941 {\n  color: rgb(255, 255, 255);\n}\n#text-4175374941 > * {\n  color: rgb(255, 255, 255);\n}\n<\/style>\n\t<\/div>\n\t\n\t\t\t<\/div>\n\t\t<\/div>\n\t<\/div>\n\t\n\t<div class=\"box has-hover   has-hover box-text-bottom\" >\n\n\t\t<div class=\"box-image\" >\n\t\t\t\t\t\t<div class=\"\" >\n\t\t\t\t\t\t\t\t\t\t\t\t\t\t\t<\/div>\n\t\t\t\t\t<\/div>\n\n\t\t<div class=\"box-text text-center\" style=\"background-color:rgb(33, 33, 33);\">\n\t\t\t<div class=\"box-text-inner\">\n\t\t\t\t\n\t<div id=\"text-733316240\" class=\"text\">\n\t\t\n<h1>CUIR DE VACHETTE PLEINE FLEUR<\/h1>\n<p>Une circulation d\u2019air optimale pour un confort maximal, m\u00eame par temps chaud. La finition premium et ses manches ajustables \u00e9pouseront la morphologie des femmes.<br \/>\n\t\t\n<style>\n#text-733316240 {\n  color: rgb(255, 255, 255);\n}\n#text-733316240 > * {\n  color: rgb(255, 255, 255);\n}\n<\/style>\n\t<\/div>\n\t\n\t\t\t<\/div>\n\t\t<\/div>\n\t<\/div>\n\t\n<div class=\"container section-title-container\" style=\"margin-top:10px;margin-bottom:-2px;\"><h1 class=\"section-title section-title-center\"><b aria-hidden=\"true\"><\/b><span class=\"section-title-main\" >LE COMBO PARFAIT<\/span><b aria-hidden=\"true\"><\/b><\/h1><\/div>\n\t\n  \n    <div class=\"row large-columns-4 medium-columns-3 small-columns-2 row-small has-shadow row-box-shadow-3-hover slider row-slider slider-nav-reveal slider-nav-push\"  data-flickity-options='{&quot;imagesLoaded&quot;: true, &quot;groupCells&quot;: &quot;100%&quot;, &quot;dragThreshold&quot; : 5, &quot;cellAlign&quot;: &quot;left&quot;,&quot;wrapAround&quot;: true,&quot;prevNextButtons&quot;: true,&quot;percentPosition&quot;: true,&quot;pageDots&quot;: false, &quot;rightToLeft&quot;: false, &quot;autoPlay&quot; : false}' >\n\n  \n\t     <div class=\"product-small col has-hover product type-product post-16067 status-publish first instock product_cat-cadeau-100-a-200 product_cat-gants has-post-thumbnail featured taxable shipping-taxable purchasable product-type-variable\">\n\t<div class=\"col-inner\">\n\t\n<div class=\"badge-container absolute left top z-1\">\n\n<\/div>\n\t<div class=\"product-small box\">\n\t\t<div class=\"box-image\">\n\t\t\t<div class=\"image-fade_in_back\">\n\t\t\t\t<a href=\"https:\/\/eudoxie.shop\/es\/produit\/gants-eudoxie-jody-beth\/\">\n\t\t\t\t\t<img loading=\"lazy\" decoding=\"async\" width=\"350\" height=\"525\" src=\"https:\/\/eudoxie.shop\/wp-content\/uploads\/2022\/10\/G-JODY-BETH-12-350x525.jpg\" class=\"attachment-woocommerce_thumbnail size-woocommerce_thumbnail\" alt=\"G Jody Beth 12\" \/><img loading=\"lazy\" decoding=\"async\" width=\"350\" height=\"525\" src=\"https:\/\/eudoxie.shop\/wp-content\/uploads\/2022\/10\/G-JODY-BETH-2-350x525.jpg\" class=\"show-on-hover absolute fill hide-for-small back-image\" alt=\"Gants Eudoxie Jody Beth\" aria-hidden=\"true\" \/>\t\t\t\t<\/a>\n\t\t\t<\/div>\n\t\t\t<div class=\"image-tools is-small top right show-on-hover\">\n\t\t\t\t\t\t\t<\/div>\n\t\t\t<div class=\"image-tools is-small hide-for-small bottom left show-on-hover\">\n\t\t\t\t\t\t\t<\/div>\n\t\t\t<div class=\"image-tools grid-tools text-center hide-for-small bottom hover-slide-in show-on-hover\">\n\t\t\t\t<a href=\"https:\/\/eudoxie.shop\/es\/produit\/gants-eudoxie-jody-beth\/\" aria-describedby=\"woocommerce_loop_add_to_cart_link_describedby_16067\" data-quantity=\"1\" class=\"add-to-cart-grid no-padding is-transparent product_type_variable add_to_cart_button\" data-product_id=\"16067\" data-product_sku=\"G-JODY-BETH\" aria-label=\"Elige las opciones para \u201cGants moto homologu\u00e9s 1KP Eudoxie Jody Beth\u201d\" rel=\"nofollow\" data-no-translation-aria-label=\"\"><div class=\"cart-icon tooltip is-small\" title=\"Seleccionar opciones\" data-no-translation-title=\"\"><strong>+<\/strong><\/div><\/a>\t<span id=\"woocommerce_loop_add_to_cart_link_describedby_16067\" class=\"screen-reader-text\">\n\t\tEste producto tiene m\u00faltiples variantes. Las opciones se pueden elegir en la p\u00e1gina de producto\t<\/span>\n<a href=\"#quick-view\" class=\"quick-view\" role=\"button\" data-prod=\"16067\" aria-haspopup=\"dialog\" aria-expanded=\"false\" data-flatsome-role-button>Vista R\u00e1pida<\/a>\t\t\t<\/div>\n\t\t\t\t\t<\/div>\n\n\t\t<div class=\"box-text box-text-products text-center grid-style-2\">\n\t\t\t<div class=\"title-wrapper\"><p class=\"name product-title woocommerce-loop-product__title\"><a href=\"https:\/\/eudoxie.shop\/es\/produit\/gants-eudoxie-jody-beth\/\" class=\"woocommerce-LoopProduct-link woocommerce-loop-product__link\">Gants moto homologu\u00e9s 1KP Eudoxie Jody Beth<\/a><\/p><\/div><div class=\"price-wrapper\">\n\t<span class=\"price\"><span class=\"woocommerce-Price-amount amount\"><bdi>119.00<span class=\"woocommerce-Price-currencySymbol\">\u20ac<\/span><\/bdi><\/span><\/span>\n<\/div>\t\t<\/div>\n\t<\/div>\n\t<span class=\"gtm4wp_productdata\" style=\"display:none; visibility:hidden;\" data-gtm4wp_product_data=\"{&quot;internal_id&quot;:16067,&quot;item_id&quot;:16067,&quot;item_name&quot;:&quot;Gants moto homologu\\u00e9s 1KP Eudoxie Jody Beth&quot;,&quot;sku&quot;:&quot;G-JODY-BETH&quot;,&quot;price&quot;:119,&quot;stocklevel&quot;:null,&quot;stockstatus&quot;:&quot;instock&quot;,&quot;google_business_vertical&quot;:&quot;retail&quot;,&quot;item_category&quot;:&quot;Id\\u00e9es Cadeau Moto&quot;,&quot;item_category2&quot;:&quot;Cadeau 100 \\u00e0 200\\u20ac&quot;,&quot;id&quot;:16067,&quot;productlink&quot;:&quot;https:\\\/\\\/eudoxie.shop\\\/es\\\/produit\\\/gants-eudoxie-jody-beth\\\/&quot;,&quot;item_list_name&quot;:&quot;Lista general de productos&quot;,&quot;index&quot;:1,&quot;product_type&quot;:&quot;variable&quot;,&quot;item_brand&quot;:&quot;&quot;}\"><\/span>\t<\/div>\n<\/div><div class=\"product-small col has-hover product type-product post-13343 status-publish instock product_cat-cadeau-moto-50-a-100 product_cat-niveau-1 product_cat-operation-girl-power has-post-thumbnail taxable shipping-taxable purchasable product-type-variable\">\n\t<div class=\"col-inner\">\n\t\n<div class=\"badge-container absolute left top z-1\">\n\n<\/div>\n\t<div class=\"product-small box\">\n\t\t<div class=\"box-image\">\n\t\t\t<div class=\"image-fade_in_back\">\n\t\t\t\t<a href=\"https:\/\/eudoxie.shop\/es\/produit\/gants-eudoxie-pop\/\">\n\t\t\t\t\t<img loading=\"lazy\" decoding=\"async\" width=\"350\" height=\"525\" src=\"https:\/\/eudoxie.shop\/wp-content\/uploads\/2021\/09\/G-LIZZY-POP-11-1-350x525.jpg\" class=\"attachment-woocommerce_thumbnail size-woocommerce_thumbnail\" alt=\"G Lizzy Pop (1)1\" \/><img loading=\"lazy\" decoding=\"async\" width=\"350\" height=\"525\" src=\"https:\/\/eudoxie.shop\/wp-content\/uploads\/2021\/09\/G-LIZZY-POP-3-350x525.jpg\" class=\"show-on-hover absolute fill hide-for-small back-image\" alt=\"Gants eudoxie pop\" aria-hidden=\"true\" \/>\t\t\t\t<\/a>\n\t\t\t<\/div>\n\t\t\t<div class=\"image-tools is-small top right show-on-hover\">\n\t\t\t\t\t\t\t<\/div>\n\t\t\t<div class=\"image-tools is-small hide-for-small bottom left show-on-hover\">\n\t\t\t\t\t\t\t<\/div>\n\t\t\t<div class=\"image-tools grid-tools text-center hide-for-small bottom hover-slide-in show-on-hover\">\n\t\t\t\t<a href=\"https:\/\/eudoxie.shop\/es\/produit\/gants-eudoxie-pop\/\" aria-describedby=\"woocommerce_loop_add_to_cart_link_describedby_13343\" data-quantity=\"1\" class=\"add-to-cart-grid no-padding is-transparent product_type_variable add_to_cart_button\" data-product_id=\"13343\" data-product_sku=\"G-LIZZY-POP\" aria-label=\"Elige las opciones para \u201cGants homologu\u00e9s Eudoxie Pop\u201d\" rel=\"nofollow\" data-no-translation-aria-label=\"\"><div class=\"cart-icon tooltip is-small\" title=\"Seleccionar opciones\" data-no-translation-title=\"\"><strong>+<\/strong><\/div><\/a>\t<span id=\"woocommerce_loop_add_to_cart_link_describedby_13343\" class=\"screen-reader-text\">\n\t\tEste producto tiene m\u00faltiples variantes. Las opciones se pueden elegir en la p\u00e1gina de producto\t<\/span>\n<a href=\"#quick-view\" class=\"quick-view\" role=\"button\" data-prod=\"13343\" aria-haspopup=\"dialog\" aria-expanded=\"false\" data-flatsome-role-button>Vista R\u00e1pida<\/a>\t\t\t<\/div>\n\t\t\t\t\t<\/div>\n\n\t\t<div class=\"box-text box-text-products text-center grid-style-2\">\n\t\t\t<div class=\"title-wrapper\"><p class=\"name product-title woocommerce-loop-product__title\"><a href=\"https:\/\/eudoxie.shop\/es\/produit\/gants-eudoxie-pop\/\" class=\"woocommerce-LoopProduct-link woocommerce-loop-product__link\">Gants homologu\u00e9s Eudoxie Pop<\/a><\/p><\/div><div class=\"price-wrapper\">\n\t<span class=\"price\"><span class=\"woocommerce-Price-amount amount\"><bdi>95.00<span class=\"woocommerce-Price-currencySymbol\">\u20ac<\/span><\/bdi><\/span><\/span>\n<\/div>\t\t<\/div>\n\t<\/div>\n\t<span class=\"gtm4wp_productdata\" style=\"display:none; visibility:hidden;\" data-gtm4wp_product_data=\"{&quot;internal_id&quot;:13343,&quot;item_id&quot;:13343,&quot;item_name&quot;:&quot;Gants homologu\\u00e9s Eudoxie Pop&quot;,&quot;sku&quot;:&quot;G-LIZZY-POP&quot;,&quot;price&quot;:95,&quot;stocklevel&quot;:null,&quot;stockstatus&quot;:&quot;instock&quot;,&quot;google_business_vertical&quot;:&quot;retail&quot;,&quot;item_category&quot;:&quot;Id\\u00e9es Cadeau Moto&quot;,&quot;item_category2&quot;:&quot;Cadeau moto 50 \\u00e0 100\\u20ac&quot;,&quot;id&quot;:13343,&quot;productlink&quot;:&quot;https:\\\/\\\/eudoxie.shop\\\/es\\\/produit\\\/gants-eudoxie-pop\\\/&quot;,&quot;item_list_name&quot;:&quot;Lista general de productos&quot;,&quot;index&quot;:2,&quot;product_type&quot;:&quot;variable&quot;,&quot;item_brand&quot;:&quot;&quot;}\"><\/span>\t<\/div>\n<\/div><\/div>\n<div class=\"container section-title-container\" style=\"margin-top:-20px;margin-bottom:-5px;\"><h1 class=\"section-title section-title-center\"><b aria-hidden=\"true\"><\/b><span class=\"section-title-main\" >AVIS<\/span><b aria-hidden=\"true\"><\/b><\/h1><\/div>\n  <div class=\"icon-box testimonial-box icon-box-left text-left\">\n                <div class=\"icon-box-text p-last-0\">\n          <div class=\"star-rating\" role=\"img\" aria-label=\"Rated 4 out of 5\"><span style=\"width:75%\"><strong class=\"rating\"><\/strong><\/span><\/div>  \t\t\t\t<div class=\"testimonial-text line-height-small italic test_text first-reset last-reset is-italic\">\n            \n<h3>Veste de qualit\u00e9<\/h3>\n<p>On sent tout le soin qui a \u00e9t\u00e9 apport\u00e9 \u00e0 cette veste. Le cuir est agr\u00e9able \u00e0 porter et les coques sont r\u00e9sistantes. Tr\u00e8s belle acquisition<strong> &#8211; Lea T.<\/strong><\/p>\n          <\/div>\n          <div class=\"testimonial-meta pt-half\">\n             <strong class=\"testimonial-name test_name\"><\/strong>\n                          <span class=\"testimonial-company test_company\"><\/span>\n          <\/div>\n        <\/div>\n  <\/div>\n\n  \n  <div class=\"icon-box testimonial-box icon-box-left text-left\">\n                <div class=\"icon-box-text p-last-0\">\n          <div class=\"star-rating\" role=\"img\" aria-label=\"Rated 5 out of 5\"><span style=\"width:100%\"><strong class=\"rating\"><\/strong><\/span><\/div>  \t\t\t\t<div class=\"testimonial-text line-height-small italic test_text first-reset last-reset is-italic\">\n            \n<h3>Tr\u00e8s bonne veste<\/h3>\n<p>Un design sobre mais qui fait son effet et SURTOUT qui met en valeur ma silhouette. Tr\u00e8s bonne protection, je suis conquise<strong> &#8211; Amandine S.<\/strong><\/p>\n          <\/div>\n          <div class=\"testimonial-meta pt-half\">\n             <strong class=\"testimonial-name test_name\"><\/strong>\n                          <span class=\"testimonial-company test_company\"><\/span>\n          <\/div>\n        <\/div>\n  <\/div>\n\n  \n<div class=\"container section-title-container\" style=\"margin-bottom:-2px;\"><h1 class=\"section-title section-title-center\"><b aria-hidden=\"true\"><\/b><span class=\"section-title-main\" >SP\u00c9CIFICIT\u00c9S<\/span><b aria-hidden=\"true\"><\/b><\/h1><\/div>\n<h3>Description du produit<\/h3>\n<p>Nous avons longuement travaill\u00e9 avec notre laboratoire partenaire pour vous proposer LA veste parfaite. La veste AMY est aux normes CE, homologu\u00e9e AA. Pour diff\u00e9rencier les niveaux de protection d\u2019un blouson moto, ce sont principalement la dur\u00e9e de r\u00e9sistance \u00e0 l\u2019abrasion et \u00e0 la d\u00e9chirure qui est test\u00e9e. Ici nous avons opt\u00e9 pour le AA, qui est le troisi\u00e8me niveau de protection le plus \u00e9lev\u00e9. Avec celle-ci tu rouleras en s\u00e9curit\u00e9, en toute simplicit\u00e9 (et toujours styl\u00e9e ! \ud83d\ude09 ).<\/p>\n<p>Le cuir de notre veste AMY est dit \u00ab\u00a0pleine fleur\u00a0\u00bb. Nous avons choisi\u00a0<span class=\"ac-designer-copy\">un cuir sup\u00e9rieur,<\/span>\u00a0le must du must en la mati\u00e8re : c&rsquo;est un cuir <span class=\"ac-designer-copy\">plus dense, plus r\u00e9sistant \u00e0 l&rsquo;abrasion<\/span>\u00a0mais aussi plus\u00a0<span class=\"ac-designer-copy\">doux<\/span>. Un cuir qui, au fil du temps d\u00e9veloppera une\u00a0<span class=\"ac-designer-copy\">belle patine<\/span>.<\/p>\n<p>Concernant les poches internes, elles sont fabriqu\u00e9es et certifi\u00e9es de mani\u00e8re \u00e0 pouvoir int\u00e9grer des protections. Les protections de niveau 1 sont incluses dans la veste et comme nous aimons faire les choses jusqu&rsquo;au bout la dorsale \u00e9galement. Sinon, Eudoxie te propose aussi les niveau 2 pour encore plus de s\u00e9curit\u00e9 <a href=\"https:\/\/eudoxie.shop\/es\/collection\/coleccion-tecnica\/protections\/?wmc-currency=EUR\">ICI<\/a> ! Chacune de nos protections est homologu\u00e9e (Norme CE: EN 1621-1 2012\/ LEVEL 1 ou LEVEL 2) Pour plus de confort, vous aurez la possibilit\u00e9 de les extraire facilement du cuir gr\u00e2ce \u00e0 des poches \u00e0 scratch int\u00e9gr\u00e9e \u00e0 l&rsquo;int\u00e9rieur de la veste.<\/p>\n<p>En terme de <span class=\"ac-designer-copy\">caract\u00e9ristiques techniques, nous n&rsquo;avons rien laiss\u00e9 de c\u00f4t\u00e9 pour la veste AMY : <\/span>coutures plus r\u00e9sistantes, mati\u00e8res test\u00e9es abrasion, d\u00e9chirement&#8230; tout est v\u00e9rifi\u00e9 pour valider la certification AA et ainsi rouler encore plus s\u00e9curis\u00e9e.<\/p>\n<p>En bref, la protection est primordiale, mais nous n&rsquo;avons pas voulu mettre de c\u00f4t\u00e9 la qualit\u00e9 de cette veste, un \u00e9l\u00e9ment indispensable pour nous ! Sa coupe type \u00ab\u00a0perfecto\u00a0\u00bb te permettra de l&rsquo;associer \u00e0 toutes tes tenues. La veste Amy est un perfecto basique, mais avec une coupe dont tu ne pourras plus te passer !<\/p>\n<p>Concernant le design du cuir Amy il y a \u00e0 l&rsquo;int\u00e9rieur, une \u00e9tiquette y est brod\u00e9e avec notre fameux \u00ab\u00a0Unchained lady Eudoxie\u00a0\u00bb toujours pr\u00e9sent afin de faire ressortir ton appartenance au crew Eudoxie !<\/p>\n<p>Pour donner toujours plus de look \u00e0 notre cuir, nous y avons int\u00e9gr\u00e9 \u00e9galement \u00e0 l&rsquo;int\u00e9rieur du soufflet des manches un Eudoxie. \u00c0 la fois discret et subtil, le logo n&rsquo;est visible que lorsque le soufflet est ouvert. Vous aurez un vrai look rock, en moto ou \u00e0 pieds ! Chaque finition du cuir \u00ab\u00a0Amy\u00a0\u00bb a \u00e9t\u00e9 pens\u00e9 m\u00e9ticuleusement : Sa coupe, ses passants pour int\u00e9grer une ceinture, ou encore ses boutons sont combin\u00e9s pour vous donner LE look parfait.<\/p>\n<p>La doublure en satin matelass\u00e9 est douce et confortable, nous avons ajout\u00e9 une poche int\u00e9rieure qui se ferme, pratique pour vous permettre de ne pas vous encombrer.<\/p>\n<h3>Parfaite pour l&rsquo;offrir, ou se faire plaisir !<\/h3>\n<p>Cette veste est parfaite \u00e0 offrir et ainsi prot\u00e9ger son heureuse \u00e9lue ! Si vous souhaitez aussi vous faire votre propre cadeau, elle sera \u00e9galement id\u00e9ale pour vous accompagner sur les routes !<\/p>\n<p>Une veste qui vous accompagnera pour de longues prochaines ann\u00e9es, sans vous faire d\u00e9faut !<\/p>\n<p>Sur les photos, Sophie la mannequin porte du S, elle mesure 1m72. Tu peux commander ta veste habituelle, concernant la taille si tu as un doute,\u00a0 ou si celle-ci ne convient pas, pas de panique, vous pouvez nous la renvoyer sous 14 jours !<\/p>\n<p>La veste en cuir \u00ab\u00a0Amy\u00a0\u00bb, vous allez l&rsquo;adorer, perso, nous on en est fan !<\/p>\n<p>Sinon, pour retrouver toutes nos aventures, go sur notre <a href=\"https:\/\/www.instagram.com\/eudoxie_motorcycle_label\/?hl=fr\" target=\"_blank\" rel=\"noopener\">instagram<\/a> !<\/p>","protected":false},"excerpt":{"rendered":"<p><a href=\"#guide-tailles\"><img loading=\"lazy\" decoding=\"async\" class=\"alignnone wp-image-19909\" src=\"https:\/\/eudoxie.shop\/wp-content\/uploads\/2023\/03\/bouton-gdt.png\" alt=\"\" width=\"206\" height=\"48\" data-wp-editing=\"1\" \/><\/a><\/p>\n<ul>\n<li style=\"text-align: left;\">Cuir de vachette pleine fleur<\/li>\n<li style=\"text-align: left;\">Veste CE homologu\u00e9e AA test\u00e9e en laboratoire<\/li>\n<li style=\"text-align: left;\">Boutons pressions emboss\u00e9s Eudoxie<\/li>\n<li style=\"text-align: left;\">5 poches avec coques int\u00e9gr\u00e9es (dorsale, coudes, \u00e9paules comprise)<\/li>\n<li style=\"text-align: left;\">Finitions premium<\/li>\n<li style=\"text-align: left;\">Int\u00e9rieur matelass\u00e9 et satin\u00e9<\/li>\n<li>Toutes nos vestes sont fabriqu\u00e9es \u00e0 la demande (environ un mois de d\u00e9lai), pour une production raisonn\u00e9e et une pi\u00e8ce cr\u00e9\u00e9e sp\u00e9cialement pour vous.<\/li>\n<\/ul>","protected":false},"featured_media":14712,"comment_status":"open","ping_status":"closed","template":"","meta":[],"product_brand":[],"product_cat":[437,368,411,410,383],"product_tag":[367],"class_list":{"0":"post-14568","1":"product","2":"type-product","3":"status-publish","4":"has-post-thumbnail","6":"product_cat-cadeau-premium","7":"product_cat-collection-technique","8":"product_cat-soldes","9":"product_cat-vestes-moto-homologuees-niveau-aa","10":"product_cat-vestes-homologuees","11":"product_tag-brouillon","13":"last","14":"instock","15":"taxable","16":"shipping-taxable","17":"purchasable","18":"product-type-variable","19":"has-default-attributes"},"supplier_id":null,"supplier_sku":"","barcode":null,"atum_controlled":true,"out_stock_date":null,"out_stock_threshold":null,"inheritable":true,"inbound_stock":0,"stock_on_hold":7,"sold_today":0,"sales_last_days":0,"reserved_stock":0,"customer_returns":0,"warehouse_damage":0,"lost_in_post":0,"other_logs":0,"out_stock_days":0,"lost_sales":0,"has_location":false,"update_date":"2026-04-17T00:30:56","atum_locations":[],"atum_stock_status":"instock","restock_status":false,"low_stock_amount":"","sales_update_date":"2026-04-17T00:30:56","calc_backorders":null,"_links":{"self":[{"href":"https:\/\/eudoxie.shop\/es\/wp-json\/wp\/v2\/product\/14568","targetHints":{"allow":["GET"]}}],"collection":[{"href":"https:\/\/eudoxie.shop\/es\/wp-json\/wp\/v2\/product"}],"about":[{"href":"https:\/\/eudoxie.shop\/es\/wp-json\/wp\/v2\/types\/product"}],"replies":[{"embeddable":true,"href":"https:\/\/eudoxie.shop\/es\/wp-json\/wp\/v2\/comments?post=14568"}],"wp:featuredmedia":[{"embeddable":true,"href":"https:\/\/eudoxie.shop\/es\/wp-json\/wp\/v2\/media\/14712"}],"wp:attachment":[{"href":"https:\/\/eudoxie.shop\/es\/wp-json\/wp\/v2\/media?parent=14568"}],"wp:term":[{"taxonomy":"product_brand","embeddable":true,"href":"https:\/\/eudoxie.shop\/es\/wp-json\/wp\/v2\/product_brand?post=14568"},{"taxonomy":"product_cat","embeddable":true,"href":"https:\/\/eudoxie.shop\/es\/wp-json\/wp\/v2\/product_cat?post=14568"},{"taxonomy":"product_tag","embeddable":true,"href":"https:\/\/eudoxie.shop\/es\/wp-json\/wp\/v2\/product_tag?post=14568"}],"curies":[{"name":"wp","href":"https:\/\/api.w.org\/{rel}","templated":true}]}}