{"id":14662,"date":"2022-03-30T16:28:17","date_gmt":"2022-03-30T14:28:17","guid":{"rendered":"https:\/\/eudoxie.shop\/?post_type=product&#038;p=14662"},"modified":"2026-03-15T07:52:20","modified_gmt":"2026-03-15T06:52:20","slug":"veste-moto-en-cuir-suzy-homologuees-aa","status":"publish","type":"product","link":"https:\/\/eudoxie.shop\/es\/produit\/veste-moto-en-cuir-suzy-homologuees-aa\/","title":{"rendered":"Veste moto femme en cuir homologu\u00e9e AA &#8211; Suzy"},"content":{"rendered":"<h1 style=\"text-align: center;\">Veste moto cuir homologu\u00e9e AA &#8211; Suzy<\/h1>\n<p data-start=\"62\" data-end=\"371\">Toutes nos vestes sont fabriqu\u00e9es <strong data-start=\"96\" data-end=\"112\">\u00e0 la demande<\/strong>, sp\u00e9cialement pour vous. Il faut compter <strong data-start=\"154\" data-end=\"182\">environ un mois de d\u00e9lai<\/strong> pour recevoir votre pi\u00e8ce, le temps de la confectionner avec toute l\u2019attention qu\u2019elle m\u00e9rite.<br data-start=\"277\" data-end=\"280\" \/>Cette approche nous permet aussi de produire de fa\u00e7on plus raisonn\u00e9e, sans surplus inutile.<\/p>\n<p data-start=\"373\" data-end=\"440\" data-is-last-node=\"\" data-is-only-node=\"\">Avec Eudoxie, vous recevez une veste unique, cr\u00e9\u00e9e juste pour vous.<\/p>\n<p style=\"text-align: left;\">Tu ne trouves pas ta taille ou un produit n&rsquo;est plus disponible ? \u00c9cris nous \u00e0 <a href=\"mailto:lady@eudoxie.fr\"><strong>lady@eudoxie.fr<\/strong> <\/a>, nous trouverons la solution !<\/p>\n<div class=\"accordion\">\n\t<div id=\"accordion-3975474036\" class=\"accordion-item\">\n\t\t<a id=\"accordion-3975474036-label\" class=\"accordion-title plain\" href=\"#accordion-item-homologation\" aria-expanded=\"false\" aria-controls=\"accordion-3975474036-content\">\n\t\t\t<button class=\"toggle\" aria-label=\"Toggle\"><i class=\"icon-angle-down\" aria-hidden=\"true\"><\/i><\/button>\n\t\t\t<span>HOMOLOGATION<\/span>\n\t\t<\/a>\n\t\t<div id=\"accordion-3975474036-content\" class=\"accordion-inner\" aria-labelledby=\"accordion-3975474036-label\">\n\t\t\t\n<p style=\"text-align: center;\"><img loading=\"lazy\" decoding=\"async\" class=\"alignnone wp-image-17851\" src=\"https:\/\/eudoxie.shop\/wp-content\/uploads\/2023\/06\/homologation-aa-1.jpg\" alt=\"Homologation Aa\" width=\"154\" height=\"263\" \/><\/p>\n<p style=\"text-align: center;\">Veste en cuir moto homologu\u00e9e de niveau AA et aux normes europ\u00e9ennes CE<\/p>\n\t\t<\/div>\n\t<\/div>\n\t\n\t<div id=\"accordion-2710288057\" class=\"accordion-item\">\n\t\t<a id=\"accordion-2710288057-label\" class=\"accordion-title plain\" href=\"#accordion-item-guide-des-tailles\" aria-expanded=\"false\" aria-controls=\"accordion-2710288057-content\">\n\t\t\t<button class=\"toggle\" aria-label=\"Toggle\"><i class=\"icon-angle-down\" aria-hidden=\"true\"><\/i><\/button>\n\t\t\t<span>GUIDE DES TAILLES<\/span>\n\t\t<\/a>\n\t\t<div id=\"accordion-2710288057-content\" class=\"accordion-inner\" aria-labelledby=\"accordion-2710288057-label\">\n\t\t\t\n<p>Prendre sa taille habituelle (entre 2 prendre la plus grande)<\/p>\n<p><em>Sur les photos, Sophie la mannequin porte du S, elle mesure 1m72. Concernant la taille, puisque c&rsquo;est une veste coqu\u00e9e, nous vous conseillons de prendre la taille au dessus des vestes que vous prenez habituellement.<\/em><\/p>\n<p><img loading=\"lazy\" decoding=\"async\" class=\"alignnone size-medium wp-image-11315\" src=\"https:\/\/eudoxie.shop\/wp-content\/uploads\/2020\/10\/EUDOXIE-grille-taille-size-grid-600x321.jpg\" alt=\"Eudoxie Grille Taille Size Grid\" width=\"600\" height=\"321\" srcset=\"https:\/\/eudoxie.shop\/wp-content\/uploads\/2020\/10\/EUDOXIE-grille-taille-size-grid-600x321.jpg 600w, https:\/\/eudoxie.shop\/wp-content\/uploads\/2020\/10\/EUDOXIE-grille-taille-size-grid-350x187.jpg 350w, https:\/\/eudoxie.shop\/wp-content\/uploads\/2020\/10\/EUDOXIE-grille-taille-size-grid-768x411.jpg 768w, https:\/\/eudoxie.shop\/wp-content\/uploads\/2020\/10\/EUDOXIE-grille-taille-size-grid-610x326.jpg 610w, https:\/\/eudoxie.shop\/wp-content\/uploads\/2020\/10\/EUDOXIE-grille-taille-size-grid-800x428.jpg 800w, https:\/\/eudoxie.shop\/wp-content\/uploads\/2020\/10\/EUDOXIE-grille-taille-size-grid.jpg 866w\" sizes=\"auto, (max-width: 600px) 100vw, 600px\" \/><\/p>\n<p><img loading=\"lazy\" decoding=\"async\" class=\"alignnone size-full wp-image-10679\" src=\"https:\/\/eudoxie.shop\/wp-content\/uploads\/2020\/10\/SIZE-GRID-leather-jacket.jpg\" alt=\"Size Grid Leather Jacket\" width=\"425\" height=\"184\" srcset=\"https:\/\/eudoxie.shop\/wp-content\/uploads\/2020\/10\/SIZE-GRID-leather-jacket.jpg 425w, https:\/\/eudoxie.shop\/wp-content\/uploads\/2020\/10\/SIZE-GRID-leather-jacket-350x152.jpg 350w\" sizes=\"auto, (max-width: 425px) 100vw, 425px\" \/><\/p>\n\t\t<\/div>\n\t<\/div>\n\t\n\t<div id=\"accordion-4218223231\" class=\"accordion-item\">\n\t\t<a id=\"accordion-4218223231-label\" class=\"accordion-title plain\" href=\"#accordion-item-livraison-et-retours\" aria-expanded=\"false\" aria-controls=\"accordion-4218223231-content\">\n\t\t\t<button class=\"toggle\" aria-label=\"Toggle\"><i class=\"icon-angle-down\" aria-hidden=\"true\"><\/i><\/button>\n\t\t\t<span>LIVRAISON ET RETOURS<\/span>\n\t\t<\/a>\n\t\t<div id=\"accordion-4218223231-content\" class=\"accordion-inner\" aria-labelledby=\"accordion-4218223231-label\">\n\t\t\t\n<p><img loading=\"lazy\" decoding=\"async\" class=\"wp-image-17461 aligncenter\" src=\"https:\/\/eudoxie.shop\/wp-content\/uploads\/2023\/04\/reassurance-telephone-600x637.jpg\" alt=\"Reassurance Telephone\" width=\"377\" height=\"400\" srcset=\"https:\/\/eudoxie.shop\/wp-content\/uploads\/2023\/04\/reassurance-telephone-600x637.jpg 600w, https:\/\/eudoxie.shop\/wp-content\/uploads\/2023\/04\/reassurance-telephone-1050x1115.jpg 1050w, https:\/\/eudoxie.shop\/wp-content\/uploads\/2023\/04\/reassurance-telephone-350x372.jpg 350w, https:\/\/eudoxie.shop\/wp-content\/uploads\/2023\/04\/reassurance-telephone-768x816.jpg 768w, https:\/\/eudoxie.shop\/wp-content\/uploads\/2023\/04\/reassurance-telephone-800x850.jpg 800w, https:\/\/eudoxie.shop\/wp-content\/uploads\/2023\/04\/reassurance-telephone.jpg 1176w\" sizes=\"auto, (max-width: 377px) 100vw, 377px\" \/><\/p>\n<ul>\n<li>Possibilit\u00e9 de remboursement sous 14 jours apr\u00e8s r\u00e9ception<\/li>\n<li>Garantie 1 an<\/li>\n<\/ul>\n\t\t<\/div>\n\t<\/div>\n\t\n<\/div>\n\t<div class=\"box has-hover   has-hover box-text-bottom\" >\n\n\t\t<div class=\"box-image\" >\n\t\t\t\t\t\t<div class=\"\" >\n\t\t\t\t\t\t\t\t\t\t\t\t\t\t\t<\/div>\n\t\t\t\t\t<\/div>\n\n\t\t<div class=\"box-text text-center\" style=\"background-color:rgb(33, 33, 33);\">\n\t\t\t<div class=\"box-text-inner\">\n\t\t\t\t\n\t<div id=\"text-3921655120\" class=\"text\">\n\t\t\n<h1>HOMOLOGU\u00c9E AA<\/h1>\n<h1>&amp; COQUES INT\u00c9GR\u00c9ES<\/h1>\n<p>Une homologation optimale, conforme aux normes europ\u00e9ennes. Une s\u00e9curit\u00e9 accrue gr\u00e2ce \u00e0 ses protections int\u00e9gr\u00e9es aux coudes, aux \u00e9paules et au dos.<\/p>\n\t\t\n<style>\n#text-3921655120 {\n  color: rgb(255, 255, 255);\n}\n#text-3921655120 > * {\n  color: rgb(255, 255, 255);\n}\n<\/style>\n\t<\/div>\n\t\n\t\t\t<\/div>\n\t\t<\/div>\n\t<\/div>\n\t\n\t<div class=\"box has-hover   has-hover box-text-bottom\" >\n\n\t\t<div class=\"box-image\" >\n\t\t\t\t\t\t<div class=\"\" >\n\t\t\t\t\t\t\t\t\t\t\t\t\t\t\t<\/div>\n\t\t\t\t\t<\/div>\n\n\t\t<div class=\"box-text text-center\" style=\"background-color:rgb(33, 33, 33);\">\n\t\t\t<div class=\"box-text-inner\">\n\t\t\t\t\n\t<div id=\"text-2518875198\" class=\"text\">\n\t\t\n<h1>5 POCHES &amp; COL REFERMABLE<\/h1>\n<p>Que vous soyez une bikeuse exp\u00e9riment\u00e9e ou que vous commenciez tout juste \u00e0 explorer les routes, cette veste en cuir Burn est un choix id\u00e9al pour une protection optimale et un style ind\u00e9modable<\/p>\n\t\t\n<style>\n#text-2518875198 {\n  color: rgb(255, 255, 255);\n}\n#text-2518875198 > * {\n  color: rgb(255, 255, 255);\n}\n<\/style>\n\t<\/div>\n\t\n\t\t\t<\/div>\n\t\t<\/div>\n\t<\/div>\n\t\n\t<div class=\"box has-hover   has-hover box-text-bottom\" >\n\n\t\t<div class=\"box-image\" >\n\t\t\t\t\t\t<div class=\"\" >\n\t\t\t\t\t\t\t\t\t\t\t\t\t\t\t<\/div>\n\t\t\t\t\t<\/div>\n\n\t\t<div class=\"box-text text-center\" style=\"background-color:rgb(33, 33, 33);\">\n\t\t\t<div class=\"box-text-inner\">\n\t\t\t\t\n\t<div id=\"text-1084126957\" class=\"text\">\n\t\t\n<h1>CUIR DE VACHETTE PLEINE FLEUR<\/h1>\n<p>Une circulation d\u2019air optimale pour un confort maximal, m\u00eame par temps chaud. La finition premium et ses manches ajustables \u00e9pouseront la morphologie des femmes.<\/p>\n\t\t\n<style>\n#text-1084126957 {\n  color: rgb(255, 255, 255);\n}\n#text-1084126957 > * {\n  color: rgb(255, 255, 255);\n}\n<\/style>\n\t<\/div>\n\t\n\t\t\t<\/div>\n\t\t<\/div>\n\t<\/div>\n\t\n<div class=\"container section-title-container\" style=\"margin-top:10px;margin-bottom:-5px;\"><h1 class=\"section-title section-title-center\"><b aria-hidden=\"true\"><\/b><span class=\"section-title-main\" >LE COMBO PARFAIT<\/span><b aria-hidden=\"true\"><\/b><\/h1><\/div>\n\t\n  \n    <div class=\"row large-columns-4 medium-columns-3 small-columns-2 row-small has-shadow row-box-shadow-3-hover slider row-slider slider-nav-reveal slider-nav-push\"  data-flickity-options='{&quot;imagesLoaded&quot;: true, &quot;groupCells&quot;: &quot;100%&quot;, &quot;dragThreshold&quot; : 5, &quot;cellAlign&quot;: &quot;left&quot;,&quot;wrapAround&quot;: true,&quot;prevNextButtons&quot;: true,&quot;percentPosition&quot;: true,&quot;pageDots&quot;: false, &quot;rightToLeft&quot;: false, &quot;autoPlay&quot; : false}' >\n\n  <\/div>\n<div class=\"container section-title-container\" style=\"margin-top:-25px;margin-bottom:-1px;\"><h1 class=\"section-title section-title-center\"><b aria-hidden=\"true\"><\/b><span class=\"section-title-main\" >AVIS<\/span><b aria-hidden=\"true\"><\/b><\/h1><\/div>\n  <div class=\"icon-box testimonial-box icon-box-left text-left\">\n                <div class=\"icon-box-text p-last-0\">\n          <div class=\"star-rating\" role=\"img\" aria-label=\"Rated 5 out of 5\"><span style=\"width:100%\"><strong class=\"rating\"><\/strong><\/span><\/div>  \t\t\t\t<div class=\"testimonial-text line-height-small italic test_text first-reset last-reset is-italic\">\n            \n<h3>D&rsquo;ENFER<\/h3>\n<p>Je ne me suis jamais aussi bien sentie dans une veste en cuir que dans celle-ci. La coupe \u00e9pouse bien ma silhouette et les protections sont top. Tr\u00e8s satisfaite<strong> &#8211; Coralie L.<\/strong><\/p>\n          <\/div>\n          <div class=\"testimonial-meta pt-half\">\n             <strong class=\"testimonial-name test_name\"><\/strong>\n                          <span class=\"testimonial-company test_company\"><\/span>\n          <\/div>\n        <\/div>\n  <\/div>\n\n  \n<div class=\"container section-title-container\" style=\"margin-bottom:-5px;\"><h1 class=\"section-title section-title-center\"><b aria-hidden=\"true\"><\/b><span class=\"section-title-main\" >SP\u00c9CIFICIT\u00c9S<\/span><b aria-hidden=\"true\"><\/b><\/h1><\/div>\n<p>La veste Suzy, ou comment allier \u00e0 la perfection (dans un perfecto;) ) le glamour et le rock !<\/p>\n<h3>Description du produit<\/h3>\n<p>Le cuir Suzy est un cuir qui a subit de nombreux tests afin de pouvoir passer l&rsquo;homologation et respecter les normes CE.<\/p>\n<p>La nouveaut\u00e9 de celle-ci ? Les protections sont int\u00e9gr\u00e9es dans la veste, mais amovibles. Gr\u00e2ce \u00e0 des poches internes, tu pourras les mettre ou les enlever \u00e0 ta guise. Chacune de nos protections est homologu\u00e9e (Norme CE: EN 1621-1 2012\/ LEVEL 1) Vous pourrez d\u00e9sormais \u00eatre prot\u00e9g\u00e9e, mais avec style ! 5 protections sont int\u00e9gr\u00e9es : 2 aux coudes, 2 aux \u00e9paule, ainsi qu&rsquo;une dorsale.<\/p>\n<p>Le cuir lui est premium et \u00ab\u00a0pleine fleur\u00a0\u00bb. C&rsquo;est un cuir d&rsquo;une excellente qualit\u00e9, qui saura s&rsquo;assouplir avec le temps et se patiner, c&rsquo;est l&rsquo;\u00e9l\u00e9ment indispensable de ta garde robe. Nous l&rsquo;avons voulu durable, pour qu&rsquo;il t&rsquo;accompagne dans toutes tes aventures, et \u00e7a pour plusieurs ann\u00e9es !<\/p>\n<p>C\u2019est un cuir aux normes CE\u00a0 de cat\u00e9gorie AA aux normes norme EN17092-3. Pour toujours mieux vous prot\u00e9ger et vous permettre de rouler en toute s\u00e9curit\u00e9, nous avons travaill\u00e9 sur le calcul de la r\u00e9sistance \u00e0 l\u2019abrasion et \u00e0 la d\u00e9chirure, \u00e0 la r\u00e9sistance des coutures, et l\u2019innocuit\u00e9.<\/p>\n<p>En bref, la protection est primordiale, mais nous n&rsquo;avons pas voulu mettre de c\u00f4t\u00e9 la qualit\u00e9 de cette veste, un \u00e9l\u00e9ment indispensable pour nous ! Sa coupe type \u00ab\u00a0perfecto\u00a0\u00bb te permettra de l&rsquo;associer \u00e0 toutes tes tenues.<\/p>\n<p>Concernant le design du cuir Suzy, on y retrouve une fleur associ\u00e9e \u00e0 une s\u00e9rigraphie \u00ab\u00a0Wild Flower\u00a0\u00bb compos\u00e9e de deux couleurs, blanc et or (Rock assur\u00e9 !). Notre fameux \u00ab\u00a0Unchained lady Eudoxie\u00a0\u00bb y est toujours pr\u00e9sent pour faire ressortir ton c\u00f4t\u00e9 girl power et ton appartenance au crew Eudoxie !<\/p>\n<p>Pour donner toujours plus de look \u00e0 notre cuir, nous y avons int\u00e9gr\u00e9 \u00e9galement \u00e0 l&rsquo;int\u00e9rieur du soufflet des manches un Eudoxie. \u00c0 la fois discret et subtil, le logo n&rsquo;est visible que lorsque le soufflet est ouvert. Vous aurez un vrai look rock, en moto ou \u00e0 pieds ! Chaque finition du cuir \u00ab\u00a0Suzy\u00a0\u00bb a \u00e9t\u00e9 pens\u00e9 m\u00e9ticuleusement : Sa coupe, ses passants pour int\u00e9grer une ceinture, ou encore ses boutons sont combin\u00e9s pour vous donner LE look parfait.<\/p>\n<p>L&rsquo;\u00e9tiquette au niveau du col indique \u00ab\u00a0Eudoxie Unchained lady motorcycle gear by ladies and for ladies\u00a0\u00bb, une phrase qui en dit long sur la philosophie de la marque et qui vous permettra de faire partie du crew Eudoxie et de son girl gang !<\/p>\n<p>La doublure en satin matelass\u00e9 est douce et confortable, nous avons ajout\u00e9 une poche int\u00e9rieure qui se ferme, pratique pour vous permettre de ne pas vous encombrer.<\/p>\n<p>Tu h\u00e9sites sur l&rsquo;une de nos pi\u00e8ces ? Nous pouvons \u00e9galement te proposer nos autres vestes homologu\u00e9es, <a href=\"https:\/\/eudoxie.shop\/es\/collection\/coleccion-tecnica\/chaquetas-homologadas\/?wmc-currency=EUR\">ICI\u00a0<\/a><\/p>\n<h3>Parfaite pour l&rsquo;offrir, ou se faire plaisir !<\/h3>\n<p>Cette veste est parfaite \u00e0 offrir et ainsi prot\u00e9ger son heureuse \u00e9lue ! Si vous souhaitez aussi vous faire votre propre cadeau, elle sera \u00e9galement id\u00e9ale pour vous accompagner sur les routes !<\/p>\n<p>Une veste qui vous accompagnera pour de longues prochaines ann\u00e9es, sans vous faire d\u00e9faut !<\/p>\n<p>Sur les photos, Sophie la mannequin porte du S, elle mesure 1m72. Concernant la taille, puisque c&rsquo;est une veste coqu\u00e9e, nous vous conseillons de prendre la taille au dessus des vestes que vous prenez habituellement. Si celle-ci ne convient pas, pas de panique, vous pouvez nous la renvoyer sous 15 jours !<\/p>\n<p>La veste en cuir homologu\u00e9e \u00ab\u00a0Suzy\u00a0\u00bb, vous allez l&rsquo;adorer, perso, nous on en est fan !<\/p>\n<p>Sinon, pour retrouver toutes nos aventures, go sur notre <a href=\"https:\/\/www.instagram.com\/eudoxie_unchained_lady\/?hl=fr\" target=\"_blank\" rel=\"noopener\">instagram<\/a> !<\/p>","protected":false},"excerpt":{"rendered":"<p><a href=\"#guide-tailles\"><img loading=\"lazy\" decoding=\"async\" class=\"alignnone wp-image-19909\" src=\"https:\/\/eudoxie.shop\/wp-content\/uploads\/2023\/03\/bouton-gdt.png\" alt=\"\" width=\"206\" height=\"48\" data-wp-editing=\"1\" \/><\/a><\/p>\n<ul>\n<li style=\"text-align: left;\">Cuir de vachette pleine fleur<\/li>\n<li style=\"text-align: left;\">Veste CE homologu\u00e9e AA test\u00e9e en laboratoire<\/li>\n<li style=\"text-align: left;\">Boutons pressions emboss\u00e9s Eudoxie<\/li>\n<li style=\"text-align: left;\">5 poches avec coques int\u00e9gr\u00e9es (dorsale, coudes, \u00e9paules comprise)<\/li>\n<li style=\"text-align: left;\">Finitions premium<\/li>\n<li style=\"text-align: left;\">Int\u00e9rieur matelass\u00e9 et satin\u00e9<\/li>\n<li>Toutes nos vestes sont fabriqu\u00e9es \u00e0 la demande (environ un mois de d\u00e9lai), pour une production raisonn\u00e9e et une pi\u00e8ce cr\u00e9\u00e9e sp\u00e9cialement pour vous.<\/li>\n<\/ul>","protected":false},"featured_media":14717,"comment_status":"open","ping_status":"closed","template":"","meta":[],"product_brand":[],"product_cat":[437,368,411,410],"product_tag":[367],"class_list":{"0":"post-14662","1":"product","2":"type-product","3":"status-publish","4":"has-post-thumbnail","6":"product_cat-cadeau-premium","7":"product_cat-collection-technique","8":"product_cat-soldes","9":"product_cat-vestes-moto-homologuees-niveau-aa","10":"product_tag-brouillon","12":"first","13":"instock","14":"featured","15":"taxable","16":"shipping-taxable","17":"purchasable","18":"product-type-variable","19":"has-default-attributes"},"supplier_id":null,"supplier_sku":"","barcode":null,"atum_controlled":true,"out_stock_date":null,"out_stock_threshold":null,"inheritable":true,"inbound_stock":0,"stock_on_hold":2,"sold_today":0,"sales_last_days":0,"reserved_stock":0,"customer_returns":0,"warehouse_damage":0,"lost_in_post":0,"other_logs":0,"out_stock_days":0,"lost_sales":0,"has_location":false,"update_date":"2026-04-17T00:30:56","atum_locations":[],"atum_stock_status":"instock","restock_status":false,"low_stock_amount":"","sales_update_date":"2026-04-17T00:30:56","calc_backorders":null,"_links":{"self":[{"href":"https:\/\/eudoxie.shop\/es\/wp-json\/wp\/v2\/product\/14662","targetHints":{"allow":["GET"]}}],"collection":[{"href":"https:\/\/eudoxie.shop\/es\/wp-json\/wp\/v2\/product"}],"about":[{"href":"https:\/\/eudoxie.shop\/es\/wp-json\/wp\/v2\/types\/product"}],"replies":[{"embeddable":true,"href":"https:\/\/eudoxie.shop\/es\/wp-json\/wp\/v2\/comments?post=14662"}],"wp:featuredmedia":[{"embeddable":true,"href":"https:\/\/eudoxie.shop\/es\/wp-json\/wp\/v2\/media\/14717"}],"wp:attachment":[{"href":"https:\/\/eudoxie.shop\/es\/wp-json\/wp\/v2\/media?parent=14662"}],"wp:term":[{"taxonomy":"product_brand","embeddable":true,"href":"https:\/\/eudoxie.shop\/es\/wp-json\/wp\/v2\/product_brand?post=14662"},{"taxonomy":"product_cat","embeddable":true,"href":"https:\/\/eudoxie.shop\/es\/wp-json\/wp\/v2\/product_cat?post=14662"},{"taxonomy":"product_tag","embeddable":true,"href":"https:\/\/eudoxie.shop\/es\/wp-json\/wp\/v2\/product_tag?post=14662"}],"curies":[{"name":"wp","href":"https:\/\/api.w.org\/{rel}","templated":true}]}}