{"id":17731,"date":"2023-05-31T17:49:08","date_gmt":"2023-05-31T15:49:08","guid":{"rendered":"https:\/\/eudoxie.shop\/?post_type=product&#038;p=17731"},"modified":"2026-04-15T10:33:18","modified_gmt":"2026-04-15T08:33:18","slug":"veste-protection-moto-homologue","status":"publish","type":"product","link":"https:\/\/eudoxie.shop\/es\/produit\/veste-protection-moto-homologue\/","title":{"rendered":"Veste de protection moto Beth homologu\u00e9e CU"},"content":{"rendered":"<h1 style=\"text-align: center;\">Veste de protection moto homologu\u00e9e CU<\/h1>\n<div class=\"accordion\">\n\t<div id=\"accordion-2613872897\" class=\"accordion-item\">\n\t\t<a id=\"accordion-2613872897-label\" class=\"accordion-title plain\" href=\"#accordion-item-homologation\" aria-expanded=\"false\" aria-controls=\"accordion-2613872897-content\">\n\t\t\t<button class=\"toggle\" aria-label=\"Toggle\"><i class=\"icon-angle-down\" aria-hidden=\"true\"><\/i><\/button>\n\t\t\t<span>HOMOLOGATION<\/span>\n\t\t<\/a>\n\t\t<div id=\"accordion-2613872897-content\" class=\"accordion-inner\" aria-labelledby=\"accordion-2613872897-label\">\n\t\t\t\n<p><img loading=\"lazy\" decoding=\"async\" class=\"wp-image-19052 aligncenter\" src=\"https:\/\/eudoxie.shop\/wp-content\/uploads\/2023\/05\/HOMOLOGATION-moto-CU.jpg\" alt=\"Homologation Moto Cu\" width=\"138\" height=\"202\" srcset=\"https:\/\/eudoxie.shop\/wp-content\/uploads\/2023\/05\/HOMOLOGATION-moto-CU.jpg 486w, https:\/\/eudoxie.shop\/wp-content\/uploads\/2023\/05\/HOMOLOGATION-moto-CU-350x513.jpg 350w\" sizes=\"auto, (max-width: 138px) 100vw, 138px\" \/><\/p>\n<p style=\"text-align: center;\">Veste de protection homologu\u00e9e CU norme EN17092-6 et UKCA<\/p>\n\t\t<\/div>\n\t<\/div>\n\t\n\t<div id=\"accordion-3055254172\" class=\"accordion-item\">\n\t\t<a id=\"accordion-3055254172-label\" class=\"accordion-title plain\" href=\"#accordion-item-guide-des-tailles\" aria-expanded=\"false\" aria-controls=\"accordion-3055254172-content\">\n\t\t\t<button class=\"toggle\" aria-label=\"Toggle\"><i class=\"icon-angle-down\" aria-hidden=\"true\"><\/i><\/button>\n\t\t\t<span>GUIDE DES TAILLES<\/span>\n\t\t<\/a>\n\t\t<div id=\"accordion-3055254172-content\" class=\"accordion-inner\" aria-labelledby=\"accordion-3055254172-label\">\n\t\t\t\n<p>Sur les photos, notre mannequin Sophie porte du S. Vous pouvez vous r\u00e9f\u00e9rer au tableau des tailles ci-dessous, afin de savoir quelle taille commander. Elle taille parfaitement bien, cette veste \u00e9pousera parfaitement nos formes et te procurera le confort dont tu as besoin en roulant !<\/p>\n<p><img loading=\"lazy\" decoding=\"async\" class=\"alignnone size-medium wp-image-11315 aligncenter\" src=\"https:\/\/eudoxie.shop\/wp-content\/uploads\/2020\/10\/EUDOXIE-grille-taille-size-grid-600x321.jpg\" alt=\"Eudoxie Grille Taille Size Grid\" width=\"600\" height=\"321\" srcset=\"https:\/\/eudoxie.shop\/wp-content\/uploads\/2020\/10\/EUDOXIE-grille-taille-size-grid-600x321.jpg 600w, https:\/\/eudoxie.shop\/wp-content\/uploads\/2020\/10\/EUDOXIE-grille-taille-size-grid-350x187.jpg 350w, https:\/\/eudoxie.shop\/wp-content\/uploads\/2020\/10\/EUDOXIE-grille-taille-size-grid-768x411.jpg 768w, https:\/\/eudoxie.shop\/wp-content\/uploads\/2020\/10\/EUDOXIE-grille-taille-size-grid-610x326.jpg 610w, https:\/\/eudoxie.shop\/wp-content\/uploads\/2020\/10\/EUDOXIE-grille-taille-size-grid-800x428.jpg 800w, https:\/\/eudoxie.shop\/wp-content\/uploads\/2020\/10\/EUDOXIE-grille-taille-size-grid.jpg 866w\" sizes=\"auto, (max-width: 600px) 100vw, 600px\" \/><\/p>\n<p>Tu ne trouves pas ta taille ou un produit n&rsquo;est plus disponible ? \u00c9cris nous \u00e0 <a href=\"mailto:lady@eudoxie.fr\"><strong>lady@eudoxie.fr<\/strong> <\/a>, nous trouverons la solution !<\/p>\n\t\t<\/div>\n\t<\/div>\n\t\n\t<div id=\"accordion-1928142527\" class=\"accordion-item\">\n\t\t<a id=\"accordion-1928142527-label\" class=\"accordion-title plain\" href=\"#accordion-item-livraison-et-retours\" aria-expanded=\"false\" aria-controls=\"accordion-1928142527-content\">\n\t\t\t<button class=\"toggle\" aria-label=\"Toggle\"><i class=\"icon-angle-down\" aria-hidden=\"true\"><\/i><\/button>\n\t\t\t<span>LIVRAISON ET RETOURS<\/span>\n\t\t<\/a>\n\t\t<div id=\"accordion-1928142527-content\" class=\"accordion-inner\" aria-labelledby=\"accordion-1928142527-label\">\n\t\t\t\n<p><img loading=\"lazy\" decoding=\"async\" class=\"wp-image-17461 aligncenter\" src=\"https:\/\/eudoxie.shop\/wp-content\/uploads\/2023\/04\/reassurance-telephone-600x637.jpg\" alt=\"Reassurance Telephone\" width=\"377\" height=\"400\" srcset=\"https:\/\/eudoxie.shop\/wp-content\/uploads\/2023\/04\/reassurance-telephone-600x637.jpg 600w, https:\/\/eudoxie.shop\/wp-content\/uploads\/2023\/04\/reassurance-telephone-1050x1115.jpg 1050w, https:\/\/eudoxie.shop\/wp-content\/uploads\/2023\/04\/reassurance-telephone-350x372.jpg 350w, https:\/\/eudoxie.shop\/wp-content\/uploads\/2023\/04\/reassurance-telephone-768x816.jpg 768w, https:\/\/eudoxie.shop\/wp-content\/uploads\/2023\/04\/reassurance-telephone-800x850.jpg 800w, https:\/\/eudoxie.shop\/wp-content\/uploads\/2023\/04\/reassurance-telephone.jpg 1176w\" sizes=\"auto, (max-width: 377px) 100vw, 377px\" \/><\/p>\n<ul>\n<li><span style=\"font-size: 14.4px;\">Et si jamais tu as un doute, p<\/span>ossibilit\u00e9 de remboursement sous 14 jours apr\u00e8s r\u00e9ception<\/li>\n<\/ul>\n\t\t<\/div>\n\t<\/div>\n\t\n<\/div>\n<div class=\"container section-title-container\" style=\"margin-top:10px;margin-bottom:-2px;\"><h1 class=\"section-title section-title-center\"><b aria-hidden=\"true\"><\/b><span class=\"section-title-main\" >FONCTIONNALIT\u00c9S<\/span><b aria-hidden=\"true\"><\/b><\/h1><\/div>\n\t<div class=\"box has-hover   has-hover box-text-bottom\" >\n\n\t\t<div class=\"box-image\" >\n\t\t\t\t\t\t<div class=\"\" >\n\t\t\t\t\t\t\t\t\t\t\t\t\t\t\t<\/div>\n\t\t\t\t\t<\/div>\n\n\t\t<div class=\"box-text text-center\" style=\"background-color:rgb(33, 33, 33);\">\n\t\t\t<div class=\"box-text-inner\">\n\t\t\t\t\n\t<div id=\"text-3512853669\" class=\"text\">\n\t\t\n<h1><strong>UNE VESTE \u00ab\u00a0SECONDE PEAU\u00a0\u00bb HOMOLOGU\u00c9E AVEC PROTECTIONS<\/strong><\/h1>\n<p>Cette veste\u00a0 est homologu\u00e9e CE de type A norme EN17092-4 et poss\u00e8de 5 protections : 2 aux coudes, 2 aux \u00e9paules, et 1 dorsale. C&rsquo;est une vraie seconde peau, qui malgr\u00e9 ses protections, restera invisible et s&rsquo;adaptera aux morphologies f\u00e9minines \u00e0 la perfection. Elle sera parfaite \u00e0 porter au quotidien sous ta veste pr\u00e9f\u00e9r\u00e9e !*<\/p>\n<p><em>*Cette veste homologu\u00e9e est \u00e0 porter sous un autre v\u00eatement<\/em><br \/>\n\t\t\n<style>\n#text-3512853669 {\n  text-align: center;\n  color: rgb(255, 255, 255);\n}\n#text-3512853669 > * {\n  color: rgb(255, 255, 255);\n}\n<\/style>\n\t<\/div>\n\t\n\t\t\t<\/div>\n\t\t<\/div>\n\t<\/div>\n\t\n\t<div class=\"box has-hover   has-hover box-text-bottom\" >\n\n\t\t<div class=\"box-image\" >\n\t\t\t\t\t\t<div class=\"\" >\n\t\t\t\t\t\t\t\t\t\t\t\t\t\t\t<\/div>\n\t\t\t\t\t<\/div>\n\n\t\t<div class=\"box-text text-center\" style=\"background-color:rgb(33, 33, 33);\">\n\t\t\t<div class=\"box-text-inner\">\n\t\t\t\t\n\t<div id=\"text-1574847171\" class=\"text\">\n\t\t\n<h1><b>R\u00c9SISTANT AUX CHOCS ET AU D\u00c9CHIREMENTS<\/b><\/h1>\n<p>Nous avons travaill\u00e9 avec un laboratoire durant plus de deux ans, pour pouvoir vous proposer cette veste. C&rsquo;est apr\u00e8s de\u00a0 nombreux tests, que nous pouvons vous affirmer qu&rsquo;elle vous prot\u00e9gera en cas de chute \u00e0 moto. Compos\u00e9e d&rsquo;un tissu l\u00e9ger elle r\u00e9siste \u00e9galement aux d\u00e9chirements et aux chocs gr\u00e2ce \u00e0 ses fils et sa mati\u00e8re.<br \/>\n\t\t\n<style>\n#text-1574847171 {\n  text-align: center;\n  color: rgb(255, 255, 255);\n}\n#text-1574847171 > * {\n  color: rgb(255, 255, 255);\n}\n<\/style>\n\t<\/div>\n\t\n\t\t\t<\/div>\n\t\t<\/div>\n\t<\/div>\n\t\n\t<div class=\"box has-hover   has-hover box-text-bottom\" >\n\n\t\t<div class=\"box-image\" >\n\t\t\t\t\t\t<div class=\"\" >\n\t\t\t\t<img loading=\"lazy\" decoding=\"async\" width=\"1080\" height=\"1080\" src=\"https:\/\/eudoxie.shop\/wp-content\/uploads\/2023\/05\/jp-beth-fonctionnalites-3.jpg\" class=\"attachment- size-\" alt=\"Jp Beth Fonctionnalit\u00e9s 3\" srcset=\"https:\/\/eudoxie.shop\/wp-content\/uploads\/2023\/05\/jp-beth-fonctionnalites-3.jpg 1080w, https:\/\/eudoxie.shop\/wp-content\/uploads\/2023\/05\/jp-beth-fonctionnalites-3-600x600.jpg 600w, https:\/\/eudoxie.shop\/wp-content\/uploads\/2023\/05\/jp-beth-fonctionnalites-3-1050x1050.jpg 1050w, https:\/\/eudoxie.shop\/wp-content\/uploads\/2023\/05\/jp-beth-fonctionnalites-3-350x350.jpg 350w, https:\/\/eudoxie.shop\/wp-content\/uploads\/2023\/05\/jp-beth-fonctionnalites-3-768x768.jpg 768w, https:\/\/eudoxie.shop\/wp-content\/uploads\/2023\/05\/jp-beth-fonctionnalites-3-800x800.jpg 800w, https:\/\/eudoxie.shop\/wp-content\/uploads\/2023\/05\/jp-beth-fonctionnalites-3-100x100.jpg 100w, https:\/\/eudoxie.shop\/wp-content\/uploads\/2023\/05\/jp-beth-fonctionnalites-3-50x50.jpg 50w\" sizes=\"auto, (max-width: 1080px) 100vw, 1080px\" \/>\t\t\t\t\t\t\t\t\t\t\t<\/div>\n\t\t\t\t\t<\/div>\n\n\t\t<div class=\"box-text text-center\" style=\"background-color:rgb(33, 33, 33);\">\n\t\t\t<div class=\"box-text-inner\">\n\t\t\t\t\n\t<div id=\"text-507415782\" class=\"text\">\n\t\t\n<h1><b>POUR FAIRE DE LA MOTO&#8230; MAIS PAS QUE !\u00a0<\/b><\/h1>\n<p>Cette veste, telle une seconde peau, est discr\u00e8te, robuste et r\u00e9sistante. Elle pourra \u00eatre port\u00e9e sous en tant que veste, ou sous une veste non homologu\u00e9e. Elle pourra \u00e9galement t&rsquo;accompagner dans des aventures autres que la moto. Gr\u00e2ce \u00e0 ses protections et sa mati\u00e8re homologu\u00e9e, elle pourra \u00eatre utilis\u00e9e pour les sports de glisse tel que le ski, le snow, le skate etc&#8230; En r\u00e9sum\u00e9, Eudoxie a pens\u00e9 \u00e0 tout !<br \/>\n\t\t\n<style>\n#text-507415782 {\n  text-align: center;\n  color: rgb(255, 255, 255);\n}\n#text-507415782 > * {\n  color: rgb(255, 255, 255);\n}\n<\/style>\n\t<\/div>\n\t\n\t\t\t<\/div>\n\t\t<\/div>\n\t<\/div>\n\t\n<div class=\"container section-title-container\" style=\"margin-top:10px;margin-bottom:-2px;\"><h1 class=\"section-title section-title-center\"><b aria-hidden=\"true\"><\/b><span class=\"section-title-main\" >LE COMBO PARFAIT<\/span><b aria-hidden=\"true\"><\/b><\/h1><\/div>\n\t\n  \n    <div class=\"row large-columns-4 medium-columns-3 small-columns-2 row-small has-shadow row-box-shadow-3-hover slider row-slider slider-nav-reveal slider-nav-push\"  data-flickity-options='{&quot;imagesLoaded&quot;: true, &quot;groupCells&quot;: &quot;100%&quot;, &quot;dragThreshold&quot; : 5, &quot;cellAlign&quot;: &quot;left&quot;,&quot;wrapAround&quot;: true,&quot;prevNextButtons&quot;: true,&quot;percentPosition&quot;: true,&quot;pageDots&quot;: false, &quot;rightToLeft&quot;: false, &quot;autoPlay&quot; : false}' >\n\n  \n\t     <div class=\"product-small col has-hover product type-product post-16067 status-publish first instock product_cat-cadeau-100-a-200 product_cat-gants has-post-thumbnail featured taxable shipping-taxable purchasable product-type-variable\">\n\t<div class=\"col-inner\">\n\t\n<div class=\"badge-container absolute left top z-1\">\n\n<\/div>\n\t<div class=\"product-small box\">\n\t\t<div class=\"box-image\">\n\t\t\t<div class=\"image-fade_in_back\">\n\t\t\t\t<a href=\"https:\/\/eudoxie.shop\/es\/produit\/gants-eudoxie-jody-beth\/\">\n\t\t\t\t\t<img loading=\"lazy\" decoding=\"async\" width=\"350\" height=\"525\" src=\"https:\/\/eudoxie.shop\/wp-content\/uploads\/2022\/10\/G-JODY-BETH-12-350x525.jpg\" class=\"attachment-woocommerce_thumbnail size-woocommerce_thumbnail\" alt=\"G Jody Beth 12\" \/><img loading=\"lazy\" decoding=\"async\" width=\"350\" height=\"525\" src=\"https:\/\/eudoxie.shop\/wp-content\/uploads\/2022\/10\/G-JODY-BETH-2-350x525.jpg\" class=\"show-on-hover absolute fill hide-for-small back-image\" alt=\"Gants Eudoxie Jody Beth\" aria-hidden=\"true\" \/>\t\t\t\t<\/a>\n\t\t\t<\/div>\n\t\t\t<div class=\"image-tools is-small top right show-on-hover\">\n\t\t\t\t\t\t\t<\/div>\n\t\t\t<div class=\"image-tools is-small hide-for-small bottom left show-on-hover\">\n\t\t\t\t\t\t\t<\/div>\n\t\t\t<div class=\"image-tools grid-tools text-center hide-for-small bottom hover-slide-in show-on-hover\">\n\t\t\t\t<a href=\"https:\/\/eudoxie.shop\/es\/produit\/gants-eudoxie-jody-beth\/\" aria-describedby=\"woocommerce_loop_add_to_cart_link_describedby_16067\" data-quantity=\"1\" class=\"add-to-cart-grid no-padding is-transparent product_type_variable add_to_cart_button\" data-product_id=\"16067\" data-product_sku=\"G-JODY-BETH\" aria-label=\"Elige las opciones para \u201cGants moto homologu\u00e9s 1KP Eudoxie Jody Beth\u201d\" rel=\"nofollow\" data-no-translation-aria-label=\"\"><div class=\"cart-icon tooltip is-small\" title=\"Seleccionar opciones\" data-no-translation-title=\"\"><strong>+<\/strong><\/div><\/a>\t<span id=\"woocommerce_loop_add_to_cart_link_describedby_16067\" class=\"screen-reader-text\">\n\t\tEste producto tiene m\u00faltiples variantes. Las opciones se pueden elegir en la p\u00e1gina de producto\t<\/span>\n<a href=\"#quick-view\" class=\"quick-view\" role=\"button\" data-prod=\"16067\" aria-haspopup=\"dialog\" aria-expanded=\"false\" data-flatsome-role-button>Vista R\u00e1pida<\/a>\t\t\t<\/div>\n\t\t\t\t\t<\/div>\n\n\t\t<div class=\"box-text box-text-products text-center grid-style-2\">\n\t\t\t<div class=\"title-wrapper\"><p class=\"name product-title woocommerce-loop-product__title\"><a href=\"https:\/\/eudoxie.shop\/es\/produit\/gants-eudoxie-jody-beth\/\" class=\"woocommerce-LoopProduct-link woocommerce-loop-product__link\">Gants moto homologu\u00e9s 1KP Eudoxie Jody Beth<\/a><\/p><\/div><div class=\"price-wrapper\">\n\t<span class=\"price\"><span class=\"woocommerce-Price-amount amount\"><bdi>119.00<span class=\"woocommerce-Price-currencySymbol\">\u20ac<\/span><\/bdi><\/span><\/span>\n<\/div>\t\t<\/div>\n\t<\/div>\n\t<span class=\"gtm4wp_productdata\" style=\"display:none; visibility:hidden;\" data-gtm4wp_product_data=\"{&quot;internal_id&quot;:16067,&quot;item_id&quot;:16067,&quot;item_name&quot;:&quot;Gants moto homologu\\u00e9s 1KP Eudoxie Jody Beth&quot;,&quot;sku&quot;:&quot;G-JODY-BETH&quot;,&quot;price&quot;:119,&quot;stocklevel&quot;:null,&quot;stockstatus&quot;:&quot;instock&quot;,&quot;google_business_vertical&quot;:&quot;retail&quot;,&quot;item_category&quot;:&quot;Id\\u00e9es Cadeau Moto&quot;,&quot;item_category2&quot;:&quot;Cadeau 100 \\u00e0 200\\u20ac&quot;,&quot;id&quot;:16067,&quot;productlink&quot;:&quot;https:\\\/\\\/eudoxie.shop\\\/es\\\/produit\\\/gants-eudoxie-jody-beth\\\/&quot;,&quot;item_list_name&quot;:&quot;Lista general de productos&quot;,&quot;index&quot;:1,&quot;product_type&quot;:&quot;variable&quot;,&quot;item_brand&quot;:&quot;&quot;}\"><\/span>\t<\/div>\n<\/div><\/div>\n<div class=\"container section-title-container\" style=\"margin-top:-25px;margin-bottom:-5px;\"><h1 class=\"section-title section-title-center\"><b aria-hidden=\"true\"><\/b><span class=\"section-title-main\" >AVIS<\/span><b aria-hidden=\"true\"><\/b><\/h1><\/div>\n  <div class=\"icon-box testimonial-box icon-box-left text-left\">\n                <div class=\"icon-box-text p-last-0\">\n          <div class=\"star-rating\" role=\"img\" aria-label=\"Rated 5 out of 5\"><span style=\"width:100%\"><strong class=\"rating\"><\/strong><\/span><\/div>  \t\t\t\t<div class=\"testimonial-text line-height-small italic test_text first-reset last-reset is-italic\">\n            \n<h3>Une vraie bombe !<\/h3>\n<p>Le tissu est tr\u00e8s confort. C&rsquo;est la pi\u00e8ce parfaite pour se sentir \u00e0 l&rsquo;aise en moto, tout en \u00e9tant bien prot\u00e9g\u00e9e. <strong>&#8211; Emilia G.<\/strong><\/p>\n          <\/div>\n          <div class=\"testimonial-meta pt-half\">\n             <strong class=\"testimonial-name test_name\"><\/strong>\n                          <span class=\"testimonial-company test_company\"><\/span>\n          <\/div>\n        <\/div>\n  <\/div>\n\n  \n  <div class=\"icon-box testimonial-box icon-box-left text-left\">\n                <div class=\"icon-box-text p-last-0\">\n          <div class=\"star-rating\" role=\"img\" aria-label=\"Rated 5 out of 5\"><span style=\"width:100%\"><strong class=\"rating\"><\/strong><\/span><\/div>  \t\t\t\t<div class=\"testimonial-text line-height-small italic test_text first-reset last-reset is-italic\">\n            \n<h3>Une veste presque \u00ab\u00a0invisible\u00a0\u00bb !<\/h3>\n<p>Je ne pensais pas qu&rsquo;on pouvait cr\u00e9er une veste aussi l\u00e9g\u00e8re, tout en \u00e9tant homologu\u00e9e. J&rsquo;adore car je la mets soit sous une de mes vestes Eudoxie, soit sous une veste que j&rsquo;ai l&rsquo;habitude de porter au quotidien. Elle ne se voit m\u00eame pas et je roule prot\u00e9g\u00e9e &#8211; <strong>Coline C.<\/strong><\/p>\n          <\/div>\n          <div class=\"testimonial-meta pt-half\">\n             <strong class=\"testimonial-name test_name\"><\/strong>\n                          <span class=\"testimonial-company test_company\"><\/span>\n          <\/div>\n        <\/div>\n  <\/div>\n\n  \n  <div class=\"icon-box testimonial-box icon-box-left text-left\">\n                <div class=\"icon-box-text p-last-0\">\n          <div class=\"star-rating\" role=\"img\" aria-label=\"Rated 5 out of 5\"><span style=\"width:100%\"><strong class=\"rating\"><\/strong><\/span><\/div>  \t\t\t\t<div class=\"testimonial-text line-height-small italic test_text first-reset last-reset is-italic\">\n            \n<h3>Un ensemble parfait<\/h3>\n<p>Je ne savais pas qu&rsquo;un ensemble pareil existait. Quand Eudoxie a sorti cette pi\u00e8ce j&rsquo;ai d\u00e9cid\u00e9 de tester l&rsquo;ensemble et c&rsquo;est top. Je ne fais pas de la moto depuis tr\u00e8s longtemps mais d\u00e8s que je pars sur de longues balades je mets le pantalon et cette veste, je me sens \u00e0 l&rsquo;aise dans mes mouvements pour rouler, tout en \u00e9tant styl\u00e9e !\u00a0 <strong>\u00a0&#8211; Juliette M.<\/strong><\/p>\n          <\/div>\n          <div class=\"testimonial-meta pt-half\">\n             <strong class=\"testimonial-name test_name\"><\/strong>\n                          <span class=\"testimonial-company test_company\"><\/span>\n          <\/div>\n        <\/div>\n  <\/div>\n\n  \n<div class=\"container section-title-container\" style=\"margin-bottom:-2px;\"><h1 class=\"section-title section-title-center\"><b aria-hidden=\"true\"><\/b><span class=\"section-title-main\" >SP\u00c9CIFICT\u00c9S<\/span><b aria-hidden=\"true\"><\/b><\/h1><\/div>\n<p>La veste peut se porter d\u00e9pareill\u00e9e du bas. \u00a0En plus de son style sans pr\u00e9c\u00e9dent gr\u00e2ce \u00e0 son design damier la mati\u00e8re imprim\u00e9e est ultra douce et r\u00e9sistante. Ses fils ainsi que sa mati\u00e8re sont homologu\u00e9s. \u00a0Niveau coupe, nous l&rsquo;avons longuement \u00e9tudi\u00e9e afin qu&rsquo;elle s&rsquo;adapte \u00e0 nos morphologies f\u00e9minines, que ce soit pour la poitrine, les hanches ou les \u00e9paules. Elle est proche du corps et l\u00e9g\u00e8re, et s&rsquo;adaptera en toute simplicit\u00e9 sous vos \u00e9quipements ou tenues.<\/p>\n<p>C\u00f4t\u00e9 tissu, cette veste moto est homologu\u00e9e CE et UKCA. C\u00f4t\u00e9 protections elles sont comprises dans la veste lors de l&rsquo;achat de celle-ci. \u00a0Elles sont de niveau 1, vous trouverez 1 dorsale, 2 protections au niveau des \u00e9paules, et 2 protections au niveau des coudes. Elles sont amovibles et vous pourrez les enlever en toute simplicit\u00e9.<\/p>\n<p>Les panneaux en mati\u00e8re stretch et micro-a\u00e9r\u00e9e permettront \u00e0 r\u00e9guler la chaleur localement. Pour toujours plus de praticit\u00e9, elle poss\u00e8de 2 poches ext\u00e9rieures. Nous lui avons \u00e9galement int\u00e9gr\u00e9 un syst\u00e8me \u00ab\u00a0d&rsquo;\u00e9lastique\u00a0\u00bb \u00e0 int\u00e9grer au niveau des pouces, pour un maintien optimal de la veste au niveau des manches.<\/p>\n<p>Tu souhaites te procurer l&rsquo;ensemble ? Go te procurer le <a href=\"https:\/\/eudoxie.shop\/es\/product-2\/pantalon-de-protection-moto-beth-homologuee-cu\/?wmc-currency=EUR\">pantalon homologu\u00e9<\/a> !<\/p>\n<p><span style=\"font-weight: 400;\">Retrouvez des photos lifestyle sur notre instagram: <a href=\"https:\/\/www.instagram.com\/eudoxie_motorcycle_label\/\" target=\"_blank\" rel=\"noopener\">@eudoxie_motorcycle_label<\/a> et sur <a href=\"https:\/\/www.pinterest.fr\/eudoxiemotorcyclegear\/\" target=\"_blank\" rel=\"noopener\">pinterest<\/a> !<\/span><\/p>","protected":false},"excerpt":{"rendered":"<p><a href=\"#guide-tailles\"><img loading=\"lazy\" decoding=\"async\" class=\"alignnone wp-image-19909\" src=\"https:\/\/eudoxie.shop\/wp-content\/uploads\/2023\/03\/bouton-gdt.png\" alt=\"\" width=\"206\" height=\"48\" data-wp-editing=\"1\" \/><\/a><\/p>\n<p><span style=\"color: #ffcc00; font-size: 115%;\"><strong>\ud83d\udea8 Pr\u00e9commande ! \ud83d\udea8<\/strong><\/span><\/p>\n<ul>\n<li style=\"text-align: left;\">Design damier Beth<\/li>\n<li style=\"text-align: left;\">Poches pour int\u00e9grer les protections<\/li>\n<li style=\"text-align: left;\">Protections Homologu\u00e9es Niveau 1 int\u00e9gr\u00e9es : dorsale, \u00e9paules, coudes<\/li>\n<li style=\"text-align: left;\">Mati\u00e8re \u00ab\u00a0stretch\u00a0\u00bb et micro a\u00e9r\u00e9 pour r\u00e9guler la chaleur<\/li>\n<li style=\"text-align: left;\">Fils et mati\u00e8re homologu\u00e9s 58 % nylon 29 % polyester et 13 % spandex<\/li>\n<li style=\"text-align: left;\">Fermeture centrale avec zip YKK avec rabat de confort<\/li>\n<li style=\"text-align: left;\">2 poches ext\u00e9rieures<\/li>\n<li style=\"text-align: left;\">Syst\u00e8me d&rsquo;accroche elastiqu\u00e9 aux pouces pour maintenir les manches<\/li>\n<li style=\"text-align: left;\">Patch s\u00e9rigraphie sur le coeur<\/li>\n<li style=\"text-align: left;\">Prends ta taille habituelle \ud83d\ude09<\/li>\n<\/ul>","protected":false},"featured_media":18556,"comment_status":"open","ping_status":"closed","template":"","meta":[],"product_brand":[],"product_cat":[436,368,383,409],"product_tag":[],"class_list":{"0":"post-17731","1":"product","2":"type-product","3":"status-publish","4":"has-post-thumbnail","6":"product_cat-cadeau-100-a-200","7":"product_cat-collection-technique","8":"product_cat-vestes-homologuees","9":"product_cat-vestes-moto-homologuees-niveau-a","11":"","12":"instock","13":"taxable","14":"shipping-taxable","15":"purchasable","16":"product-type-variable"},"supplier_id":null,"supplier_sku":"","barcode":null,"atum_controlled":true,"out_stock_date":null,"out_stock_threshold":null,"inheritable":true,"inbound_stock":0,"stock_on_hold":2,"sold_today":0,"sales_last_days":4,"reserved_stock":0,"customer_returns":0,"warehouse_damage":0,"lost_in_post":0,"other_logs":0,"out_stock_days":0,"lost_sales":0,"has_location":false,"update_date":"2026-04-17T00:31:00","atum_locations":[],"atum_stock_status":"instock","restock_status":false,"low_stock_amount":"","sales_update_date":"2026-04-17T00:31:00","calc_backorders":null,"_links":{"self":[{"href":"https:\/\/eudoxie.shop\/es\/wp-json\/wp\/v2\/product\/17731","targetHints":{"allow":["GET"]}}],"collection":[{"href":"https:\/\/eudoxie.shop\/es\/wp-json\/wp\/v2\/product"}],"about":[{"href":"https:\/\/eudoxie.shop\/es\/wp-json\/wp\/v2\/types\/product"}],"replies":[{"embeddable":true,"href":"https:\/\/eudoxie.shop\/es\/wp-json\/wp\/v2\/comments?post=17731"}],"wp:featuredmedia":[{"embeddable":true,"href":"https:\/\/eudoxie.shop\/es\/wp-json\/wp\/v2\/media\/18556"}],"wp:attachment":[{"href":"https:\/\/eudoxie.shop\/es\/wp-json\/wp\/v2\/media?parent=17731"}],"wp:term":[{"taxonomy":"product_brand","embeddable":true,"href":"https:\/\/eudoxie.shop\/es\/wp-json\/wp\/v2\/product_brand?post=17731"},{"taxonomy":"product_cat","embeddable":true,"href":"https:\/\/eudoxie.shop\/es\/wp-json\/wp\/v2\/product_cat?post=17731"},{"taxonomy":"product_tag","embeddable":true,"href":"https:\/\/eudoxie.shop\/es\/wp-json\/wp\/v2\/product_tag?post=17731"}],"curies":[{"name":"wp","href":"https:\/\/api.w.org\/{rel}","templated":true}]}}