{"id":17738,"date":"2023-05-31T18:02:05","date_gmt":"2023-05-31T16:02:05","guid":{"rendered":"https:\/\/eudoxie.shop\/?post_type=product&#038;p=17738"},"modified":"2026-04-13T15:48:26","modified_gmt":"2026-04-13T13:48:26","slug":"legging-de-protection-moto-beth-homologuee-cu","status":"publish","type":"product","link":"https:\/\/eudoxie.shop\/es\/produit\/legging-de-protection-moto-beth-homologuee-cu\/","title":{"rendered":"Legging de protection moto Beth homologu\u00e9 CU"},"content":{"rendered":"<h1 style=\"text-align: center;\">Legging de protection moto Beth homologu\u00e9e CU<\/h1>\n<ul>\n<li>Design damier beth<\/li>\n<li>Poches pour int\u00e9grer les protections<\/li>\n<li>Protections Homologu\u00e9es Niveau 1 int\u00e9gr\u00e9es : hanches et genoux<\/li>\n<li>Mati\u00e8re \u00ab\u00a0stretch\u00a0\u00bb et micro a\u00e9r\u00e9 pour r\u00e9guler la chaleur<\/li>\n<li>Fils et mati\u00e8re homologu\u00e9s 58%nylon 29%polyester et 13%spandex<\/li>\n<li>Elastique \u00ab\u00a0Eudoxie\u00a0\u00bb au niveau des hanches pour un bon maintien<\/li>\n<li>Syst\u00e8me d&rsquo;accroche elastiqu\u00e9e aux sous les pieds pour maintenir aux jambes<\/li>\n<li>Prends ta taille habituelle \ud83d\ude09<\/li>\n<\/ul>\n<div class=\"accordion\">\n\t<div id=\"accordion-2972497402\" class=\"accordion-item\">\n\t\t<a id=\"accordion-2972497402-label\" class=\"accordion-title plain\" href=\"#accordion-item-homologation\" aria-expanded=\"false\" aria-controls=\"accordion-2972497402-content\">\n\t\t\t<button class=\"toggle\" aria-label=\"Toggle\"><i class=\"icon-angle-down\" aria-hidden=\"true\"><\/i><\/button>\n\t\t\t<span>HOMOLOGATION<\/span>\n\t\t<\/a>\n\t\t<div id=\"accordion-2972497402-content\" class=\"accordion-inner\" aria-labelledby=\"accordion-2972497402-label\">\n\t\t\t\n<p><img loading=\"lazy\" decoding=\"async\" class=\"wp-image-19052 aligncenter\" src=\"https:\/\/eudoxie.shop\/wp-content\/uploads\/2023\/05\/HOMOLOGATION-moto-CU.jpg\" alt=\"Homologation Moto Cu\" width=\"138\" height=\"202\" srcset=\"https:\/\/eudoxie.shop\/wp-content\/uploads\/2023\/05\/HOMOLOGATION-moto-CU.jpg 486w, https:\/\/eudoxie.shop\/wp-content\/uploads\/2023\/05\/HOMOLOGATION-moto-CU-350x513.jpg 350w\" sizes=\"auto, (max-width: 138px) 100vw, 138px\" \/><\/p>\n<p style=\"text-align: center;\">Legging de protection homologu\u00e9e CU norme EN17092-6 et UKCA<\/p>\n\t\t<\/div>\n\t<\/div>\n\t\n\t<div id=\"accordion-4115937164\" class=\"accordion-item\">\n\t\t<a id=\"accordion-4115937164-label\" class=\"accordion-title plain\" href=\"#accordion-item-guide-des-tailles\" aria-expanded=\"false\" aria-controls=\"accordion-4115937164-content\">\n\t\t\t<button class=\"toggle\" aria-label=\"Toggle\"><i class=\"icon-angle-down\" aria-hidden=\"true\"><\/i><\/button>\n\t\t\t<span>GUIDE DES TAILLES<\/span>\n\t\t<\/a>\n\t\t<div id=\"accordion-4115937164-content\" class=\"accordion-inner\" aria-labelledby=\"accordion-4115937164-label\">\n\t\t\t\n<p>Sur les photos, notre mannequin Sophie porte du S. Vous pouvez vous r\u00e9f\u00e9rer au tableau des tailles ci-dessous, afin de savoir quelle taille commander. Elle taille parfaitement bien, cette veste \u00e9pousera parfaitement nos formes et te procurera le confort dont tu as besoin en roulant !<\/p>\n<p><img loading=\"lazy\" decoding=\"async\" class=\"alignnone size-medium wp-image-11315 aligncenter\" src=\"https:\/\/eudoxie.shop\/wp-content\/uploads\/2020\/10\/EUDOXIE-grille-taille-size-grid-600x321.jpg\" alt=\"Eudoxie Grille Taille Size Grid\" width=\"600\" height=\"321\" srcset=\"https:\/\/eudoxie.shop\/wp-content\/uploads\/2020\/10\/EUDOXIE-grille-taille-size-grid-600x321.jpg 600w, https:\/\/eudoxie.shop\/wp-content\/uploads\/2020\/10\/EUDOXIE-grille-taille-size-grid-350x187.jpg 350w, https:\/\/eudoxie.shop\/wp-content\/uploads\/2020\/10\/EUDOXIE-grille-taille-size-grid-768x411.jpg 768w, https:\/\/eudoxie.shop\/wp-content\/uploads\/2020\/10\/EUDOXIE-grille-taille-size-grid-610x326.jpg 610w, https:\/\/eudoxie.shop\/wp-content\/uploads\/2020\/10\/EUDOXIE-grille-taille-size-grid-800x428.jpg 800w, https:\/\/eudoxie.shop\/wp-content\/uploads\/2020\/10\/EUDOXIE-grille-taille-size-grid.jpg 866w\" sizes=\"auto, (max-width: 600px) 100vw, 600px\" \/><\/p>\n<p>Tu ne trouves pas ta taille ou un produit n&rsquo;est plus disponible ? \u00c9cris nous \u00e0 <a href=\"mailto:lady@eudoxie.fr\"><strong>lady@eudoxie.fr<\/strong> <\/a>, nous trouverons la solution !<\/p>\n\t\t<\/div>\n\t<\/div>\n\t\n\t<div id=\"accordion-814227664\" class=\"accordion-item\">\n\t\t<a id=\"accordion-814227664-label\" class=\"accordion-title plain\" href=\"#accordion-item-livraison-et-retours\" aria-expanded=\"false\" aria-controls=\"accordion-814227664-content\">\n\t\t\t<button class=\"toggle\" aria-label=\"Toggle\"><i class=\"icon-angle-down\" aria-hidden=\"true\"><\/i><\/button>\n\t\t\t<span>LIVRAISON ET RETOURS<\/span>\n\t\t<\/a>\n\t\t<div id=\"accordion-814227664-content\" class=\"accordion-inner\" aria-labelledby=\"accordion-814227664-label\">\n\t\t\t\n<p><img loading=\"lazy\" decoding=\"async\" class=\"wp-image-17461 aligncenter\" src=\"https:\/\/eudoxie.shop\/wp-content\/uploads\/2023\/04\/reassurance-telephone-600x637.jpg\" alt=\"Reassurance Telephone\" width=\"377\" height=\"400\" srcset=\"https:\/\/eudoxie.shop\/wp-content\/uploads\/2023\/04\/reassurance-telephone-600x637.jpg 600w, https:\/\/eudoxie.shop\/wp-content\/uploads\/2023\/04\/reassurance-telephone-1050x1115.jpg 1050w, https:\/\/eudoxie.shop\/wp-content\/uploads\/2023\/04\/reassurance-telephone-350x372.jpg 350w, https:\/\/eudoxie.shop\/wp-content\/uploads\/2023\/04\/reassurance-telephone-768x816.jpg 768w, https:\/\/eudoxie.shop\/wp-content\/uploads\/2023\/04\/reassurance-telephone-800x850.jpg 800w, https:\/\/eudoxie.shop\/wp-content\/uploads\/2023\/04\/reassurance-telephone.jpg 1176w\" sizes=\"auto, (max-width: 377px) 100vw, 377px\" \/><\/p>\n<ul>\n<li><span style=\"font-size: 14.4px;\">Et si jamais tu as un doute, p<\/span>ossibilit\u00e9 de remboursement sous 14 jours apr\u00e8s r\u00e9ception<\/li>\n<\/ul>\n\t\t<\/div>\n\t<\/div>\n\t\n<\/div>\n<div class=\"container section-title-container\" style=\"margin-top:10px;margin-bottom:-2px;\"><h1 class=\"section-title section-title-center\"><b aria-hidden=\"true\"><\/b><span class=\"section-title-main\" >FONCTIONNALIT\u00c9S<\/span><b aria-hidden=\"true\"><\/b><\/h1><\/div>\n\t<div class=\"box has-hover   has-hover box-text-bottom\" >\n\n\t\t<div class=\"box-image\" >\n\t\t\t\t\t\t<div class=\"\" >\n\t\t\t\t<img loading=\"lazy\" decoding=\"async\" width=\"1080\" height=\"1080\" src=\"https:\/\/eudoxie.shop\/wp-content\/uploads\/2023\/08\/pp-beth-fonctionnalite204129s-1.webp\" class=\"attachment- size-\" alt=\"Pp Beth Fonctionnalite204129s 1\" srcset=\"https:\/\/eudoxie.shop\/wp-content\/uploads\/2023\/08\/pp-beth-fonctionnalite204129s-1.webp 1080w, https:\/\/eudoxie.shop\/wp-content\/uploads\/2023\/08\/pp-beth-fonctionnalite204129s-1-600x600.webp 600w, https:\/\/eudoxie.shop\/wp-content\/uploads\/2023\/08\/pp-beth-fonctionnalite204129s-1-1050x1050.webp 1050w, https:\/\/eudoxie.shop\/wp-content\/uploads\/2023\/08\/pp-beth-fonctionnalite204129s-1-350x350.webp 350w, https:\/\/eudoxie.shop\/wp-content\/uploads\/2023\/08\/pp-beth-fonctionnalite204129s-1-768x768.webp 768w, https:\/\/eudoxie.shop\/wp-content\/uploads\/2023\/08\/pp-beth-fonctionnalite204129s-1-800x800.webp 800w, https:\/\/eudoxie.shop\/wp-content\/uploads\/2023\/08\/pp-beth-fonctionnalite204129s-1-100x100.webp 100w, https:\/\/eudoxie.shop\/wp-content\/uploads\/2023\/08\/pp-beth-fonctionnalite204129s-1-50x50.webp 50w\" sizes=\"auto, (max-width: 1080px) 100vw, 1080px\" \/>\t\t\t\t\t\t\t\t\t\t\t<\/div>\n\t\t\t\t\t<\/div>\n\n\t\t<div class=\"box-text text-center\" style=\"background-color:rgb(33, 33, 33);\">\n\t\t\t<div class=\"box-text-inner\">\n\t\t\t\t\n\t<div id=\"text-2646890957\" class=\"text\">\n\t\t\n<h1><strong>UN LEGGING \u00ab\u00a0SECONDE PEAU\u00a0\u00bb HOMOLOGU\u00c9 AVEC PROTECTIONS<\/strong><\/h1>\n<p>Ce legging\u00a0 est homologu\u00e9 CE de type A norme EN17092-4 et poss\u00e8de des protections : Aux hanches et aux genoux. C&rsquo;est une vraie seconde peau, qui malgr\u00e9 ses protections, restera invisible et s&rsquo;adaptera aux morphologies f\u00e9minines \u00e0 la perfection. On sait \u00e0 quel point il est difficile pour une femme de trouver un pantalon, mais celui-ci \u00e9pouse les formes \u00e0 la perfection. Il sera parfait \u00e0 porter au quotidien pour un look au top !*<\/p>\n<p><em>*Ce legging homologu\u00e9 est \u00e0 porter sous un autre v\u00eatement<\/em><br \/>\n\t\t\n<style>\n#text-2646890957 {\n  text-align: center;\n  color: rgb(255, 255, 255);\n}\n#text-2646890957 > * {\n  color: rgb(255, 255, 255);\n}\n<\/style>\n\t<\/div>\n\t\n\t\t\t<\/div>\n\t\t<\/div>\n\t<\/div>\n\t\n\t<div class=\"box has-hover   has-hover box-text-bottom\" >\n\n\t\t<div class=\"box-image\" >\n\t\t\t\t\t\t<div class=\"\" >\n\t\t\t\t\t\t\t\t\t\t\t\t\t\t\t<\/div>\n\t\t\t\t\t<\/div>\n\n\t\t<div class=\"box-text text-center\" style=\"background-color:rgb(33, 33, 33);\">\n\t\t\t<div class=\"box-text-inner\">\n\t\t\t\t\n\t<div id=\"text-446231865\" class=\"text\">\n\t\t\n<h1><b>R\u00c9SISTANT AUX CHUTES ET AU D<\/b><b>\u00c9<\/b><b>CHIREMENT<\/b><\/h1>\n<p>Nous avons travaill\u00e9 avec un laboratoire durant plus de deux ans, pour pouvoir vous proposer ce legging, qui est l&rsquo;ensemble parfait avec notre veste. C&rsquo;est apr\u00e8s de nombreux tests, que nous pouvons vous affirmer qu&rsquo;il vous prot\u00e9gera en cas de chute \u00e0 moto. Compos\u00e9 d&rsquo;un tissu l\u00e9ger et \u00e9lastique, il r\u00e9siste \u00e9galement aux d\u00e9chirements et aux chocs gr\u00e2ce \u00e0 ses fils et sa mati\u00e8re.<br \/>\n\t\t\n<style>\n#text-446231865 {\n  text-align: center;\n  color: rgb(255, 255, 255);\n}\n#text-446231865 > * {\n  color: rgb(255, 255, 255);\n}\n<\/style>\n\t<\/div>\n\t\n\t\t\t<\/div>\n\t\t<\/div>\n\t<\/div>\n\t\n\t<div class=\"box has-hover   has-hover box-text-bottom\" >\n\n\t\t<div class=\"box-image\" >\n\t\t\t\t\t\t<div class=\"\" >\n\t\t\t\t\t\t\t\t\t\t\t\t\t\t\t<\/div>\n\t\t\t\t\t<\/div>\n\n\t\t<div class=\"box-text text-center\" style=\"background-color:rgb(33, 33, 33);\">\n\t\t\t<div class=\"box-text-inner\">\n\t\t\t\t\n\t<div id=\"text-254611535\" class=\"text\">\n\t\t\n<h1><b>POUR FAIRE DE LA MOTO&#8230; MAIS PAS QUE !\u00a0<\/b><\/h1>\n<p>Ce legging, telle une seconde peau, est discret, robuste et r\u00e9sistant. Il pourra \u00eatre port\u00e9 sous un pantalon, et pourra \u00e9galement t&rsquo;accompagner dans des aventures autres que la moto. Gr\u00e2ce \u00e0 ses protections et sa mati\u00e8re homologu\u00e9e, il pourra \u00eatre utilis\u00e9 pour les sports de glisse tel que le ski, le snow, le skate etc&#8230; En r\u00e9sum\u00e9, Eudoxie a pens\u00e9 \u00e0 tout !<br \/>\n\t\t\n<style>\n#text-254611535 {\n  text-align: center;\n  color: rgb(255, 255, 255);\n}\n#text-254611535 > * {\n  color: rgb(255, 255, 255);\n}\n<\/style>\n\t<\/div>\n\t\n\t\t\t<\/div>\n\t\t<\/div>\n\t<\/div>\n\t\n<div class=\"container section-title-container\" style=\"margin-top:10px;margin-bottom:-2px;\"><h1 class=\"section-title section-title-center\"><b aria-hidden=\"true\"><\/b><span class=\"section-title-main\" >LE COMBO PARFAIT<\/span><b aria-hidden=\"true\"><\/b><\/h1><\/div>\n\t\n  \n    <div class=\"row large-columns-4 medium-columns-3 small-columns-2 row-small has-shadow row-box-shadow-3-hover slider row-slider slider-nav-reveal slider-nav-push\"  data-flickity-options='{&quot;imagesLoaded&quot;: true, &quot;groupCells&quot;: &quot;100%&quot;, &quot;dragThreshold&quot; : 5, &quot;cellAlign&quot;: &quot;left&quot;,&quot;wrapAround&quot;: true,&quot;prevNextButtons&quot;: true,&quot;percentPosition&quot;: true,&quot;pageDots&quot;: false, &quot;rightToLeft&quot;: false, &quot;autoPlay&quot; : false}' >\n\n  \n\t     <div class=\"product-small col has-hover product type-product post-16067 status-publish first instock product_cat-cadeau-100-a-200 product_cat-gants has-post-thumbnail featured taxable shipping-taxable purchasable product-type-variable\">\n\t<div class=\"col-inner\">\n\t\n<div class=\"badge-container absolute left top z-1\">\n\n<\/div>\n\t<div class=\"product-small box\">\n\t\t<div class=\"box-image\">\n\t\t\t<div class=\"image-fade_in_back\">\n\t\t\t\t<a href=\"https:\/\/eudoxie.shop\/es\/produit\/gants-eudoxie-jody-beth\/\">\n\t\t\t\t\t<img loading=\"lazy\" decoding=\"async\" width=\"350\" height=\"525\" src=\"https:\/\/eudoxie.shop\/wp-content\/uploads\/2022\/10\/G-JODY-BETH-12-350x525.jpg\" class=\"attachment-woocommerce_thumbnail size-woocommerce_thumbnail\" alt=\"G Jody Beth 12\" \/><img loading=\"lazy\" decoding=\"async\" width=\"350\" height=\"525\" src=\"https:\/\/eudoxie.shop\/wp-content\/uploads\/2022\/10\/G-JODY-BETH-2-350x525.jpg\" class=\"show-on-hover absolute fill hide-for-small back-image\" alt=\"Gants Eudoxie Jody Beth\" aria-hidden=\"true\" \/>\t\t\t\t<\/a>\n\t\t\t<\/div>\n\t\t\t<div class=\"image-tools is-small top right show-on-hover\">\n\t\t\t\t\t\t\t<\/div>\n\t\t\t<div class=\"image-tools is-small hide-for-small bottom left show-on-hover\">\n\t\t\t\t\t\t\t<\/div>\n\t\t\t<div class=\"image-tools grid-tools text-center hide-for-small bottom hover-slide-in show-on-hover\">\n\t\t\t\t<a href=\"https:\/\/eudoxie.shop\/es\/produit\/gants-eudoxie-jody-beth\/\" aria-describedby=\"woocommerce_loop_add_to_cart_link_describedby_16067\" data-quantity=\"1\" class=\"add-to-cart-grid no-padding is-transparent product_type_variable add_to_cart_button\" data-product_id=\"16067\" data-product_sku=\"G-JODY-BETH\" aria-label=\"Elige las opciones para \u201cGants moto homologu\u00e9s 1KP Eudoxie Jody Beth\u201d\" rel=\"nofollow\" data-no-translation-aria-label=\"\"><div class=\"cart-icon tooltip is-small\" title=\"Seleccionar opciones\" data-no-translation-title=\"\"><strong>+<\/strong><\/div><\/a>\t<span id=\"woocommerce_loop_add_to_cart_link_describedby_16067\" class=\"screen-reader-text\">\n\t\tEste producto tiene m\u00faltiples variantes. Las opciones se pueden elegir en la p\u00e1gina de producto\t<\/span>\n<a href=\"#quick-view\" class=\"quick-view\" role=\"button\" data-prod=\"16067\" aria-haspopup=\"dialog\" aria-expanded=\"false\" data-flatsome-role-button>Vista R\u00e1pida<\/a>\t\t\t<\/div>\n\t\t\t\t\t<\/div>\n\n\t\t<div class=\"box-text box-text-products text-center grid-style-2\">\n\t\t\t<div class=\"title-wrapper\"><p class=\"name product-title woocommerce-loop-product__title\"><a href=\"https:\/\/eudoxie.shop\/es\/produit\/gants-eudoxie-jody-beth\/\" class=\"woocommerce-LoopProduct-link woocommerce-loop-product__link\">Gants moto homologu\u00e9s 1KP Eudoxie Jody Beth<\/a><\/p><\/div><div class=\"price-wrapper\">\n\t<span class=\"price\"><span class=\"woocommerce-Price-amount amount\"><bdi>119.00<span class=\"woocommerce-Price-currencySymbol\">\u20ac<\/span><\/bdi><\/span><\/span>\n<\/div>\t\t<\/div>\n\t<\/div>\n\t<span class=\"gtm4wp_productdata\" style=\"display:none; visibility:hidden;\" data-gtm4wp_product_data=\"{&quot;internal_id&quot;:16067,&quot;item_id&quot;:16067,&quot;item_name&quot;:&quot;Gants moto homologu\\u00e9s 1KP Eudoxie Jody Beth&quot;,&quot;sku&quot;:&quot;G-JODY-BETH&quot;,&quot;price&quot;:119,&quot;stocklevel&quot;:null,&quot;stockstatus&quot;:&quot;instock&quot;,&quot;google_business_vertical&quot;:&quot;retail&quot;,&quot;item_category&quot;:&quot;Id\\u00e9es Cadeau Moto&quot;,&quot;item_category2&quot;:&quot;Cadeau 100 \\u00e0 200\\u20ac&quot;,&quot;id&quot;:16067,&quot;productlink&quot;:&quot;https:\\\/\\\/eudoxie.shop\\\/es\\\/produit\\\/gants-eudoxie-jody-beth\\\/&quot;,&quot;item_list_name&quot;:&quot;Lista general de productos&quot;,&quot;index&quot;:1,&quot;product_type&quot;:&quot;variable&quot;,&quot;item_brand&quot;:&quot;&quot;}\"><\/span>\t<\/div>\n<\/div><\/div>\n<div class=\"container section-title-container\" style=\"margin-top:-25px;margin-bottom:-5px;\"><h1 class=\"section-title section-title-center\"><b aria-hidden=\"true\"><\/b><span class=\"section-title-main\" >AVIS<\/span><b aria-hidden=\"true\"><\/b><\/h1><\/div>\n  <div class=\"icon-box testimonial-box icon-box-left text-left\">\n                <div class=\"icon-box-text p-last-0\">\n          <div class=\"star-rating\" role=\"img\" aria-label=\"Rated 5 out of 5\"><span style=\"width:100%\"><strong class=\"rating\"><\/strong><\/span><\/div>  \t\t\t\t<div class=\"testimonial-text line-height-small italic test_text first-reset last-reset is-italic\">\n            \n<h3>Merci Eudoxie !<\/h3>\n<p>J&rsquo;ai subi ma premi\u00e8re chute \u00e0 moto il y a 10 jours&#8230; J&rsquo;avais re\u00e7u 1semaine avant mon Legging, et je n&rsquo;ai qu&rsquo;une chose \u00e0 dire.. MERCI EUDOXIE. Le legging m&rsquo;a \u00e9vit\u00e9 de nombreux bleus et cela aurait pu \u00eatre bien pire&#8230; Bref je recommande \u00e0 fond<strong> &#8211; Fanny G.<\/strong><\/p>\n          <\/div>\n          <div class=\"testimonial-meta pt-half\">\n             <strong class=\"testimonial-name test_name\"><\/strong>\n                          <span class=\"testimonial-company test_company\"><\/span>\n          <\/div>\n        <\/div>\n  <\/div>\n\n  \n  <div class=\"icon-box testimonial-box icon-box-left text-left\">\n                <div class=\"icon-box-text p-last-0\">\n          <div class=\"star-rating\" role=\"img\" aria-label=\"Rated 5 out of 5\"><span style=\"width:100%\"><strong class=\"rating\"><\/strong><\/span><\/div>  \t\t\t\t<div class=\"testimonial-text line-height-small italic test_text first-reset last-reset is-italic\">\n            \n<h3>Super legging<\/h3>\n<p>Un legging l\u00e9ger, r\u00e9sistant et canon ! \u00c7a change des pi\u00e8ces que l&rsquo;on trouve habituellement avec son design damier. Je ne le quitte plus d\u00e8s que je pars pour de longues balades. &#8211; <strong>Corinne C.<\/strong><\/p>\n          <\/div>\n          <div class=\"testimonial-meta pt-half\">\n             <strong class=\"testimonial-name test_name\"><\/strong>\n                          <span class=\"testimonial-company test_company\"><\/span>\n          <\/div>\n        <\/div>\n  <\/div>\n\n  \n  <div class=\"icon-box testimonial-box icon-box-left text-left\">\n                <div class=\"icon-box-text p-last-0\">\n          <div class=\"star-rating\" role=\"img\" aria-label=\"Rated 5 out of 5\"><span style=\"width:100%\"><strong class=\"rating\"><\/strong><\/span><\/div>  \t\t\t\t<div class=\"testimonial-text line-height-small italic test_text first-reset last-reset is-italic\">\n            \n<h3>L&rsquo;essayer c&rsquo;est l&rsquo;adopter !<\/h3>\n<p>J&rsquo;ai achet\u00e9 l&rsquo;ensemble first layer et il est parfait. On ne le sent quasiment pas sous les v\u00eatements et il ne se voit pas non plus ! Parfait pour se sentir \u00e0 l&rsquo;aise sur une moto.<strong>\u00a0 &#8211; Juliana k.<\/strong><\/p>\n          <\/div>\n          <div class=\"testimonial-meta pt-half\">\n             <strong class=\"testimonial-name test_name\"><\/strong>\n                          <span class=\"testimonial-company test_company\"><\/span>\n          <\/div>\n        <\/div>\n  <\/div>\n\n  \n<div class=\"container section-title-container\" style=\"margin-bottom:-2px;\"><h1 class=\"section-title section-title-center\"><b aria-hidden=\"true\"><\/b><span class=\"section-title-main\" >SP\u00c9CIFICIT\u00c9S<\/span><b aria-hidden=\"true\"><\/b><\/h1><\/div>\n<div class=\"public-DraftStyleDefault-block public-DraftStyleDefault-ltr\" data-offset-key=\"51q8a-0-0\"><strong>Le legging homologu\u00e9<\/strong><\/div>\n<div data-offset-key=\"51q8a-0-0\"><\/div>\n<div class=\"mb4\" data-block=\"true\" data-editor=\"ddpqf\" data-offset-key=\"e6uup-0-0\">\n<div class=\"public-DraftStyleDefault-block public-DraftStyleDefault-ltr\" data-offset-key=\"e6uup-0-0\"><span data-offset-key=\"e6uup-0-0\">Vous cherchez un legging de moto \u00e0 la fois solide, confortable tout en \u00e9tant libre de vos mouvements ? Ce legging est fait pour vous ! Sa mati\u00e8re, douce et fluide est homologu\u00e9e ainsi que ses coutures et ses fils extra-r\u00e9sistant. \u00a0Vous pouvez le porter sous un pantalon, avec les protections int\u00e9gr\u00e9es, il restera invisible sous votre tenue*.<\/span><\/div>\n<\/div>\n<div class=\"mb4\" data-block=\"true\" data-editor=\"ddpqf\" data-offset-key=\"3044d-0-0\">\n<div class=\"public-DraftStyleDefault-block public-DraftStyleDefault-ltr\" data-offset-key=\"3044d-0-0\"><span data-offset-key=\"3044d-0-0\">*Ces pi\u00e8ces ne se portent pas seules, elles doivent \u00eatre port\u00e9es sous un autre v\u00eatement.<\/span><\/div>\n<div data-offset-key=\"3044d-0-0\"><\/div>\n<div data-offset-key=\"3044d-0-0\">Ce legging offre la possibilit\u00e9 d&rsquo;int\u00e9grer des protections chocs ou il est facile d&rsquo;y glisser nos protections amovibles (int\u00e9gr\u00e9es lors de l&rsquo;achat). Ces protections sont situ\u00e9es au niveau des hanches et des genoux.<\/div>\n<\/div>\n<div class=\"mb4\" data-block=\"true\" data-editor=\"ddpqf\" data-offset-key=\"1u3r4-0-0\">\n<div class=\"public-DraftStyleDefault-block public-DraftStyleDefault-ltr\" data-offset-key=\"1u3r4-0-0\"><span data-offset-key=\"1u3r4-0-0\">Vous \u00eates nombreuses \u00e0 nous demander d&rsquo;\u00e9largir toujours notre gamme, notamment dans la protection. C&rsquo;est pour cette raison que nous avons travaill\u00e9 durement afin de proposer un produit l\u00e9ger, a\u00e9r\u00e9, et homologu\u00e9. \u00a0Nos derni\u00e8res innovations et les r\u00e9sultats satisfaisants de 2 ans de \u00ab\u00a0test ride\u00a0\u00bb nous permettent aujourd&rsquo;hui de vous proposer cette ensemble.\u00a0<\/span><\/div>\n<\/div>\n<p>Envie de te procurer l&rsquo;ensemble ? D\u00e9p\u00eache toi de commander ta veste \u00e9galement !<\/p>\n<p><span style=\"font-weight: 400;\">Retrouvez des photos lifestyle sur notre instagram: <a href=\"https:\/\/www.instagram.com\/eudoxie_motorcycle_label\/\" target=\"_blank\" rel=\"noopener\">@eudoxie_motorcycle_label<\/a> et sur <a href=\"https:\/\/www.pinterest.fr\/eudoxiemotorcyclegear\/\" target=\"_blank\" rel=\"noopener\">pinterest<\/a> !<\/span><\/p>","protected":false},"excerpt":{"rendered":"<p>Legging de protection moto Beth homologu\u00e9e CU Design damier beth Poches pour int\u00e9grer les protections Protections Homologu\u00e9es Niveau 1 int\u00e9gr\u00e9es : hanches et genoux Mati\u00e8re \u00ab\u00a0stretch\u00a0\u00bb et micro a\u00e9r\u00e9 pour r\u00e9guler la chaleur Fils et mati\u00e8re homologu\u00e9s 58%nylon 29%polyester et 13%spandex Elastique \u00ab\u00a0Eudoxie\u00a0\u00bb au niveau des hanches pour un bon maintien Syst\u00e8me d&rsquo;accroche elastiqu\u00e9e aux &#8230;<\/p>","protected":false},"featured_media":18570,"comment_status":"open","ping_status":"closed","template":"","meta":[],"product_brand":[],"product_cat":[436,368,413],"product_tag":[],"class_list":{"0":"post-17738","1":"product","2":"type-product","3":"status-publish","4":"has-post-thumbnail","6":"product_cat-cadeau-100-a-200","7":"product_cat-collection-technique","8":"product_cat-pantalons-moto","10":"","11":"instock","12":"taxable","13":"shipping-taxable","14":"purchasable","15":"product-type-variable"},"supplier_id":null,"supplier_sku":"","barcode":null,"atum_controlled":true,"out_stock_date":null,"out_stock_threshold":null,"inheritable":true,"inbound_stock":50,"stock_on_hold":2,"sold_today":0,"sales_last_days":4,"reserved_stock":0,"customer_returns":0,"warehouse_damage":0,"lost_in_post":0,"other_logs":0,"out_stock_days":0,"lost_sales":0,"has_location":false,"update_date":"2026-04-17T00:30:58","atum_locations":[],"atum_stock_status":"instock","restock_status":false,"low_stock_amount":"","sales_update_date":"2026-04-17T00:30:58","calc_backorders":null,"_links":{"self":[{"href":"https:\/\/eudoxie.shop\/es\/wp-json\/wp\/v2\/product\/17738","targetHints":{"allow":["GET"]}}],"collection":[{"href":"https:\/\/eudoxie.shop\/es\/wp-json\/wp\/v2\/product"}],"about":[{"href":"https:\/\/eudoxie.shop\/es\/wp-json\/wp\/v2\/types\/product"}],"replies":[{"embeddable":true,"href":"https:\/\/eudoxie.shop\/es\/wp-json\/wp\/v2\/comments?post=17738"}],"wp:featuredmedia":[{"embeddable":true,"href":"https:\/\/eudoxie.shop\/es\/wp-json\/wp\/v2\/media\/18570"}],"wp:attachment":[{"href":"https:\/\/eudoxie.shop\/es\/wp-json\/wp\/v2\/media?parent=17738"}],"wp:term":[{"taxonomy":"product_brand","embeddable":true,"href":"https:\/\/eudoxie.shop\/es\/wp-json\/wp\/v2\/product_brand?post=17738"},{"taxonomy":"product_cat","embeddable":true,"href":"https:\/\/eudoxie.shop\/es\/wp-json\/wp\/v2\/product_cat?post=17738"},{"taxonomy":"product_tag","embeddable":true,"href":"https:\/\/eudoxie.shop\/es\/wp-json\/wp\/v2\/product_tag?post=17738"}],"curies":[{"name":"wp","href":"https:\/\/api.w.org\/{rel}","templated":true}]}}