{"id":20691,"date":"2024-05-15T15:29:47","date_gmt":"2024-05-15T13:29:47","guid":{"rendered":"https:\/\/eudoxie.shop\/?post_type=product&#038;p=20691"},"modified":"2026-04-13T16:07:40","modified_gmt":"2026-04-13T14:07:40","slug":"veste-moto-sunrise-homologuee-a","status":"publish","type":"product","link":"https:\/\/eudoxie.shop\/es\/produit\/veste-moto-sunrise-homologuee-a\/","title":{"rendered":"Veste moto Sunrise homologu\u00e9e A"},"content":{"rendered":"<h1 style=\"text-align: center;\">Veste moto Sunrise homologu\u00e9e A<\/h1>\n<p>&nbsp;<\/p>\n<ul>\n<li>Veste Sunrise homologu\u00e9e A norme EN17092-4 et UKCA<\/li>\n<li>Protections homologu\u00e9es de niveau 1 incluses (coudes, \u00e9paules, dorsale)<\/li>\n<li>Coupe type nascar<\/li>\n<li>Toile de coton valide pour la r\u00e9sistance \u00e0 l&rsquo;abrasion et au d\u00e9chirement<\/li>\n<li>Triple couture structurelles pour plus de solidit\u00e9<\/li>\n<li>Double serrage aux poignets contre les entr\u00e9e d&rsquo;air<\/li>\n<\/ul>\n<div class=\"accordion\">\n\t<div id=\"accordion-1986432155\" class=\"accordion-item\">\n\t\t<a id=\"accordion-1986432155-label\" class=\"accordion-title plain\" href=\"#accordion-item-homologation\" aria-expanded=\"false\" aria-controls=\"accordion-1986432155-content\">\n\t\t\t<button class=\"toggle\" aria-label=\"Toggle\"><i class=\"icon-angle-down\" aria-hidden=\"true\"><\/i><\/button>\n\t\t\t<span>HOMOLOGATION<\/span>\n\t\t<\/a>\n\t\t<div id=\"accordion-1986432155-content\" class=\"accordion-inner\" aria-labelledby=\"accordion-1986432155-label\">\n\t\t\t\n<p><img loading=\"lazy\" decoding=\"async\" class=\"alignnone wp-image-18199 aligncenter\" src=\"https:\/\/eudoxie.shop\/wp-content\/uploads\/2023\/07\/HOMOLOGUEE-A.jpg\" alt=\"Homologuee A\" width=\"285\" height=\"461\" \/><\/p>\n<p style=\"text-align: center;\">Veste homologu\u00e9e A norme EN17092-4 et UKCA<\/p>\n\t\t<\/div>\n\t<\/div>\n\t\n\t<div id=\"accordion-700489965\" class=\"accordion-item\">\n\t\t<a id=\"accordion-700489965-label\" class=\"accordion-title plain\" href=\"#accordion-item-guide-des-tailles\" aria-expanded=\"false\" aria-controls=\"accordion-700489965-content\">\n\t\t\t<button class=\"toggle\" aria-label=\"Toggle\"><i class=\"icon-angle-down\" aria-hidden=\"true\"><\/i><\/button>\n\t\t\t<span>GUIDE DES TAILLES<\/span>\n\t\t<\/a>\n\t\t<div id=\"accordion-700489965-content\" class=\"accordion-inner\" aria-labelledby=\"accordion-700489965-label\">\n\t\t\t\n<p>Vous pouvez vous r\u00e9f\u00e9rer au tableau des tailles ci-dessous, afin de savoir quelle taille commander. Elle taille parfaitement bien, cette veste \u00e9pouse parfaitement nos formes et devrait te procurer le confort dont tu as besoin en roulant !<\/p>\n<p><span style=\"font-size: 14.4px;\">Et si jamais tu as un doute, tu as 14 jours pour l&rsquo;\u00e9changer !<\/span><\/p>\n<p><img loading=\"lazy\" decoding=\"async\" class=\"alignnone size-medium wp-image-11315 aligncenter\" src=\"https:\/\/eudoxie.shop\/wp-content\/uploads\/2020\/10\/EUDOXIE-grille-taille-size-grid-600x321.jpg\" alt=\"Eudoxie Grille Taille Size Grid\" width=\"600\" height=\"321\" srcset=\"https:\/\/eudoxie.shop\/wp-content\/uploads\/2020\/10\/EUDOXIE-grille-taille-size-grid-600x321.jpg 600w, https:\/\/eudoxie.shop\/wp-content\/uploads\/2020\/10\/EUDOXIE-grille-taille-size-grid-350x187.jpg 350w, https:\/\/eudoxie.shop\/wp-content\/uploads\/2020\/10\/EUDOXIE-grille-taille-size-grid-768x411.jpg 768w, https:\/\/eudoxie.shop\/wp-content\/uploads\/2020\/10\/EUDOXIE-grille-taille-size-grid-610x326.jpg 610w, https:\/\/eudoxie.shop\/wp-content\/uploads\/2020\/10\/EUDOXIE-grille-taille-size-grid-800x428.jpg 800w, https:\/\/eudoxie.shop\/wp-content\/uploads\/2020\/10\/EUDOXIE-grille-taille-size-grid.jpg 866w\" sizes=\"auto, (max-width: 600px) 100vw, 600px\" \/><\/p>\n<p>Tu ne trouves pas ta taille ou un produit n&rsquo;est plus disponible ? \u00c9cris nous \u00e0 <a href=\"mailto:lady@eudoxie.fr\"><strong>lady@eudoxie.fr<\/strong> <\/a>, nous trouverons la solution !<\/p>\n\t\t<\/div>\n\t<\/div>\n\t\n\t<div id=\"accordion-2426976839\" class=\"accordion-item\">\n\t\t<a id=\"accordion-2426976839-label\" class=\"accordion-title plain\" href=\"#accordion-item-livraison-et-retours\" aria-expanded=\"false\" aria-controls=\"accordion-2426976839-content\">\n\t\t\t<button class=\"toggle\" aria-label=\"Toggle\"><i class=\"icon-angle-down\" aria-hidden=\"true\"><\/i><\/button>\n\t\t\t<span>LIVRAISON ET RETOURS<\/span>\n\t\t<\/a>\n\t\t<div id=\"accordion-2426976839-content\" class=\"accordion-inner\" aria-labelledby=\"accordion-2426976839-label\">\n\t\t\t\n<p><img loading=\"lazy\" decoding=\"async\" class=\"wp-image-17461 aligncenter\" src=\"https:\/\/eudoxie.shop\/wp-content\/uploads\/2023\/04\/reassurance-telephone-600x637.jpg\" alt=\"Reassurance Telephone\" width=\"377\" height=\"400\" srcset=\"https:\/\/eudoxie.shop\/wp-content\/uploads\/2023\/04\/reassurance-telephone-600x637.jpg 600w, https:\/\/eudoxie.shop\/wp-content\/uploads\/2023\/04\/reassurance-telephone-1050x1115.jpg 1050w, https:\/\/eudoxie.shop\/wp-content\/uploads\/2023\/04\/reassurance-telephone-350x372.jpg 350w, https:\/\/eudoxie.shop\/wp-content\/uploads\/2023\/04\/reassurance-telephone-768x816.jpg 768w, https:\/\/eudoxie.shop\/wp-content\/uploads\/2023\/04\/reassurance-telephone-800x850.jpg 800w, https:\/\/eudoxie.shop\/wp-content\/uploads\/2023\/04\/reassurance-telephone.jpg 1176w\" sizes=\"auto, (max-width: 377px) 100vw, 377px\" \/><\/p>\n<ul>\n<li>Possibilit\u00e9 de remboursement sous 14 jours apr\u00e8s r\u00e9ception<\/li>\n<\/ul>\n\t\t<\/div>\n\t<\/div>\n\t\n<\/div>\n<div class=\"container section-title-container\" style=\"margin-top:10px;margin-bottom:-2px;\"><h1 class=\"section-title section-title-center\"><b aria-hidden=\"true\"><\/b><span class=\"section-title-main\" >FONCTIONNALIT\u00c9S<\/span><b aria-hidden=\"true\"><\/b><\/h1><\/div>\n\t<div class=\"box has-hover   has-hover box-text-bottom\" >\n\n\t\t<div class=\"box-image\" >\n\t\t\t\t\t\t<div class=\"\" >\n\t\t\t\t<img loading=\"lazy\" decoding=\"async\" width=\"1050\" height=\"1050\" src=\"https:\/\/eudoxie.shop\/wp-content\/uploads\/2024\/05\/homologue-sunrise.png\" class=\"attachment- size-\" alt=\"veste moto sunrise eudoxie\" srcset=\"https:\/\/eudoxie.shop\/wp-content\/uploads\/2024\/05\/homologue-sunrise.png 1050w, https:\/\/eudoxie.shop\/wp-content\/uploads\/2024\/05\/homologue-sunrise-600x600.png 600w, https:\/\/eudoxie.shop\/wp-content\/uploads\/2024\/05\/homologue-sunrise-350x350.png 350w, https:\/\/eudoxie.shop\/wp-content\/uploads\/2024\/05\/homologue-sunrise-768x768.png 768w, https:\/\/eudoxie.shop\/wp-content\/uploads\/2024\/05\/homologue-sunrise-800x800.png 800w, https:\/\/eudoxie.shop\/wp-content\/uploads\/2024\/05\/homologue-sunrise-100x100.png 100w, https:\/\/eudoxie.shop\/wp-content\/uploads\/2024\/05\/homologue-sunrise-50x50.png 50w\" sizes=\"auto, (max-width: 1050px) 100vw, 1050px\" \/>\t\t\t\t\t\t\t\t\t\t\t<\/div>\n\t\t\t\t\t<\/div>\n\n\t\t<div class=\"box-text text-center\" style=\"background-color:rgb(33, 33, 33);\">\n\t\t\t<div class=\"box-text-inner\">\n\t\t\t\t\n\t<div id=\"text-4168879740\" class=\"text\">\n\t\t\n<h1><strong>UNE HOMOLOGATION ET DE LA PROTECTION<\/strong><\/h1>\n<p>Cette veste nascar est homologu\u00e9e CE de type A norme EN17092-4 et poss\u00e8de 5 protections : 2 aux coudes, 2 aux \u00e9paules, et 1 dorsale<br \/>\n\t\t\n<style>\n#text-4168879740 {\n  text-align: center;\n  color: rgb(255, 255, 255);\n}\n#text-4168879740 > * {\n  color: rgb(255, 255, 255);\n}\n<\/style>\n\t<\/div>\n\t\n\t\t\t<\/div>\n\t\t<\/div>\n\t<\/div>\n\t\n\t<div class=\"box has-hover   has-hover box-text-bottom\" >\n\n\t\t<div class=\"box-image\" >\n\t\t\t\t\t\t<div class=\"\" >\n\t\t\t\t\t\t\t\t\t\t\t\t\t\t\t<\/div>\n\t\t\t\t\t<\/div>\n\n\t\t<div class=\"box-text text-center\" style=\"background-color:rgb(33, 33, 33);\">\n\t\t\t<div class=\"box-text-inner\">\n\t\t\t\t\n\t<div id=\"text-4041718190\" class=\"text\">\n\t\t\n<h1><strong>UN TISSU TEST\u00c9 ET R\u00c9SISTANT<\/strong><\/h1>\n<p>Longuement \u00e9tudi\u00e9 dans un laboratoire, chacune de nos vestes ont subi de nombreux tests, afin d&rsquo;\u00eatre les plus efficace en cas de chute \u00e0 moto. Compos\u00e9e d&rsquo;un tissu l\u00e9ger elle r\u00e9siste \u00e9galement aux d\u00e9chirements et aux abrasions.<br \/>\n\t\t\n<style>\n#text-4041718190 {\n  text-align: center;\n  color: rgb(255, 255, 255);\n}\n#text-4041718190 > * {\n  color: rgb(255, 255, 255);\n}\n<\/style>\n\t<\/div>\n\t\n\t\t\t<\/div>\n\t\t<\/div>\n\t<\/div>\n\t\n\t<div class=\"box has-hover   has-hover box-text-bottom\" >\n\n\t\t<div class=\"box-image\" >\n\t\t\t\t\t\t<div class=\"\" >\n\t\t\t\t\t\t\t\t\t\t\t\t\t\t\t<\/div>\n\t\t\t\t\t<\/div>\n\n\t\t<div class=\"box-text text-center\" style=\"background-color:rgb(33, 33, 33);\">\n\t\t\t<div class=\"box-text-inner\">\n\t\t\t\t\n\t<div id=\"text-2865244705\" class=\"text\">\n\t\t\n<h1><strong>ZIP YKK ET COUTURES ULTRA R\u00c9SISTANTS<\/strong><\/h1>\n<p>La veste nascar est compos\u00e9e de la meilleure et leadeuse sur le march\u00e9 fermeture \u00e9clair \u00ab\u00a0YKK\u00a0\u00bb. Elle est discr\u00e8te, robuste et r\u00e9sistante. Nous avons opt\u00e9 pour des triples coutures structurelles qui permettent une extra-r\u00e9sistance de la veste. Chaque couture est cousue 3 fois ce qui lui donne plus de r\u00e9sistance et permet en cas de chute ou de d\u00e9chirements de r\u00e9sister au maximum. C&rsquo;est une technique utilis\u00e9e pour ces coutures qui doivent pouvoir r\u00e9sister au choc ou \u00e0 des abrasions consid\u00e9rables.<br \/>\n\t\t\n<style>\n#text-2865244705 {\n  text-align: center;\n  color: rgb(255, 255, 255);\n}\n#text-2865244705 > * {\n  color: rgb(255, 255, 255);\n}\n<\/style>\n\t<\/div>\n\t\n\t\t\t<\/div>\n\t\t<\/div>\n\t<\/div>\n\t\n<div class=\"container section-title-container\" style=\"margin-top:10px;margin-bottom:-2px;\"><h1 class=\"section-title section-title-center\"><b aria-hidden=\"true\"><\/b><span class=\"section-title-main\" >LE COMBO PARFAIT<\/span><b aria-hidden=\"true\"><\/b><\/h1><\/div>\n\t\n  \n    <div class=\"row large-columns-4 medium-columns-3 small-columns-2 row-small has-shadow row-box-shadow-3-hover slider row-slider slider-nav-reveal slider-nav-push\"  data-flickity-options='{&quot;imagesLoaded&quot;: true, &quot;groupCells&quot;: &quot;100%&quot;, &quot;dragThreshold&quot; : 5, &quot;cellAlign&quot;: &quot;left&quot;,&quot;wrapAround&quot;: true,&quot;prevNextButtons&quot;: true,&quot;percentPosition&quot;: true,&quot;pageDots&quot;: false, &quot;rightToLeft&quot;: false, &quot;autoPlay&quot; : false}' >\n\n  \n\t     <div class=\"product-small col has-hover product type-product post-14527 status-publish first instock product_cat-cadeau-moto-50-a-100 product_cat-gants product_cat-operation-girl-power has-post-thumbnail taxable shipping-taxable purchasable product-type-variable\">\n\t<div class=\"col-inner\">\n\t\n<div class=\"badge-container absolute left top z-1\">\n\n<\/div>\n\t<div class=\"product-small box\">\n\t\t<div class=\"box-image\">\n\t\t\t<div class=\"image-fade_in_back\">\n\t\t\t\t<a href=\"https:\/\/eudoxie.shop\/es\/produit\/gants-eudoxie\/\">\n\t\t\t\t\t<img loading=\"lazy\" decoding=\"async\" width=\"350\" height=\"525\" src=\"https:\/\/eudoxie.shop\/wp-content\/uploads\/2022\/03\/G-LIZZY-CLEAR-12-350x525.jpg\" class=\"attachment-woocommerce_thumbnail size-woocommerce_thumbnail\" alt=\"G Lizzy GANTS Clear (1)2\" \/><img loading=\"lazy\" decoding=\"async\" width=\"350\" height=\"525\" src=\"https:\/\/eudoxie.shop\/wp-content\/uploads\/2022\/03\/G-LIZZY-CLEAR-3-350x525.jpg\" class=\"show-on-hover absolute fill hide-for-small back-image\" alt=\"G Lizzy Clear (3)\" aria-hidden=\"true\" \/>\t\t\t\t<\/a>\n\t\t\t<\/div>\n\t\t\t<div class=\"image-tools is-small top right show-on-hover\">\n\t\t\t\t\t\t\t<\/div>\n\t\t\t<div class=\"image-tools is-small hide-for-small bottom left show-on-hover\">\n\t\t\t\t\t\t\t<\/div>\n\t\t\t<div class=\"image-tools grid-tools text-center hide-for-small bottom hover-slide-in show-on-hover\">\n\t\t\t\t<a href=\"https:\/\/eudoxie.shop\/es\/produit\/gants-eudoxie\/\" aria-describedby=\"woocommerce_loop_add_to_cart_link_describedby_14527\" data-quantity=\"1\" class=\"add-to-cart-grid no-padding is-transparent product_type_variable add_to_cart_button\" data-product_id=\"14527\" data-product_sku=\"G-LIZZY-CLEAR\" aria-label=\"Elige las opciones para \u201cGants homologu\u00e9s Eudoxie Clear\u201d\" rel=\"nofollow\" data-no-translation-aria-label=\"\"><div class=\"cart-icon tooltip is-small\" title=\"Seleccionar opciones\" data-no-translation-title=\"\"><strong>+<\/strong><\/div><\/a>\t<span id=\"woocommerce_loop_add_to_cart_link_describedby_14527\" class=\"screen-reader-text\">\n\t\tEste producto tiene m\u00faltiples variantes. Las opciones se pueden elegir en la p\u00e1gina de producto\t<\/span>\n<a href=\"#quick-view\" class=\"quick-view\" role=\"button\" data-prod=\"14527\" aria-haspopup=\"dialog\" aria-expanded=\"false\" data-flatsome-role-button>Vista R\u00e1pida<\/a>\t\t\t<\/div>\n\t\t\t\t\t<\/div>\n\n\t\t<div class=\"box-text box-text-products text-center grid-style-2\">\n\t\t\t<div class=\"title-wrapper\"><p class=\"name product-title woocommerce-loop-product__title\"><a href=\"https:\/\/eudoxie.shop\/es\/produit\/gants-eudoxie\/\" class=\"woocommerce-LoopProduct-link woocommerce-loop-product__link\">Gants homologu\u00e9s Eudoxie Clear<\/a><\/p><\/div><div class=\"price-wrapper\">\n\t<span class=\"price\"><span class=\"woocommerce-Price-amount amount\"><bdi>95.00<span class=\"woocommerce-Price-currencySymbol\">\u20ac<\/span><\/bdi><\/span><\/span>\n<\/div>\t\t<\/div>\n\t<\/div>\n\t<span class=\"gtm4wp_productdata\" style=\"display:none; visibility:hidden;\" data-gtm4wp_product_data=\"{&quot;internal_id&quot;:14527,&quot;item_id&quot;:14527,&quot;item_name&quot;:&quot;Gants homologu\\u00e9s Eudoxie Clear&quot;,&quot;sku&quot;:&quot;G-LIZZY-CLEAR&quot;,&quot;price&quot;:95,&quot;stocklevel&quot;:null,&quot;stockstatus&quot;:&quot;instock&quot;,&quot;google_business_vertical&quot;:&quot;retail&quot;,&quot;item_category&quot;:&quot;Id\\u00e9es Cadeau Moto&quot;,&quot;item_category2&quot;:&quot;Cadeau moto 50 \\u00e0 100\\u20ac&quot;,&quot;id&quot;:14527,&quot;productlink&quot;:&quot;https:\\\/\\\/eudoxie.shop\\\/es\\\/produit\\\/gants-eudoxie\\\/&quot;,&quot;item_list_name&quot;:&quot;Lista general de productos&quot;,&quot;index&quot;:1,&quot;product_type&quot;:&quot;variable&quot;,&quot;item_brand&quot;:&quot;&quot;}\"><\/span>\t<\/div>\n<\/div><\/div>\n<div class=\"container section-title-container\" style=\"margin-bottom:-2px;\"><h1 class=\"section-title section-title-center\"><b aria-hidden=\"true\"><\/b><span class=\"section-title-main\" >SP\u00c9CIFICIT\u00c9S<\/span><b aria-hidden=\"true\"><\/b><\/h1><\/div>\n<p>La petite derni\u00e8re de chez Eudoxie ! Un style inspir\u00e9 des pilotes, une veste type coupe Nascar, pour avoir un look d&rsquo;enfer \u00e0 moto et au quotidien. Ses bandes de couleurs brod\u00e9es sur les manches lui donnent un style sport et hyper canon ! Cette veste moto Sunrise en tissu est homologu\u00e9e CE et UKCA, et oui nous l&rsquo;avons fait ! Homologu\u00e9e A aux normes EN17092-4, son textile en coton a \u00e9t\u00e9 test\u00e9 en laboratoire, afin de r\u00e9sister \u00e0 l&rsquo;abrasion et aux d\u00e9chirements. Compos\u00e9e de 5 poches, nous y int\u00e9grons des protections de niveau 1 amovibles, \u00e0 enlever facilement en fonction de comment vous souhaitez porter la veste : 2 coudes, 2 \u00e9paules et 1 dorsale. Elle poss\u00e8de \u00e9galement des triples coutures structurelles, pour \u00eatre r\u00e9sistante en toute circonstance.<\/p>\n<p>Une coupe parfaite pour s&rsquo;adapter aux diff\u00e9rentes morphologies, que l&rsquo;on soit petite ou grande, menue ou fine ! Ajust\u00e9e aux \u00e9paules et \u00e0 la taille elle embellira votre silhouette. Une coupe bombers, un col motard, un zipper YKK hyper r\u00e9sistant ainsi que des soufflets et boutons pour ajuster les poignets. Tout a \u00e9t\u00e9 pens\u00e9 minutieusement sur cette veste. Inspir\u00e9e des ann\u00e9es 70 elle casse les codes de la moto. Elle est \u00e9galement en doublure coton, et peut se fermer jusqu&rsquo;au cou pour \u00e9viter les courants d&rsquo;air. On retrouve \u00e9galement sur cette veste 2 poches ext\u00e9rieures, et une poche int\u00e9rieure, parce qu&rsquo;on sait que m\u00eame \u00e0 moto, on a besoin de mettre quelque part nos accessoires indispensables !<\/p>\n<p>Et parce qu&rsquo;on adore ce design Sunrise, nous l&rsquo;avons d\u00e9clin\u00e9 en articles : <a href=\"https:\/\/eudoxie.shop\/es\/product-2\/t-shirt-jersey-sunrise\/?wmc-currency=EUR\">Le Jersey Sunrise<\/a>\u00a0et\u00a0 <a href=\"https:\/\/eudoxie.shop\/es\/product-2\/chaussettes-sunrise\/?wmc-currency=EUR\">Les chaussettes Sunrise !<\/a><\/p>\n<p><span style=\"font-size: 14.4px;\">La veste est \u00e9galement disponible en version \u00ab\u00a0Lifestyle\u00a0\u00bb avec les poches internes non int\u00e9gr\u00e9es, et sans l&rsquo;option protections <\/span><a href=\"https:\/\/eudoxie.shop\/es\/product-2\/veste-moto-femme-sunrise-technique\/?wmc-currency=EUR\">ICI<\/a> <span style=\"font-size: 14.4px;\">!<\/span><\/p>\n<p><span style=\"font-weight: 400;\">Retrouvez des photos lifestyle sur notre instagram: <a href=\"http:\/\/www.instagram.com\/eudoxie_motorcycle_label\" target=\"_blank\" rel=\"noopener\">@eudoxie_motorcycle_label<\/a> et sur <a href=\"https:\/\/www.pinterest.fr\/eudoxiemotorcyclegear\/\" target=\"_blank\" rel=\"noopener\">pinterest<\/a> !<\/span><\/p>","protected":false},"excerpt":{"rendered":"<p><a href=\"#guide-tailles\"><img loading=\"lazy\" decoding=\"async\" class=\"alignnone wp-image-19909\" src=\"https:\/\/eudoxie.shop\/wp-content\/uploads\/2023\/03\/bouton-gdt.png\" alt=\"\" width=\"206\" height=\"48\" data-wp-editing=\"1\" \/><\/a><\/p>\n<ul>\n<li style=\"text-align: left;\"><span style=\"font-size: 90%;\">Veste Sunrise homologu\u00e9e A norme EN17092-4 et UKCA<\/span><\/li>\n<li style=\"text-align: left;\"><span style=\"font-size: 90%;\">Protections homologu\u00e9es de niveau 1 incluses (coudes, \u00e9paules, dorsale)<\/span><\/li>\n<li style=\"text-align: left;\"><span style=\"font-size: 90%;\">Coupe type nascar<\/span><\/li>\n<li style=\"text-align: left;\"><span style=\"font-size: 90%;\">Toile de coton valide pour la r\u00e9sistance \u00e0 l&rsquo;abrasion et au d\u00e9chirement<\/span><\/li>\n<li style=\"text-align: left;\"><span style=\"font-size: 90%;\">Triple couture structurelles pour plus de solidit\u00e9<\/span><\/li>\n<li style=\"text-align: left;\"><span style=\"font-size: 90%;\">Double serrage aux poignets contre les entr\u00e9e d&rsquo;air<\/span><\/li>\n<\/ul>\n<p style=\"text-align: left;\"><span style=\"font-size: 95%;\"><strong>Tu h\u00e9sites entre 2 tailles ? Prends celle au dessus \ud83d\ude09<\/strong><\/span><\/p>","protected":false},"featured_media":20759,"comment_status":"open","ping_status":"closed","template":"","meta":[],"product_brand":[],"product_cat":[437,368,383,409],"product_tag":[],"class_list":{"0":"post-20691","1":"product","2":"type-product","3":"status-publish","4":"has-post-thumbnail","6":"product_cat-cadeau-premium","7":"product_cat-collection-technique","8":"product_cat-vestes-homologuees","9":"product_cat-vestes-moto-homologuees-niveau-a","11":"","12":"instock","13":"taxable","14":"shipping-taxable","15":"purchasable","16":"product-type-variable"},"supplier_id":null,"supplier_sku":"","barcode":null,"atum_controlled":true,"out_stock_date":null,"out_stock_threshold":null,"inheritable":true,"inbound_stock":0,"stock_on_hold":0,"sold_today":0,"sales_last_days":1,"reserved_stock":0,"customer_returns":0,"warehouse_damage":0,"lost_in_post":0,"other_logs":0,"out_stock_days":0,"lost_sales":0,"has_location":false,"update_date":"2026-04-17T00:30:57","atum_locations":[],"atum_stock_status":"instock","restock_status":false,"low_stock_amount":"","sales_update_date":"2026-04-17T00:30:57","calc_backorders":null,"_links":{"self":[{"href":"https:\/\/eudoxie.shop\/es\/wp-json\/wp\/v2\/product\/20691","targetHints":{"allow":["GET"]}}],"collection":[{"href":"https:\/\/eudoxie.shop\/es\/wp-json\/wp\/v2\/product"}],"about":[{"href":"https:\/\/eudoxie.shop\/es\/wp-json\/wp\/v2\/types\/product"}],"replies":[{"embeddable":true,"href":"https:\/\/eudoxie.shop\/es\/wp-json\/wp\/v2\/comments?post=20691"}],"wp:featuredmedia":[{"embeddable":true,"href":"https:\/\/eudoxie.shop\/es\/wp-json\/wp\/v2\/media\/20759"}],"wp:attachment":[{"href":"https:\/\/eudoxie.shop\/es\/wp-json\/wp\/v2\/media?parent=20691"}],"wp:term":[{"taxonomy":"product_brand","embeddable":true,"href":"https:\/\/eudoxie.shop\/es\/wp-json\/wp\/v2\/product_brand?post=20691"},{"taxonomy":"product_cat","embeddable":true,"href":"https:\/\/eudoxie.shop\/es\/wp-json\/wp\/v2\/product_cat?post=20691"},{"taxonomy":"product_tag","embeddable":true,"href":"https:\/\/eudoxie.shop\/es\/wp-json\/wp\/v2\/product_tag?post=20691"}],"curies":[{"name":"wp","href":"https:\/\/api.w.org\/{rel}","templated":true}]}}