{"id":21147,"date":"2024-06-25T17:35:10","date_gmt":"2024-06-25T15:35:10","guid":{"rendered":"https:\/\/eudoxie.shop\/?post_type=product&#038;p=21147"},"modified":"2026-05-01T10:23:17","modified_gmt":"2026-05-01T08:23:17","slug":"porte-cle-moto-helmet","status":"publish","type":"product","link":"https:\/\/eudoxie.shop\/es\/produit\/porte-cle-moto-helmet\/","title":{"rendered":"Porte cl\u00e9 moto Helmet"},"content":{"rendered":"<h1>Porte cl\u00e9 moto Helmet<\/h1>\n<p>D\u00e9couvre notre porte cl\u00e9 moto \u00ab\u00a0Helmet\u00a0\u00bb en cuir, l&rsquo;accessoire rock&rsquo;n&rsquo;roll par excellence pour toutes les rideuses ! Affiche ton style audacieux et ta passion pour la moto avec ce porte-cl\u00e9 qui est bien plus qu&rsquo;un simple accessoire, c&rsquo;est une d\u00e9claration de ton esprit libre et rebelle.<\/p>\n<p>Fabriqu\u00e9 en cuir de haute qualit\u00e9, le porte-cl\u00e9 \u00ab\u00a0Helmet\u00a0\u00bb est con\u00e7u pour r\u00e9sister \u00e0 toutes tes aventures, sur la route comme au quotidien. Son design unique, orn\u00e9 de flammes et des inscriptions \u00ab\u00a0Eudoxie\u00a0\u00bb et \u00ab\u00a0Wild and free\u00a0\u00bb, capture parfaitement l&rsquo;essence d&rsquo;un esprit indomptable et d&rsquo;une \u00e2me sauvage. Avec sa finition impeccable et ses d\u00e9tails minutieux, il ajoutera une touche de caract\u00e8re \u00e0 tes cl\u00e9s, ton sac ou m\u00eame ton \u00e9quipement moto.<\/p>\n<p>Pourquoi choisir notre porte cl\u00e9 moto\u00a0 \u00ab\u00a0Helmet\u00a0\u00bb ?<\/p>\n<ol>\n<li><strong>Qualit\u00e9 Sup\u00e9rieure<\/strong> : Confectionn\u00e9 en cuir v\u00e9ritable, ce porte-cl\u00e9 est aussi robuste qu&rsquo;\u00e9l\u00e9gant.<\/li>\n<li><strong>Design Audacieux<\/strong> : Le style rock avec les flammes et les messages \u00ab\u00a0Eudoxie\u00a0\u00bb et \u00ab\u00a0Wild and free\u00a0\u00bb incarnent parfaitement ton esprit de rideuse.<\/li>\n<li><strong>Pratique et Styl\u00e9<\/strong> : Attache-le \u00e0 tes cl\u00e9s ou \u00e0 ton sac pour un look distinctif et pratique.<\/li>\n<li><strong>Durabilit\u00e9<\/strong> : Con\u00e7u pour r\u00e9sister aux intemp\u00e9ries et \u00e0 l&rsquo;usure quotidienne, ce porte-cl\u00e9 gardera son allure au fil du temps.<\/li>\n<\/ol>\n<p>Ce porte-cl\u00e9 en cuir est le cadeau id\u00e9al pour toi ou pour une autre rideuse. Ajoute une touche de style et de personnalit\u00e9 \u00e0 tes accessoires tout en montrant fi\u00e8rement ton c\u00f4t\u00e9 rock et indomptable.<\/p>\n<p>Ne manque pas cette opportunit\u00e9 d&rsquo;afficher ta personnalit\u00e9 et ton esprit libre avec notre porte-cl\u00e9 \u00ab\u00a0Helmet\u00a0\u00bb. Commande d\u00e8s maintenant et rejoins les rideuses Eudoxie, toujours pr\u00eates \u00e0 vivre leurs aventures \u00e0 fond !<\/p>\n<p>Viens nous suivre sur instagram ! <a href=\"https:\/\/www.instagram.com\/eudoxie_motorcycle_label\/?hl=fr\" target=\"_blank\" rel=\"noopener\">@eudoxie_mototrcycle_label<\/a><\/p>\n<p><a href=\"https:\/\/eudoxie.shop\/es\/catalogue\/?wmc-currency=EUR\">Voir le catalogue.\u00a0<\/a><\/p>","protected":false},"excerpt":{"rendered":"<ul>\n<li>Porte cl\u00e9 Eudoxie<\/li>\n<li>Helmet<\/li>\n<li>Fabriqu\u00e9 en cuir<\/li>\n<li>Fais parti du crew !<\/li>\n<\/ul>","protected":false},"featured_media":21148,"comment_status":"open","ping_status":"closed","template":"","meta":[],"product_brand":[],"product_cat":[148,341],"product_tag":[],"class_list":{"0":"post-21147","1":"product","2":"type-product","3":"status-publish","4":"has-post-thumbnail","6":"product_cat-accessoires","7":"product_cat-porte-cles","9":"first","10":"instock","11":"taxable","12":"shipping-taxable","13":"purchasable","14":"product-type-simple"},"supplier_id":null,"supplier_sku":"","barcode":"3760315177183","atum_controlled":true,"out_stock_date":null,"out_stock_threshold":null,"inheritable":false,"inbound_stock":0,"stock_on_hold":0,"sold_today":0,"sales_last_days":1,"reserved_stock":0,"customer_returns":0,"warehouse_damage":0,"lost_in_post":0,"other_logs":0,"out_stock_days":0,"lost_sales":0,"has_location":false,"update_date":"2026-05-07T01:00:56","atum_locations":[],"atum_stock_status":"instock","restock_status":false,"low_stock_amount":"","sales_update_date":"2026-05-07T01:00:56","calc_backorders":null,"_links":{"self":[{"href":"https:\/\/eudoxie.shop\/es\/wp-json\/wp\/v2\/product\/21147","targetHints":{"allow":["GET"]}}],"collection":[{"href":"https:\/\/eudoxie.shop\/es\/wp-json\/wp\/v2\/product"}],"about":[{"href":"https:\/\/eudoxie.shop\/es\/wp-json\/wp\/v2\/types\/product"}],"replies":[{"embeddable":true,"href":"https:\/\/eudoxie.shop\/es\/wp-json\/wp\/v2\/comments?post=21147"}],"wp:featuredmedia":[{"embeddable":true,"href":"https:\/\/eudoxie.shop\/es\/wp-json\/wp\/v2\/media\/21148"}],"wp:attachment":[{"href":"https:\/\/eudoxie.shop\/es\/wp-json\/wp\/v2\/media?parent=21147"}],"wp:term":[{"taxonomy":"product_brand","embeddable":true,"href":"https:\/\/eudoxie.shop\/es\/wp-json\/wp\/v2\/product_brand?post=21147"},{"taxonomy":"product_cat","embeddable":true,"href":"https:\/\/eudoxie.shop\/es\/wp-json\/wp\/v2\/product_cat?post=21147"},{"taxonomy":"product_tag","embeddable":true,"href":"https:\/\/eudoxie.shop\/es\/wp-json\/wp\/v2\/product_tag?post=21147"}],"curies":[{"name":"wp","href":"https:\/\/api.w.org\/{rel}","templated":true}]}}