{"id":24723,"date":"2025-09-26T12:28:56","date_gmt":"2025-09-26T10:28:56","guid":{"rendered":"https:\/\/eudoxie.shop\/?post_type=product&#038;p=24723"},"modified":"2025-12-13T11:53:20","modified_gmt":"2025-12-13T10:53:20","slug":"boite-de-rangement-bonnie","status":"publish","type":"product","link":"https:\/\/eudoxie.shop\/es\/produit\/boite-de-rangement-bonnie\/","title":{"rendered":"Bo\u00eete de rangement Bonnie"},"content":{"rendered":"<h1>Bo\u00eete de rangement carr\u00e9e 18 x 18 cm \u2013 Noir mat<\/h1>\n<p><strong>Une bo\u00eete de rangement \u00e9l\u00e9gante en noir mat<\/strong> (18 x 18 x 4 cm), id\u00e9ale pour conserver vos bijoux, souvenirs de voyage ou petits tr\u00e9sors.<br \/>\nLe logo <strong>Bonnie<\/strong> est imprim\u00e9 sur le dessus, et l\u2019int\u00e9rieur r\u00e9v\u00e8le le message iconique <strong>Ride Like a Girl<\/strong>.<\/p>\n<div class=\"accordion\">\n\t<div id=\"accordion-1318972198\" class=\"accordion-item\">\n\t\t<a id=\"accordion-1318972198-label\" class=\"accordion-title plain\" href=\"#accordion-item-description\" aria-expanded=\"false\" aria-controls=\"accordion-1318972198-content\">\n\t\t\t<button class=\"toggle\" aria-label=\"Toggle\"><i class=\"icon-angle-down\" aria-hidden=\"true\"><\/i><\/button>\n\t\t\t<span>DESCRIPTION<\/span>\n\t\t<\/a>\n\t\t<div id=\"accordion-1318972198-content\" class=\"accordion-inner\" aria-labelledby=\"accordion-1318972198-label\">\n\t\t\t\n<p>Alliez style et praticit\u00e9 avec cette bo\u00eete de rangement carr\u00e9e.<br \/>\nCompacte et discr\u00e8te, elle est parfaite pour organiser vos <strong>bijoux<\/strong>, vos <strong>souvenirs de road trip<\/strong> ou vos petits accessoires du quotidien.<br \/>\nSon <em>fini noir mat<\/em> apporte une touche moderne et \u00e9l\u00e9gante.<\/p>\n<p>Le logo <strong>Bonnie<\/strong> s\u2019affiche fi\u00e8rement sur le dessus, tandis qu\u2019\u00e0 l\u2019int\u00e9rieur, la signature <strong>Ride Like a Girl<\/strong> rappelle l\u2019esprit d\u2019ind\u00e9pendance, de voyage et de libert\u00e9.<br \/>\nChaque utilisation devient un rituel, un moment o\u00f9 l\u2019on retrouve ses objets les plus pr\u00e9cieux tout en se connectant \u00e0 l\u2019univers Bonnie.<\/p>\n\t\t<\/div>\n\t<\/div>\n\t\n\t<div id=\"accordion-1036773906\" class=\"accordion-item\">\n\t\t<a id=\"accordion-1036773906-label\" class=\"accordion-title plain\" href=\"#accordion-item-caract\u00c9ristiques\" aria-expanded=\"false\" aria-controls=\"accordion-1036773906-content\">\n\t\t\t<button class=\"toggle\" aria-label=\"Toggle\"><i class=\"icon-angle-down\" aria-hidden=\"true\"><\/i><\/button>\n\t\t\t<span>CARACT\u00c9RISTIQUES<\/span>\n\t\t<\/a>\n\t\t<div id=\"accordion-1036773906-content\" class=\"accordion-inner\" aria-labelledby=\"accordion-1036773906-label\">\n\t\t\t\n<p>&#8211; Dimensions : 18 x 18 cm (carr\u00e9e), 4 cm de hauteur<br \/>\n&#8211; Couleur : noir mat<br \/>\n&#8211; Logo ext\u00e9rieur : Bonnie imprim\u00e9<br \/>\n&#8211; Logo int\u00e9rieur : Ride Like a Girl<br \/>\n&#8211; Utilisation : bijoux, souvenirs, accessoires<\/p>\n\t\t<\/div>\n\t<\/div>\n\t\n\t<div id=\"accordion-353121122\" class=\"accordion-item\">\n\t\t<a id=\"accordion-353121122-label\" class=\"accordion-title plain\" href=\"#accordion-item-utilisations\" aria-expanded=\"false\" aria-controls=\"accordion-353121122-content\">\n\t\t\t<button class=\"toggle\" aria-label=\"Toggle\"><i class=\"icon-angle-down\" aria-hidden=\"true\"><\/i><\/button>\n\t\t\t<span>UTILISATIONS<\/span>\n\t\t<\/a>\n\t\t<div id=\"accordion-353121122-content\" class=\"accordion-inner\" aria-labelledby=\"accordion-353121122-label\">\n\t\t\t\n<p>Cette bo\u00eete peut \u00eatre utilis\u00e9e comme :<br \/>\n&#8211; Bo\u00eete \u00e0 bijoux (bagues, colliers, bracelets, boucles d\u2019oreilles)<br \/>\n&#8211; Coffre \u00e0 souvenirs de voyage (photos, billets de concert, tickets, coquillages)<br \/>\n&#8211; Rangement design pour accessoires du quotidien<\/p>\n\t\t<\/div>\n\t<\/div>\n\t\n\t<div id=\"accordion-142833933\" class=\"accordion-item\">\n\t\t<a id=\"accordion-142833933-label\" class=\"accordion-title plain\" href=\"#accordion-item-livraison-et-retours\" aria-expanded=\"false\" aria-controls=\"accordion-142833933-content\">\n\t\t\t<button class=\"toggle\" aria-label=\"Toggle\"><i class=\"icon-angle-down\" aria-hidden=\"true\"><\/i><\/button>\n\t\t\t<span>LIVRAISON ET RETOURS<\/span>\n\t\t<\/a>\n\t\t<div id=\"accordion-142833933-content\" class=\"accordion-inner\" aria-labelledby=\"accordion-142833933-label\">\n\t\t\t\n<p>Possibilit\u00e9 de remboursement ou \u00e9change sous 14 jours apr\u00e8s r\u00e9ception.<\/p>\n\t\t<\/div>\n\t<\/div>\n\t\n<\/div>\n<div class=\"container section-title-container\" style=\"margin-top:10px;margin-bottom:-2px;\"><h1 class=\"section-title section-title-center\"><b aria-hidden=\"true\"><\/b><span class=\"section-title-main\" >FONCTIONNALIT\u00c9S<\/span><b aria-hidden=\"true\"><\/b><\/h1><\/div>\n\t<div class=\"box has-hover   has-hover box-text-bottom\" >\n\n\t\t<div class=\"box-image\" >\n\t\t\t\t\t\t<div class=\"\" >\n\t\t\t\t<img loading=\"lazy\" decoding=\"async\" width=\"1200\" height=\"1600\" src=\"https:\/\/eudoxie.shop\/wp-content\/uploads\/2025\/09\/Photoroom_20250925_122153.jpeg\" class=\"attachment- size-\" alt=\"boite a souvenir eudoxie\" srcset=\"https:\/\/eudoxie.shop\/wp-content\/uploads\/2025\/09\/Photoroom_20250925_122153.jpeg 1200w, https:\/\/eudoxie.shop\/wp-content\/uploads\/2025\/09\/Photoroom_20250925_122153-600x800.jpeg 600w, https:\/\/eudoxie.shop\/wp-content\/uploads\/2025\/09\/Photoroom_20250925_122153-1050x1400.jpeg 1050w, https:\/\/eudoxie.shop\/wp-content\/uploads\/2025\/09\/Photoroom_20250925_122153-350x467.jpeg 350w, https:\/\/eudoxie.shop\/wp-content\/uploads\/2025\/09\/Photoroom_20250925_122153-768x1024.jpeg 768w, https:\/\/eudoxie.shop\/wp-content\/uploads\/2025\/09\/Photoroom_20250925_122153-1152x1536.jpeg 1152w, https:\/\/eudoxie.shop\/wp-content\/uploads\/2025\/09\/Photoroom_20250925_122153-9x12.jpeg 9w, https:\/\/eudoxie.shop\/wp-content\/uploads\/2025\/09\/Photoroom_20250925_122153-800x1067.jpeg 800w\" sizes=\"auto, (max-width: 1200px) 100vw, 1200px\" \/>\t\t\t\t\t\t\t\t\t\t\t<\/div>\n\t\t\t\t\t<\/div>\n\n\t\t<div class=\"box-text text-center\" style=\"background-color:rgb(33, 33, 33);\">\n\t\t\t<div class=\"box-text-inner\">\n\t\t\t\t\n\t<div id=\"text-2068139449\" class=\"text\">\n\t\t\n<p>UN DESIGN \u00c9PUR\u00c9 ET \u00c9L\u00c9GANT<\/p>\n<p>La finition <strong>noir mat<\/strong> rend cette bo\u00eete intemporelle et moderne.<br \/>\nElle s\u2019adapte \u00e0 tous les int\u00e9rieurs et peut aussi \u00eatre emport\u00e9e en voyage.<br \/>\n\t\t\n<style>\n#text-2068139449 {\n  text-align: center;\n  color: rgb(255, 255, 255);\n}\n#text-2068139449 > * {\n  color: rgb(255, 255, 255);\n}\n<\/style>\n\t<\/div>\n\t\n\t\t\t<\/div>\n\t\t<\/div>\n\t<\/div>\n\t\n\t<div class=\"box has-hover   has-hover box-text-bottom\" >\n\n\t\t<div class=\"box-image\" >\n\t\t\t\t\t\t<div class=\"\" >\n\t\t\t\t<img loading=\"lazy\" decoding=\"async\" width=\"1200\" height=\"1600\" src=\"https:\/\/eudoxie.shop\/wp-content\/uploads\/2025\/09\/Photoroom_20250925_122247.jpeg\" class=\"attachment- size-\" alt=\"Boite de rangement bonnie\" srcset=\"https:\/\/eudoxie.shop\/wp-content\/uploads\/2025\/09\/Photoroom_20250925_122247.jpeg 1200w, https:\/\/eudoxie.shop\/wp-content\/uploads\/2025\/09\/Photoroom_20250925_122247-600x800.jpeg 600w, https:\/\/eudoxie.shop\/wp-content\/uploads\/2025\/09\/Photoroom_20250925_122247-1050x1400.jpeg 1050w, https:\/\/eudoxie.shop\/wp-content\/uploads\/2025\/09\/Photoroom_20250925_122247-350x467.jpeg 350w, https:\/\/eudoxie.shop\/wp-content\/uploads\/2025\/09\/Photoroom_20250925_122247-768x1024.jpeg 768w, https:\/\/eudoxie.shop\/wp-content\/uploads\/2025\/09\/Photoroom_20250925_122247-1152x1536.jpeg 1152w, https:\/\/eudoxie.shop\/wp-content\/uploads\/2025\/09\/Photoroom_20250925_122247-9x12.jpeg 9w, https:\/\/eudoxie.shop\/wp-content\/uploads\/2025\/09\/Photoroom_20250925_122247-800x1067.jpeg 800w\" sizes=\"auto, (max-width: 1200px) 100vw, 1200px\" \/>\t\t\t\t\t\t\t\t\t\t\t<\/div>\n\t\t\t\t\t<\/div>\n\n\t\t<div class=\"box-text text-center\" style=\"background-color:rgb(33, 33, 33);\">\n\t\t\t<div class=\"box-text-inner\">\n\t\t\t\t\n\t<div id=\"text-3786936197\" class=\"text\">\n\t\t\n<p>UN ESPRIT BONNIE UNIQUE<\/p>\n<p>Le <strong>logo Bonnie<\/strong> sur le dessus affirme votre style.<br \/>\n\u00c0 l\u2019int\u00e9rieur, le message <strong>Ride Like a Girl<\/strong> incarne libert\u00e9, aventure et authenticit\u00e9.<br \/>\n\t\t\n<style>\n#text-3786936197 {\n  text-align: center;\n  color: rgb(255, 255, 255);\n}\n#text-3786936197 > * {\n  color: rgb(255, 255, 255);\n}\n<\/style>\n\t<\/div>\n\t\n\t\t\t<\/div>\n\t\t<\/div>\n\t<\/div>\n\t\n\t<div class=\"box has-hover   has-hover box-text-bottom\" >\n\n\t\t<div class=\"box-image\" >\n\t\t\t\t\t\t<div class=\"\" >\n\t\t\t\t<img loading=\"lazy\" decoding=\"async\" width=\"1200\" height=\"1600\" src=\"https:\/\/eudoxie.shop\/wp-content\/uploads\/2025\/09\/Photoroom_20250926_122558.jpeg\" class=\"attachment- size-\" alt=\"Boite de rangement\" srcset=\"https:\/\/eudoxie.shop\/wp-content\/uploads\/2025\/09\/Photoroom_20250926_122558.jpeg 1200w, https:\/\/eudoxie.shop\/wp-content\/uploads\/2025\/09\/Photoroom_20250926_122558-600x800.jpeg 600w, https:\/\/eudoxie.shop\/wp-content\/uploads\/2025\/09\/Photoroom_20250926_122558-1050x1400.jpeg 1050w, https:\/\/eudoxie.shop\/wp-content\/uploads\/2025\/09\/Photoroom_20250926_122558-350x467.jpeg 350w, https:\/\/eudoxie.shop\/wp-content\/uploads\/2025\/09\/Photoroom_20250926_122558-768x1024.jpeg 768w, https:\/\/eudoxie.shop\/wp-content\/uploads\/2025\/09\/Photoroom_20250926_122558-1152x1536.jpeg 1152w, https:\/\/eudoxie.shop\/wp-content\/uploads\/2025\/09\/Photoroom_20250926_122558-9x12.jpeg 9w, https:\/\/eudoxie.shop\/wp-content\/uploads\/2025\/09\/Photoroom_20250926_122558-800x1067.jpeg 800w\" sizes=\"auto, (max-width: 1200px) 100vw, 1200px\" \/>\t\t\t\t\t\t\t\t\t\t\t<\/div>\n\t\t\t\t\t<\/div>\n\n\t\t<div class=\"box-text text-center\" style=\"background-color:rgb(33, 33, 33);\">\n\t\t\t<div class=\"box-text-inner\">\n\t\t\t\t\n\t<div id=\"text-797198378\" class=\"text\">\n\t\t\n<p>PRATIQUE AU QUOTIDIEN<\/p>\n<p>Que ce soit pour vos <strong>bijoux<\/strong>, vos <strong>souvenirs de voyage<\/strong> ou vos <strong>petits objets pr\u00e9cieux<\/strong>, cette bo\u00eete est l\u2019alli\u00e9e id\u00e9ale pour rester organis\u00e9e sans sacrifier le style.<br \/>\n\t\t\n<style>\n#text-797198378 {\n  text-align: center;\n  color: rgb(255, 255, 255);\n}\n#text-797198378 > * {\n  color: rgb(255, 255, 255);\n}\n<\/style>\n\t<\/div>\n\t\n\t\t\t<\/div>\n\t\t<\/div>\n\t<\/div>\n\t\n  <div class=\"icon-box testimonial-box icon-box-left text-left\">\n                <div class=\"icon-box-text p-last-0\">\n          <div class=\"star-rating\" role=\"img\" aria-label=\"Rated 5 out of 5\"><span style=\"width:100%\"><strong class=\"rating\"><\/strong><\/span><\/div>  \t\t\t\t<div class=\"testimonial-text line-height-small italic test_text first-reset last-reset is-italic\">\n            \n<div class=\"container section-title-container\" style=\"margin-top:-25px;margin-bottom:-5px;\"><h1 class=\"section-title section-title-center\"><b aria-hidden=\"true\"><\/b><span class=\"section-title-main\" >AVIS<\/span><b aria-hidden=\"true\"><\/b><\/h1><\/div>\n<p>Parfaite pour mes bijoux<br \/>\nJ\u2019adore son look minimaliste et la petite surprise \u00e0 l\u2019int\u00e9rieur. C\u2019est devenu ma bo\u00eete \u00e0 bijoux pr\u00e9f\u00e9r\u00e9e ! \u2013 \u00c9lodie M.<\/p>\n          <\/div>\n          <div class=\"testimonial-meta pt-half\">\n             <strong class=\"testimonial-name test_name\"><\/strong>\n                          <span class=\"testimonial-company test_company\"><\/span>\n          <\/div>\n        <\/div>\n  <\/div>\n\n  \n  <div class=\"icon-box testimonial-box icon-box-left text-left\">\n                <div class=\"icon-box-text p-last-0\">\n          <div class=\"star-rating\" role=\"img\" aria-label=\"Rated 5 out of 5\"><span style=\"width:100%\"><strong class=\"rating\"><\/strong><\/span><\/div>  \t\t\t\t<div class=\"testimonial-text line-height-small italic test_text first-reset last-reset is-italic\">\n            \n<p>Un vrai coffre \u00e0 souvenirs<br \/>\nJe l\u2019utilise pour ranger mes tickets et polaro\u00efds de voyages. Elle est belle et pratique, exactement ce qu\u2019il me fallait. \u2013 Julie R.<\/p>\n          <\/div>\n          <div class=\"testimonial-meta pt-half\">\n             <strong class=\"testimonial-name test_name\"><\/strong>\n                          <span class=\"testimonial-company test_company\"><\/span>\n          <\/div>\n        <\/div>\n  <\/div>\n\n  \n  <div class=\"icon-box testimonial-box icon-box-left text-left\">\n                <div class=\"icon-box-text p-last-0\">\n          <div class=\"star-rating\" role=\"img\" aria-label=\"Rated 5 out of 5\"><span style=\"width:100%\"><strong class=\"rating\"><\/strong><\/span><\/div>  \t\t\t\t<div class=\"testimonial-text line-height-small italic test_text first-reset last-reset is-italic\">\n            \n<p>Design et inspirante<br \/>\nElle tr\u00f4ne sur mon bureau et je re\u00e7ois plein de compliments ! Le message Ride Like a Girl est trop motivant. \u2013 Sarah P.<\/p>\n          <\/div>\n          <div class=\"testimonial-meta pt-half\">\n             <strong class=\"testimonial-name test_name\"><\/strong>\n                          <span class=\"testimonial-company test_company\"><\/span>\n          <\/div>\n        <\/div>\n  <\/div>\n\n  \n<div class=\"container section-title-container\" style=\"margin-bottom:-2px;\"><h1 class=\"section-title section-title-center\"><b aria-hidden=\"true\"><\/b><span class=\"section-title-main\" >SP\u00c9CIFICIT\u00c9S<\/span><b aria-hidden=\"true\"><\/b><\/h1><\/div>\n<p>Une bo\u00eete de rangement qui allie <strong>design<\/strong>, <strong>praticit\u00e9<\/strong> et <strong>symbolisme<\/strong>.<br \/>\nInspir\u00e9e par l\u2019univers Bonnie, elle devient plus qu\u2019un simple accessoire : un v\u00e9ritable objet de d\u00e9co et un \u00e9crin pour vos souvenirs.<br \/>\nSon format compact (18 x 18 x 4 cm) la rend facile \u00e0 transporter et \u00e0 int\u00e9grer dans votre quotidien.<br \/>\nAvec son <em>noir mat \u00e9l\u00e9gant<\/em> et ses <strong>logos exclusifs<\/strong>, elle incarne un \u00e9tat d\u2019esprit libre et affirm\u00e9.<\/p>\n<p>&nbsp;<\/p>","protected":false},"excerpt":{"rendered":"<ul>\n<li data-start=\"3921\" data-end=\"3982\">\n<p style=\"text-align: left;\" data-start=\"3923\" data-end=\"3982\">Dimensions : <strong data-start=\"3936\" data-end=\"3950\">18 x 18 cm<\/strong> (carr\u00e9e), <strong data-start=\"3961\" data-end=\"3980\">4 cm de hauteur<\/strong><\/p>\n<\/li>\n<li style=\"text-align: left;\" data-start=\"3983\" data-end=\"4009\">\n<p data-start=\"3985\" data-end=\"4009\">Couleur : <strong data-start=\"3995\" data-end=\"4007\">noir mat<\/strong><\/p>\n<\/li>\n<li style=\"text-align: left;\" data-start=\"4010\" data-end=\"4049\">\n<p data-start=\"4012\" data-end=\"4049\">Logo ext\u00e9rieur : <strong data-start=\"4029\" data-end=\"4047\">Bonnie imprim\u00e9<\/strong><\/p>\n<\/li>\n<li style=\"text-align: left;\" data-start=\"4050\" data-end=\"4091\">\n<p data-start=\"4052\" data-end=\"4091\">Logo int\u00e9rieur : <strong data-start=\"4069\" data-end=\"4089\">Ride Like a Girl<\/strong><\/p>\n<\/li>\n<li style=\"text-align: left;\" data-start=\"4092\" data-end=\"4140\">\n<p data-start=\"4094\" data-end=\"4140\">Utilisation : bijoux, souvenirs, accessoires<\/p>\n<\/li>\n<li data-start=\"4141\" data-end=\"4185\">\n<p style=\"text-align: left;\" data-start=\"4143\" data-end=\"4185\">Style : minimaliste, \u00e9l\u00e9gant, intemporel<\/p>\n<\/li>\n<\/ul>","protected":false},"featured_media":24729,"comment_status":"open","ping_status":"closed","template":"","meta":[],"product_brand":[],"product_cat":[464],"product_tag":[],"class_list":{"0":"post-24723","1":"product","2":"type-product","3":"status-publish","4":"has-post-thumbnail","6":"product_cat-boite-de-rangement","8":"first","9":"instock","10":"taxable","11":"shipping-taxable","12":"purchasable","13":"product-type-simple"},"supplier_id":null,"supplier_sku":"","barcode":null,"atum_controlled":true,"out_stock_date":null,"out_stock_threshold":null,"inheritable":false,"inbound_stock":0,"stock_on_hold":0,"sold_today":0,"sales_last_days":0,"reserved_stock":0,"customer_returns":0,"warehouse_damage":0,"lost_in_post":0,"other_logs":0,"out_stock_days":0,"lost_sales":0,"has_location":false,"update_date":"2026-04-30T00:55:51","atum_locations":[],"atum_stock_status":"instock","restock_status":false,"low_stock_amount":"","sales_update_date":"2026-04-30T00:55:50","calc_backorders":null,"_links":{"self":[{"href":"https:\/\/eudoxie.shop\/es\/wp-json\/wp\/v2\/product\/24723","targetHints":{"allow":["GET"]}}],"collection":[{"href":"https:\/\/eudoxie.shop\/es\/wp-json\/wp\/v2\/product"}],"about":[{"href":"https:\/\/eudoxie.shop\/es\/wp-json\/wp\/v2\/types\/product"}],"replies":[{"embeddable":true,"href":"https:\/\/eudoxie.shop\/es\/wp-json\/wp\/v2\/comments?post=24723"}],"wp:featuredmedia":[{"embeddable":true,"href":"https:\/\/eudoxie.shop\/es\/wp-json\/wp\/v2\/media\/24729"}],"wp:attachment":[{"href":"https:\/\/eudoxie.shop\/es\/wp-json\/wp\/v2\/media?parent=24723"}],"wp:term":[{"taxonomy":"product_brand","embeddable":true,"href":"https:\/\/eudoxie.shop\/es\/wp-json\/wp\/v2\/product_brand?post=24723"},{"taxonomy":"product_cat","embeddable":true,"href":"https:\/\/eudoxie.shop\/es\/wp-json\/wp\/v2\/product_cat?post=24723"},{"taxonomy":"product_tag","embeddable":true,"href":"https:\/\/eudoxie.shop\/es\/wp-json\/wp\/v2\/product_tag?post=24723"}],"curies":[{"name":"wp","href":"https:\/\/api.w.org\/{rel}","templated":true}]}}