{"id":25886,"date":"2026-04-07T11:26:27","date_gmt":"2026-04-07T09:26:27","guid":{"rendered":"https:\/\/eudoxie.shop\/?post_type=product&#038;p=25886"},"modified":"2026-04-07T14:08:25","modified_gmt":"2026-04-07T12:08:25","slug":"la-banane-hydratante-oasys","status":"publish","type":"product","link":"https:\/\/eudoxie.shop\/es\/produit\/la-banane-hydratante-oasys\/","title":{"rendered":"La banane hydratante OASYS"},"content":{"rendered":"<h1 data-path-to-node=\"3\"><b data-path-to-node=\"3\" data-index-in-node=\"0\">La banane hydratante Oasys est arriv\u00e9e !<\/b><\/h1>\n<p data-path-to-node=\"3\">Banane technique avec r\u00e9servoir d&rsquo;eau et pack rafraichissant int\u00e9gr\u00e9<\/p>\n<p data-path-to-node=\"3\">Poche \u00e0 eau amovible et flexible inclus<\/p>\n<p data-path-to-node=\"3\">Tuyau d&rsquo;hydratation souple int\u00e9gr\u00e9 \u00e0 la sangle avec embout silicone ouvrant et fermant, haute performance<\/p>\n<p data-path-to-node=\"3\">Sangle ajustable \u00e0 damier iconique Eudoxie avec clip de fermeture et passant de maintien<\/p>\n<p data-path-to-node=\"3\">Mat\u00e9riaux r\u00e9sistants et imperm\u00e9able<\/p>\n<p data-path-to-node=\"3\">Design ergonomique pour une libert\u00e9 de mouvement totale sur la moto comme dans la vie de tous les jours<\/p>\n<p data-path-to-node=\"4\"><div class=\"accordion\">\n\t<div id=\"accordion-4061046591\" class=\"accordion-item\">\n\t\t<a id=\"accordion-4061046591-label\" class=\"accordion-title plain\" href=\"#accordion-item-hydratation-et-capacit\u00c9\" aria-expanded=\"false\" aria-controls=\"accordion-4061046591-content\">\n\t\t\t<button class=\"toggle\" aria-label=\"Toggle\"><i class=\"icon-angle-down\" aria-hidden=\"true\"><\/i><\/button>\n\t\t\t<span>HYDRATATION et CAPACIT\u00c9<\/span>\n\t\t<\/a>\n\t\t<div id=\"accordion-4061046591-content\" class=\"accordion-inner\" aria-labelledby=\"accordion-4061046591-label\">\n\t\t\t\n<p>Syst\u00e8me d&rsquo;hydratation embarqu\u00e9 avec r\u00e9servoir souple d&rsquo;une capacit\u00e9 de 1,5L. Le r\u00e9servoir est con\u00e7u pour \u00e9pouser la forme de votre dos ou de votre taille sans cr\u00e9er de points de pression, id\u00e9al pour les longs road-trips ou les sessions urbaines intenses.<\/p>\n\t\t<\/div>\n\t<\/div>\n\t\n\t<div id=\"accordion-3211432960\" class=\"accordion-item\">\n\t\t<a id=\"accordion-3211432960-label\" class=\"accordion-title plain\" href=\"#accordion-item-conseils-d&#039;utilisation\" aria-expanded=\"false\" aria-controls=\"accordion-3211432960-content\">\n\t\t\t<button class=\"toggle\" aria-label=\"Toggle\"><i class=\"icon-angle-down\" aria-hidden=\"true\"><\/i><\/button>\n\t\t\t<span>CONSEILS D'UTILISATION<\/span>\n\t\t<\/a>\n\t\t<div id=\"accordion-3211432960-content\" class=\"accordion-inner\" aria-labelledby=\"accordion-3211432960-label\">\n\t\t\t\n<p>Pour un confort optimal, ajustez la sangle en fonction de votre mani\u00e8re de la porter que ce soit en bandouli\u00e8re ou en sac \u00e0 main. A moto, si vous l&rsquo;utiliser en mode hydratation, portez-la en bandouli\u00e8re, le tuyau est int\u00e9gr\u00e9 dans la sangle et sort juste en dessous de votre cou de mani\u00e8re \u00e0 rester \u00e0 port\u00e9e de votre bouche, utiliser le clip \u00e0 fixer \u00e0 la sangle de votre casque afin de pouvoir vous hydrater tout en conduisant.<\/p>\n<p>Mettez le pack rafra\u00eechissant au cong\u00e9lateur quelques heures avant utilisation. Avant chaque sorties remplissez votre r\u00e9servoir, placez le pack rafra\u00eechissant dans la poche pr\u00e9vue \u00e0 cet effet. Nettoyez le r\u00e9servoir \u00e0 l&rsquo;eau claire apr\u00e8s chaque sortie pour une hygi\u00e8ne irr\u00e9prochable et n&rsquo;oubliez pas de remettre le pack rafraichissant au cong\u00e9lateur.<\/p>\n\t\t<\/div>\n\t<\/div>\n\t\n\t<div id=\"accordion-1401355650\" class=\"accordion-item\">\n\t\t<a id=\"accordion-1401355650-label\" class=\"accordion-title plain\" href=\"#accordion-item-livraison-et-retours\" aria-expanded=\"false\" aria-controls=\"accordion-1401355650-content\">\n\t\t\t<button class=\"toggle\" aria-label=\"Toggle\"><i class=\"icon-angle-down\" aria-hidden=\"true\"><\/i><\/button>\n\t\t\t<span>LIVRAISON ET RETOURS<\/span>\n\t\t<\/a>\n\t\t<div id=\"accordion-1401355650-content\" class=\"accordion-inner\" aria-labelledby=\"accordion-1401355650-label\">\n\t\t\t\n<p>Possibilit\u00e9 de remboursement sous 14 jours apr\u00e8s r\u00e9ception.<\/p>\n\t\t<\/div>\n\t<\/div>\n\t\n<\/div>\n<p data-path-to-node=\"5\"><div class=\"container section-title-container\" style=\"margin-top:10px;margin-bottom:-2px;\"><h1 class=\"section-title section-title-center\"><b aria-hidden=\"true\"><\/b><span class=\"section-title-main\" >FONCTIONNALIT\u00c9S<\/span><b aria-hidden=\"true\"><\/b><\/h1><\/div>\n<p data-path-to-node=\"6\">\t<div class=\"box has-hover   has-hover box-text-bottom\" >\n\n\t\t<div class=\"box-image\" >\n\t\t\t\t\t\t<div class=\"\" >\n\t\t\t\t<img decoding=\"async\" src=\"http:\/\/ID_IMAGE_RESERVOIR\" alt=\"bg_image\"\/>\t\t\t\t\t\t\t\t\t\t\t<\/div>\n\t\t\t\t\t<\/div>\n\n\t\t<div class=\"box-text text-center\" style=\"background-color:rgb(33, 33, 33);\">\n\t\t\t<div class=\"box-text-inner\">\n\t\t\t\t\n\t<div id=\"text-390069778\" class=\"text\">\n\t\t\n<p><b data-path-to-node=\"6\" data-index-in-node=\"132\">UN SYST\u00c8ME D\u2019HYDRATATION R\u00c9VOLUTIONNAIRE<\/b> Fini les arr\u00eats incessants pour sortir la bouteille du sac ! Cette banane int\u00e8gre une poche \u00e0 eau souple et ultra-r\u00e9sistante et pr\u00e9voit m\u00eame un emplacement pour un pack rafra\u00eechissant. Son tuyau long et flexible et int\u00e9gr\u00e9 permet de boire directement sous le casque et vous garde parfaitement hydrat\u00e9e en pleine action.<br \/>\n\t\t\n<style>\n#text-390069778 {\n  text-align: center;\n  color: rgb(255, 255, 255);\n}\n#text-390069778 > * {\n  color: rgb(255, 255, 255);\n}\n<\/style>\n\t<\/div>\n\t\n\t\t\t<\/div>\n\t\t<\/div>\n\t<\/div>\n\t\n<p data-path-to-node=\"7\">\t<div class=\"box has-hover   has-hover box-text-bottom\" >\n\n\t\t<div class=\"box-image\" >\n\t\t\t\t\t\t<div class=\"\" >\n\t\t\t\t<img decoding=\"async\" src=\"http:\/\/ID_IMAGE_SANGLE\" alt=\"bg_image\"\/>\t\t\t\t\t\t\t\t\t\t\t<\/div>\n\t\t\t\t\t<\/div>\n\n\t\t<div class=\"box-text text-center\" style=\"background-color:rgb(33, 33, 33);\">\n\t\t\t<div class=\"box-text-inner\">\n\t\t\t\t\n\t<div id=\"text-3572070159\" class=\"text\">\n\t\t\n<p><b data-path-to-node=\"7\" data-index-in-node=\"129\">SANGLE DAMIER &amp; ROBUSTESSE<\/b> Le style Eudoxie ne fait aucun compromis sur la solidit\u00e9. La sangle \u00e9paisse \u00e0 damier est r\u00e9glable pour s&rsquo;adapter \u00e0 toutes les morphologies (et toutes les vestes !). Les fixations sont renforc\u00e9es pour supporter le poids de l&rsquo;eau sans jamais se d\u00e9tendre.<br \/>\n\t\t\n<style>\n#text-3572070159 {\n  text-align: center;\n  color: rgb(255, 255, 255);\n}\n#text-3572070159 > * {\n  color: rgb(255, 255, 255);\n}\n<\/style>\n\t<\/div>\n\t\n\t\t\t<\/div>\n\t\t<\/div>\n\t<\/div>\n\t\n<p data-path-to-node=\"8\">\t<div class=\"box has-hover   has-hover box-text-bottom\" >\n\n\t\t<div class=\"box-image\" >\n\t\t\t\t\t\t<div class=\"\" >\n\t\t\t\t<img decoding=\"async\" src=\"http:\/\/ID_IMAGE_CLIP\" alt=\"bg_image\"\/>\t\t\t\t\t\t\t\t\t\t\t<\/div>\n\t\t\t\t\t<\/div>\n\n\t\t<div class=\"box-text text-center\" style=\"background-color:rgb(33, 33, 33);\">\n\t\t\t<div class=\"box-text-inner\">\n\t\t\t\t\n\t<div id=\"text-2301626796\" class=\"text\">\n\t\t\n<p><b data-path-to-node=\"8\" data-index-in-node=\"127\">ACC\u00c8S RAPIDE ET S\u00c9CURIT\u00c9<\/b> \u00c9quip\u00e9e d&rsquo;un clip de connexion rapide du tuyau au r\u00e9servoir, permet de sortir le reservoir proprement pour le remplir. La fermeture \u00e9clair robuste et imperm\u00e9able prot\u00e8ge vos effets personnels du vent et des vibrations et m\u00eame de l&rsquo;humidit\u00e9. Un combo parfait entre utilit\u00e9 technique et look rock.<br \/>\n\t\t\n<style>\n#text-2301626796 {\n  text-align: center;\n  color: rgb(255, 255, 255);\n}\n#text-2301626796 > * {\n  color: rgb(255, 255, 255);\n}\n<\/style>\n\t<\/div>\n\t\n\t\t\t<\/div>\n\t\t<\/div>\n\t<\/div>\n\t\n<p data-path-to-node=\"9\"><div class=\"container section-title-container\" style=\"margin-top:10px;margin-bottom:-2px;\"><h1 class=\"section-title section-title-center\"><b aria-hidden=\"true\"><\/b><span class=\"section-title-main\" >LE COMBO PARFAIT<\/span><b aria-hidden=\"true\"><\/b><\/h1><\/div>\n\t\n  \n    <div class=\"row large-columns-4 medium-columns-3 small-columns-2 row-small has-shadow row-box-shadow-3-hover slider row-slider slider-nav-reveal slider-nav-push\"  data-flickity-options='{&quot;imagesLoaded&quot;: true, &quot;groupCells&quot;: &quot;100%&quot;, &quot;dragThreshold&quot; : 5, &quot;cellAlign&quot;: &quot;left&quot;,&quot;wrapAround&quot;: true,&quot;prevNextButtons&quot;: true,&quot;percentPosition&quot;: true,&quot;pageDots&quot;: false, &quot;rightToLeft&quot;: false, &quot;autoPlay&quot; : false}' >\n\n  \n\t     <div class=\"product-small col has-hover product type-product post-13343 status-publish first instock product_cat-cadeau-moto-50-a-100 product_cat-niveau-1 product_cat-operation-girl-power has-post-thumbnail taxable shipping-taxable purchasable product-type-variable\">\n\t<div class=\"col-inner\">\n\t\n<div class=\"badge-container absolute left top z-1\">\n\n<\/div>\n\t<div class=\"product-small box\">\n\t\t<div class=\"box-image\">\n\t\t\t<div class=\"image-fade_in_back\">\n\t\t\t\t<a href=\"https:\/\/eudoxie.shop\/es\/produit\/gants-eudoxie-pop\/\">\n\t\t\t\t\t<img loading=\"lazy\" decoding=\"async\" width=\"350\" height=\"525\" src=\"https:\/\/eudoxie.shop\/wp-content\/uploads\/2021\/09\/G-LIZZY-POP-11-1-350x525.jpg\" class=\"attachment-woocommerce_thumbnail size-woocommerce_thumbnail\" alt=\"G Lizzy Pop (1)1\" \/><img loading=\"lazy\" decoding=\"async\" width=\"350\" height=\"525\" src=\"https:\/\/eudoxie.shop\/wp-content\/uploads\/2021\/09\/G-LIZZY-POP-3-350x525.jpg\" class=\"show-on-hover absolute fill hide-for-small back-image\" alt=\"Gants eudoxie pop\" aria-hidden=\"true\" \/>\t\t\t\t<\/a>\n\t\t\t<\/div>\n\t\t\t<div class=\"image-tools is-small top right show-on-hover\">\n\t\t\t\t\t\t\t<\/div>\n\t\t\t<div class=\"image-tools is-small hide-for-small bottom left show-on-hover\">\n\t\t\t\t\t\t\t<\/div>\n\t\t\t<div class=\"image-tools grid-tools text-center hide-for-small bottom hover-slide-in show-on-hover\">\n\t\t\t\t<a href=\"https:\/\/eudoxie.shop\/es\/produit\/gants-eudoxie-pop\/\" aria-describedby=\"woocommerce_loop_add_to_cart_link_describedby_13343\" data-quantity=\"1\" class=\"add-to-cart-grid no-padding is-transparent product_type_variable add_to_cart_button\" data-product_id=\"13343\" data-product_sku=\"G-LIZZY-POP\" aria-label=\"Elige las opciones para \u201cGants homologu\u00e9s Eudoxie Pop\u201d\" rel=\"nofollow\" data-no-translation-aria-label=\"\"><div class=\"cart-icon tooltip is-small\" title=\"Seleccionar opciones\" data-no-translation-title=\"\"><strong>+<\/strong><\/div><\/a>\t<span id=\"woocommerce_loop_add_to_cart_link_describedby_13343\" class=\"screen-reader-text\">\n\t\tEste producto tiene m\u00faltiples variantes. Las opciones se pueden elegir en la p\u00e1gina de producto\t<\/span>\n<a href=\"#quick-view\" class=\"quick-view\" role=\"button\" data-prod=\"13343\" aria-haspopup=\"dialog\" aria-expanded=\"false\" data-flatsome-role-button>Vista R\u00e1pida<\/a>\t\t\t<\/div>\n\t\t\t\t\t<\/div>\n\n\t\t<div class=\"box-text box-text-products text-center grid-style-2\">\n\t\t\t<div class=\"title-wrapper\"><p class=\"name product-title woocommerce-loop-product__title\"><a href=\"https:\/\/eudoxie.shop\/es\/produit\/gants-eudoxie-pop\/\" class=\"woocommerce-LoopProduct-link woocommerce-loop-product__link\">Gants homologu\u00e9s Eudoxie Pop<\/a><\/p><\/div><div class=\"price-wrapper\">\n\t<span class=\"price\"><span class=\"woocommerce-Price-amount amount\"><bdi>95.00<span class=\"woocommerce-Price-currencySymbol\">\u20ac<\/span><\/bdi><\/span><\/span>\n<\/div>\t\t<\/div>\n\t<\/div>\n\t<span class=\"gtm4wp_productdata\" style=\"display:none; visibility:hidden;\" data-gtm4wp_product_data=\"{&quot;internal_id&quot;:13343,&quot;item_id&quot;:13343,&quot;item_name&quot;:&quot;Gants homologu\\u00e9s Eudoxie Pop&quot;,&quot;sku&quot;:&quot;G-LIZZY-POP&quot;,&quot;price&quot;:95,&quot;stocklevel&quot;:null,&quot;stockstatus&quot;:&quot;instock&quot;,&quot;google_business_vertical&quot;:&quot;retail&quot;,&quot;item_category&quot;:&quot;Id\\u00e9es Cadeau Moto&quot;,&quot;item_category2&quot;:&quot;Cadeau moto 50 \\u00e0 100\\u20ac&quot;,&quot;id&quot;:13343,&quot;productlink&quot;:&quot;https:\\\/\\\/eudoxie.shop\\\/es\\\/produit\\\/gants-eudoxie-pop\\\/&quot;,&quot;item_list_name&quot;:&quot;Lista general de productos&quot;,&quot;index&quot;:1,&quot;product_type&quot;:&quot;variable&quot;,&quot;item_brand&quot;:&quot;&quot;}\"><\/span>\t<\/div>\n<\/div><\/div>\n<p data-path-to-node=\"11\"><div class=\"container section-title-container\" style=\"margin-bottom:-2px;\"><h1 class=\"section-title section-title-center\"><b aria-hidden=\"true\"><\/b><span class=\"section-title-main\" >SP\u00c9CIFICIT\u00c9S<\/span><b aria-hidden=\"true\"><\/b><\/h1><\/div>\n<p>Inspir\u00e9e par la libert\u00e9 et l&rsquo;aventure, la banane Eudoxie casse les codes de l&rsquo;accessoire moto traditionnel. Pourquoi choisir entre une sacoche styl\u00e9e et un sac encombrant quand on peut avoir les deux ? Avec son logo brod\u00e9 \u00ab\u00a0EUDOXIE\u00a0\u00bb et ses finitions premium, elle affiche fi\u00e8rement votre appartenance \u00e0 la communaut\u00e9.<\/p>\n<p data-path-to-node=\"12\">Con\u00e7ue pour les filles actives, elle n&rsquo;est pas seulement faite pour la moto : emmenez-la en rando, en festival ou lors de vos sessions de skate. Le textile noir haute densit\u00e9 est choisi pour sa r\u00e9sistance aux frottements, tandis que le dos de la banane est rembourr\u00e9 pour un contact doux avec le corps. Le r\u00e9servoir d&rsquo;eau est enti\u00e8rement amovible, transformant votre sacoche d&rsquo;hydratation en banane classique spacieuse en un clin d&rsquo;\u0153il.<\/p>\n<p data-path-to-node=\"13\">C&rsquo;est la pi\u00e8ce technique qui manquait \u00e0 votre \u00e9quipement. Plus besoin de porter un sac \u00e0 dos qui vous fait transpirer et entrave vos mouvements : lib\u00e9rez vos \u00e9paules et restez fra\u00eeche ! Elle poss\u00e8de \u00e9galement une petite poche interne pour vos cl\u00e9s ou votre carte bleue, car on sait que l&rsquo;essentiel doit rester \u00e0 port\u00e9e de main.<\/p>\n<p data-path-to-node=\"14\">Retrouvez des photos lifestyle sur notre instagram : <b data-path-to-node=\"14\" data-index-in-node=\"53\">@eudoxie_motorcycle_label<\/b> et sur pinterest !<\/p>","protected":false},"excerpt":{"rendered":"<ul>\n<li data-path-to-node=\"16,0,0\">Banane 2-en-1 : Sacoche et syst\u00e8me d&rsquo;hydratation<\/li>\n<li data-path-to-node=\"16,1,0\">R\u00e9servoir souple de 1,5L et amovible<\/li>\n<li>Tissu int\u00e9rieur et ext\u00e9rieur imperm\u00e9able<\/li>\n<li data-path-to-node=\"16,2,0\">Tuyau avec embout buccal s\u00e9curis\u00e9 int\u00e9gr\u00e9 dans la sangle et amovible<\/li>\n<li data-path-to-node=\"16,2,0\">Hydratation main libre avec clip de maintien du tuyau sur sangle de casque<\/li>\n<li data-path-to-node=\"16,3,0\">Sangle ajustable \u00e0 damier ultra-r\u00e9sistante avec boucle \u00e0 clips pratique et passant de sangle<\/li>\n<li>Pack rafra\u00eechissant inclus et poche int\u00e9rieur destin\u00e9e \u00e0 son effet<\/li>\n<li data-path-to-node=\"16,4,0\">Logo Eudoxie brod\u00e9<\/li>\n<li>Optimis\u00e9 pour mettre toutes tes affaires essentielles<\/li>\n<li>Optimis\u00e9 pour \u00eatre port\u00e9 en bandouli\u00e8re des deux cot\u00e9s et m\u00eame en sac \u00e0 main<\/li>\n<li data-path-to-node=\"16,5,0\">Parfaite pour la moto, le sport et l&rsquo;aventure urbaine, les festivals et la vie de tout les jours<\/li>\n<li data-path-to-node=\"16,5,0\">Poids sans liquide 300 grammes<\/li>\n<li>Grandeur du sac 30 cm x 20 cm largeur 10 cm<\/li>\n<li>Longueur sangle 72 cm -&gt; 88 cm<\/li>\n<li>Mati\u00e8re 100% Nylon<\/li>\n<\/ul>","protected":false},"featured_media":25910,"comment_status":"open","ping_status":"closed","template":"","meta":[],"product_brand":[],"product_cat":[368,347],"product_tag":[],"class_list":{"0":"post-25886","1":"product","2":"type-product","3":"status-publish","4":"has-post-thumbnail","6":"product_cat-collection-technique","7":"product_cat-pre-commande","9":"","10":"instock","11":"sale","12":"taxable","13":"shipping-taxable","14":"purchasable","15":"product-type-simple"},"supplier_id":null,"supplier_sku":"","barcode":null,"atum_controlled":true,"out_stock_date":null,"out_stock_threshold":null,"inheritable":false,"inbound_stock":0,"stock_on_hold":13,"sold_today":0,"sales_last_days":2,"reserved_stock":0,"customer_returns":0,"warehouse_damage":0,"lost_in_post":0,"other_logs":0,"out_stock_days":0,"lost_sales":0,"has_location":false,"update_date":"2026-04-17T00:30:05","atum_locations":[],"atum_stock_status":"instock","restock_status":false,"low_stock_amount":"","sales_update_date":"2026-04-17T00:30:05","calc_backorders":null,"_links":{"self":[{"href":"https:\/\/eudoxie.shop\/es\/wp-json\/wp\/v2\/product\/25886","targetHints":{"allow":["GET"]}}],"collection":[{"href":"https:\/\/eudoxie.shop\/es\/wp-json\/wp\/v2\/product"}],"about":[{"href":"https:\/\/eudoxie.shop\/es\/wp-json\/wp\/v2\/types\/product"}],"replies":[{"embeddable":true,"href":"https:\/\/eudoxie.shop\/es\/wp-json\/wp\/v2\/comments?post=25886"}],"wp:featuredmedia":[{"embeddable":true,"href":"https:\/\/eudoxie.shop\/es\/wp-json\/wp\/v2\/media\/25910"}],"wp:attachment":[{"href":"https:\/\/eudoxie.shop\/es\/wp-json\/wp\/v2\/media?parent=25886"}],"wp:term":[{"taxonomy":"product_brand","embeddable":true,"href":"https:\/\/eudoxie.shop\/es\/wp-json\/wp\/v2\/product_brand?post=25886"},{"taxonomy":"product_cat","embeddable":true,"href":"https:\/\/eudoxie.shop\/es\/wp-json\/wp\/v2\/product_cat?post=25886"},{"taxonomy":"product_tag","embeddable":true,"href":"https:\/\/eudoxie.shop\/es\/wp-json\/wp\/v2\/product_tag?post=25886"}],"curies":[{"name":"wp","href":"https:\/\/api.w.org\/{rel}","templated":true}]}}